{"id":11189,"date":"2025-07-23T13:28:58","date_gmt":"2025-07-23T12:28:58","guid":{"rendered":"https:\/\/www.sugarfactory.hr\/?post_type=product&#038;p=11189"},"modified":"2026-04-17T12:53:04","modified_gmt":"2026-04-17T11:53:04","slug":"cap-night-quill-lightning","status":"publish","type":"product","link":"https:\/\/www.sugarfactory.hr\/en\/product-2\/caps\/cap-night-quill-lightning\/","title":{"rendered":"Cap Night Quill Lightning"},"content":{"rendered":"<p data-start=\"0\" data-end=\"141\"><strong data-start=\"0\" data-end=\"29\">Cap Night Quill Lightning<\/strong> is <strong data-start=\"33\" data-end=\"69\">najja\u010di i naj\u0161iri cap na tr\u017ei\u0161tu<\/strong>, dizajniran za <strong data-start=\"85\" data-end=\"125\" data-is-only-node=\"\">maksimalnu u\u010dinkovitost i ergonomiju<\/strong> during work.<\/p>\n<p data-start=\"143\" data-end=\"465\"><strong data-start=\"143\" data-end=\"176\">Lightning Ultra Wide Male Cap<\/strong> mo\u017ee posti\u0107i <strong data-start=\"190\" data-end=\"216\">\u0161irinu linije do 65 cm<\/strong>, ovisno o spreju na koji je montiran, te se mo\u017ee <strong data-start=\"266\" data-end=\"298\" data-is-only-node=\"\">ponovno koristiti do 30 puta<\/strong> bez gubitka performansi.<br data-start=\"323\" data-end=\"326\" \/>Izra\u0111en od <strong data-start=\"337\" data-end=\"378\">visokokvalitetnih plasti\u010dnih polimera<\/strong>, lako se <strong data-start=\"388\" data-end=\"421\">\u010disti otapalima poput acetona<\/strong>, \u0161to <strong data-start=\"427\" data-end=\"462\">produ\u017euje njegov vijek trajanja<\/strong>.<\/p>\n<p data-start=\"467\" data-end=\"658\" data-is-last-node=\"\" data-is-only-node=\"\">Savr\u0161en za <strong data-start=\"478\" data-end=\"505\">brze, \u0161iroke fill-inove<\/strong> and <strong data-start=\"508\" data-end=\"528\">ekstremne akcije<\/strong>, <strong data-start=\"530\" data-end=\"559\">Cap Night Quill Lightning<\/strong> is <strong data-start=\"563\" data-end=\"580\">vrhunski alat<\/strong> for artists looking for <strong data-start=\"605\" data-end=\"641\">snagu, preciznost i dugotrajnost<\/strong> u svakom potezu.<\/p>","protected":false},"excerpt":{"rendered":"<p>Cap Night Quill Lightning je najja\u010di i naj\u0161iri cap na tr\u017ei\u0161tu, dizajniran za maksimalnu u\u010dinkovitost i ergonomiju tijekom rada. Lightning Ultra Wide Male Cap mo\u017ee posti\u0107i \u0161irinu linije do 65 cm, ovisno o spreju na koji je montiran, te se mo\u017ee ponovno koristiti do 30 puta bez gubitka performansi.Izra\u0111en od visokokvalitetnih plasti\u010dnih polimera, lako se [&hellip;]<\/p>","protected":false},"featured_media":12622,"template":"","meta":{"_acf_changed":false},"product_brand":[],"product_cat":[19,96,101],"product_tag":[],"class_list":{"0":"post-11189","1":"product","2":"type-product","3":"status-publish","4":"has-post-thumbnail","6":"product_cat-kapice","7":"product_cat-fat-caps","8":"product_cat-night-quill","10":"first","11":"instock","12":"shipping-taxable","13":"purchasable","14":"product-type-simple"},"acf":[],"yoast_head":"<!-- This site is optimized with the Yoast SEO plugin v26.3 - https:\/\/yoast.com\/wordpress\/plugins\/seo\/ -->\n<title>Cap Night Quill Lightning - Sugar Factory<\/title>\n<meta name=\"robots\" content=\"index, follow, max-snippet:-1, max-image-preview:large, max-video-preview:-1\" \/>\n<link rel=\"canonical\" href=\"https:\/\/www.sugarfactory.hr\/en\/product-2\/caps\/cap-night-quill-lightning\/\" \/>\n<meta property=\"og:locale\" content=\"en_US\" \/>\n<meta property=\"og:type\" content=\"article\" \/>\n<meta property=\"og:title\" content=\"Cap Night Quill Lightning - Sugar Factory\" \/>\n<meta property=\"og:description\" content=\"Cap Night Quill Lightning je najja\u010di i naj\u0161iri cap na tr\u017ei\u0161tu, dizajniran za maksimalnu u\u010dinkovitost i ergonomiju tijekom rada. Lightning Ultra Wide Male Cap mo\u017ee posti\u0107i \u0161irinu linije do 65 cm, ovisno o spreju na koji je montiran, te se mo\u017ee ponovno koristiti do 30 puta bez gubitka performansi.Izra\u0111en od visokokvalitetnih plasti\u010dnih polimera, lako se [&hellip;]\" \/>\n<meta property=\"og:url\" content=\"https:\/\/www.sugarfactory.hr\/en\/product-2\/caps\/cap-night-quill-lightning\/\" \/>\n<meta property=\"og:site_name\" content=\"Sugar Factory\" \/>\n<meta property=\"article:modified_time\" content=\"2026-04-17T11:53:04+00:00\" \/>\n<meta property=\"og:image\" content=\"https:\/\/www.sugarfactory.hr\/wp-content\/uploads\/2025\/07\/6f1156de86f148a088aa1cde978e14e7.png\" \/>\n\t<meta property=\"og:image:width\" content=\"896\" \/>\n\t<meta property=\"og:image:height\" content=\"1120\" \/>\n\t<meta property=\"og:image:type\" content=\"image\/png\" \/>\n<meta name=\"twitter:card\" content=\"summary_large_image\" \/>\n<meta name=\"twitter:label1\" content=\"Est. reading time\" \/>\n\t<meta name=\"twitter:data1\" content=\"1 minute\" \/>\n<script type=\"application\/ld+json\" class=\"yoast-schema-graph\">{\"@context\":\"https:\/\/schema.org\",\"@graph\":[{\"@type\":\"WebPage\",\"@id\":\"https:\/\/www.sugarfactory.hr\/proizvod\/kapice\/cap-night-quill-lightning\/\",\"url\":\"https:\/\/www.sugarfactory.hr\/proizvod\/kapice\/cap-night-quill-lightning\/\",\"name\":\"Cap Night Quill Lightning - Sugar Factory\",\"isPartOf\":{\"@id\":\"https:\/\/www.sugarfactory.hr\/#website\"},\"primaryImageOfPage\":{\"@id\":\"https:\/\/www.sugarfactory.hr\/proizvod\/kapice\/cap-night-quill-lightning\/#primaryimage\"},\"image\":{\"@id\":\"https:\/\/www.sugarfactory.hr\/proizvod\/kapice\/cap-night-quill-lightning\/#primaryimage\"},\"thumbnailUrl\":\"https:\/\/www.sugarfactory.hr\/wp-content\/uploads\/2025\/07\/6f1156de86f148a088aa1cde978e14e7.png\",\"datePublished\":\"2025-07-23T12:28:58+00:00\",\"dateModified\":\"2026-04-17T11:53:04+00:00\",\"breadcrumb\":{\"@id\":\"https:\/\/www.sugarfactory.hr\/proizvod\/kapice\/cap-night-quill-lightning\/#breadcrumb\"},\"inLanguage\":\"en-US\",\"potentialAction\":[{\"@type\":\"ReadAction\",\"target\":[\"https:\/\/www.sugarfactory.hr\/proizvod\/kapice\/cap-night-quill-lightning\/\"]}]},{\"@type\":\"ImageObject\",\"inLanguage\":\"en-US\",\"@id\":\"https:\/\/www.sugarfactory.hr\/proizvod\/kapice\/cap-night-quill-lightning\/#primaryimage\",\"url\":\"https:\/\/www.sugarfactory.hr\/wp-content\/uploads\/2025\/07\/6f1156de86f148a088aa1cde978e14e7.png\",\"contentUrl\":\"https:\/\/www.sugarfactory.hr\/wp-content\/uploads\/2025\/07\/6f1156de86f148a088aa1cde978e14e7.png\",\"width\":896,\"height\":1120},{\"@type\":\"BreadcrumbList\",\"@id\":\"https:\/\/www.sugarfactory.hr\/proizvod\/kapice\/cap-night-quill-lightning\/#breadcrumb\",\"itemListElement\":[{\"@type\":\"ListItem\",\"position\":1,\"name\":\"Po\u010detna stranica\",\"item\":\"https:\/\/www.sugarfactory.hr\/\"},{\"@type\":\"ListItem\",\"position\":2,\"name\":\"Proizvodi\",\"item\":\"https:\/\/www.sugarfactory.hr\/shop\/\"},{\"@type\":\"ListItem\",\"position\":3,\"name\":\"Cap Night Quill Lightning\"}]},{\"@type\":\"WebSite\",\"@id\":\"https:\/\/www.sugarfactory.hr\/#website\",\"url\":\"https:\/\/www.sugarfactory.hr\/\",\"name\":\"Sugar Factory\",\"description\":\"Create your sweetest pieces!\",\"potentialAction\":[{\"@type\":\"SearchAction\",\"target\":{\"@type\":\"EntryPoint\",\"urlTemplate\":\"https:\/\/www.sugarfactory.hr\/?s={search_term_string}\"},\"query-input\":{\"@type\":\"PropertyValueSpecification\",\"valueRequired\":true,\"valueName\":\"search_term_string\"}}],\"inLanguage\":\"en-US\"}]}<\/script>\n<!-- \/ Yoast SEO plugin. -->","yoast_head_json":{"title":"Cap Night Quill Lightning - Sugar Factory","robots":{"index":"index","follow":"follow","max-snippet":"max-snippet:-1","max-image-preview":"max-image-preview:large","max-video-preview":"max-video-preview:-1"},"canonical":"https:\/\/www.sugarfactory.hr\/en\/product-2\/caps\/cap-night-quill-lightning\/","og_locale":"en_US","og_type":"article","og_title":"Cap Night Quill Lightning - Sugar Factory","og_description":"Cap Night Quill Lightning je najja\u010di i naj\u0161iri cap na tr\u017ei\u0161tu, dizajniran za maksimalnu u\u010dinkovitost i ergonomiju tijekom rada. Lightning Ultra Wide Male Cap mo\u017ee posti\u0107i \u0161irinu linije do 65 cm, ovisno o spreju na koji je montiran, te se mo\u017ee ponovno koristiti do 30 puta bez gubitka performansi.Izra\u0111en od visokokvalitetnih plasti\u010dnih polimera, lako se [&hellip;]","og_url":"https:\/\/www.sugarfactory.hr\/en\/product-2\/caps\/cap-night-quill-lightning\/","og_site_name":"Sugar Factory","article_modified_time":"2026-04-17T11:53:04+00:00","og_image":[{"width":896,"height":1120,"url":"https:\/\/www.sugarfactory.hr\/wp-content\/uploads\/2025\/07\/6f1156de86f148a088aa1cde978e14e7.png","type":"image\/png"}],"twitter_card":"summary_large_image","twitter_misc":{"Est. reading time":"1 minute"},"schema":{"@context":"https:\/\/schema.org","@graph":[{"@type":"WebPage","@id":"https:\/\/www.sugarfactory.hr\/proizvod\/kapice\/cap-night-quill-lightning\/","url":"https:\/\/www.sugarfactory.hr\/proizvod\/kapice\/cap-night-quill-lightning\/","name":"Cap Night Quill Lightning - Sugar Factory","isPartOf":{"@id":"https:\/\/www.sugarfactory.hr\/#website"},"primaryImageOfPage":{"@id":"https:\/\/www.sugarfactory.hr\/proizvod\/kapice\/cap-night-quill-lightning\/#primaryimage"},"image":{"@id":"https:\/\/www.sugarfactory.hr\/proizvod\/kapice\/cap-night-quill-lightning\/#primaryimage"},"thumbnailUrl":"https:\/\/www.sugarfactory.hr\/wp-content\/uploads\/2025\/07\/6f1156de86f148a088aa1cde978e14e7.png","datePublished":"2025-07-23T12:28:58+00:00","dateModified":"2026-04-17T11:53:04+00:00","breadcrumb":{"@id":"https:\/\/www.sugarfactory.hr\/proizvod\/kapice\/cap-night-quill-lightning\/#breadcrumb"},"inLanguage":"en-US","potentialAction":[{"@type":"ReadAction","target":["https:\/\/www.sugarfactory.hr\/proizvod\/kapice\/cap-night-quill-lightning\/"]}]},{"@type":"ImageObject","inLanguage":"en-US","@id":"https:\/\/www.sugarfactory.hr\/proizvod\/kapice\/cap-night-quill-lightning\/#primaryimage","url":"https:\/\/www.sugarfactory.hr\/wp-content\/uploads\/2025\/07\/6f1156de86f148a088aa1cde978e14e7.png","contentUrl":"https:\/\/www.sugarfactory.hr\/wp-content\/uploads\/2025\/07\/6f1156de86f148a088aa1cde978e14e7.png","width":896,"height":1120},{"@type":"BreadcrumbList","@id":"https:\/\/www.sugarfactory.hr\/proizvod\/kapice\/cap-night-quill-lightning\/#breadcrumb","itemListElement":[{"@type":"ListItem","position":1,"name":"Po\u010detna stranica","item":"https:\/\/www.sugarfactory.hr\/"},{"@type":"ListItem","position":2,"name":"Proizvodi","item":"https:\/\/www.sugarfactory.hr\/shop\/"},{"@type":"ListItem","position":3,"name":"Cap Night Quill Lightning"}]},{"@type":"WebSite","@id":"https:\/\/www.sugarfactory.hr\/#website","url":"https:\/\/www.sugarfactory.hr\/","name":"Sugar Factory","description":"Create your sweetest pieces!","potentialAction":[{"@type":"SearchAction","target":{"@type":"EntryPoint","urlTemplate":"https:\/\/www.sugarfactory.hr\/?s={search_term_string}"},"query-input":{"@type":"PropertyValueSpecification","valueRequired":true,"valueName":"search_term_string"}}],"inLanguage":"en-US"}]}},"_links":{"self":[{"href":"https:\/\/www.sugarfactory.hr\/en\/wp-json\/wp\/v2\/product\/11189","targetHints":{"allow":["GET"]}}],"collection":[{"href":"https:\/\/www.sugarfactory.hr\/en\/wp-json\/wp\/v2\/product"}],"about":[{"href":"https:\/\/www.sugarfactory.hr\/en\/wp-json\/wp\/v2\/types\/product"}],"wp:featuredmedia":[{"embeddable":true,"href":"https:\/\/www.sugarfactory.hr\/en\/wp-json\/wp\/v2\/media\/12622"}],"wp:attachment":[{"href":"https:\/\/www.sugarfactory.hr\/en\/wp-json\/wp\/v2\/media?parent=11189"}],"wp:term":[{"taxonomy":"product_brand","embeddable":true,"href":"https:\/\/www.sugarfactory.hr\/en\/wp-json\/wp\/v2\/product_brand?post=11189"},{"taxonomy":"product_cat","embeddable":true,"href":"https:\/\/www.sugarfactory.hr\/en\/wp-json\/wp\/v2\/product_cat?post=11189"},{"taxonomy":"product_tag","embeddable":true,"href":"https:\/\/www.sugarfactory.hr\/en\/wp-json\/wp\/v2\/product_tag?post=11189"}],"curies":[{"name":"wp","href":"https:\/\/api.w.org\/{rel}","templated":true}]}}