{"id":11334,"date":"2025-08-11T09:42:02","date_gmt":"2025-08-11T08:42:02","guid":{"rendered":"https:\/\/www.sugarfactory.hr\/?post_type=product&#038;p=11334"},"modified":"2026-03-03T13:29:25","modified_gmt":"2026-03-03T12:29:25","slug":"stafelaj-vega-kit","status":"publish","type":"product","link":"https:\/\/www.sugarfactory.hr\/en\/product-2\/art-program\/stafelaj-vega-kit\/","title":{"rendered":"\u0160tafelaj Vega Kit"},"content":{"rendered":"<p data-start=\"84\" data-end=\"323\"><strong data-start=\"84\" data-end=\"113\">Lagani studijski \u0161tafelaj<\/strong> VEGa Kit dizajniran za umjetnike koji tra\u017ee <strong data-start=\"158\" data-end=\"198\">prakti\u010dnost i jednostavnost upotrebe<\/strong>. Idealno rje\u0161enje za rad u studiju ili ku\u0107nom prostoru, pru\u017ea <strong data-start=\"261\" data-end=\"291\">stabilnu i sigurnu podlogu<\/strong> za platna razli\u010ditih formata.<\/p>\n<p data-start=\"325\" data-end=\"552\"><strong data-start=\"325\" data-end=\"352\">Kompaktna baza od 57 cm<\/strong> i maksimalna visina platna do <strong data-start=\"383\" data-end=\"393\">135 cm<\/strong> omogu\u0107uju <strong data-start=\"404\" data-end=\"454\">preciznu kontrolu i udobnost prilikom slikanja<\/strong>. \u0160tafelaj je lagan, te\u017ei samo <strong data-start=\"485\" data-end=\"493\">3 kg<\/strong>, \u0161to ga \u010dini <strong data-start=\"507\" data-end=\"549\">jednostavnim za no\u0161enje i postavljanje<\/strong>.<\/p>\n<p data-start=\"554\" data-end=\"736\">Elegantan i minimalisti\u010dki dizajn osigurava <strong data-start=\"598\" data-end=\"622\">profesionalan izgled<\/strong>, while <strong data-start=\"628\" data-end=\"640\">VEGA Kit<\/strong> daje umjetnicima slobodu da se fokusiraju na kreativnost bez ograni\u010denja prostora ili te\u017eine.<\/p>","protected":false},"excerpt":{"rendered":"<p>Lagani studijski \u0161tafelaj VEGa Kit dizajniran za umjetnike koji tra\u017ee prakti\u010dnost i jednostavnost upotrebe. Idealno rje\u0161enje za rad u studiju ili ku\u0107nom prostoru, pru\u017ea stabilnu i sigurnu podlogu za platna razli\u010ditih formata. Kompaktna baza od 57 cm i maksimalna visina platna do 135 cm omogu\u0107uju preciznu kontrolu i udobnost prilikom slikanja. \u0160tafelaj je lagan, te\u017ei [&hellip;]<\/p>","protected":false},"featured_media":12863,"template":"","meta":{"_acf_changed":false},"product_brand":[119],"product_cat":[45,62],"product_tag":[],"class_list":{"0":"post-11334","1":"product","2":"type-product","3":"status-publish","4":"has-post-thumbnail","6":"product_brand-talens-art-creation","7":"product_cat-umjetnicki-program","8":"product_cat-stafelaji","10":"first","11":"instock","12":"shipping-taxable","13":"purchasable","14":"product-type-simple"},"acf":[],"yoast_head":"<!-- This site is optimized with the Yoast SEO plugin v26.3 - https:\/\/yoast.com\/wordpress\/plugins\/seo\/ -->\n<title>\u0160tafelaj Vega Kit - Sugar Factory<\/title>\n<meta name=\"robots\" content=\"index, follow, max-snippet:-1, max-image-preview:large, max-video-preview:-1\" \/>\n<link rel=\"canonical\" href=\"https:\/\/www.sugarfactory.hr\/en\/product-2\/art-program\/stafelaj-vega-kit\/\" \/>\n<meta property=\"og:locale\" content=\"en_US\" \/>\n<meta property=\"og:type\" content=\"article\" \/>\n<meta property=\"og:title\" content=\"\u0160tafelaj Vega Kit - Sugar Factory\" \/>\n<meta property=\"og:description\" content=\"Lagani studijski \u0161tafelaj VEGa Kit dizajniran za umjetnike koji tra\u017ee prakti\u010dnost i jednostavnost upotrebe. Idealno rje\u0161enje za rad u studiju ili ku\u0107nom prostoru, pru\u017ea stabilnu i sigurnu podlogu za platna razli\u010ditih formata. Kompaktna baza od 57 cm i maksimalna visina platna do 135 cm omogu\u0107uju preciznu kontrolu i udobnost prilikom slikanja. \u0160tafelaj je lagan, te\u017ei [&hellip;]\" \/>\n<meta property=\"og:url\" content=\"https:\/\/www.sugarfactory.hr\/en\/product-2\/art-program\/stafelaj-vega-kit\/\" \/>\n<meta property=\"og:site_name\" content=\"Sugar Factory\" \/>\n<meta property=\"article:modified_time\" content=\"2026-03-03T12:29:25+00:00\" \/>\n<meta property=\"og:image\" content=\"https:\/\/www.sugarfactory.hr\/wp-content\/uploads\/2025\/08\/f2416a6032034bd5a70816b5d0441b71.webp\" \/>\n\t<meta property=\"og:image:width\" content=\"896\" \/>\n\t<meta property=\"og:image:height\" content=\"1120\" \/>\n\t<meta property=\"og:image:type\" content=\"image\/webp\" \/>\n<meta name=\"twitter:card\" content=\"summary_large_image\" \/>\n<script type=\"application\/ld+json\" class=\"yoast-schema-graph\">{\"@context\":\"https:\/\/schema.org\",\"@graph\":[{\"@type\":\"WebPage\",\"@id\":\"https:\/\/www.sugarfactory.hr\/proizvod\/umjetnicki-program\/stafelaj-vega-kit\/\",\"url\":\"https:\/\/www.sugarfactory.hr\/proizvod\/umjetnicki-program\/stafelaj-vega-kit\/\",\"name\":\"\u0160tafelaj Vega Kit - Sugar Factory\",\"isPartOf\":{\"@id\":\"https:\/\/www.sugarfactory.hr\/#website\"},\"primaryImageOfPage\":{\"@id\":\"https:\/\/www.sugarfactory.hr\/proizvod\/umjetnicki-program\/stafelaj-vega-kit\/#primaryimage\"},\"image\":{\"@id\":\"https:\/\/www.sugarfactory.hr\/proizvod\/umjetnicki-program\/stafelaj-vega-kit\/#primaryimage\"},\"thumbnailUrl\":\"https:\/\/www.sugarfactory.hr\/wp-content\/uploads\/2025\/08\/f2416a6032034bd5a70816b5d0441b71.webp\",\"datePublished\":\"2025-08-11T08:42:02+00:00\",\"dateModified\":\"2026-03-03T12:29:25+00:00\",\"breadcrumb\":{\"@id\":\"https:\/\/www.sugarfactory.hr\/proizvod\/umjetnicki-program\/stafelaj-vega-kit\/#breadcrumb\"},\"inLanguage\":\"en-US\",\"potentialAction\":[{\"@type\":\"ReadAction\",\"target\":[\"https:\/\/www.sugarfactory.hr\/proizvod\/umjetnicki-program\/stafelaj-vega-kit\/\"]}]},{\"@type\":\"ImageObject\",\"inLanguage\":\"en-US\",\"@id\":\"https:\/\/www.sugarfactory.hr\/proizvod\/umjetnicki-program\/stafelaj-vega-kit\/#primaryimage\",\"url\":\"https:\/\/www.sugarfactory.hr\/wp-content\/uploads\/2025\/08\/f2416a6032034bd5a70816b5d0441b71.webp\",\"contentUrl\":\"https:\/\/www.sugarfactory.hr\/wp-content\/uploads\/2025\/08\/f2416a6032034bd5a70816b5d0441b71.webp\",\"width\":896,\"height\":1120},{\"@type\":\"BreadcrumbList\",\"@id\":\"https:\/\/www.sugarfactory.hr\/proizvod\/umjetnicki-program\/stafelaj-vega-kit\/#breadcrumb\",\"itemListElement\":[{\"@type\":\"ListItem\",\"position\":1,\"name\":\"Po\u010detna stranica\",\"item\":\"https:\/\/www.sugarfactory.hr\/\"},{\"@type\":\"ListItem\",\"position\":2,\"name\":\"Proizvodi\",\"item\":\"https:\/\/www.sugarfactory.hr\/shop\/\"},{\"@type\":\"ListItem\",\"position\":3,\"name\":\"\u0160tafelaj Vega Kit\"}]},{\"@type\":\"WebSite\",\"@id\":\"https:\/\/www.sugarfactory.hr\/#website\",\"url\":\"https:\/\/www.sugarfactory.hr\/\",\"name\":\"Sugar Factory\",\"description\":\"Create your sweetest pieces!\",\"potentialAction\":[{\"@type\":\"SearchAction\",\"target\":{\"@type\":\"EntryPoint\",\"urlTemplate\":\"https:\/\/www.sugarfactory.hr\/?s={search_term_string}\"},\"query-input\":{\"@type\":\"PropertyValueSpecification\",\"valueRequired\":true,\"valueName\":\"search_term_string\"}}],\"inLanguage\":\"en-US\"}]}<\/script>\n<!-- \/ Yoast SEO plugin. -->","yoast_head_json":{"title":"\u0160tafelaj Vega Kit - Sugar Factory","robots":{"index":"index","follow":"follow","max-snippet":"max-snippet:-1","max-image-preview":"max-image-preview:large","max-video-preview":"max-video-preview:-1"},"canonical":"https:\/\/www.sugarfactory.hr\/en\/product-2\/art-program\/stafelaj-vega-kit\/","og_locale":"en_US","og_type":"article","og_title":"\u0160tafelaj Vega Kit - Sugar Factory","og_description":"Lagani studijski \u0161tafelaj VEGa Kit dizajniran za umjetnike koji tra\u017ee prakti\u010dnost i jednostavnost upotrebe. Idealno rje\u0161enje za rad u studiju ili ku\u0107nom prostoru, pru\u017ea stabilnu i sigurnu podlogu za platna razli\u010ditih formata. Kompaktna baza od 57 cm i maksimalna visina platna do 135 cm omogu\u0107uju preciznu kontrolu i udobnost prilikom slikanja. \u0160tafelaj je lagan, te\u017ei [&hellip;]","og_url":"https:\/\/www.sugarfactory.hr\/en\/product-2\/art-program\/stafelaj-vega-kit\/","og_site_name":"Sugar Factory","article_modified_time":"2026-03-03T12:29:25+00:00","og_image":[{"width":896,"height":1120,"url":"https:\/\/www.sugarfactory.hr\/wp-content\/uploads\/2025\/08\/f2416a6032034bd5a70816b5d0441b71.webp","type":"image\/webp"}],"twitter_card":"summary_large_image","schema":{"@context":"https:\/\/schema.org","@graph":[{"@type":"WebPage","@id":"https:\/\/www.sugarfactory.hr\/proizvod\/umjetnicki-program\/stafelaj-vega-kit\/","url":"https:\/\/www.sugarfactory.hr\/proizvod\/umjetnicki-program\/stafelaj-vega-kit\/","name":"\u0160tafelaj Vega Kit - Sugar Factory","isPartOf":{"@id":"https:\/\/www.sugarfactory.hr\/#website"},"primaryImageOfPage":{"@id":"https:\/\/www.sugarfactory.hr\/proizvod\/umjetnicki-program\/stafelaj-vega-kit\/#primaryimage"},"image":{"@id":"https:\/\/www.sugarfactory.hr\/proizvod\/umjetnicki-program\/stafelaj-vega-kit\/#primaryimage"},"thumbnailUrl":"https:\/\/www.sugarfactory.hr\/wp-content\/uploads\/2025\/08\/f2416a6032034bd5a70816b5d0441b71.webp","datePublished":"2025-08-11T08:42:02+00:00","dateModified":"2026-03-03T12:29:25+00:00","breadcrumb":{"@id":"https:\/\/www.sugarfactory.hr\/proizvod\/umjetnicki-program\/stafelaj-vega-kit\/#breadcrumb"},"inLanguage":"en-US","potentialAction":[{"@type":"ReadAction","target":["https:\/\/www.sugarfactory.hr\/proizvod\/umjetnicki-program\/stafelaj-vega-kit\/"]}]},{"@type":"ImageObject","inLanguage":"en-US","@id":"https:\/\/www.sugarfactory.hr\/proizvod\/umjetnicki-program\/stafelaj-vega-kit\/#primaryimage","url":"https:\/\/www.sugarfactory.hr\/wp-content\/uploads\/2025\/08\/f2416a6032034bd5a70816b5d0441b71.webp","contentUrl":"https:\/\/www.sugarfactory.hr\/wp-content\/uploads\/2025\/08\/f2416a6032034bd5a70816b5d0441b71.webp","width":896,"height":1120},{"@type":"BreadcrumbList","@id":"https:\/\/www.sugarfactory.hr\/proizvod\/umjetnicki-program\/stafelaj-vega-kit\/#breadcrumb","itemListElement":[{"@type":"ListItem","position":1,"name":"Po\u010detna stranica","item":"https:\/\/www.sugarfactory.hr\/"},{"@type":"ListItem","position":2,"name":"Proizvodi","item":"https:\/\/www.sugarfactory.hr\/shop\/"},{"@type":"ListItem","position":3,"name":"\u0160tafelaj Vega Kit"}]},{"@type":"WebSite","@id":"https:\/\/www.sugarfactory.hr\/#website","url":"https:\/\/www.sugarfactory.hr\/","name":"Sugar Factory","description":"Create your sweetest pieces!","potentialAction":[{"@type":"SearchAction","target":{"@type":"EntryPoint","urlTemplate":"https:\/\/www.sugarfactory.hr\/?s={search_term_string}"},"query-input":{"@type":"PropertyValueSpecification","valueRequired":true,"valueName":"search_term_string"}}],"inLanguage":"en-US"}]}},"_links":{"self":[{"href":"https:\/\/www.sugarfactory.hr\/en\/wp-json\/wp\/v2\/product\/11334","targetHints":{"allow":["GET"]}}],"collection":[{"href":"https:\/\/www.sugarfactory.hr\/en\/wp-json\/wp\/v2\/product"}],"about":[{"href":"https:\/\/www.sugarfactory.hr\/en\/wp-json\/wp\/v2\/types\/product"}],"wp:featuredmedia":[{"embeddable":true,"href":"https:\/\/www.sugarfactory.hr\/en\/wp-json\/wp\/v2\/media\/12863"}],"wp:attachment":[{"href":"https:\/\/www.sugarfactory.hr\/en\/wp-json\/wp\/v2\/media?parent=11334"}],"wp:term":[{"taxonomy":"product_brand","embeddable":true,"href":"https:\/\/www.sugarfactory.hr\/en\/wp-json\/wp\/v2\/product_brand?post=11334"},{"taxonomy":"product_cat","embeddable":true,"href":"https:\/\/www.sugarfactory.hr\/en\/wp-json\/wp\/v2\/product_cat?post=11334"},{"taxonomy":"product_tag","embeddable":true,"href":"https:\/\/www.sugarfactory.hr\/en\/wp-json\/wp\/v2\/product_tag?post=11334"}],"curies":[{"name":"wp","href":"https:\/\/api.w.org\/{rel}","templated":true}]}}