{"id":11387,"date":"2025-08-12T09:59:40","date_gmt":"2025-08-12T08:59:40","guid":{"rendered":"https:\/\/www.sugarfactory.hr\/?post_type=product&#038;p=11387"},"modified":"2026-04-17T12:53:14","modified_gmt":"2026-04-17T11:53:14","slug":"bruynzeel-expression-olovke-u-boji","status":"publish","type":"product","link":"https:\/\/www.sugarfactory.hr\/en\/product-2\/art-program\/bruynzeel-expression-olovke-u-boji\/","title":{"rendered":"Bruynzeel Expression colored pencils"},"content":{"rendered":"<p data-start=\"110\" data-end=\"216\"><strong data-start=\"110\" data-end=\"148\">Bruynzeel Expression colored pencils<\/strong> pru\u017eaju <strong data-start=\"157\" data-end=\"192\">intenzivne i \u017eivopisne pigmente<\/strong> za crtanje i bojenje.<\/p>\n<p data-start=\"218\" data-end=\"358\">Olovke omogu\u0107uju <strong data-start=\"235\" data-end=\"271\">glatko i precizno nano\u0161enje boje<\/strong>, ideal for <strong data-start=\"284\" data-end=\"321\">detaljan rad i kreativne projekte<\/strong> za po\u010detnike i napredne umjetnike.<\/p>","protected":false},"excerpt":{"rendered":"<p>Bruynzeel Expression olovke u boji pru\u017eaju intenzivne i \u017eivopisne pigmente za crtanje i bojenje. Olovke omogu\u0107uju glatko i precizno nano\u0161enje boje, idealne za detaljan rad i kreativne projekte za po\u010detnike i napredne umjetnike.<\/p>","protected":false},"featured_media":12889,"template":"","meta":{"_acf_changed":false},"product_brand":[116],"product_cat":[45,69],"product_tag":[],"class_list":{"0":"post-11387","1":"product","2":"type-product","3":"status-publish","4":"has-post-thumbnail","6":"product_brand-bruynzeel","7":"product_cat-umjetnicki-program","8":"product_cat-olovke-grafit-i-ugljen","10":"first","11":"instock","12":"shipping-taxable","13":"purchasable","14":"product-type-variable"},"acf":[],"yoast_head":"<!-- This site is optimized with the Yoast SEO plugin v26.3 - https:\/\/yoast.com\/wordpress\/plugins\/seo\/ -->\n<title>Bruynzeel Expression olovke u boji - Sugar Factory<\/title>\n<meta name=\"robots\" content=\"index, follow, max-snippet:-1, max-image-preview:large, max-video-preview:-1\" \/>\n<link rel=\"canonical\" href=\"https:\/\/www.sugarfactory.hr\/en\/product-2\/art-program\/bruynzeel-expression-olovke-u-boji\/\" \/>\n<meta property=\"og:locale\" content=\"en_US\" \/>\n<meta property=\"og:type\" content=\"article\" \/>\n<meta property=\"og:title\" content=\"Bruynzeel Expression olovke u boji - Sugar Factory\" \/>\n<meta property=\"og:description\" content=\"Bruynzeel Expression olovke u boji pru\u017eaju intenzivne i \u017eivopisne pigmente za crtanje i bojenje. Olovke omogu\u0107uju glatko i precizno nano\u0161enje boje, idealne za detaljan rad i kreativne projekte za po\u010detnike i napredne umjetnike.\" \/>\n<meta property=\"og:url\" content=\"https:\/\/www.sugarfactory.hr\/en\/product-2\/art-program\/bruynzeel-expression-olovke-u-boji\/\" \/>\n<meta property=\"og:site_name\" content=\"Sugar Factory\" \/>\n<meta property=\"article:modified_time\" content=\"2026-04-17T11:53:14+00:00\" \/>\n<meta property=\"og:image\" content=\"https:\/\/www.sugarfactory.hr\/wp-content\/uploads\/2025\/08\/68624005ebd640a496d6ff085dde6dda.webp\" \/>\n\t<meta property=\"og:image:width\" content=\"896\" \/>\n\t<meta property=\"og:image:height\" content=\"1120\" \/>\n\t<meta property=\"og:image:type\" content=\"image\/webp\" \/>\n<meta name=\"twitter:card\" content=\"summary_large_image\" \/>\n<script type=\"application\/ld+json\" class=\"yoast-schema-graph\">{\"@context\":\"https:\/\/schema.org\",\"@graph\":[{\"@type\":\"WebPage\",\"@id\":\"https:\/\/www.sugarfactory.hr\/proizvod\/umjetnicki-program\/bruynzeel-expression-olovke-u-boji\/\",\"url\":\"https:\/\/www.sugarfactory.hr\/proizvod\/umjetnicki-program\/bruynzeel-expression-olovke-u-boji\/\",\"name\":\"Bruynzeel Expression olovke u boji - Sugar Factory\",\"isPartOf\":{\"@id\":\"https:\/\/www.sugarfactory.hr\/#website\"},\"primaryImageOfPage\":{\"@id\":\"https:\/\/www.sugarfactory.hr\/proizvod\/umjetnicki-program\/bruynzeel-expression-olovke-u-boji\/#primaryimage\"},\"image\":{\"@id\":\"https:\/\/www.sugarfactory.hr\/proizvod\/umjetnicki-program\/bruynzeel-expression-olovke-u-boji\/#primaryimage\"},\"thumbnailUrl\":\"https:\/\/www.sugarfactory.hr\/wp-content\/uploads\/2025\/08\/68624005ebd640a496d6ff085dde6dda.webp\",\"datePublished\":\"2025-08-12T08:59:40+00:00\",\"dateModified\":\"2026-04-17T11:53:14+00:00\",\"breadcrumb\":{\"@id\":\"https:\/\/www.sugarfactory.hr\/proizvod\/umjetnicki-program\/bruynzeel-expression-olovke-u-boji\/#breadcrumb\"},\"inLanguage\":\"en-US\",\"potentialAction\":[{\"@type\":\"ReadAction\",\"target\":[\"https:\/\/www.sugarfactory.hr\/proizvod\/umjetnicki-program\/bruynzeel-expression-olovke-u-boji\/\"]}]},{\"@type\":\"ImageObject\",\"inLanguage\":\"en-US\",\"@id\":\"https:\/\/www.sugarfactory.hr\/proizvod\/umjetnicki-program\/bruynzeel-expression-olovke-u-boji\/#primaryimage\",\"url\":\"https:\/\/www.sugarfactory.hr\/wp-content\/uploads\/2025\/08\/68624005ebd640a496d6ff085dde6dda.webp\",\"contentUrl\":\"https:\/\/www.sugarfactory.hr\/wp-content\/uploads\/2025\/08\/68624005ebd640a496d6ff085dde6dda.webp\",\"width\":896,\"height\":1120},{\"@type\":\"BreadcrumbList\",\"@id\":\"https:\/\/www.sugarfactory.hr\/proizvod\/umjetnicki-program\/bruynzeel-expression-olovke-u-boji\/#breadcrumb\",\"itemListElement\":[{\"@type\":\"ListItem\",\"position\":1,\"name\":\"Po\u010detna stranica\",\"item\":\"https:\/\/www.sugarfactory.hr\/\"},{\"@type\":\"ListItem\",\"position\":2,\"name\":\"Proizvodi\",\"item\":\"https:\/\/www.sugarfactory.hr\/shop\/\"},{\"@type\":\"ListItem\",\"position\":3,\"name\":\"Bruynzeel Expression olovke u boji\"}]},{\"@type\":\"WebSite\",\"@id\":\"https:\/\/www.sugarfactory.hr\/#website\",\"url\":\"https:\/\/www.sugarfactory.hr\/\",\"name\":\"Sugar Factory\",\"description\":\"Create your sweetest pieces!\",\"potentialAction\":[{\"@type\":\"SearchAction\",\"target\":{\"@type\":\"EntryPoint\",\"urlTemplate\":\"https:\/\/www.sugarfactory.hr\/?s={search_term_string}\"},\"query-input\":{\"@type\":\"PropertyValueSpecification\",\"valueRequired\":true,\"valueName\":\"search_term_string\"}}],\"inLanguage\":\"en-US\"}]}<\/script>\n<!-- \/ Yoast SEO plugin. -->","yoast_head_json":{"title":"Bruynzeel Expression olovke u boji - Sugar Factory","robots":{"index":"index","follow":"follow","max-snippet":"max-snippet:-1","max-image-preview":"max-image-preview:large","max-video-preview":"max-video-preview:-1"},"canonical":"https:\/\/www.sugarfactory.hr\/en\/product-2\/art-program\/bruynzeel-expression-olovke-u-boji\/","og_locale":"en_US","og_type":"article","og_title":"Bruynzeel Expression olovke u boji - Sugar Factory","og_description":"Bruynzeel Expression olovke u boji pru\u017eaju intenzivne i \u017eivopisne pigmente za crtanje i bojenje. Olovke omogu\u0107uju glatko i precizno nano\u0161enje boje, idealne za detaljan rad i kreativne projekte za po\u010detnike i napredne umjetnike.","og_url":"https:\/\/www.sugarfactory.hr\/en\/product-2\/art-program\/bruynzeel-expression-olovke-u-boji\/","og_site_name":"Sugar Factory","article_modified_time":"2026-04-17T11:53:14+00:00","og_image":[{"width":896,"height":1120,"url":"https:\/\/www.sugarfactory.hr\/wp-content\/uploads\/2025\/08\/68624005ebd640a496d6ff085dde6dda.webp","type":"image\/webp"}],"twitter_card":"summary_large_image","schema":{"@context":"https:\/\/schema.org","@graph":[{"@type":"WebPage","@id":"https:\/\/www.sugarfactory.hr\/proizvod\/umjetnicki-program\/bruynzeel-expression-olovke-u-boji\/","url":"https:\/\/www.sugarfactory.hr\/proizvod\/umjetnicki-program\/bruynzeel-expression-olovke-u-boji\/","name":"Bruynzeel Expression olovke u boji - Sugar Factory","isPartOf":{"@id":"https:\/\/www.sugarfactory.hr\/#website"},"primaryImageOfPage":{"@id":"https:\/\/www.sugarfactory.hr\/proizvod\/umjetnicki-program\/bruynzeel-expression-olovke-u-boji\/#primaryimage"},"image":{"@id":"https:\/\/www.sugarfactory.hr\/proizvod\/umjetnicki-program\/bruynzeel-expression-olovke-u-boji\/#primaryimage"},"thumbnailUrl":"https:\/\/www.sugarfactory.hr\/wp-content\/uploads\/2025\/08\/68624005ebd640a496d6ff085dde6dda.webp","datePublished":"2025-08-12T08:59:40+00:00","dateModified":"2026-04-17T11:53:14+00:00","breadcrumb":{"@id":"https:\/\/www.sugarfactory.hr\/proizvod\/umjetnicki-program\/bruynzeel-expression-olovke-u-boji\/#breadcrumb"},"inLanguage":"en-US","potentialAction":[{"@type":"ReadAction","target":["https:\/\/www.sugarfactory.hr\/proizvod\/umjetnicki-program\/bruynzeel-expression-olovke-u-boji\/"]}]},{"@type":"ImageObject","inLanguage":"en-US","@id":"https:\/\/www.sugarfactory.hr\/proizvod\/umjetnicki-program\/bruynzeel-expression-olovke-u-boji\/#primaryimage","url":"https:\/\/www.sugarfactory.hr\/wp-content\/uploads\/2025\/08\/68624005ebd640a496d6ff085dde6dda.webp","contentUrl":"https:\/\/www.sugarfactory.hr\/wp-content\/uploads\/2025\/08\/68624005ebd640a496d6ff085dde6dda.webp","width":896,"height":1120},{"@type":"BreadcrumbList","@id":"https:\/\/www.sugarfactory.hr\/proizvod\/umjetnicki-program\/bruynzeel-expression-olovke-u-boji\/#breadcrumb","itemListElement":[{"@type":"ListItem","position":1,"name":"Po\u010detna stranica","item":"https:\/\/www.sugarfactory.hr\/"},{"@type":"ListItem","position":2,"name":"Proizvodi","item":"https:\/\/www.sugarfactory.hr\/shop\/"},{"@type":"ListItem","position":3,"name":"Bruynzeel Expression olovke u boji"}]},{"@type":"WebSite","@id":"https:\/\/www.sugarfactory.hr\/#website","url":"https:\/\/www.sugarfactory.hr\/","name":"Sugar Factory","description":"Create your sweetest pieces!","potentialAction":[{"@type":"SearchAction","target":{"@type":"EntryPoint","urlTemplate":"https:\/\/www.sugarfactory.hr\/?s={search_term_string}"},"query-input":{"@type":"PropertyValueSpecification","valueRequired":true,"valueName":"search_term_string"}}],"inLanguage":"en-US"}]}},"_links":{"self":[{"href":"https:\/\/www.sugarfactory.hr\/en\/wp-json\/wp\/v2\/product\/11387","targetHints":{"allow":["GET"]}}],"collection":[{"href":"https:\/\/www.sugarfactory.hr\/en\/wp-json\/wp\/v2\/product"}],"about":[{"href":"https:\/\/www.sugarfactory.hr\/en\/wp-json\/wp\/v2\/types\/product"}],"wp:featuredmedia":[{"embeddable":true,"href":"https:\/\/www.sugarfactory.hr\/en\/wp-json\/wp\/v2\/media\/12889"}],"wp:attachment":[{"href":"https:\/\/www.sugarfactory.hr\/en\/wp-json\/wp\/v2\/media?parent=11387"}],"wp:term":[{"taxonomy":"product_brand","embeddable":true,"href":"https:\/\/www.sugarfactory.hr\/en\/wp-json\/wp\/v2\/product_brand?post=11387"},{"taxonomy":"product_cat","embeddable":true,"href":"https:\/\/www.sugarfactory.hr\/en\/wp-json\/wp\/v2\/product_cat?post=11387"},{"taxonomy":"product_tag","embeddable":true,"href":"https:\/\/www.sugarfactory.hr\/en\/wp-json\/wp\/v2\/product_tag?post=11387"}],"curies":[{"name":"wp","href":"https:\/\/api.w.org\/{rel}","templated":true}]}}