{"id":11397,"date":"2025-08-12T10:18:36","date_gmt":"2025-08-12T09:18:36","guid":{"rendered":"https:\/\/www.sugarfactory.hr\/?post_type=product&#038;p=11397"},"modified":"2026-03-25T09:13:54","modified_gmt":"2026-03-25T08:13:54","slug":"art-creation-olovke-u-boji","status":"publish","type":"product","link":"https:\/\/www.sugarfactory.hr\/en\/product-2\/art-program\/art-creation-olovke-u-boji\/","title":{"rendered":"Art Creation colored pencils"},"content":{"rendered":"<p data-start=\"37\" data-end=\"175\">Talens Art Creation olovke u boji nude <strong>bogatstvo<\/strong> nijansi i <strong>visoku<\/strong> pigmentaciju, idealne za <strong>kreativne<\/strong> projekte, skiciranje i ilustracije.<\/p>\n<p data-start=\"278\" data-end=\"396\" data-is-last-node=\"\" data-is-only-node=\"\">Ove olovke su <strong>savr\u0161en<\/strong> izbor za po\u010detnike i hobiste koji \u017eele istra\u017eivati svijet boja s <strong>visokokvalitetnim<\/strong> materijalima.<\/p>","protected":false},"excerpt":{"rendered":"<p>Talens Art Creation olovke u boji nude bogatstvo nijansi i visoku pigmentaciju, idealne za kreativne projekte, skiciranje i ilustracije. Ove olovke su savr\u0161en izbor za po\u010detnike i hobiste koji \u017eele istra\u017eivati svijet boja s visokokvalitetnim materijalima.<\/p>","protected":false},"featured_media":12742,"template":"","meta":{"_acf_changed":false},"product_brand":[119],"product_cat":[45,69],"product_tag":[],"class_list":{"0":"post-11397","1":"product","2":"type-product","3":"status-publish","4":"has-post-thumbnail","6":"product_brand-talens-art-creation","7":"product_cat-umjetnicki-program","8":"product_cat-olovke-grafit-i-ugljen","10":"first","11":"instock","12":"shipping-taxable","13":"purchasable","14":"product-type-variable"},"acf":[],"yoast_head":"<!-- This site is optimized with the Yoast SEO plugin v26.3 - https:\/\/yoast.com\/wordpress\/plugins\/seo\/ -->\n<title>Art Creation olovke u boji - Sugar Factory<\/title>\n<meta name=\"robots\" content=\"index, follow, max-snippet:-1, max-image-preview:large, max-video-preview:-1\" \/>\n<link rel=\"canonical\" href=\"https:\/\/www.sugarfactory.hr\/en\/product-2\/art-program\/art-creation-olovke-u-boji\/\" \/>\n<meta property=\"og:locale\" content=\"en_US\" \/>\n<meta property=\"og:type\" content=\"article\" \/>\n<meta property=\"og:title\" content=\"Art Creation olovke u boji - Sugar Factory\" \/>\n<meta property=\"og:description\" content=\"Talens Art Creation olovke u boji nude bogatstvo nijansi i visoku pigmentaciju, idealne za kreativne projekte, skiciranje i ilustracije. Ove olovke su savr\u0161en izbor za po\u010detnike i hobiste koji \u017eele istra\u017eivati svijet boja s visokokvalitetnim materijalima.\" \/>\n<meta property=\"og:url\" content=\"https:\/\/www.sugarfactory.hr\/en\/product-2\/art-program\/art-creation-olovke-u-boji\/\" \/>\n<meta property=\"og:site_name\" content=\"Sugar Factory\" \/>\n<meta property=\"article:modified_time\" content=\"2026-03-25T08:13:54+00:00\" \/>\n<meta property=\"og:image\" content=\"https:\/\/www.sugarfactory.hr\/wp-content\/uploads\/2025\/08\/315f64532532411cbab6a7f28b98bf41.webp\" \/>\n\t<meta property=\"og:image:width\" content=\"896\" \/>\n\t<meta property=\"og:image:height\" content=\"1120\" \/>\n\t<meta property=\"og:image:type\" content=\"image\/webp\" \/>\n<meta name=\"twitter:card\" content=\"summary_large_image\" \/>\n<script type=\"application\/ld+json\" class=\"yoast-schema-graph\">{\"@context\":\"https:\/\/schema.org\",\"@graph\":[{\"@type\":\"WebPage\",\"@id\":\"https:\/\/www.sugarfactory.hr\/proizvod\/umjetnicki-program\/art-creation-olovke-u-boji\/\",\"url\":\"https:\/\/www.sugarfactory.hr\/proizvod\/umjetnicki-program\/art-creation-olovke-u-boji\/\",\"name\":\"Art Creation olovke u boji - Sugar Factory\",\"isPartOf\":{\"@id\":\"https:\/\/www.sugarfactory.hr\/#website\"},\"primaryImageOfPage\":{\"@id\":\"https:\/\/www.sugarfactory.hr\/proizvod\/umjetnicki-program\/art-creation-olovke-u-boji\/#primaryimage\"},\"image\":{\"@id\":\"https:\/\/www.sugarfactory.hr\/proizvod\/umjetnicki-program\/art-creation-olovke-u-boji\/#primaryimage\"},\"thumbnailUrl\":\"https:\/\/www.sugarfactory.hr\/wp-content\/uploads\/2025\/08\/315f64532532411cbab6a7f28b98bf41.webp\",\"datePublished\":\"2025-08-12T09:18:36+00:00\",\"dateModified\":\"2026-03-25T08:13:54+00:00\",\"breadcrumb\":{\"@id\":\"https:\/\/www.sugarfactory.hr\/proizvod\/umjetnicki-program\/art-creation-olovke-u-boji\/#breadcrumb\"},\"inLanguage\":\"en-US\",\"potentialAction\":[{\"@type\":\"ReadAction\",\"target\":[\"https:\/\/www.sugarfactory.hr\/proizvod\/umjetnicki-program\/art-creation-olovke-u-boji\/\"]}]},{\"@type\":\"ImageObject\",\"inLanguage\":\"en-US\",\"@id\":\"https:\/\/www.sugarfactory.hr\/proizvod\/umjetnicki-program\/art-creation-olovke-u-boji\/#primaryimage\",\"url\":\"https:\/\/www.sugarfactory.hr\/wp-content\/uploads\/2025\/08\/315f64532532411cbab6a7f28b98bf41.webp\",\"contentUrl\":\"https:\/\/www.sugarfactory.hr\/wp-content\/uploads\/2025\/08\/315f64532532411cbab6a7f28b98bf41.webp\",\"width\":896,\"height\":1120},{\"@type\":\"BreadcrumbList\",\"@id\":\"https:\/\/www.sugarfactory.hr\/proizvod\/umjetnicki-program\/art-creation-olovke-u-boji\/#breadcrumb\",\"itemListElement\":[{\"@type\":\"ListItem\",\"position\":1,\"name\":\"Po\u010detna stranica\",\"item\":\"https:\/\/www.sugarfactory.hr\/\"},{\"@type\":\"ListItem\",\"position\":2,\"name\":\"Proizvodi\",\"item\":\"https:\/\/www.sugarfactory.hr\/shop\/\"},{\"@type\":\"ListItem\",\"position\":3,\"name\":\"Art Creation olovke u boji\"}]},{\"@type\":\"WebSite\",\"@id\":\"https:\/\/www.sugarfactory.hr\/#website\",\"url\":\"https:\/\/www.sugarfactory.hr\/\",\"name\":\"Sugar Factory\",\"description\":\"Create your sweetest pieces!\",\"potentialAction\":[{\"@type\":\"SearchAction\",\"target\":{\"@type\":\"EntryPoint\",\"urlTemplate\":\"https:\/\/www.sugarfactory.hr\/?s={search_term_string}\"},\"query-input\":{\"@type\":\"PropertyValueSpecification\",\"valueRequired\":true,\"valueName\":\"search_term_string\"}}],\"inLanguage\":\"en-US\"}]}<\/script>\n<!-- \/ Yoast SEO plugin. -->","yoast_head_json":{"title":"Art Creation olovke u boji - Sugar Factory","robots":{"index":"index","follow":"follow","max-snippet":"max-snippet:-1","max-image-preview":"max-image-preview:large","max-video-preview":"max-video-preview:-1"},"canonical":"https:\/\/www.sugarfactory.hr\/en\/product-2\/art-program\/art-creation-olovke-u-boji\/","og_locale":"en_US","og_type":"article","og_title":"Art Creation olovke u boji - Sugar Factory","og_description":"Talens Art Creation olovke u boji nude bogatstvo nijansi i visoku pigmentaciju, idealne za kreativne projekte, skiciranje i ilustracije. Ove olovke su savr\u0161en izbor za po\u010detnike i hobiste koji \u017eele istra\u017eivati svijet boja s visokokvalitetnim materijalima.","og_url":"https:\/\/www.sugarfactory.hr\/en\/product-2\/art-program\/art-creation-olovke-u-boji\/","og_site_name":"Sugar Factory","article_modified_time":"2026-03-25T08:13:54+00:00","og_image":[{"width":896,"height":1120,"url":"https:\/\/www.sugarfactory.hr\/wp-content\/uploads\/2025\/08\/315f64532532411cbab6a7f28b98bf41.webp","type":"image\/webp"}],"twitter_card":"summary_large_image","schema":{"@context":"https:\/\/schema.org","@graph":[{"@type":"WebPage","@id":"https:\/\/www.sugarfactory.hr\/proizvod\/umjetnicki-program\/art-creation-olovke-u-boji\/","url":"https:\/\/www.sugarfactory.hr\/proizvod\/umjetnicki-program\/art-creation-olovke-u-boji\/","name":"Art Creation olovke u boji - Sugar Factory","isPartOf":{"@id":"https:\/\/www.sugarfactory.hr\/#website"},"primaryImageOfPage":{"@id":"https:\/\/www.sugarfactory.hr\/proizvod\/umjetnicki-program\/art-creation-olovke-u-boji\/#primaryimage"},"image":{"@id":"https:\/\/www.sugarfactory.hr\/proizvod\/umjetnicki-program\/art-creation-olovke-u-boji\/#primaryimage"},"thumbnailUrl":"https:\/\/www.sugarfactory.hr\/wp-content\/uploads\/2025\/08\/315f64532532411cbab6a7f28b98bf41.webp","datePublished":"2025-08-12T09:18:36+00:00","dateModified":"2026-03-25T08:13:54+00:00","breadcrumb":{"@id":"https:\/\/www.sugarfactory.hr\/proizvod\/umjetnicki-program\/art-creation-olovke-u-boji\/#breadcrumb"},"inLanguage":"en-US","potentialAction":[{"@type":"ReadAction","target":["https:\/\/www.sugarfactory.hr\/proizvod\/umjetnicki-program\/art-creation-olovke-u-boji\/"]}]},{"@type":"ImageObject","inLanguage":"en-US","@id":"https:\/\/www.sugarfactory.hr\/proizvod\/umjetnicki-program\/art-creation-olovke-u-boji\/#primaryimage","url":"https:\/\/www.sugarfactory.hr\/wp-content\/uploads\/2025\/08\/315f64532532411cbab6a7f28b98bf41.webp","contentUrl":"https:\/\/www.sugarfactory.hr\/wp-content\/uploads\/2025\/08\/315f64532532411cbab6a7f28b98bf41.webp","width":896,"height":1120},{"@type":"BreadcrumbList","@id":"https:\/\/www.sugarfactory.hr\/proizvod\/umjetnicki-program\/art-creation-olovke-u-boji\/#breadcrumb","itemListElement":[{"@type":"ListItem","position":1,"name":"Po\u010detna stranica","item":"https:\/\/www.sugarfactory.hr\/"},{"@type":"ListItem","position":2,"name":"Proizvodi","item":"https:\/\/www.sugarfactory.hr\/shop\/"},{"@type":"ListItem","position":3,"name":"Art Creation olovke u boji"}]},{"@type":"WebSite","@id":"https:\/\/www.sugarfactory.hr\/#website","url":"https:\/\/www.sugarfactory.hr\/","name":"Sugar Factory","description":"Create your sweetest pieces!","potentialAction":[{"@type":"SearchAction","target":{"@type":"EntryPoint","urlTemplate":"https:\/\/www.sugarfactory.hr\/?s={search_term_string}"},"query-input":{"@type":"PropertyValueSpecification","valueRequired":true,"valueName":"search_term_string"}}],"inLanguage":"en-US"}]}},"_links":{"self":[{"href":"https:\/\/www.sugarfactory.hr\/en\/wp-json\/wp\/v2\/product\/11397","targetHints":{"allow":["GET"]}}],"collection":[{"href":"https:\/\/www.sugarfactory.hr\/en\/wp-json\/wp\/v2\/product"}],"about":[{"href":"https:\/\/www.sugarfactory.hr\/en\/wp-json\/wp\/v2\/types\/product"}],"wp:featuredmedia":[{"embeddable":true,"href":"https:\/\/www.sugarfactory.hr\/en\/wp-json\/wp\/v2\/media\/12742"}],"wp:attachment":[{"href":"https:\/\/www.sugarfactory.hr\/en\/wp-json\/wp\/v2\/media?parent=11397"}],"wp:term":[{"taxonomy":"product_brand","embeddable":true,"href":"https:\/\/www.sugarfactory.hr\/en\/wp-json\/wp\/v2\/product_brand?post=11397"},{"taxonomy":"product_cat","embeddable":true,"href":"https:\/\/www.sugarfactory.hr\/en\/wp-json\/wp\/v2\/product_cat?post=11397"},{"taxonomy":"product_tag","embeddable":true,"href":"https:\/\/www.sugarfactory.hr\/en\/wp-json\/wp\/v2\/product_tag?post=11397"}],"curies":[{"name":"wp","href":"https:\/\/api.w.org\/{rel}","templated":true}]}}