{"id":11500,"date":"2025-08-13T07:20:50","date_gmt":"2025-08-13T06:20:50","guid":{"rendered":"https:\/\/www.sugarfactory.hr\/?post_type=product&#038;p=11500"},"modified":"2026-03-12T14:26:26","modified_gmt":"2026-03-12T13:26:26","slug":"etude-set-od-10-hobby-kistova","status":"publish","type":"product","link":"https:\/\/www.sugarfactory.hr\/en\/product-2\/art-program\/etude-set-od-10-hobby-kistova\/","title":{"rendered":"Etude set of 10 hobby brushes"},"content":{"rendered":"<p data-start=\"102\" data-end=\"229\"><strong data-start=\"102\" data-end=\"132\">Etude set 10 hobby kistova<\/strong> is made of <strong data-start=\"147\" data-end=\"167\">sinteti\u010dke dlake<\/strong> i idealan je za <strong data-start=\"184\" data-end=\"226\">raznovrsne kreativne projekte i hobije<\/strong>.<\/p>\n<p data-start=\"231\" data-end=\"339\">Kistovi pru\u017eaju <strong data-start=\"247\" data-end=\"289\">kontrolu i udobnost pri nano\u0161enju boje<\/strong>, pogodni za <strong data-start=\"302\" data-end=\"336\">akril, temperu i druge tehnike<\/strong>.<\/p>","protected":false},"excerpt":{"rendered":"<p>Etude set 10 hobby kistova izra\u0111en je od sinteti\u010dke dlake i idealan je za raznovrsne kreativne projekte i hobije. Kistovi pru\u017eaju kontrolu i udobnost pri nano\u0161enju boje, pogodni za akril, temperu i druge tehnike.<\/p>","protected":false},"featured_media":12976,"template":"","meta":{"_acf_changed":false},"product_brand":[121],"product_cat":[45,68],"product_tag":[],"class_list":{"0":"post-11500","1":"product","2":"type-product","3":"status-publish","4":"has-post-thumbnail","6":"product_brand-raphael","7":"product_cat-umjetnicki-program","8":"product_cat-kistovi","10":"first","11":"instock","12":"shipping-taxable","13":"purchasable","14":"product-type-simple"},"acf":[],"yoast_head":"<!-- This site is optimized with the Yoast SEO plugin v26.3 - https:\/\/yoast.com\/wordpress\/plugins\/seo\/ -->\n<title>Etude set od 10 hobby kistova - Sugar Factory<\/title>\n<meta name=\"robots\" content=\"index, follow, max-snippet:-1, max-image-preview:large, max-video-preview:-1\" \/>\n<link rel=\"canonical\" href=\"https:\/\/www.sugarfactory.hr\/en\/product-2\/art-program\/etude-set-od-10-hobby-kistova\/\" \/>\n<meta property=\"og:locale\" content=\"en_US\" \/>\n<meta property=\"og:type\" content=\"article\" \/>\n<meta property=\"og:title\" content=\"Etude set od 10 hobby kistova - Sugar Factory\" \/>\n<meta property=\"og:description\" content=\"Etude set 10 hobby kistova izra\u0111en je od sinteti\u010dke dlake i idealan je za raznovrsne kreativne projekte i hobije. Kistovi pru\u017eaju kontrolu i udobnost pri nano\u0161enju boje, pogodni za akril, temperu i druge tehnike.\" \/>\n<meta property=\"og:url\" content=\"https:\/\/www.sugarfactory.hr\/en\/product-2\/art-program\/etude-set-od-10-hobby-kistova\/\" \/>\n<meta property=\"og:site_name\" content=\"Sugar Factory\" \/>\n<meta property=\"article:modified_time\" content=\"2026-03-12T13:26:26+00:00\" \/>\n<meta property=\"og:image\" content=\"https:\/\/www.sugarfactory.hr\/wp-content\/uploads\/2025\/08\/1f92de1ee338497fba4242eba85e68c7.webp\" \/>\n\t<meta property=\"og:image:width\" content=\"896\" \/>\n\t<meta property=\"og:image:height\" content=\"1120\" \/>\n\t<meta property=\"og:image:type\" content=\"image\/webp\" \/>\n<meta name=\"twitter:card\" content=\"summary_large_image\" \/>\n<script type=\"application\/ld+json\" class=\"yoast-schema-graph\">{\"@context\":\"https:\/\/schema.org\",\"@graph\":[{\"@type\":\"WebPage\",\"@id\":\"https:\/\/www.sugarfactory.hr\/proizvod\/umjetnicki-program\/etude-set-od-10-hobby-kistova\/\",\"url\":\"https:\/\/www.sugarfactory.hr\/proizvod\/umjetnicki-program\/etude-set-od-10-hobby-kistova\/\",\"name\":\"Etude set od 10 hobby kistova - Sugar Factory\",\"isPartOf\":{\"@id\":\"https:\/\/www.sugarfactory.hr\/#website\"},\"primaryImageOfPage\":{\"@id\":\"https:\/\/www.sugarfactory.hr\/proizvod\/umjetnicki-program\/etude-set-od-10-hobby-kistova\/#primaryimage\"},\"image\":{\"@id\":\"https:\/\/www.sugarfactory.hr\/proizvod\/umjetnicki-program\/etude-set-od-10-hobby-kistova\/#primaryimage\"},\"thumbnailUrl\":\"https:\/\/www.sugarfactory.hr\/wp-content\/uploads\/2025\/08\/1f92de1ee338497fba4242eba85e68c7.webp\",\"datePublished\":\"2025-08-13T06:20:50+00:00\",\"dateModified\":\"2026-03-12T13:26:26+00:00\",\"breadcrumb\":{\"@id\":\"https:\/\/www.sugarfactory.hr\/proizvod\/umjetnicki-program\/etude-set-od-10-hobby-kistova\/#breadcrumb\"},\"inLanguage\":\"en-US\",\"potentialAction\":[{\"@type\":\"ReadAction\",\"target\":[\"https:\/\/www.sugarfactory.hr\/proizvod\/umjetnicki-program\/etude-set-od-10-hobby-kistova\/\"]}]},{\"@type\":\"ImageObject\",\"inLanguage\":\"en-US\",\"@id\":\"https:\/\/www.sugarfactory.hr\/proizvod\/umjetnicki-program\/etude-set-od-10-hobby-kistova\/#primaryimage\",\"url\":\"https:\/\/www.sugarfactory.hr\/wp-content\/uploads\/2025\/08\/1f92de1ee338497fba4242eba85e68c7.webp\",\"contentUrl\":\"https:\/\/www.sugarfactory.hr\/wp-content\/uploads\/2025\/08\/1f92de1ee338497fba4242eba85e68c7.webp\",\"width\":896,\"height\":1120},{\"@type\":\"BreadcrumbList\",\"@id\":\"https:\/\/www.sugarfactory.hr\/proizvod\/umjetnicki-program\/etude-set-od-10-hobby-kistova\/#breadcrumb\",\"itemListElement\":[{\"@type\":\"ListItem\",\"position\":1,\"name\":\"Po\u010detna stranica\",\"item\":\"https:\/\/www.sugarfactory.hr\/\"},{\"@type\":\"ListItem\",\"position\":2,\"name\":\"Proizvodi\",\"item\":\"https:\/\/www.sugarfactory.hr\/shop\/\"},{\"@type\":\"ListItem\",\"position\":3,\"name\":\"Etude set od 10 hobby kistova\"}]},{\"@type\":\"WebSite\",\"@id\":\"https:\/\/www.sugarfactory.hr\/#website\",\"url\":\"https:\/\/www.sugarfactory.hr\/\",\"name\":\"Sugar Factory\",\"description\":\"Create your sweetest pieces!\",\"potentialAction\":[{\"@type\":\"SearchAction\",\"target\":{\"@type\":\"EntryPoint\",\"urlTemplate\":\"https:\/\/www.sugarfactory.hr\/?s={search_term_string}\"},\"query-input\":{\"@type\":\"PropertyValueSpecification\",\"valueRequired\":true,\"valueName\":\"search_term_string\"}}],\"inLanguage\":\"en-US\"}]}<\/script>\n<!-- \/ Yoast SEO plugin. -->","yoast_head_json":{"title":"Etude set od 10 hobby kistova - Sugar Factory","robots":{"index":"index","follow":"follow","max-snippet":"max-snippet:-1","max-image-preview":"max-image-preview:large","max-video-preview":"max-video-preview:-1"},"canonical":"https:\/\/www.sugarfactory.hr\/en\/product-2\/art-program\/etude-set-od-10-hobby-kistova\/","og_locale":"en_US","og_type":"article","og_title":"Etude set od 10 hobby kistova - Sugar Factory","og_description":"Etude set 10 hobby kistova izra\u0111en je od sinteti\u010dke dlake i idealan je za raznovrsne kreativne projekte i hobije. Kistovi pru\u017eaju kontrolu i udobnost pri nano\u0161enju boje, pogodni za akril, temperu i druge tehnike.","og_url":"https:\/\/www.sugarfactory.hr\/en\/product-2\/art-program\/etude-set-od-10-hobby-kistova\/","og_site_name":"Sugar Factory","article_modified_time":"2026-03-12T13:26:26+00:00","og_image":[{"width":896,"height":1120,"url":"https:\/\/www.sugarfactory.hr\/wp-content\/uploads\/2025\/08\/1f92de1ee338497fba4242eba85e68c7.webp","type":"image\/webp"}],"twitter_card":"summary_large_image","schema":{"@context":"https:\/\/schema.org","@graph":[{"@type":"WebPage","@id":"https:\/\/www.sugarfactory.hr\/proizvod\/umjetnicki-program\/etude-set-od-10-hobby-kistova\/","url":"https:\/\/www.sugarfactory.hr\/proizvod\/umjetnicki-program\/etude-set-od-10-hobby-kistova\/","name":"Etude set od 10 hobby kistova - Sugar Factory","isPartOf":{"@id":"https:\/\/www.sugarfactory.hr\/#website"},"primaryImageOfPage":{"@id":"https:\/\/www.sugarfactory.hr\/proizvod\/umjetnicki-program\/etude-set-od-10-hobby-kistova\/#primaryimage"},"image":{"@id":"https:\/\/www.sugarfactory.hr\/proizvod\/umjetnicki-program\/etude-set-od-10-hobby-kistova\/#primaryimage"},"thumbnailUrl":"https:\/\/www.sugarfactory.hr\/wp-content\/uploads\/2025\/08\/1f92de1ee338497fba4242eba85e68c7.webp","datePublished":"2025-08-13T06:20:50+00:00","dateModified":"2026-03-12T13:26:26+00:00","breadcrumb":{"@id":"https:\/\/www.sugarfactory.hr\/proizvod\/umjetnicki-program\/etude-set-od-10-hobby-kistova\/#breadcrumb"},"inLanguage":"en-US","potentialAction":[{"@type":"ReadAction","target":["https:\/\/www.sugarfactory.hr\/proizvod\/umjetnicki-program\/etude-set-od-10-hobby-kistova\/"]}]},{"@type":"ImageObject","inLanguage":"en-US","@id":"https:\/\/www.sugarfactory.hr\/proizvod\/umjetnicki-program\/etude-set-od-10-hobby-kistova\/#primaryimage","url":"https:\/\/www.sugarfactory.hr\/wp-content\/uploads\/2025\/08\/1f92de1ee338497fba4242eba85e68c7.webp","contentUrl":"https:\/\/www.sugarfactory.hr\/wp-content\/uploads\/2025\/08\/1f92de1ee338497fba4242eba85e68c7.webp","width":896,"height":1120},{"@type":"BreadcrumbList","@id":"https:\/\/www.sugarfactory.hr\/proizvod\/umjetnicki-program\/etude-set-od-10-hobby-kistova\/#breadcrumb","itemListElement":[{"@type":"ListItem","position":1,"name":"Po\u010detna stranica","item":"https:\/\/www.sugarfactory.hr\/"},{"@type":"ListItem","position":2,"name":"Proizvodi","item":"https:\/\/www.sugarfactory.hr\/shop\/"},{"@type":"ListItem","position":3,"name":"Etude set od 10 hobby kistova"}]},{"@type":"WebSite","@id":"https:\/\/www.sugarfactory.hr\/#website","url":"https:\/\/www.sugarfactory.hr\/","name":"Sugar Factory","description":"Create your sweetest pieces!","potentialAction":[{"@type":"SearchAction","target":{"@type":"EntryPoint","urlTemplate":"https:\/\/www.sugarfactory.hr\/?s={search_term_string}"},"query-input":{"@type":"PropertyValueSpecification","valueRequired":true,"valueName":"search_term_string"}}],"inLanguage":"en-US"}]}},"_links":{"self":[{"href":"https:\/\/www.sugarfactory.hr\/en\/wp-json\/wp\/v2\/product\/11500","targetHints":{"allow":["GET"]}}],"collection":[{"href":"https:\/\/www.sugarfactory.hr\/en\/wp-json\/wp\/v2\/product"}],"about":[{"href":"https:\/\/www.sugarfactory.hr\/en\/wp-json\/wp\/v2\/types\/product"}],"wp:featuredmedia":[{"embeddable":true,"href":"https:\/\/www.sugarfactory.hr\/en\/wp-json\/wp\/v2\/media\/12976"}],"wp:attachment":[{"href":"https:\/\/www.sugarfactory.hr\/en\/wp-json\/wp\/v2\/media?parent=11500"}],"wp:term":[{"taxonomy":"product_brand","embeddable":true,"href":"https:\/\/www.sugarfactory.hr\/en\/wp-json\/wp\/v2\/product_brand?post=11500"},{"taxonomy":"product_cat","embeddable":true,"href":"https:\/\/www.sugarfactory.hr\/en\/wp-json\/wp\/v2\/product_cat?post=11500"},{"taxonomy":"product_tag","embeddable":true,"href":"https:\/\/www.sugarfactory.hr\/en\/wp-json\/wp\/v2\/product_tag?post=11500"}],"curies":[{"name":"wp","href":"https:\/\/api.w.org\/{rel}","templated":true}]}}