{"id":11538,"date":"2025-08-13T08:51:48","date_gmt":"2025-08-13T07:51:48","guid":{"rendered":"https:\/\/www.sugarfactory.hr\/?post_type=product&#038;p=11538"},"modified":"2026-04-17T12:53:15","modified_gmt":"2026-04-17T11:53:15","slug":"academy-brush-640","status":"publish","type":"product","link":"https:\/\/www.sugarfactory.hr\/en\/product-2\/art-program\/academy-brush-640\/","title":{"rendered":"Academy brush 640"},"content":{"rendered":"<p data-start=\"0\" data-end=\"130\"><strong data-start=\"0\" data-end=\"20\">Academy brush 640<\/strong> is <strong data-start=\"24\" data-end=\"50\" data-is-only-node=\"\">thicker bristle brush<\/strong> available in <strong data-start=\"62\" data-end=\"95\">widths 30 mm, 40 mm and 50 mm<\/strong> with <strong data-start=\"98\" data-end=\"127\">with a black handle, 18 cm long<\/strong>.<\/p>\n<p data-start=\"132\" data-end=\"335\" data-is-last-node=\"\" data-is-only-node=\"\">It is ideal for <strong data-start=\"146\" data-end=\"209\">fast covering of larger surfaces, application of paint and broad strokes<\/strong>. It is suitable for <strong data-start=\"227\" data-end=\"256\">oil and acrylic painting<\/strong>, providing <strong data-start=\"268\" data-end=\"334\">versatility and control when working on medium and large canvases<\/strong>.<\/p>","protected":false},"excerpt":{"rendered":"<p>The Academy 640 brush is a thicker bristle brush available in 30mm, 40mm and 50mm widths with a 18cm black handle. It is ideal for quickly covering larger areas, applying paint and making broad strokes. It is suitable for oil and acrylic painting, providing versatility and control when working on medium to large canvases.<\/p>","protected":false},"featured_media":12962,"template":"","meta":{"_acf_changed":false},"product_brand":[113],"product_cat":[45,68],"product_tag":[],"class_list":{"0":"post-11538","1":"product","2":"type-product","3":"status-publish","4":"has-post-thumbnail","6":"product_brand-academy","7":"product_cat-umjetnicki-program","8":"product_cat-kistovi","10":"first","11":"instock","12":"shipping-taxable","13":"purchasable","14":"product-type-variable"},"acf":[],"yoast_head":"<!-- This site is optimized with the Yoast SEO plugin v26.3 - https:\/\/yoast.com\/wordpress\/plugins\/seo\/ -->\n<title>Academy kist 640 - Sugar Factory<\/title>\n<meta name=\"robots\" content=\"index, follow, max-snippet:-1, max-image-preview:large, max-video-preview:-1\" \/>\n<link rel=\"canonical\" href=\"https:\/\/www.sugarfactory.hr\/en\/product-2\/art-program\/academy-brush-640\/\" \/>\n<meta property=\"og:locale\" content=\"en_US\" \/>\n<meta property=\"og:type\" content=\"article\" \/>\n<meta property=\"og:title\" content=\"Academy kist 640 - Sugar Factory\" \/>\n<meta property=\"og:description\" content=\"Academy kist 640 je deblji kist od \u010dekinje dostupan u \u0161irinama 30 mm, 40 mm i 50 mm s crnom dr\u0161kom du\u017eine 18 cm. Idealna je za brzo prekrivanje ve\u0107ih povr\u0161ina, nanos boje i \u0161iroke poteze. Pogodan je za uljano i akrilno slikanje, pru\u017eaju\u0107i svestranost i kontrolu pri radu na srednjim i velikim platnima.\" \/>\n<meta property=\"og:url\" content=\"https:\/\/www.sugarfactory.hr\/en\/product-2\/art-program\/academy-brush-640\/\" \/>\n<meta property=\"og:site_name\" content=\"Sugar Factory\" \/>\n<meta property=\"article:modified_time\" content=\"2026-04-17T11:53:15+00:00\" \/>\n<meta property=\"og:image\" content=\"https:\/\/www.sugarfactory.hr\/wp-content\/uploads\/2025\/08\/5debb34598d4421abfcfbd18c5e0f318.webp\" \/>\n\t<meta property=\"og:image:width\" content=\"896\" \/>\n\t<meta property=\"og:image:height\" content=\"1120\" \/>\n\t<meta property=\"og:image:type\" content=\"image\/webp\" \/>\n<meta name=\"twitter:card\" content=\"summary_large_image\" \/>\n<script type=\"application\/ld+json\" class=\"yoast-schema-graph\">{\"@context\":\"https:\/\/schema.org\",\"@graph\":[{\"@type\":\"WebPage\",\"@id\":\"https:\/\/www.sugarfactory.hr\/proizvod\/umjetnicki-program\/academy-kist-640\/\",\"url\":\"https:\/\/www.sugarfactory.hr\/proizvod\/umjetnicki-program\/academy-kist-640\/\",\"name\":\"Academy kist 640 - Sugar Factory\",\"isPartOf\":{\"@id\":\"https:\/\/www.sugarfactory.hr\/#website\"},\"primaryImageOfPage\":{\"@id\":\"https:\/\/www.sugarfactory.hr\/proizvod\/umjetnicki-program\/academy-kist-640\/#primaryimage\"},\"image\":{\"@id\":\"https:\/\/www.sugarfactory.hr\/proizvod\/umjetnicki-program\/academy-kist-640\/#primaryimage\"},\"thumbnailUrl\":\"https:\/\/www.sugarfactory.hr\/wp-content\/uploads\/2025\/08\/5debb34598d4421abfcfbd18c5e0f318.webp\",\"datePublished\":\"2025-08-13T07:51:48+00:00\",\"dateModified\":\"2026-04-17T11:53:15+00:00\",\"breadcrumb\":{\"@id\":\"https:\/\/www.sugarfactory.hr\/proizvod\/umjetnicki-program\/academy-kist-640\/#breadcrumb\"},\"inLanguage\":\"en-US\",\"potentialAction\":[{\"@type\":\"ReadAction\",\"target\":[\"https:\/\/www.sugarfactory.hr\/proizvod\/umjetnicki-program\/academy-kist-640\/\"]}]},{\"@type\":\"ImageObject\",\"inLanguage\":\"en-US\",\"@id\":\"https:\/\/www.sugarfactory.hr\/proizvod\/umjetnicki-program\/academy-kist-640\/#primaryimage\",\"url\":\"https:\/\/www.sugarfactory.hr\/wp-content\/uploads\/2025\/08\/5debb34598d4421abfcfbd18c5e0f318.webp\",\"contentUrl\":\"https:\/\/www.sugarfactory.hr\/wp-content\/uploads\/2025\/08\/5debb34598d4421abfcfbd18c5e0f318.webp\",\"width\":896,\"height\":1120},{\"@type\":\"BreadcrumbList\",\"@id\":\"https:\/\/www.sugarfactory.hr\/proizvod\/umjetnicki-program\/academy-kist-640\/#breadcrumb\",\"itemListElement\":[{\"@type\":\"ListItem\",\"position\":1,\"name\":\"Po\u010detna stranica\",\"item\":\"https:\/\/www.sugarfactory.hr\/\"},{\"@type\":\"ListItem\",\"position\":2,\"name\":\"Proizvodi\",\"item\":\"https:\/\/www.sugarfactory.hr\/shop\/\"},{\"@type\":\"ListItem\",\"position\":3,\"name\":\"Academy kist 640\"}]},{\"@type\":\"WebSite\",\"@id\":\"https:\/\/www.sugarfactory.hr\/#website\",\"url\":\"https:\/\/www.sugarfactory.hr\/\",\"name\":\"Sugar Factory\",\"description\":\"Create your sweetest pieces!\",\"potentialAction\":[{\"@type\":\"SearchAction\",\"target\":{\"@type\":\"EntryPoint\",\"urlTemplate\":\"https:\/\/www.sugarfactory.hr\/?s={search_term_string}\"},\"query-input\":{\"@type\":\"PropertyValueSpecification\",\"valueRequired\":true,\"valueName\":\"search_term_string\"}}],\"inLanguage\":\"en-US\"}]}<\/script>\n<!-- \/ Yoast SEO plugin. -->","yoast_head_json":{"title":"Academy brush 640 - Sugar Factory","robots":{"index":"index","follow":"follow","max-snippet":"max-snippet:-1","max-image-preview":"max-image-preview:large","max-video-preview":"max-video-preview:-1"},"canonical":"https:\/\/www.sugarfactory.hr\/en\/product-2\/art-program\/academy-brush-640\/","og_locale":"en_US","og_type":"article","og_title":"Academy kist 640 - Sugar Factory","og_description":"Academy kist 640 je deblji kist od \u010dekinje dostupan u \u0161irinama 30 mm, 40 mm i 50 mm s crnom dr\u0161kom du\u017eine 18 cm. Idealna je za brzo prekrivanje ve\u0107ih povr\u0161ina, nanos boje i \u0161iroke poteze. Pogodan je za uljano i akrilno slikanje, pru\u017eaju\u0107i svestranost i kontrolu pri radu na srednjim i velikim platnima.","og_url":"https:\/\/www.sugarfactory.hr\/en\/product-2\/art-program\/academy-brush-640\/","og_site_name":"Sugar Factory","article_modified_time":"2026-04-17T11:53:15+00:00","og_image":[{"width":896,"height":1120,"url":"https:\/\/www.sugarfactory.hr\/wp-content\/uploads\/2025\/08\/5debb34598d4421abfcfbd18c5e0f318.webp","type":"image\/webp"}],"twitter_card":"summary_large_image","schema":{"@context":"https:\/\/schema.org","@graph":[{"@type":"WebPage","@id":"https:\/\/www.sugarfactory.hr\/proizvod\/umjetnicki-program\/academy-kist-640\/","url":"https:\/\/www.sugarfactory.hr\/proizvod\/umjetnicki-program\/academy-kist-640\/","name":"Academy brush 640 - Sugar Factory","isPartOf":{"@id":"https:\/\/www.sugarfactory.hr\/#website"},"primaryImageOfPage":{"@id":"https:\/\/www.sugarfactory.hr\/proizvod\/umjetnicki-program\/academy-kist-640\/#primaryimage"},"image":{"@id":"https:\/\/www.sugarfactory.hr\/proizvod\/umjetnicki-program\/academy-kist-640\/#primaryimage"},"thumbnailUrl":"https:\/\/www.sugarfactory.hr\/wp-content\/uploads\/2025\/08\/5debb34598d4421abfcfbd18c5e0f318.webp","datePublished":"2025-08-13T07:51:48+00:00","dateModified":"2026-04-17T11:53:15+00:00","breadcrumb":{"@id":"https:\/\/www.sugarfactory.hr\/proizvod\/umjetnicki-program\/academy-kist-640\/#breadcrumb"},"inLanguage":"en-US","potentialAction":[{"@type":"ReadAction","target":["https:\/\/www.sugarfactory.hr\/proizvod\/umjetnicki-program\/academy-kist-640\/"]}]},{"@type":"ImageObject","inLanguage":"en-US","@id":"https:\/\/www.sugarfactory.hr\/proizvod\/umjetnicki-program\/academy-kist-640\/#primaryimage","url":"https:\/\/www.sugarfactory.hr\/wp-content\/uploads\/2025\/08\/5debb34598d4421abfcfbd18c5e0f318.webp","contentUrl":"https:\/\/www.sugarfactory.hr\/wp-content\/uploads\/2025\/08\/5debb34598d4421abfcfbd18c5e0f318.webp","width":896,"height":1120},{"@type":"BreadcrumbList","@id":"https:\/\/www.sugarfactory.hr\/proizvod\/umjetnicki-program\/academy-kist-640\/#breadcrumb","itemListElement":[{"@type":"ListItem","position":1,"name":"Po\u010detna stranica","item":"https:\/\/www.sugarfactory.hr\/"},{"@type":"ListItem","position":2,"name":"Proizvodi","item":"https:\/\/www.sugarfactory.hr\/shop\/"},{"@type":"ListItem","position":3,"name":"Academy kist 640"}]},{"@type":"WebSite","@id":"https:\/\/www.sugarfactory.hr\/#website","url":"https:\/\/www.sugarfactory.hr\/","name":"Sugar Factory","description":"Create your sweetest pieces!","potentialAction":[{"@type":"SearchAction","target":{"@type":"EntryPoint","urlTemplate":"https:\/\/www.sugarfactory.hr\/?s={search_term_string}"},"query-input":{"@type":"PropertyValueSpecification","valueRequired":true,"valueName":"search_term_string"}}],"inLanguage":"en-US"}]}},"_links":{"self":[{"href":"https:\/\/www.sugarfactory.hr\/en\/wp-json\/wp\/v2\/product\/11538","targetHints":{"allow":["GET"]}}],"collection":[{"href":"https:\/\/www.sugarfactory.hr\/en\/wp-json\/wp\/v2\/product"}],"about":[{"href":"https:\/\/www.sugarfactory.hr\/en\/wp-json\/wp\/v2\/types\/product"}],"wp:featuredmedia":[{"embeddable":true,"href":"https:\/\/www.sugarfactory.hr\/en\/wp-json\/wp\/v2\/media\/12962"}],"wp:attachment":[{"href":"https:\/\/www.sugarfactory.hr\/en\/wp-json\/wp\/v2\/media?parent=11538"}],"wp:term":[{"taxonomy":"product_brand","embeddable":true,"href":"https:\/\/www.sugarfactory.hr\/en\/wp-json\/wp\/v2\/product_brand?post=11538"},{"taxonomy":"product_cat","embeddable":true,"href":"https:\/\/www.sugarfactory.hr\/en\/wp-json\/wp\/v2\/product_cat?post=11538"},{"taxonomy":"product_tag","embeddable":true,"href":"https:\/\/www.sugarfactory.hr\/en\/wp-json\/wp\/v2\/product_tag?post=11538"}],"curies":[{"name":"wp","href":"https:\/\/api.w.org\/{rel}","templated":true}]}}