{"id":11613,"date":"2025-08-13T13:19:00","date_gmt":"2025-08-13T12:19:00","guid":{"rendered":"https:\/\/www.sugarfactory.hr\/?post_type=product&#038;p=11613"},"modified":"2026-03-03T13:29:26","modified_gmt":"2026-03-03T12:29:26","slug":"xl-aquarelle","status":"publish","type":"product","link":"https:\/\/www.sugarfactory.hr\/en\/product-2\/art-program\/xl-aquarelle\/","title":{"rendered":"XL Aquarelle"},"content":{"rendered":"<p data-start=\"0\" data-end=\"136\"><strong data-start=\"0\" data-end=\"23\">Canson XL Aquarelle<\/strong> blok izra\u0111en je od <strong data-start=\"43\" data-end=\"92\">kvalitetnog akvarelnog papira te\u017eine 300 g\/m\u00b2<\/strong>, idealnog za <strong data-start=\"106\" data-end=\"133\" data-is-only-node=\"\">akvarel, gva\u0161 i temperu<\/strong>.<\/p>\n<p data-start=\"138\" data-end=\"396\">Papir ima <strong data-start=\"148\" data-end=\"161\">fino zrno<\/strong> koje omogu\u0107uje dobro upijanje boje i lako mije\u0161anje tonova. Zahvaljuju\u0107i <strong data-start=\"235\" data-end=\"278\">otpornosti na vi\u0161estruko nano\u0161enje vode<\/strong>, savr\u0161en je za studente i umjetnike koji \u017eele eksperimentirati s tehnikama mokro-na-mokro ili slojevitim slikanjem.<\/p>\n<p data-start=\"398\" data-end=\"480\" data-is-last-node=\"\" data-is-only-node=\"\">Dostupan u razli\u010ditim formatima sa <strong data-start=\"433\" data-end=\"453\">spiralnim uvezom<\/strong> za jednostavno kori\u0161tenje.<\/p>","protected":false},"excerpt":{"rendered":"<p>Canson XL Aquarelle blok izra\u0111en je od kvalitetnog akvarelnog papira te\u017eine 300 g\/m\u00b2, idealnog za akvarel, gva\u0161 i temperu. Papir ima fino zrno koje omogu\u0107uje dobro upijanje boje i lako mije\u0161anje tonova. Zahvaljuju\u0107i otpornosti na vi\u0161estruko nano\u0161enje vode, savr\u0161en je za studente i umjetnike koji \u017eele eksperimentirati s tehnikama mokro-na-mokro ili slojevitim slikanjem. Dostupan u [&hellip;]<\/p>","protected":false},"featured_media":12729,"template":"","meta":{"_acf_changed":false},"product_brand":[117],"product_cat":[45,61],"product_tag":[],"class_list":{"0":"post-11613","1":"product","2":"type-product","3":"status-publish","4":"has-post-thumbnail","6":"product_brand-canson","7":"product_cat-umjetnicki-program","8":"product_cat-papiri-i-blokovi","10":"first","11":"outofstock","12":"shipping-taxable","13":"purchasable","14":"product-type-variable"},"acf":[],"yoast_head":"<!-- This site is optimized with the Yoast SEO plugin v26.3 - https:\/\/yoast.com\/wordpress\/plugins\/seo\/ -->\n<title>XL Aquarelle - Sugar Factory<\/title>\n<meta name=\"robots\" content=\"index, follow, max-snippet:-1, max-image-preview:large, max-video-preview:-1\" \/>\n<link rel=\"canonical\" href=\"https:\/\/www.sugarfactory.hr\/en\/product-2\/art-program\/xl-aquarelle\/\" \/>\n<meta property=\"og:locale\" content=\"en_US\" \/>\n<meta property=\"og:type\" content=\"article\" \/>\n<meta property=\"og:title\" content=\"XL Aquarelle - Sugar Factory\" \/>\n<meta property=\"og:description\" content=\"Canson XL Aquarelle blok izra\u0111en je od kvalitetnog akvarelnog papira te\u017eine 300 g\/m\u00b2, idealnog za akvarel, gva\u0161 i temperu. Papir ima fino zrno koje omogu\u0107uje dobro upijanje boje i lako mije\u0161anje tonova. Zahvaljuju\u0107i otpornosti na vi\u0161estruko nano\u0161enje vode, savr\u0161en je za studente i umjetnike koji \u017eele eksperimentirati s tehnikama mokro-na-mokro ili slojevitim slikanjem. Dostupan u [&hellip;]\" \/>\n<meta property=\"og:url\" content=\"https:\/\/www.sugarfactory.hr\/en\/product-2\/art-program\/xl-aquarelle\/\" \/>\n<meta property=\"og:site_name\" content=\"Sugar Factory\" \/>\n<meta property=\"article:modified_time\" content=\"2026-03-03T12:29:26+00:00\" \/>\n<meta property=\"og:image\" content=\"https:\/\/www.sugarfactory.hr\/wp-content\/uploads\/2025\/08\/4008024a6fcd4012abbff401cb5a12b1.webp\" \/>\n\t<meta property=\"og:image:width\" content=\"896\" \/>\n\t<meta property=\"og:image:height\" content=\"1120\" \/>\n\t<meta property=\"og:image:type\" content=\"image\/webp\" \/>\n<meta name=\"twitter:card\" content=\"summary_large_image\" \/>\n<script type=\"application\/ld+json\" class=\"yoast-schema-graph\">{\"@context\":\"https:\/\/schema.org\",\"@graph\":[{\"@type\":\"WebPage\",\"@id\":\"https:\/\/www.sugarfactory.hr\/proizvod\/umjetnicki-program\/xl-aquarelle\/\",\"url\":\"https:\/\/www.sugarfactory.hr\/proizvod\/umjetnicki-program\/xl-aquarelle\/\",\"name\":\"XL Aquarelle - Sugar Factory\",\"isPartOf\":{\"@id\":\"https:\/\/www.sugarfactory.hr\/#website\"},\"primaryImageOfPage\":{\"@id\":\"https:\/\/www.sugarfactory.hr\/proizvod\/umjetnicki-program\/xl-aquarelle\/#primaryimage\"},\"image\":{\"@id\":\"https:\/\/www.sugarfactory.hr\/proizvod\/umjetnicki-program\/xl-aquarelle\/#primaryimage\"},\"thumbnailUrl\":\"https:\/\/www.sugarfactory.hr\/wp-content\/uploads\/2025\/08\/4008024a6fcd4012abbff401cb5a12b1.webp\",\"datePublished\":\"2025-08-13T12:19:00+00:00\",\"dateModified\":\"2026-03-03T12:29:26+00:00\",\"breadcrumb\":{\"@id\":\"https:\/\/www.sugarfactory.hr\/proizvod\/umjetnicki-program\/xl-aquarelle\/#breadcrumb\"},\"inLanguage\":\"en-US\",\"potentialAction\":[{\"@type\":\"ReadAction\",\"target\":[\"https:\/\/www.sugarfactory.hr\/proizvod\/umjetnicki-program\/xl-aquarelle\/\"]}]},{\"@type\":\"ImageObject\",\"inLanguage\":\"en-US\",\"@id\":\"https:\/\/www.sugarfactory.hr\/proizvod\/umjetnicki-program\/xl-aquarelle\/#primaryimage\",\"url\":\"https:\/\/www.sugarfactory.hr\/wp-content\/uploads\/2025\/08\/4008024a6fcd4012abbff401cb5a12b1.webp\",\"contentUrl\":\"https:\/\/www.sugarfactory.hr\/wp-content\/uploads\/2025\/08\/4008024a6fcd4012abbff401cb5a12b1.webp\",\"width\":896,\"height\":1120},{\"@type\":\"BreadcrumbList\",\"@id\":\"https:\/\/www.sugarfactory.hr\/proizvod\/umjetnicki-program\/xl-aquarelle\/#breadcrumb\",\"itemListElement\":[{\"@type\":\"ListItem\",\"position\":1,\"name\":\"Po\u010detna stranica\",\"item\":\"https:\/\/www.sugarfactory.hr\/\"},{\"@type\":\"ListItem\",\"position\":2,\"name\":\"Proizvodi\",\"item\":\"https:\/\/www.sugarfactory.hr\/shop\/\"},{\"@type\":\"ListItem\",\"position\":3,\"name\":\"XL Aquarelle\"}]},{\"@type\":\"WebSite\",\"@id\":\"https:\/\/www.sugarfactory.hr\/#website\",\"url\":\"https:\/\/www.sugarfactory.hr\/\",\"name\":\"Sugar Factory\",\"description\":\"Create your sweetest pieces!\",\"potentialAction\":[{\"@type\":\"SearchAction\",\"target\":{\"@type\":\"EntryPoint\",\"urlTemplate\":\"https:\/\/www.sugarfactory.hr\/?s={search_term_string}\"},\"query-input\":{\"@type\":\"PropertyValueSpecification\",\"valueRequired\":true,\"valueName\":\"search_term_string\"}}],\"inLanguage\":\"en-US\"}]}<\/script>\n<!-- \/ Yoast SEO plugin. -->","yoast_head_json":{"title":"XL Aquarelle - Sugar Factory","robots":{"index":"index","follow":"follow","max-snippet":"max-snippet:-1","max-image-preview":"max-image-preview:large","max-video-preview":"max-video-preview:-1"},"canonical":"https:\/\/www.sugarfactory.hr\/en\/product-2\/art-program\/xl-aquarelle\/","og_locale":"en_US","og_type":"article","og_title":"XL Aquarelle - Sugar Factory","og_description":"Canson XL Aquarelle blok izra\u0111en je od kvalitetnog akvarelnog papira te\u017eine 300 g\/m\u00b2, idealnog za akvarel, gva\u0161 i temperu. Papir ima fino zrno koje omogu\u0107uje dobro upijanje boje i lako mije\u0161anje tonova. Zahvaljuju\u0107i otpornosti na vi\u0161estruko nano\u0161enje vode, savr\u0161en je za studente i umjetnike koji \u017eele eksperimentirati s tehnikama mokro-na-mokro ili slojevitim slikanjem. Dostupan u [&hellip;]","og_url":"https:\/\/www.sugarfactory.hr\/en\/product-2\/art-program\/xl-aquarelle\/","og_site_name":"Sugar Factory","article_modified_time":"2026-03-03T12:29:26+00:00","og_image":[{"width":896,"height":1120,"url":"https:\/\/www.sugarfactory.hr\/wp-content\/uploads\/2025\/08\/4008024a6fcd4012abbff401cb5a12b1.webp","type":"image\/webp"}],"twitter_card":"summary_large_image","schema":{"@context":"https:\/\/schema.org","@graph":[{"@type":"WebPage","@id":"https:\/\/www.sugarfactory.hr\/proizvod\/umjetnicki-program\/xl-aquarelle\/","url":"https:\/\/www.sugarfactory.hr\/proizvod\/umjetnicki-program\/xl-aquarelle\/","name":"XL Aquarelle - Sugar Factory","isPartOf":{"@id":"https:\/\/www.sugarfactory.hr\/#website"},"primaryImageOfPage":{"@id":"https:\/\/www.sugarfactory.hr\/proizvod\/umjetnicki-program\/xl-aquarelle\/#primaryimage"},"image":{"@id":"https:\/\/www.sugarfactory.hr\/proizvod\/umjetnicki-program\/xl-aquarelle\/#primaryimage"},"thumbnailUrl":"https:\/\/www.sugarfactory.hr\/wp-content\/uploads\/2025\/08\/4008024a6fcd4012abbff401cb5a12b1.webp","datePublished":"2025-08-13T12:19:00+00:00","dateModified":"2026-03-03T12:29:26+00:00","breadcrumb":{"@id":"https:\/\/www.sugarfactory.hr\/proizvod\/umjetnicki-program\/xl-aquarelle\/#breadcrumb"},"inLanguage":"en-US","potentialAction":[{"@type":"ReadAction","target":["https:\/\/www.sugarfactory.hr\/proizvod\/umjetnicki-program\/xl-aquarelle\/"]}]},{"@type":"ImageObject","inLanguage":"en-US","@id":"https:\/\/www.sugarfactory.hr\/proizvod\/umjetnicki-program\/xl-aquarelle\/#primaryimage","url":"https:\/\/www.sugarfactory.hr\/wp-content\/uploads\/2025\/08\/4008024a6fcd4012abbff401cb5a12b1.webp","contentUrl":"https:\/\/www.sugarfactory.hr\/wp-content\/uploads\/2025\/08\/4008024a6fcd4012abbff401cb5a12b1.webp","width":896,"height":1120},{"@type":"BreadcrumbList","@id":"https:\/\/www.sugarfactory.hr\/proizvod\/umjetnicki-program\/xl-aquarelle\/#breadcrumb","itemListElement":[{"@type":"ListItem","position":1,"name":"Po\u010detna stranica","item":"https:\/\/www.sugarfactory.hr\/"},{"@type":"ListItem","position":2,"name":"Proizvodi","item":"https:\/\/www.sugarfactory.hr\/shop\/"},{"@type":"ListItem","position":3,"name":"XL Aquarelle"}]},{"@type":"WebSite","@id":"https:\/\/www.sugarfactory.hr\/#website","url":"https:\/\/www.sugarfactory.hr\/","name":"Sugar Factory","description":"Create your sweetest pieces!","potentialAction":[{"@type":"SearchAction","target":{"@type":"EntryPoint","urlTemplate":"https:\/\/www.sugarfactory.hr\/?s={search_term_string}"},"query-input":{"@type":"PropertyValueSpecification","valueRequired":true,"valueName":"search_term_string"}}],"inLanguage":"en-US"}]}},"_links":{"self":[{"href":"https:\/\/www.sugarfactory.hr\/en\/wp-json\/wp\/v2\/product\/11613","targetHints":{"allow":["GET"]}}],"collection":[{"href":"https:\/\/www.sugarfactory.hr\/en\/wp-json\/wp\/v2\/product"}],"about":[{"href":"https:\/\/www.sugarfactory.hr\/en\/wp-json\/wp\/v2\/types\/product"}],"wp:featuredmedia":[{"embeddable":true,"href":"https:\/\/www.sugarfactory.hr\/en\/wp-json\/wp\/v2\/media\/12729"}],"wp:attachment":[{"href":"https:\/\/www.sugarfactory.hr\/en\/wp-json\/wp\/v2\/media?parent=11613"}],"wp:term":[{"taxonomy":"product_brand","embeddable":true,"href":"https:\/\/www.sugarfactory.hr\/en\/wp-json\/wp\/v2\/product_brand?post=11613"},{"taxonomy":"product_cat","embeddable":true,"href":"https:\/\/www.sugarfactory.hr\/en\/wp-json\/wp\/v2\/product_cat?post=11613"},{"taxonomy":"product_tag","embeddable":true,"href":"https:\/\/www.sugarfactory.hr\/en\/wp-json\/wp\/v2\/product_tag?post=11613"}],"curies":[{"name":"wp","href":"https:\/\/api.w.org\/{rel}","templated":true}]}}