{"id":11856,"date":"2025-08-19T10:32:51","date_gmt":"2025-08-19T09:32:51","guid":{"rendered":"https:\/\/www.sugarfactory.hr\/?post_type=product&#038;p=11856"},"modified":"2026-01-16T08:17:45","modified_gmt":"2026-01-16T07:17:45","slug":"montana-towel-packable-150x75-cm","status":"publish","type":"product","link":"https:\/\/www.sugarfactory.hr\/en\/product-2\/accessories\/montana-towel-packable-150x75-cm\/","title":{"rendered":"Montana Towel Packable 150x75 cm"},"content":{"rendered":"<p data-start=\"0\" data-end=\"285\"><strong data-start=\"0\" data-end=\"31\">Funkcionalnost susre\u0107e stil<\/strong> uz <strong data-start=\"35\" data-end=\"98\">Montana sklopivi mikrovlakneni ru\u010dnik za pla\u017eu \u2013 Spray Foot<\/strong>, koji je dizajnirao <strong data-start=\"119\" data-end=\"132\" data-is-only-node=\"\">Max Solca<\/strong>. Ovaj <strong data-start=\"139\" data-end=\"168\">kompaktni i lagani ru\u010dnik<\/strong> savr\u0161en je suputnik za svako putovanje, bilo da ide\u0161 na <strong data-start=\"225\" data-end=\"241\">pla\u017eu, izlet<\/strong> ili <strong data-start=\"246\" data-end=\"282\">umjetni\u010dku avanturu na otvorenom<\/strong>.<\/p>\n<p data-start=\"287\" data-end=\"666\">Izra\u0111en od <strong data-start=\"298\" data-end=\"324\">brzo su\u0161e\u0107e mikrofibre<\/strong> (160 g\/m\u00b2, <strong data-start=\"336\" data-end=\"352\">12% poliamid<\/strong> and <strong data-start=\"355\" data-end=\"372\">88% poliester<\/strong>), nudi <strong data-start=\"380\" data-end=\"409\">maksimalnu funkcionalnost<\/strong> uz <strong data-start=\"413\" data-end=\"449\">minimalnu zapreminu za pakiranje<\/strong>.<br data-start=\"450\" data-end=\"453\" \/>WITH <strong data-start=\"455\" data-end=\"482\">dimenzijama 150 x 75 cm<\/strong>, dolazi u <strong data-start=\"493\" data-end=\"533\">mre\u017eastoj torbici veli\u010dine 20 x 8 cm<\/strong>, \u0161to ga \u010dini <strong data-start=\"547\" data-end=\"580\">iznimno prakti\u010dnim za no\u0161enje<\/strong>. <strong data-start=\"582\" data-end=\"602\">Elasti\u010dna petlja<\/strong> omogu\u0107uje jednostavno <strong data-start=\"625\" data-end=\"653\">pri\u010dvr\u0161\u0107ivanje i su\u0161enje<\/strong> u pokretu.<\/p>\n<p data-start=\"668\" data-end=\"936\" data-is-last-node=\"\" data-is-only-node=\"\">Dizajn krase <strong data-start=\"681\" data-end=\"697\">odva\u017ene boje<\/strong> na prednjoj strani (Pantone 296c, 7693c, 7690c, 2190c), dok je stra\u017enja strana u <strong data-start=\"779\" data-end=\"816\">jednobojnoj nijansi Pantone 7690C<\/strong>.<br data-start=\"817\" data-end=\"820\" \/><strong data-start=\"820\" data-end=\"842\">Montana Spray Foot<\/strong> spaja <strong data-start=\"849\" data-end=\"889\">moderni dizajn, prakti\u010dnost i lako\u0107u<\/strong> \u2013 idealan izbor za svakog kreativca u pokretu.<\/p>","protected":false},"excerpt":{"rendered":"<p>Funkcionalnost susre\u0107e stil uz Montana sklopivi mikrovlakneni ru\u010dnik za pla\u017eu \u2013 Spray Foot, koji je dizajnirao Max Solca. Ovaj kompaktni i lagani ru\u010dnik savr\u0161en je suputnik za svako putovanje, bilo da ide\u0161 na pla\u017eu, izlet ili umjetni\u010dku avanturu na otvorenom. Izra\u0111en od brzo su\u0161e\u0107e mikrofibre (160 g\/m\u00b2, 12% poliamid i 88% poliester), nudi maksimalnu funkcionalnost [&hellip;]<\/p>","protected":false},"featured_media":12544,"template":"","meta":{"_acf_changed":false},"product_brand":[105],"product_cat":[21,91],"product_tag":[],"class_list":{"0":"post-11856","1":"product","2":"type-product","3":"status-publish","4":"has-post-thumbnail","6":"product_brand-montana","7":"product_cat-accessories","8":"product_cat-ostalo","10":"first","11":"instock","12":"shipping-taxable","13":"purchasable","14":"product-type-simple"},"acf":[],"yoast_head":"<!-- This site is optimized with the Yoast SEO plugin v26.3 - https:\/\/yoast.com\/wordpress\/plugins\/seo\/ -->\n<title>Montana Towel Packable 150x75 cm - Sugar Factory<\/title>\n<meta name=\"robots\" content=\"index, follow, max-snippet:-1, max-image-preview:large, max-video-preview:-1\" \/>\n<link rel=\"canonical\" href=\"https:\/\/www.sugarfactory.hr\/en\/product-2\/accessories\/montana-towel-packable-150x75-cm\/\" \/>\n<meta property=\"og:locale\" content=\"en_US\" \/>\n<meta property=\"og:type\" content=\"article\" \/>\n<meta property=\"og:title\" content=\"Montana Towel Packable 150x75 cm - Sugar Factory\" \/>\n<meta property=\"og:description\" content=\"Funkcionalnost susre\u0107e stil uz Montana sklopivi mikrovlakneni ru\u010dnik za pla\u017eu \u2013 Spray Foot, koji je dizajnirao Max Solca. Ovaj kompaktni i lagani ru\u010dnik savr\u0161en je suputnik za svako putovanje, bilo da ide\u0161 na pla\u017eu, izlet ili umjetni\u010dku avanturu na otvorenom. Izra\u0111en od brzo su\u0161e\u0107e mikrofibre (160 g\/m\u00b2, 12% poliamid i 88% poliester), nudi maksimalnu funkcionalnost [&hellip;]\" \/>\n<meta property=\"og:url\" content=\"https:\/\/www.sugarfactory.hr\/en\/product-2\/accessories\/montana-towel-packable-150x75-cm\/\" \/>\n<meta property=\"og:site_name\" content=\"Sugar Factory\" \/>\n<meta property=\"article:modified_time\" content=\"2026-01-16T07:17:45+00:00\" \/>\n<meta property=\"og:image\" content=\"https:\/\/www.sugarfactory.hr\/wp-content\/uploads\/2025\/08\/Montana-Towel-Packable-150x75-cm-1.webp\" \/>\n\t<meta property=\"og:image:width\" content=\"896\" \/>\n\t<meta property=\"og:image:height\" content=\"1120\" \/>\n\t<meta property=\"og:image:type\" content=\"image\/webp\" \/>\n<meta name=\"twitter:card\" content=\"summary_large_image\" \/>\n<meta name=\"twitter:label1\" content=\"Est. reading time\" \/>\n\t<meta name=\"twitter:data1\" content=\"1 minute\" \/>\n<script type=\"application\/ld+json\" class=\"yoast-schema-graph\">{\"@context\":\"https:\/\/schema.org\",\"@graph\":[{\"@type\":\"WebPage\",\"@id\":\"https:\/\/www.sugarfactory.hr\/proizvod\/accessories\/montana-towel-packable-150x75-cm\/\",\"url\":\"https:\/\/www.sugarfactory.hr\/proizvod\/accessories\/montana-towel-packable-150x75-cm\/\",\"name\":\"Montana Towel Packable 150x75 cm - Sugar Factory\",\"isPartOf\":{\"@id\":\"https:\/\/www.sugarfactory.hr\/#website\"},\"primaryImageOfPage\":{\"@id\":\"https:\/\/www.sugarfactory.hr\/proizvod\/accessories\/montana-towel-packable-150x75-cm\/#primaryimage\"},\"image\":{\"@id\":\"https:\/\/www.sugarfactory.hr\/proizvod\/accessories\/montana-towel-packable-150x75-cm\/#primaryimage\"},\"thumbnailUrl\":\"https:\/\/www.sugarfactory.hr\/wp-content\/uploads\/2025\/08\/Montana-Towel-Packable-150x75-cm-1.webp\",\"datePublished\":\"2025-08-19T09:32:51+00:00\",\"dateModified\":\"2026-01-16T07:17:45+00:00\",\"breadcrumb\":{\"@id\":\"https:\/\/www.sugarfactory.hr\/proizvod\/accessories\/montana-towel-packable-150x75-cm\/#breadcrumb\"},\"inLanguage\":\"en-US\",\"potentialAction\":[{\"@type\":\"ReadAction\",\"target\":[\"https:\/\/www.sugarfactory.hr\/proizvod\/accessories\/montana-towel-packable-150x75-cm\/\"]}]},{\"@type\":\"ImageObject\",\"inLanguage\":\"en-US\",\"@id\":\"https:\/\/www.sugarfactory.hr\/proizvod\/accessories\/montana-towel-packable-150x75-cm\/#primaryimage\",\"url\":\"https:\/\/www.sugarfactory.hr\/wp-content\/uploads\/2025\/08\/Montana-Towel-Packable-150x75-cm-1.webp\",\"contentUrl\":\"https:\/\/www.sugarfactory.hr\/wp-content\/uploads\/2025\/08\/Montana-Towel-Packable-150x75-cm-1.webp\",\"width\":896,\"height\":1120},{\"@type\":\"BreadcrumbList\",\"@id\":\"https:\/\/www.sugarfactory.hr\/proizvod\/accessories\/montana-towel-packable-150x75-cm\/#breadcrumb\",\"itemListElement\":[{\"@type\":\"ListItem\",\"position\":1,\"name\":\"Po\u010detna stranica\",\"item\":\"https:\/\/www.sugarfactory.hr\/\"},{\"@type\":\"ListItem\",\"position\":2,\"name\":\"Proizvodi\",\"item\":\"https:\/\/www.sugarfactory.hr\/shop\/\"},{\"@type\":\"ListItem\",\"position\":3,\"name\":\"Montana Towel Packable 150x75 cm\"}]},{\"@type\":\"WebSite\",\"@id\":\"https:\/\/www.sugarfactory.hr\/#website\",\"url\":\"https:\/\/www.sugarfactory.hr\/\",\"name\":\"Sugar Factory\",\"description\":\"Create your sweetest pieces!\",\"potentialAction\":[{\"@type\":\"SearchAction\",\"target\":{\"@type\":\"EntryPoint\",\"urlTemplate\":\"https:\/\/www.sugarfactory.hr\/?s={search_term_string}\"},\"query-input\":{\"@type\":\"PropertyValueSpecification\",\"valueRequired\":true,\"valueName\":\"search_term_string\"}}],\"inLanguage\":\"en-US\"}]}<\/script>\n<!-- \/ Yoast SEO plugin. -->","yoast_head_json":{"title":"Montana Towel Packable 150x75 cm - Sugar Factory","robots":{"index":"index","follow":"follow","max-snippet":"max-snippet:-1","max-image-preview":"max-image-preview:large","max-video-preview":"max-video-preview:-1"},"canonical":"https:\/\/www.sugarfactory.hr\/en\/product-2\/accessories\/montana-towel-packable-150x75-cm\/","og_locale":"en_US","og_type":"article","og_title":"Montana Towel Packable 150x75 cm - Sugar Factory","og_description":"Funkcionalnost susre\u0107e stil uz Montana sklopivi mikrovlakneni ru\u010dnik za pla\u017eu \u2013 Spray Foot, koji je dizajnirao Max Solca. Ovaj kompaktni i lagani ru\u010dnik savr\u0161en je suputnik za svako putovanje, bilo da ide\u0161 na pla\u017eu, izlet ili umjetni\u010dku avanturu na otvorenom. Izra\u0111en od brzo su\u0161e\u0107e mikrofibre (160 g\/m\u00b2, 12% poliamid i 88% poliester), nudi maksimalnu funkcionalnost [&hellip;]","og_url":"https:\/\/www.sugarfactory.hr\/en\/product-2\/accessories\/montana-towel-packable-150x75-cm\/","og_site_name":"Sugar Factory","article_modified_time":"2026-01-16T07:17:45+00:00","og_image":[{"width":896,"height":1120,"url":"https:\/\/www.sugarfactory.hr\/wp-content\/uploads\/2025\/08\/Montana-Towel-Packable-150x75-cm-1.webp","type":"image\/webp"}],"twitter_card":"summary_large_image","twitter_misc":{"Est. reading time":"1 minute"},"schema":{"@context":"https:\/\/schema.org","@graph":[{"@type":"WebPage","@id":"https:\/\/www.sugarfactory.hr\/proizvod\/accessories\/montana-towel-packable-150x75-cm\/","url":"https:\/\/www.sugarfactory.hr\/proizvod\/accessories\/montana-towel-packable-150x75-cm\/","name":"Montana Towel Packable 150x75 cm - Sugar Factory","isPartOf":{"@id":"https:\/\/www.sugarfactory.hr\/#website"},"primaryImageOfPage":{"@id":"https:\/\/www.sugarfactory.hr\/proizvod\/accessories\/montana-towel-packable-150x75-cm\/#primaryimage"},"image":{"@id":"https:\/\/www.sugarfactory.hr\/proizvod\/accessories\/montana-towel-packable-150x75-cm\/#primaryimage"},"thumbnailUrl":"https:\/\/www.sugarfactory.hr\/wp-content\/uploads\/2025\/08\/Montana-Towel-Packable-150x75-cm-1.webp","datePublished":"2025-08-19T09:32:51+00:00","dateModified":"2026-01-16T07:17:45+00:00","breadcrumb":{"@id":"https:\/\/www.sugarfactory.hr\/proizvod\/accessories\/montana-towel-packable-150x75-cm\/#breadcrumb"},"inLanguage":"en-US","potentialAction":[{"@type":"ReadAction","target":["https:\/\/www.sugarfactory.hr\/proizvod\/accessories\/montana-towel-packable-150x75-cm\/"]}]},{"@type":"ImageObject","inLanguage":"en-US","@id":"https:\/\/www.sugarfactory.hr\/proizvod\/accessories\/montana-towel-packable-150x75-cm\/#primaryimage","url":"https:\/\/www.sugarfactory.hr\/wp-content\/uploads\/2025\/08\/Montana-Towel-Packable-150x75-cm-1.webp","contentUrl":"https:\/\/www.sugarfactory.hr\/wp-content\/uploads\/2025\/08\/Montana-Towel-Packable-150x75-cm-1.webp","width":896,"height":1120},{"@type":"BreadcrumbList","@id":"https:\/\/www.sugarfactory.hr\/proizvod\/accessories\/montana-towel-packable-150x75-cm\/#breadcrumb","itemListElement":[{"@type":"ListItem","position":1,"name":"Po\u010detna stranica","item":"https:\/\/www.sugarfactory.hr\/"},{"@type":"ListItem","position":2,"name":"Proizvodi","item":"https:\/\/www.sugarfactory.hr\/shop\/"},{"@type":"ListItem","position":3,"name":"Montana Towel Packable 150x75 cm"}]},{"@type":"WebSite","@id":"https:\/\/www.sugarfactory.hr\/#website","url":"https:\/\/www.sugarfactory.hr\/","name":"Sugar Factory","description":"Create your sweetest pieces!","potentialAction":[{"@type":"SearchAction","target":{"@type":"EntryPoint","urlTemplate":"https:\/\/www.sugarfactory.hr\/?s={search_term_string}"},"query-input":{"@type":"PropertyValueSpecification","valueRequired":true,"valueName":"search_term_string"}}],"inLanguage":"en-US"}]}},"_links":{"self":[{"href":"https:\/\/www.sugarfactory.hr\/en\/wp-json\/wp\/v2\/product\/11856","targetHints":{"allow":["GET"]}}],"collection":[{"href":"https:\/\/www.sugarfactory.hr\/en\/wp-json\/wp\/v2\/product"}],"about":[{"href":"https:\/\/www.sugarfactory.hr\/en\/wp-json\/wp\/v2\/types\/product"}],"wp:featuredmedia":[{"embeddable":true,"href":"https:\/\/www.sugarfactory.hr\/en\/wp-json\/wp\/v2\/media\/12544"}],"wp:attachment":[{"href":"https:\/\/www.sugarfactory.hr\/en\/wp-json\/wp\/v2\/media?parent=11856"}],"wp:term":[{"taxonomy":"product_brand","embeddable":true,"href":"https:\/\/www.sugarfactory.hr\/en\/wp-json\/wp\/v2\/product_brand?post=11856"},{"taxonomy":"product_cat","embeddable":true,"href":"https:\/\/www.sugarfactory.hr\/en\/wp-json\/wp\/v2\/product_cat?post=11856"},{"taxonomy":"product_tag","embeddable":true,"href":"https:\/\/www.sugarfactory.hr\/en\/wp-json\/wp\/v2\/product_tag?post=11856"}],"curies":[{"name":"wp","href":"https:\/\/api.w.org\/{rel}","templated":true}]}}