{"id":11858,"date":"2025-08-19T10:49:57","date_gmt":"2025-08-19T09:49:57","guid":{"rendered":"https:\/\/www.sugarfactory.hr\/?post_type=product&#038;p=11858"},"modified":"2025-11-10T14:54:13","modified_gmt":"2025-11-10T13:54:13","slug":"mr-serious-tunnel-scarf-black","status":"publish","type":"product","link":"https:\/\/www.sugarfactory.hr\/en\/product-2\/accessories\/mr-serious-tunnel-scarf-black\/","title":{"rendered":"Mr.Serious Tunnel Scarf Black"},"content":{"rendered":"<p data-start=\"0\" data-end=\"193\"><strong data-start=\"0\" data-end=\"28\">Mr. Serious tunelski \u0161al<\/strong> savr\u0161en je izbor za svaku misiju i prilago\u0111ava se razli\u010ditim potrebama \u2013 mo\u017ee se koristiti kao <strong data-start=\"124\" data-end=\"131\" data-is-only-node=\"\">\u0161al<\/strong>, <strong data-start=\"133\" data-end=\"150\">maska za lice<\/strong>, <strong data-start=\"152\" data-end=\"173\">kapa s kapulja\u010dom<\/strong> ili <strong data-start=\"178\" data-end=\"190\">fantomka<\/strong>.<\/p>\n<p data-start=\"195\" data-end=\"513\" data-is-last-node=\"\" data-is-only-node=\"\">Izra\u0111en od <strong data-start=\"206\" data-end=\"238\">100% rastezljivog poliestera<\/strong>, nudi <strong data-start=\"245\" data-end=\"268\">izvrsnu prozra\u010dnost<\/strong>, <strong data-start=\"270\" data-end=\"282\">udobnost<\/strong> and <strong data-start=\"285\" data-end=\"302\">fleksibilnost<\/strong> pri no\u0161enju.<br data-start=\"315\" data-end=\"318\" \/>WITH <strong data-start=\"320\" data-end=\"346\">dimenzijama 24 x 47 cm<\/strong>, ovaj dodatak pru\u017ea <strong data-start=\"367\" data-end=\"394\">univerzalno pristajanje<\/strong> i pouzdanu <strong data-start=\"406\" data-end=\"454\">za\u0161titu od pra\u0161ine, boje i vremenskih uvjeta<\/strong>, \u010dine\u0107i ga idealnim suputnikom svakom umjetniku na terenu.<\/p>","protected":false},"excerpt":{"rendered":"<p>Mr. Serious tunelski \u0161al savr\u0161en je izbor za svaku misiju i prilago\u0111ava se razli\u010ditim potrebama \u2013 mo\u017ee se koristiti kao \u0161al, maska za lice, kapa s kapulja\u010dom ili fantomka. Izra\u0111en od 100% rastezljivog poliestera, nudi izvrsnu prozra\u010dnost, udobnost i fleksibilnost pri no\u0161enju.S dimenzijama 24 x 47 cm, ovaj dodatak pru\u017ea univerzalno pristajanje i pouzdanu za\u0161titu [&hellip;]<\/p>","protected":false},"featured_media":12542,"template":"","meta":{"_acf_changed":false},"product_brand":[123],"product_cat":[21,92,88],"product_tag":[],"class_list":{"0":"post-11858","1":"product","2":"type-product","3":"status-publish","4":"has-post-thumbnail","6":"product_brand-mr-serious","7":"product_cat-accessories","8":"product_cat-kape-i-buffovi","9":"product_cat-odjeca","11":"first","12":"outofstock","13":"shipping-taxable","14":"purchasable","15":"product-type-simple"},"acf":[],"yoast_head":"<!-- This site is optimized with the Yoast SEO plugin v26.3 - https:\/\/yoast.com\/wordpress\/plugins\/seo\/ -->\n<title>Mr.Serious Tunnel Scarf Black - Sugar Factory<\/title>\n<meta name=\"robots\" content=\"index, follow, max-snippet:-1, max-image-preview:large, max-video-preview:-1\" \/>\n<link rel=\"canonical\" href=\"https:\/\/www.sugarfactory.hr\/en\/product-2\/accessories\/mr-serious-tunnel-scarf-black\/\" \/>\n<meta property=\"og:locale\" content=\"en_US\" \/>\n<meta property=\"og:type\" content=\"article\" \/>\n<meta property=\"og:title\" content=\"Mr.Serious Tunnel Scarf Black - Sugar Factory\" \/>\n<meta property=\"og:description\" content=\"Mr. Serious tunelski \u0161al savr\u0161en je izbor za svaku misiju i prilago\u0111ava se razli\u010ditim potrebama \u2013 mo\u017ee se koristiti kao \u0161al, maska za lice, kapa s kapulja\u010dom ili fantomka. Izra\u0111en od 100% rastezljivog poliestera, nudi izvrsnu prozra\u010dnost, udobnost i fleksibilnost pri no\u0161enju.S dimenzijama 24 x 47 cm, ovaj dodatak pru\u017ea univerzalno pristajanje i pouzdanu za\u0161titu [&hellip;]\" \/>\n<meta property=\"og:url\" content=\"https:\/\/www.sugarfactory.hr\/en\/product-2\/accessories\/mr-serious-tunnel-scarf-black\/\" \/>\n<meta property=\"og:site_name\" content=\"Sugar Factory\" \/>\n<meta property=\"article:modified_time\" content=\"2025-11-10T13:54:13+00:00\" \/>\n<meta property=\"og:image\" content=\"https:\/\/www.sugarfactory.hr\/wp-content\/uploads\/2025\/08\/Mr.Serious-Tunnel-Scarf-Black-1.webp\" \/>\n\t<meta property=\"og:image:width\" content=\"896\" \/>\n\t<meta property=\"og:image:height\" content=\"1120\" \/>\n\t<meta property=\"og:image:type\" content=\"image\/webp\" \/>\n<meta name=\"twitter:card\" content=\"summary_large_image\" \/>\n<script type=\"application\/ld+json\" class=\"yoast-schema-graph\">{\"@context\":\"https:\/\/schema.org\",\"@graph\":[{\"@type\":\"WebPage\",\"@id\":\"https:\/\/www.sugarfactory.hr\/proizvod\/accessories\/mr-serious-tunnel-scarf-black\/\",\"url\":\"https:\/\/www.sugarfactory.hr\/proizvod\/accessories\/mr-serious-tunnel-scarf-black\/\",\"name\":\"Mr.Serious Tunnel Scarf Black - Sugar Factory\",\"isPartOf\":{\"@id\":\"https:\/\/www.sugarfactory.hr\/#website\"},\"primaryImageOfPage\":{\"@id\":\"https:\/\/www.sugarfactory.hr\/proizvod\/accessories\/mr-serious-tunnel-scarf-black\/#primaryimage\"},\"image\":{\"@id\":\"https:\/\/www.sugarfactory.hr\/proizvod\/accessories\/mr-serious-tunnel-scarf-black\/#primaryimage\"},\"thumbnailUrl\":\"https:\/\/www.sugarfactory.hr\/wp-content\/uploads\/2025\/08\/Mr.Serious-Tunnel-Scarf-Black-1.webp\",\"datePublished\":\"2025-08-19T09:49:57+00:00\",\"dateModified\":\"2025-11-10T13:54:13+00:00\",\"breadcrumb\":{\"@id\":\"https:\/\/www.sugarfactory.hr\/proizvod\/accessories\/mr-serious-tunnel-scarf-black\/#breadcrumb\"},\"inLanguage\":\"en-US\",\"potentialAction\":[{\"@type\":\"ReadAction\",\"target\":[\"https:\/\/www.sugarfactory.hr\/proizvod\/accessories\/mr-serious-tunnel-scarf-black\/\"]}]},{\"@type\":\"ImageObject\",\"inLanguage\":\"en-US\",\"@id\":\"https:\/\/www.sugarfactory.hr\/proizvod\/accessories\/mr-serious-tunnel-scarf-black\/#primaryimage\",\"url\":\"https:\/\/www.sugarfactory.hr\/wp-content\/uploads\/2025\/08\/Mr.Serious-Tunnel-Scarf-Black-1.webp\",\"contentUrl\":\"https:\/\/www.sugarfactory.hr\/wp-content\/uploads\/2025\/08\/Mr.Serious-Tunnel-Scarf-Black-1.webp\",\"width\":896,\"height\":1120},{\"@type\":\"BreadcrumbList\",\"@id\":\"https:\/\/www.sugarfactory.hr\/proizvod\/accessories\/mr-serious-tunnel-scarf-black\/#breadcrumb\",\"itemListElement\":[{\"@type\":\"ListItem\",\"position\":1,\"name\":\"Po\u010detna stranica\",\"item\":\"https:\/\/www.sugarfactory.hr\/\"},{\"@type\":\"ListItem\",\"position\":2,\"name\":\"Proizvodi\",\"item\":\"https:\/\/www.sugarfactory.hr\/shop\/\"},{\"@type\":\"ListItem\",\"position\":3,\"name\":\"Mr.Serious Tunnel Scarf Black\"}]},{\"@type\":\"WebSite\",\"@id\":\"https:\/\/www.sugarfactory.hr\/#website\",\"url\":\"https:\/\/www.sugarfactory.hr\/\",\"name\":\"Sugar Factory\",\"description\":\"Create your sweetest pieces!\",\"potentialAction\":[{\"@type\":\"SearchAction\",\"target\":{\"@type\":\"EntryPoint\",\"urlTemplate\":\"https:\/\/www.sugarfactory.hr\/?s={search_term_string}\"},\"query-input\":{\"@type\":\"PropertyValueSpecification\",\"valueRequired\":true,\"valueName\":\"search_term_string\"}}],\"inLanguage\":\"en-US\"}]}<\/script>\n<!-- \/ Yoast SEO plugin. -->","yoast_head_json":{"title":"Mr.Serious Tunnel Scarf Black - Sugar Factory","robots":{"index":"index","follow":"follow","max-snippet":"max-snippet:-1","max-image-preview":"max-image-preview:large","max-video-preview":"max-video-preview:-1"},"canonical":"https:\/\/www.sugarfactory.hr\/en\/product-2\/accessories\/mr-serious-tunnel-scarf-black\/","og_locale":"en_US","og_type":"article","og_title":"Mr.Serious Tunnel Scarf Black - Sugar Factory","og_description":"Mr. Serious tunelski \u0161al savr\u0161en je izbor za svaku misiju i prilago\u0111ava se razli\u010ditim potrebama \u2013 mo\u017ee se koristiti kao \u0161al, maska za lice, kapa s kapulja\u010dom ili fantomka. Izra\u0111en od 100% rastezljivog poliestera, nudi izvrsnu prozra\u010dnost, udobnost i fleksibilnost pri no\u0161enju.S dimenzijama 24 x 47 cm, ovaj dodatak pru\u017ea univerzalno pristajanje i pouzdanu za\u0161titu [&hellip;]","og_url":"https:\/\/www.sugarfactory.hr\/en\/product-2\/accessories\/mr-serious-tunnel-scarf-black\/","og_site_name":"Sugar Factory","article_modified_time":"2025-11-10T13:54:13+00:00","og_image":[{"width":896,"height":1120,"url":"https:\/\/www.sugarfactory.hr\/wp-content\/uploads\/2025\/08\/Mr.Serious-Tunnel-Scarf-Black-1.webp","type":"image\/webp"}],"twitter_card":"summary_large_image","schema":{"@context":"https:\/\/schema.org","@graph":[{"@type":"WebPage","@id":"https:\/\/www.sugarfactory.hr\/proizvod\/accessories\/mr-serious-tunnel-scarf-black\/","url":"https:\/\/www.sugarfactory.hr\/proizvod\/accessories\/mr-serious-tunnel-scarf-black\/","name":"Mr.Serious Tunnel Scarf Black - Sugar Factory","isPartOf":{"@id":"https:\/\/www.sugarfactory.hr\/#website"},"primaryImageOfPage":{"@id":"https:\/\/www.sugarfactory.hr\/proizvod\/accessories\/mr-serious-tunnel-scarf-black\/#primaryimage"},"image":{"@id":"https:\/\/www.sugarfactory.hr\/proizvod\/accessories\/mr-serious-tunnel-scarf-black\/#primaryimage"},"thumbnailUrl":"https:\/\/www.sugarfactory.hr\/wp-content\/uploads\/2025\/08\/Mr.Serious-Tunnel-Scarf-Black-1.webp","datePublished":"2025-08-19T09:49:57+00:00","dateModified":"2025-11-10T13:54:13+00:00","breadcrumb":{"@id":"https:\/\/www.sugarfactory.hr\/proizvod\/accessories\/mr-serious-tunnel-scarf-black\/#breadcrumb"},"inLanguage":"en-US","potentialAction":[{"@type":"ReadAction","target":["https:\/\/www.sugarfactory.hr\/proizvod\/accessories\/mr-serious-tunnel-scarf-black\/"]}]},{"@type":"ImageObject","inLanguage":"en-US","@id":"https:\/\/www.sugarfactory.hr\/proizvod\/accessories\/mr-serious-tunnel-scarf-black\/#primaryimage","url":"https:\/\/www.sugarfactory.hr\/wp-content\/uploads\/2025\/08\/Mr.Serious-Tunnel-Scarf-Black-1.webp","contentUrl":"https:\/\/www.sugarfactory.hr\/wp-content\/uploads\/2025\/08\/Mr.Serious-Tunnel-Scarf-Black-1.webp","width":896,"height":1120},{"@type":"BreadcrumbList","@id":"https:\/\/www.sugarfactory.hr\/proizvod\/accessories\/mr-serious-tunnel-scarf-black\/#breadcrumb","itemListElement":[{"@type":"ListItem","position":1,"name":"Po\u010detna stranica","item":"https:\/\/www.sugarfactory.hr\/"},{"@type":"ListItem","position":2,"name":"Proizvodi","item":"https:\/\/www.sugarfactory.hr\/shop\/"},{"@type":"ListItem","position":3,"name":"Mr.Serious Tunnel Scarf Black"}]},{"@type":"WebSite","@id":"https:\/\/www.sugarfactory.hr\/#website","url":"https:\/\/www.sugarfactory.hr\/","name":"Sugar Factory","description":"Create your sweetest pieces!","potentialAction":[{"@type":"SearchAction","target":{"@type":"EntryPoint","urlTemplate":"https:\/\/www.sugarfactory.hr\/?s={search_term_string}"},"query-input":{"@type":"PropertyValueSpecification","valueRequired":true,"valueName":"search_term_string"}}],"inLanguage":"en-US"}]}},"_links":{"self":[{"href":"https:\/\/www.sugarfactory.hr\/en\/wp-json\/wp\/v2\/product\/11858","targetHints":{"allow":["GET"]}}],"collection":[{"href":"https:\/\/www.sugarfactory.hr\/en\/wp-json\/wp\/v2\/product"}],"about":[{"href":"https:\/\/www.sugarfactory.hr\/en\/wp-json\/wp\/v2\/types\/product"}],"wp:featuredmedia":[{"embeddable":true,"href":"https:\/\/www.sugarfactory.hr\/en\/wp-json\/wp\/v2\/media\/12542"}],"wp:attachment":[{"href":"https:\/\/www.sugarfactory.hr\/en\/wp-json\/wp\/v2\/media?parent=11858"}],"wp:term":[{"taxonomy":"product_brand","embeddable":true,"href":"https:\/\/www.sugarfactory.hr\/en\/wp-json\/wp\/v2\/product_brand?post=11858"},{"taxonomy":"product_cat","embeddable":true,"href":"https:\/\/www.sugarfactory.hr\/en\/wp-json\/wp\/v2\/product_cat?post=11858"},{"taxonomy":"product_tag","embeddable":true,"href":"https:\/\/www.sugarfactory.hr\/en\/wp-json\/wp\/v2\/product_tag?post=11858"}],"curies":[{"name":"wp","href":"https:\/\/api.w.org\/{rel}","templated":true}]}}