{"id":12090,"date":"2025-08-28T13:20:43","date_gmt":"2025-08-28T12:20:43","guid":{"rendered":"https:\/\/www.sugarfactory.hr\/?post_type=product&#038;p=12090"},"modified":"2026-03-05T12:28:14","modified_gmt":"2026-03-05T11:28:14","slug":"graffiti-coloring-book-vol-2","status":"publish","type":"product","link":"https:\/\/www.sugarfactory.hr\/en\/product-2\/accessories\/graffiti-coloring-book-vol-2\/","title":{"rendered":"Graffiti Coloring Book Vol.2"},"content":{"rendered":"<p data-start=\"0\" data-end=\"115\"><strong data-start=\"0\" data-end=\"45\">Graffiti Coloring Book Vol.2 \u2013 Characters<\/strong> je bojanka koja donosi <strong data-start=\"69\" data-end=\"112\">zabavu i kreativnost za djecu i odrasle<\/strong>.<\/p>\n<p data-start=\"117\" data-end=\"558\">Ova knjiga stavlja <strong data-start=\"136\" data-end=\"158\">likove u prvi plan<\/strong>, jer su oni <strong data-start=\"171\" data-end=\"220\">najpopularniji i najupe\u010datljiviji dio grafita<\/strong>, stoje uz ime autora i privla\u010de pa\u017enju.<\/p>\n<p data-start=\"117\" data-end=\"558\">Sadr\u017ei motive <strong data-start=\"277\" data-end=\"323\">najpoznatijih svjetskih graffiti umjetnika<\/strong>: od <strong data-start=\"328\" data-end=\"371\">dobro oblikovanih b-boy i b-girl likova<\/strong> s sprejevima i glazbenim kutijama, preko <strong data-start=\"413\" data-end=\"461\">stripovskih likova s crtanofilmnim osobinama<\/strong>, do <strong data-start=\"466\" data-end=\"491\">realisti\u010dnih portreta<\/strong> \u2013 svi spremni za <strong data-start=\"509\" data-end=\"530\">\u017eivopisno bojanje<\/strong> i razvoj vlastitog stila.<\/p>\n<p data-start=\"560\" data-end=\"686\" data-is-last-node=\"\" data-is-only-node=\"\"><strong data-start=\"560\" data-end=\"592\">Graffiti Coloring Book Vol.2<\/strong> provides <strong data-start=\"599\" data-end=\"632\">inspiraciju i kreativni izraz<\/strong> za sve koji \u017eele zaroniti u svijet grafita kroz boje.<\/p>","protected":false},"excerpt":{"rendered":"<p>Graffiti Coloring Book Vol.2 \u2013 Characters je bojanka koja donosi zabavu i kreativnost za djecu i odrasle. Ova knjiga stavlja likove u prvi plan, jer su oni najpopularniji i najupe\u010datljiviji dio grafita, stoje uz ime autora i privla\u010de pa\u017enju. Sadr\u017ei motive najpoznatijih svjetskih graffiti umjetnika: od dobro oblikovanih b-boy i b-girl likova s sprejevima i [&hellip;]<\/p>","protected":false},"featured_media":12589,"template":"","meta":{"_acf_changed":false},"product_brand":[],"product_cat":[21,95],"product_tag":[],"class_list":{"0":"post-12090","1":"product","2":"type-product","3":"status-publish","4":"has-post-thumbnail","6":"product_cat-accessories","7":"product_cat-bookovi","9":"first","10":"instock","11":"shipping-taxable","12":"purchasable","13":"product-type-simple"},"acf":[],"yoast_head":"<!-- This site is optimized with the Yoast SEO plugin v26.3 - https:\/\/yoast.com\/wordpress\/plugins\/seo\/ -->\n<title>Graffiti Coloring Book Vol.2 - Sugar Factory<\/title>\n<meta name=\"robots\" content=\"index, follow, max-snippet:-1, max-image-preview:large, max-video-preview:-1\" \/>\n<link rel=\"canonical\" href=\"https:\/\/www.sugarfactory.hr\/en\/product-2\/accessories\/graffiti-coloring-book-vol-2\/\" \/>\n<meta property=\"og:locale\" content=\"en_US\" \/>\n<meta property=\"og:type\" content=\"article\" \/>\n<meta property=\"og:title\" content=\"Graffiti Coloring Book Vol.2 - Sugar Factory\" \/>\n<meta property=\"og:description\" content=\"Graffiti Coloring Book Vol.2 \u2013 Characters je bojanka koja donosi zabavu i kreativnost za djecu i odrasle. Ova knjiga stavlja likove u prvi plan, jer su oni najpopularniji i najupe\u010datljiviji dio grafita, stoje uz ime autora i privla\u010de pa\u017enju. Sadr\u017ei motive najpoznatijih svjetskih graffiti umjetnika: od dobro oblikovanih b-boy i b-girl likova s sprejevima i [&hellip;]\" \/>\n<meta property=\"og:url\" content=\"https:\/\/www.sugarfactory.hr\/en\/product-2\/accessories\/graffiti-coloring-book-vol-2\/\" \/>\n<meta property=\"og:site_name\" content=\"Sugar Factory\" \/>\n<meta property=\"article:modified_time\" content=\"2026-03-05T11:28:14+00:00\" \/>\n<meta property=\"og:image\" content=\"https:\/\/www.sugarfactory.hr\/wp-content\/uploads\/2025\/08\/8ea220f20a324f969cc49edb78f05fc3.webp\" \/>\n\t<meta property=\"og:image:width\" content=\"896\" \/>\n\t<meta property=\"og:image:height\" content=\"1120\" \/>\n\t<meta property=\"og:image:type\" content=\"image\/webp\" \/>\n<meta name=\"twitter:card\" content=\"summary_large_image\" \/>\n<script type=\"application\/ld+json\" class=\"yoast-schema-graph\">{\"@context\":\"https:\/\/schema.org\",\"@graph\":[{\"@type\":\"WebPage\",\"@id\":\"https:\/\/www.sugarfactory.hr\/proizvod\/accessories\/graffiti-coloring-book-vol-2\/\",\"url\":\"https:\/\/www.sugarfactory.hr\/proizvod\/accessories\/graffiti-coloring-book-vol-2\/\",\"name\":\"Graffiti Coloring Book Vol.2 - Sugar Factory\",\"isPartOf\":{\"@id\":\"https:\/\/www.sugarfactory.hr\/#website\"},\"primaryImageOfPage\":{\"@id\":\"https:\/\/www.sugarfactory.hr\/proizvod\/accessories\/graffiti-coloring-book-vol-2\/#primaryimage\"},\"image\":{\"@id\":\"https:\/\/www.sugarfactory.hr\/proizvod\/accessories\/graffiti-coloring-book-vol-2\/#primaryimage\"},\"thumbnailUrl\":\"https:\/\/www.sugarfactory.hr\/wp-content\/uploads\/2025\/08\/8ea220f20a324f969cc49edb78f05fc3.webp\",\"datePublished\":\"2025-08-28T12:20:43+00:00\",\"dateModified\":\"2026-03-05T11:28:14+00:00\",\"breadcrumb\":{\"@id\":\"https:\/\/www.sugarfactory.hr\/proizvod\/accessories\/graffiti-coloring-book-vol-2\/#breadcrumb\"},\"inLanguage\":\"en-US\",\"potentialAction\":[{\"@type\":\"ReadAction\",\"target\":[\"https:\/\/www.sugarfactory.hr\/proizvod\/accessories\/graffiti-coloring-book-vol-2\/\"]}]},{\"@type\":\"ImageObject\",\"inLanguage\":\"en-US\",\"@id\":\"https:\/\/www.sugarfactory.hr\/proizvod\/accessories\/graffiti-coloring-book-vol-2\/#primaryimage\",\"url\":\"https:\/\/www.sugarfactory.hr\/wp-content\/uploads\/2025\/08\/8ea220f20a324f969cc49edb78f05fc3.webp\",\"contentUrl\":\"https:\/\/www.sugarfactory.hr\/wp-content\/uploads\/2025\/08\/8ea220f20a324f969cc49edb78f05fc3.webp\",\"width\":896,\"height\":1120},{\"@type\":\"BreadcrumbList\",\"@id\":\"https:\/\/www.sugarfactory.hr\/proizvod\/accessories\/graffiti-coloring-book-vol-2\/#breadcrumb\",\"itemListElement\":[{\"@type\":\"ListItem\",\"position\":1,\"name\":\"Po\u010detna stranica\",\"item\":\"https:\/\/www.sugarfactory.hr\/\"},{\"@type\":\"ListItem\",\"position\":2,\"name\":\"Proizvodi\",\"item\":\"https:\/\/www.sugarfactory.hr\/shop\/\"},{\"@type\":\"ListItem\",\"position\":3,\"name\":\"Graffiti Coloring Book Vol.2\"}]},{\"@type\":\"WebSite\",\"@id\":\"https:\/\/www.sugarfactory.hr\/#website\",\"url\":\"https:\/\/www.sugarfactory.hr\/\",\"name\":\"Sugar Factory\",\"description\":\"Create your sweetest pieces!\",\"potentialAction\":[{\"@type\":\"SearchAction\",\"target\":{\"@type\":\"EntryPoint\",\"urlTemplate\":\"https:\/\/www.sugarfactory.hr\/?s={search_term_string}\"},\"query-input\":{\"@type\":\"PropertyValueSpecification\",\"valueRequired\":true,\"valueName\":\"search_term_string\"}}],\"inLanguage\":\"en-US\"}]}<\/script>\n<!-- \/ Yoast SEO plugin. -->","yoast_head_json":{"title":"Graffiti Coloring Book Vol.2 - Sugar Factory","robots":{"index":"index","follow":"follow","max-snippet":"max-snippet:-1","max-image-preview":"max-image-preview:large","max-video-preview":"max-video-preview:-1"},"canonical":"https:\/\/www.sugarfactory.hr\/en\/product-2\/accessories\/graffiti-coloring-book-vol-2\/","og_locale":"en_US","og_type":"article","og_title":"Graffiti Coloring Book Vol.2 - Sugar Factory","og_description":"Graffiti Coloring Book Vol.2 \u2013 Characters je bojanka koja donosi zabavu i kreativnost za djecu i odrasle. Ova knjiga stavlja likove u prvi plan, jer su oni najpopularniji i najupe\u010datljiviji dio grafita, stoje uz ime autora i privla\u010de pa\u017enju. Sadr\u017ei motive najpoznatijih svjetskih graffiti umjetnika: od dobro oblikovanih b-boy i b-girl likova s sprejevima i [&hellip;]","og_url":"https:\/\/www.sugarfactory.hr\/en\/product-2\/accessories\/graffiti-coloring-book-vol-2\/","og_site_name":"Sugar Factory","article_modified_time":"2026-03-05T11:28:14+00:00","og_image":[{"width":896,"height":1120,"url":"https:\/\/www.sugarfactory.hr\/wp-content\/uploads\/2025\/08\/8ea220f20a324f969cc49edb78f05fc3.webp","type":"image\/webp"}],"twitter_card":"summary_large_image","schema":{"@context":"https:\/\/schema.org","@graph":[{"@type":"WebPage","@id":"https:\/\/www.sugarfactory.hr\/proizvod\/accessories\/graffiti-coloring-book-vol-2\/","url":"https:\/\/www.sugarfactory.hr\/proizvod\/accessories\/graffiti-coloring-book-vol-2\/","name":"Graffiti Coloring Book Vol.2 - Sugar Factory","isPartOf":{"@id":"https:\/\/www.sugarfactory.hr\/#website"},"primaryImageOfPage":{"@id":"https:\/\/www.sugarfactory.hr\/proizvod\/accessories\/graffiti-coloring-book-vol-2\/#primaryimage"},"image":{"@id":"https:\/\/www.sugarfactory.hr\/proizvod\/accessories\/graffiti-coloring-book-vol-2\/#primaryimage"},"thumbnailUrl":"https:\/\/www.sugarfactory.hr\/wp-content\/uploads\/2025\/08\/8ea220f20a324f969cc49edb78f05fc3.webp","datePublished":"2025-08-28T12:20:43+00:00","dateModified":"2026-03-05T11:28:14+00:00","breadcrumb":{"@id":"https:\/\/www.sugarfactory.hr\/proizvod\/accessories\/graffiti-coloring-book-vol-2\/#breadcrumb"},"inLanguage":"en-US","potentialAction":[{"@type":"ReadAction","target":["https:\/\/www.sugarfactory.hr\/proizvod\/accessories\/graffiti-coloring-book-vol-2\/"]}]},{"@type":"ImageObject","inLanguage":"en-US","@id":"https:\/\/www.sugarfactory.hr\/proizvod\/accessories\/graffiti-coloring-book-vol-2\/#primaryimage","url":"https:\/\/www.sugarfactory.hr\/wp-content\/uploads\/2025\/08\/8ea220f20a324f969cc49edb78f05fc3.webp","contentUrl":"https:\/\/www.sugarfactory.hr\/wp-content\/uploads\/2025\/08\/8ea220f20a324f969cc49edb78f05fc3.webp","width":896,"height":1120},{"@type":"BreadcrumbList","@id":"https:\/\/www.sugarfactory.hr\/proizvod\/accessories\/graffiti-coloring-book-vol-2\/#breadcrumb","itemListElement":[{"@type":"ListItem","position":1,"name":"Po\u010detna stranica","item":"https:\/\/www.sugarfactory.hr\/"},{"@type":"ListItem","position":2,"name":"Proizvodi","item":"https:\/\/www.sugarfactory.hr\/shop\/"},{"@type":"ListItem","position":3,"name":"Graffiti Coloring Book Vol.2"}]},{"@type":"WebSite","@id":"https:\/\/www.sugarfactory.hr\/#website","url":"https:\/\/www.sugarfactory.hr\/","name":"Sugar Factory","description":"Create your sweetest pieces!","potentialAction":[{"@type":"SearchAction","target":{"@type":"EntryPoint","urlTemplate":"https:\/\/www.sugarfactory.hr\/?s={search_term_string}"},"query-input":{"@type":"PropertyValueSpecification","valueRequired":true,"valueName":"search_term_string"}}],"inLanguage":"en-US"}]}},"_links":{"self":[{"href":"https:\/\/www.sugarfactory.hr\/en\/wp-json\/wp\/v2\/product\/12090","targetHints":{"allow":["GET"]}}],"collection":[{"href":"https:\/\/www.sugarfactory.hr\/en\/wp-json\/wp\/v2\/product"}],"about":[{"href":"https:\/\/www.sugarfactory.hr\/en\/wp-json\/wp\/v2\/types\/product"}],"wp:featuredmedia":[{"embeddable":true,"href":"https:\/\/www.sugarfactory.hr\/en\/wp-json\/wp\/v2\/media\/12589"}],"wp:attachment":[{"href":"https:\/\/www.sugarfactory.hr\/en\/wp-json\/wp\/v2\/media?parent=12090"}],"wp:term":[{"taxonomy":"product_brand","embeddable":true,"href":"https:\/\/www.sugarfactory.hr\/en\/wp-json\/wp\/v2\/product_brand?post=12090"},{"taxonomy":"product_cat","embeddable":true,"href":"https:\/\/www.sugarfactory.hr\/en\/wp-json\/wp\/v2\/product_cat?post=12090"},{"taxonomy":"product_tag","embeddable":true,"href":"https:\/\/www.sugarfactory.hr\/en\/wp-json\/wp\/v2\/product_tag?post=12090"}],"curies":[{"name":"wp","href":"https:\/\/api.w.org\/{rel}","templated":true}]}}