{"id":13166,"date":"2025-10-29T11:38:23","date_gmt":"2025-10-29T10:38:23","guid":{"rendered":"https:\/\/www.sugarfactory.hr\/?post_type=product&#038;p=13166"},"modified":"2026-01-28T10:59:29","modified_gmt":"2026-01-28T09:59:29","slug":"krep-traka-za-dekorativne-radove-5-mm-x-33-m","status":"publish","type":"product","link":"https:\/\/www.sugarfactory.hr\/en\/product-2\/accessories\/krep-traka-za-dekorativne-radove-5-mm-x-33-m\/","title":{"rendered":"Crepe tape for decorative works 5 mm x 33 m"},"content":{"rendered":"<p data-start=\"0\" data-end=\"241\"><strong data-start=\"0\" data-end=\"46\">Krep traka za dekorativne radove 5mm x 33m<\/strong> idealna je za <strong data-start=\"61\" data-end=\"93\">precizne dekorativne tehnike<\/strong> poput izrade travertina, odvajanja fuga ili stvaranja efekta drvenih dasaka. Omogu\u0107uje \u010diste, ravne linije i profesionalan izgled zavr\u0161ne obrade.<\/p>\n<p data-start=\"243\" data-end=\"530\">Izra\u0111ena je s <strong data-start=\"257\" data-end=\"295\">ljepilom na bazi prirodnog kau\u010duka<\/strong>, koje pru\u017ea <strong data-start=\"308\" data-end=\"353\">otpornost na temperaturu do 60\u00b0C (45 min)<\/strong> te osigurava sna\u017eno, ali kontrolirano prianjanje. Traka se <strong data-start=\"413\" data-end=\"456\">skida u fazi polusuhe obrade materijala<\/strong>, \u010dime se sprje\u010dava o\u0161te\u0107enje povr\u0161ine i posti\u017ee savr\u0161eno definiran rub.<\/p>\n<p data-start=\"532\" data-end=\"758\" data-is-last-node=\"\" data-is-only-node=\"\">WITH <strong data-start=\"534\" data-end=\"575\">debljinom od 120 \u03bcm (papir + ljepilo)<\/strong> and <strong data-start=\"578\" data-end=\"605\">dimenzijama 5 mm x 33 m<\/strong>, ova <strong data-start=\"611\" data-end=\"625\">krep traka<\/strong> nudi optimalnu fleksibilnost, \u010dvrsto\u0107u i preciznost \u2013 savr\u0161en alat za majstore koji \u017eele vrhunske rezultate u dekorativnim radovima.<\/p>","protected":false},"excerpt":{"rendered":"<p>Krep traka za dekorativne radove 5mm x 33m idealna je za precizne dekorativne tehnike poput izrade travertina, odvajanja fuga ili stvaranja efekta drvenih dasaka. Omogu\u0107uje \u010diste, ravne linije i profesionalan izgled zavr\u0161ne obrade. Izra\u0111ena je s ljepilom na bazi prirodnog kau\u010duka, koje pru\u017ea otpornost na temperaturu do 60\u00b0C (45 min) te osigurava sna\u017eno, ali kontrolirano [&hellip;]<\/p>","protected":false},"featured_media":13167,"template":"","meta":{"_acf_changed":false},"product_brand":[136],"product_cat":[21,86,135],"product_tag":[],"class_list":{"0":"post-13166","1":"product","2":"type-product","3":"status-publish","4":"has-post-thumbnail","6":"product_brand-beorol","7":"product_cat-accessories","8":"product_cat-alati-za-bojanje-i-struganje","9":"product_cat-export","11":"first","12":"outofstock","13":"shipping-taxable","14":"purchasable","15":"product-type-simple"},"acf":[],"yoast_head":"<!-- This site is optimized with the Yoast SEO plugin v26.3 - https:\/\/yoast.com\/wordpress\/plugins\/seo\/ -->\n<title>Krep traka za dekorativne radove 5 mm x 33 m - Sugar Factory<\/title>\n<meta name=\"robots\" content=\"index, follow, max-snippet:-1, max-image-preview:large, max-video-preview:-1\" \/>\n<link rel=\"canonical\" href=\"https:\/\/www.sugarfactory.hr\/en\/product-2\/accessories\/krep-traka-za-dekorativne-radove-5-mm-x-33-m\/\" \/>\n<meta property=\"og:locale\" content=\"en_US\" \/>\n<meta property=\"og:type\" content=\"article\" \/>\n<meta property=\"og:title\" content=\"Krep traka za dekorativne radove 5 mm x 33 m - Sugar Factory\" \/>\n<meta property=\"og:description\" content=\"Krep traka za dekorativne radove 5mm x 33m idealna je za precizne dekorativne tehnike poput izrade travertina, odvajanja fuga ili stvaranja efekta drvenih dasaka. Omogu\u0107uje \u010diste, ravne linije i profesionalan izgled zavr\u0161ne obrade. Izra\u0111ena je s ljepilom na bazi prirodnog kau\u010duka, koje pru\u017ea otpornost na temperaturu do 60\u00b0C (45 min) te osigurava sna\u017eno, ali kontrolirano [&hellip;]\" \/>\n<meta property=\"og:url\" content=\"https:\/\/www.sugarfactory.hr\/en\/product-2\/accessories\/krep-traka-za-dekorativne-radove-5-mm-x-33-m\/\" \/>\n<meta property=\"og:site_name\" content=\"Sugar Factory\" \/>\n<meta property=\"article:modified_time\" content=\"2026-01-28T09:59:29+00:00\" \/>\n<meta property=\"og:image\" content=\"https:\/\/www.sugarfactory.hr\/wp-content\/uploads\/2025\/10\/23ed6b5354184baf837a1c4723ea9fcf.webp\" \/>\n\t<meta property=\"og:image:width\" content=\"896\" \/>\n\t<meta property=\"og:image:height\" content=\"1120\" \/>\n\t<meta property=\"og:image:type\" content=\"image\/webp\" \/>\n<meta name=\"twitter:card\" content=\"summary_large_image\" \/>\n<meta name=\"twitter:label1\" content=\"Est. reading time\" \/>\n\t<meta name=\"twitter:data1\" content=\"1 minute\" \/>\n<script type=\"application\/ld+json\" class=\"yoast-schema-graph\">{\"@context\":\"https:\/\/schema.org\",\"@graph\":[{\"@type\":\"WebPage\",\"@id\":\"https:\/\/www.sugarfactory.hr\/proizvod\/accessories\/krep-traka-za-dekorativne-radove-5-mm-x-33-m\/\",\"url\":\"https:\/\/www.sugarfactory.hr\/proizvod\/accessories\/krep-traka-za-dekorativne-radove-5-mm-x-33-m\/\",\"name\":\"Krep traka za dekorativne radove 5 mm x 33 m - Sugar Factory\",\"isPartOf\":{\"@id\":\"https:\/\/www.sugarfactory.hr\/#website\"},\"primaryImageOfPage\":{\"@id\":\"https:\/\/www.sugarfactory.hr\/proizvod\/accessories\/krep-traka-za-dekorativne-radove-5-mm-x-33-m\/#primaryimage\"},\"image\":{\"@id\":\"https:\/\/www.sugarfactory.hr\/proizvod\/accessories\/krep-traka-za-dekorativne-radove-5-mm-x-33-m\/#primaryimage\"},\"thumbnailUrl\":\"https:\/\/www.sugarfactory.hr\/wp-content\/uploads\/2025\/10\/23ed6b5354184baf837a1c4723ea9fcf.webp\",\"datePublished\":\"2025-10-29T10:38:23+00:00\",\"dateModified\":\"2026-01-28T09:59:29+00:00\",\"breadcrumb\":{\"@id\":\"https:\/\/www.sugarfactory.hr\/proizvod\/accessories\/krep-traka-za-dekorativne-radove-5-mm-x-33-m\/#breadcrumb\"},\"inLanguage\":\"en-US\",\"potentialAction\":[{\"@type\":\"ReadAction\",\"target\":[\"https:\/\/www.sugarfactory.hr\/proizvod\/accessories\/krep-traka-za-dekorativne-radove-5-mm-x-33-m\/\"]}]},{\"@type\":\"ImageObject\",\"inLanguage\":\"en-US\",\"@id\":\"https:\/\/www.sugarfactory.hr\/proizvod\/accessories\/krep-traka-za-dekorativne-radove-5-mm-x-33-m\/#primaryimage\",\"url\":\"https:\/\/www.sugarfactory.hr\/wp-content\/uploads\/2025\/10\/23ed6b5354184baf837a1c4723ea9fcf.webp\",\"contentUrl\":\"https:\/\/www.sugarfactory.hr\/wp-content\/uploads\/2025\/10\/23ed6b5354184baf837a1c4723ea9fcf.webp\",\"width\":896,\"height\":1120},{\"@type\":\"BreadcrumbList\",\"@id\":\"https:\/\/www.sugarfactory.hr\/proizvod\/accessories\/krep-traka-za-dekorativne-radove-5-mm-x-33-m\/#breadcrumb\",\"itemListElement\":[{\"@type\":\"ListItem\",\"position\":1,\"name\":\"Po\u010detna stranica\",\"item\":\"https:\/\/www.sugarfactory.hr\/\"},{\"@type\":\"ListItem\",\"position\":2,\"name\":\"Proizvodi\",\"item\":\"https:\/\/www.sugarfactory.hr\/shop\/\"},{\"@type\":\"ListItem\",\"position\":3,\"name\":\"Krep traka za dekorativne radove 5 mm x 33 m\"}]},{\"@type\":\"WebSite\",\"@id\":\"https:\/\/www.sugarfactory.hr\/#website\",\"url\":\"https:\/\/www.sugarfactory.hr\/\",\"name\":\"Sugar Factory\",\"description\":\"Create your sweetest pieces!\",\"potentialAction\":[{\"@type\":\"SearchAction\",\"target\":{\"@type\":\"EntryPoint\",\"urlTemplate\":\"https:\/\/www.sugarfactory.hr\/?s={search_term_string}\"},\"query-input\":{\"@type\":\"PropertyValueSpecification\",\"valueRequired\":true,\"valueName\":\"search_term_string\"}}],\"inLanguage\":\"en-US\"}]}<\/script>\n<!-- \/ Yoast SEO plugin. -->","yoast_head_json":{"title":"Krep traka za dekorativne radove 5 mm x 33 m - Sugar Factory","robots":{"index":"index","follow":"follow","max-snippet":"max-snippet:-1","max-image-preview":"max-image-preview:large","max-video-preview":"max-video-preview:-1"},"canonical":"https:\/\/www.sugarfactory.hr\/en\/product-2\/accessories\/krep-traka-za-dekorativne-radove-5-mm-x-33-m\/","og_locale":"en_US","og_type":"article","og_title":"Krep traka za dekorativne radove 5 mm x 33 m - Sugar Factory","og_description":"Krep traka za dekorativne radove 5mm x 33m idealna je za precizne dekorativne tehnike poput izrade travertina, odvajanja fuga ili stvaranja efekta drvenih dasaka. Omogu\u0107uje \u010diste, ravne linije i profesionalan izgled zavr\u0161ne obrade. Izra\u0111ena je s ljepilom na bazi prirodnog kau\u010duka, koje pru\u017ea otpornost na temperaturu do 60\u00b0C (45 min) te osigurava sna\u017eno, ali kontrolirano [&hellip;]","og_url":"https:\/\/www.sugarfactory.hr\/en\/product-2\/accessories\/krep-traka-za-dekorativne-radove-5-mm-x-33-m\/","og_site_name":"Sugar Factory","article_modified_time":"2026-01-28T09:59:29+00:00","og_image":[{"width":896,"height":1120,"url":"https:\/\/www.sugarfactory.hr\/wp-content\/uploads\/2025\/10\/23ed6b5354184baf837a1c4723ea9fcf.webp","type":"image\/webp"}],"twitter_card":"summary_large_image","twitter_misc":{"Est. reading time":"1 minute"},"schema":{"@context":"https:\/\/schema.org","@graph":[{"@type":"WebPage","@id":"https:\/\/www.sugarfactory.hr\/proizvod\/accessories\/krep-traka-za-dekorativne-radove-5-mm-x-33-m\/","url":"https:\/\/www.sugarfactory.hr\/proizvod\/accessories\/krep-traka-za-dekorativne-radove-5-mm-x-33-m\/","name":"Krep traka za dekorativne radove 5 mm x 33 m - Sugar Factory","isPartOf":{"@id":"https:\/\/www.sugarfactory.hr\/#website"},"primaryImageOfPage":{"@id":"https:\/\/www.sugarfactory.hr\/proizvod\/accessories\/krep-traka-za-dekorativne-radove-5-mm-x-33-m\/#primaryimage"},"image":{"@id":"https:\/\/www.sugarfactory.hr\/proizvod\/accessories\/krep-traka-za-dekorativne-radove-5-mm-x-33-m\/#primaryimage"},"thumbnailUrl":"https:\/\/www.sugarfactory.hr\/wp-content\/uploads\/2025\/10\/23ed6b5354184baf837a1c4723ea9fcf.webp","datePublished":"2025-10-29T10:38:23+00:00","dateModified":"2026-01-28T09:59:29+00:00","breadcrumb":{"@id":"https:\/\/www.sugarfactory.hr\/proizvod\/accessories\/krep-traka-za-dekorativne-radove-5-mm-x-33-m\/#breadcrumb"},"inLanguage":"en-US","potentialAction":[{"@type":"ReadAction","target":["https:\/\/www.sugarfactory.hr\/proizvod\/accessories\/krep-traka-za-dekorativne-radove-5-mm-x-33-m\/"]}]},{"@type":"ImageObject","inLanguage":"en-US","@id":"https:\/\/www.sugarfactory.hr\/proizvod\/accessories\/krep-traka-za-dekorativne-radove-5-mm-x-33-m\/#primaryimage","url":"https:\/\/www.sugarfactory.hr\/wp-content\/uploads\/2025\/10\/23ed6b5354184baf837a1c4723ea9fcf.webp","contentUrl":"https:\/\/www.sugarfactory.hr\/wp-content\/uploads\/2025\/10\/23ed6b5354184baf837a1c4723ea9fcf.webp","width":896,"height":1120},{"@type":"BreadcrumbList","@id":"https:\/\/www.sugarfactory.hr\/proizvod\/accessories\/krep-traka-za-dekorativne-radove-5-mm-x-33-m\/#breadcrumb","itemListElement":[{"@type":"ListItem","position":1,"name":"Po\u010detna stranica","item":"https:\/\/www.sugarfactory.hr\/"},{"@type":"ListItem","position":2,"name":"Proizvodi","item":"https:\/\/www.sugarfactory.hr\/shop\/"},{"@type":"ListItem","position":3,"name":"Krep traka za dekorativne radove 5 mm x 33 m"}]},{"@type":"WebSite","@id":"https:\/\/www.sugarfactory.hr\/#website","url":"https:\/\/www.sugarfactory.hr\/","name":"Sugar Factory","description":"Create your sweetest pieces!","potentialAction":[{"@type":"SearchAction","target":{"@type":"EntryPoint","urlTemplate":"https:\/\/www.sugarfactory.hr\/?s={search_term_string}"},"query-input":{"@type":"PropertyValueSpecification","valueRequired":true,"valueName":"search_term_string"}}],"inLanguage":"en-US"}]}},"_links":{"self":[{"href":"https:\/\/www.sugarfactory.hr\/en\/wp-json\/wp\/v2\/product\/13166","targetHints":{"allow":["GET"]}}],"collection":[{"href":"https:\/\/www.sugarfactory.hr\/en\/wp-json\/wp\/v2\/product"}],"about":[{"href":"https:\/\/www.sugarfactory.hr\/en\/wp-json\/wp\/v2\/types\/product"}],"wp:featuredmedia":[{"embeddable":true,"href":"https:\/\/www.sugarfactory.hr\/en\/wp-json\/wp\/v2\/media\/13167"}],"wp:attachment":[{"href":"https:\/\/www.sugarfactory.hr\/en\/wp-json\/wp\/v2\/media?parent=13166"}],"wp:term":[{"taxonomy":"product_brand","embeddable":true,"href":"https:\/\/www.sugarfactory.hr\/en\/wp-json\/wp\/v2\/product_brand?post=13166"},{"taxonomy":"product_cat","embeddable":true,"href":"https:\/\/www.sugarfactory.hr\/en\/wp-json\/wp\/v2\/product_cat?post=13166"},{"taxonomy":"product_tag","embeddable":true,"href":"https:\/\/www.sugarfactory.hr\/en\/wp-json\/wp\/v2\/product_tag?post=13166"}],"curies":[{"name":"wp","href":"https:\/\/api.w.org\/{rel}","templated":true}]}}