{"id":13186,"date":"2025-10-29T12:16:09","date_gmt":"2025-10-29T11:16:09","guid":{"rendered":"https:\/\/www.sugarfactory.hr\/?post_type=product&#038;p=13186"},"modified":"2026-04-08T09:26:09","modified_gmt":"2026-04-08T08:26:09","slug":"valjak-expert-disperzija-polugrubi-zid-o8","status":"publish","type":"product","link":"https:\/\/www.sugarfactory.hr\/en\/product-2\/accessories\/painting-and-scraping-tools\/valjak-expert-disperzija-polugrubi-zid-o8\/","title":{"rendered":"Valjak Expert Disperzija Polugrubi zid \u00d88"},"content":{"rendered":"<p data-start=\"0\" data-end=\"208\"><strong data-start=\"0\" data-end=\"45\">Valjak Expert Disperzija Polugrubi zid \u00d88<\/strong> is designed for <strong data-start=\"63\" data-end=\"125\">ravnomjerno nano\u0161enje disperzivnih i poludisperzivnih boja<\/strong> na polugrube povr\u0161ine, pru\u017eaju\u0107i profesionalne rezultate i savr\u0161eno prekrivanje.<\/p>\n<p data-start=\"210\" data-end=\"480\">Izra\u0111en je od <strong data-start=\"224\" data-end=\"267\">najkvalitetnije 100% poliamidne tkanine<\/strong> s duljinom vlakna od 18 mm, \u0161to omogu\u0107uje <strong data-start=\"310\" data-end=\"360\">izvrsnu apsorpciju boje i efikasno prekrivanje<\/strong> bez kapanja i neravnina. Termofuzijska izrada osigurava dugotrajnost, stabilnost vlakana i dug vijek trajanja valjka.<\/p>\n<p data-start=\"482\" data-end=\"665\" data-is-last-node=\"\" data-is-only-node=\"\">Available in <strong data-start=\"493\" data-end=\"519\">\u0161irinama od 18 i 25 cm<\/strong>, <strong data-start=\"521\" data-end=\"549\">Expert Disperzija valjak<\/strong> idealan je za polugrube zidove i povr\u0161ine, omogu\u0107uju\u0107i brzo, precizno i profesionalno bojanje s minimalnim naporom.<\/p>","protected":false},"excerpt":{"rendered":"<p>Valjak Expert Disperzija Polugrubi zid \u00d88 dizajniran je za ravnomjerno nano\u0161enje disperzivnih i poludisperzivnih boja na polugrube povr\u0161ine, pru\u017eaju\u0107i profesionalne rezultate i savr\u0161eno prekrivanje. Izra\u0111en je od najkvalitetnije 100% poliamidne tkanine s duljinom vlakna od 18 mm, \u0161to omogu\u0107uje izvrsnu apsorpciju boje i efikasno prekrivanje bez kapanja i neravnina. Termofuzijska izrada osigurava dugotrajnost, stabilnost vlakana [&hellip;]<\/p>","protected":false},"featured_media":13189,"template":"","meta":{"_acf_changed":false},"product_brand":[136],"product_cat":[86,21,135],"product_tag":[],"class_list":{"0":"post-13186","1":"product","2":"type-product","3":"status-publish","4":"has-post-thumbnail","6":"product_brand-beorol","7":"product_cat-alati-za-bojanje-i-struganje","8":"product_cat-accessories","9":"product_cat-export","11":"first","12":"instock","13":"shipping-taxable","14":"purchasable","15":"product-type-variable"},"acf":[],"yoast_head":"<!-- This site is optimized with the Yoast SEO plugin v26.3 - https:\/\/yoast.com\/wordpress\/plugins\/seo\/ -->\n<title>Valjak Expert Disperzija Polugrubi zid \u00d88 - Sugar Factory<\/title>\n<meta name=\"robots\" content=\"index, follow, max-snippet:-1, max-image-preview:large, max-video-preview:-1\" \/>\n<link rel=\"canonical\" href=\"https:\/\/www.sugarfactory.hr\/en\/product-2\/accessories\/painting-and-scraping-tools\/valjak-expert-disperzija-polugrubi-zid-o8\/\" \/>\n<meta property=\"og:locale\" content=\"en_US\" \/>\n<meta property=\"og:type\" content=\"article\" \/>\n<meta property=\"og:title\" content=\"Valjak Expert Disperzija Polugrubi zid \u00d88 - Sugar Factory\" \/>\n<meta property=\"og:description\" content=\"Valjak Expert Disperzija Polugrubi zid \u00d88 dizajniran je za ravnomjerno nano\u0161enje disperzivnih i poludisperzivnih boja na polugrube povr\u0161ine, pru\u017eaju\u0107i profesionalne rezultate i savr\u0161eno prekrivanje. Izra\u0111en je od najkvalitetnije 100% poliamidne tkanine s duljinom vlakna od 18 mm, \u0161to omogu\u0107uje izvrsnu apsorpciju boje i efikasno prekrivanje bez kapanja i neravnina. Termofuzijska izrada osigurava dugotrajnost, stabilnost vlakana [&hellip;]\" \/>\n<meta property=\"og:url\" content=\"https:\/\/www.sugarfactory.hr\/en\/product-2\/accessories\/painting-and-scraping-tools\/valjak-expert-disperzija-polugrubi-zid-o8\/\" \/>\n<meta property=\"og:site_name\" content=\"Sugar Factory\" \/>\n<meta property=\"article:modified_time\" content=\"2026-04-08T08:26:09+00:00\" \/>\n<meta property=\"og:image\" content=\"https:\/\/www.sugarfactory.hr\/wp-content\/uploads\/2025\/10\/985718b7c14248e4b30428c4230323d1.webp\" \/>\n\t<meta property=\"og:image:width\" content=\"896\" \/>\n\t<meta property=\"og:image:height\" content=\"1120\" \/>\n\t<meta property=\"og:image:type\" content=\"image\/webp\" \/>\n<meta name=\"twitter:card\" content=\"summary_large_image\" \/>\n<script type=\"application\/ld+json\" class=\"yoast-schema-graph\">{\"@context\":\"https:\/\/schema.org\",\"@graph\":[{\"@type\":\"WebPage\",\"@id\":\"https:\/\/www.sugarfactory.hr\/proizvod\/accessories\/alati-za-bojanje-i-struganje\/valjak-expert-disperzija-polugrubi-zid-o8\/\",\"url\":\"https:\/\/www.sugarfactory.hr\/proizvod\/accessories\/alati-za-bojanje-i-struganje\/valjak-expert-disperzija-polugrubi-zid-o8\/\",\"name\":\"Valjak Expert Disperzija Polugrubi zid \u00d88 - Sugar Factory\",\"isPartOf\":{\"@id\":\"https:\/\/www.sugarfactory.hr\/#website\"},\"primaryImageOfPage\":{\"@id\":\"https:\/\/www.sugarfactory.hr\/proizvod\/accessories\/alati-za-bojanje-i-struganje\/valjak-expert-disperzija-polugrubi-zid-o8\/#primaryimage\"},\"image\":{\"@id\":\"https:\/\/www.sugarfactory.hr\/proizvod\/accessories\/alati-za-bojanje-i-struganje\/valjak-expert-disperzija-polugrubi-zid-o8\/#primaryimage\"},\"thumbnailUrl\":\"https:\/\/www.sugarfactory.hr\/wp-content\/uploads\/2025\/10\/985718b7c14248e4b30428c4230323d1.webp\",\"datePublished\":\"2025-10-29T11:16:09+00:00\",\"dateModified\":\"2026-04-08T08:26:09+00:00\",\"breadcrumb\":{\"@id\":\"https:\/\/www.sugarfactory.hr\/proizvod\/accessories\/alati-za-bojanje-i-struganje\/valjak-expert-disperzija-polugrubi-zid-o8\/#breadcrumb\"},\"inLanguage\":\"en-US\",\"potentialAction\":[{\"@type\":\"ReadAction\",\"target\":[\"https:\/\/www.sugarfactory.hr\/proizvod\/accessories\/alati-za-bojanje-i-struganje\/valjak-expert-disperzija-polugrubi-zid-o8\/\"]}]},{\"@type\":\"ImageObject\",\"inLanguage\":\"en-US\",\"@id\":\"https:\/\/www.sugarfactory.hr\/proizvod\/accessories\/alati-za-bojanje-i-struganje\/valjak-expert-disperzija-polugrubi-zid-o8\/#primaryimage\",\"url\":\"https:\/\/www.sugarfactory.hr\/wp-content\/uploads\/2025\/10\/985718b7c14248e4b30428c4230323d1.webp\",\"contentUrl\":\"https:\/\/www.sugarfactory.hr\/wp-content\/uploads\/2025\/10\/985718b7c14248e4b30428c4230323d1.webp\",\"width\":896,\"height\":1120},{\"@type\":\"BreadcrumbList\",\"@id\":\"https:\/\/www.sugarfactory.hr\/proizvod\/accessories\/alati-za-bojanje-i-struganje\/valjak-expert-disperzija-polugrubi-zid-o8\/#breadcrumb\",\"itemListElement\":[{\"@type\":\"ListItem\",\"position\":1,\"name\":\"Po\u010detna stranica\",\"item\":\"https:\/\/www.sugarfactory.hr\/\"},{\"@type\":\"ListItem\",\"position\":2,\"name\":\"Proizvodi\",\"item\":\"https:\/\/www.sugarfactory.hr\/shop\/\"},{\"@type\":\"ListItem\",\"position\":3,\"name\":\"Valjak Expert Disperzija Polugrubi zid \u00d88\"}]},{\"@type\":\"WebSite\",\"@id\":\"https:\/\/www.sugarfactory.hr\/#website\",\"url\":\"https:\/\/www.sugarfactory.hr\/\",\"name\":\"Sugar Factory\",\"description\":\"Create your sweetest pieces!\",\"potentialAction\":[{\"@type\":\"SearchAction\",\"target\":{\"@type\":\"EntryPoint\",\"urlTemplate\":\"https:\/\/www.sugarfactory.hr\/?s={search_term_string}\"},\"query-input\":{\"@type\":\"PropertyValueSpecification\",\"valueRequired\":true,\"valueName\":\"search_term_string\"}}],\"inLanguage\":\"en-US\"}]}<\/script>\n<!-- \/ Yoast SEO plugin. -->","yoast_head_json":{"title":"Valjak Expert Disperzija Polugrubi zid \u00d88 - Sugar Factory","robots":{"index":"index","follow":"follow","max-snippet":"max-snippet:-1","max-image-preview":"max-image-preview:large","max-video-preview":"max-video-preview:-1"},"canonical":"https:\/\/www.sugarfactory.hr\/en\/product-2\/accessories\/painting-and-scraping-tools\/valjak-expert-disperzija-polugrubi-zid-o8\/","og_locale":"en_US","og_type":"article","og_title":"Valjak Expert Disperzija Polugrubi zid \u00d88 - Sugar Factory","og_description":"Valjak Expert Disperzija Polugrubi zid \u00d88 dizajniran je za ravnomjerno nano\u0161enje disperzivnih i poludisperzivnih boja na polugrube povr\u0161ine, pru\u017eaju\u0107i profesionalne rezultate i savr\u0161eno prekrivanje. Izra\u0111en je od najkvalitetnije 100% poliamidne tkanine s duljinom vlakna od 18 mm, \u0161to omogu\u0107uje izvrsnu apsorpciju boje i efikasno prekrivanje bez kapanja i neravnina. Termofuzijska izrada osigurava dugotrajnost, stabilnost vlakana [&hellip;]","og_url":"https:\/\/www.sugarfactory.hr\/en\/product-2\/accessories\/painting-and-scraping-tools\/valjak-expert-disperzija-polugrubi-zid-o8\/","og_site_name":"Sugar Factory","article_modified_time":"2026-04-08T08:26:09+00:00","og_image":[{"width":896,"height":1120,"url":"https:\/\/www.sugarfactory.hr\/wp-content\/uploads\/2025\/10\/985718b7c14248e4b30428c4230323d1.webp","type":"image\/webp"}],"twitter_card":"summary_large_image","schema":{"@context":"https:\/\/schema.org","@graph":[{"@type":"WebPage","@id":"https:\/\/www.sugarfactory.hr\/proizvod\/accessories\/alati-za-bojanje-i-struganje\/valjak-expert-disperzija-polugrubi-zid-o8\/","url":"https:\/\/www.sugarfactory.hr\/proizvod\/accessories\/alati-za-bojanje-i-struganje\/valjak-expert-disperzija-polugrubi-zid-o8\/","name":"Valjak Expert Disperzija Polugrubi zid \u00d88 - Sugar Factory","isPartOf":{"@id":"https:\/\/www.sugarfactory.hr\/#website"},"primaryImageOfPage":{"@id":"https:\/\/www.sugarfactory.hr\/proizvod\/accessories\/alati-za-bojanje-i-struganje\/valjak-expert-disperzija-polugrubi-zid-o8\/#primaryimage"},"image":{"@id":"https:\/\/www.sugarfactory.hr\/proizvod\/accessories\/alati-za-bojanje-i-struganje\/valjak-expert-disperzija-polugrubi-zid-o8\/#primaryimage"},"thumbnailUrl":"https:\/\/www.sugarfactory.hr\/wp-content\/uploads\/2025\/10\/985718b7c14248e4b30428c4230323d1.webp","datePublished":"2025-10-29T11:16:09+00:00","dateModified":"2026-04-08T08:26:09+00:00","breadcrumb":{"@id":"https:\/\/www.sugarfactory.hr\/proizvod\/accessories\/alati-za-bojanje-i-struganje\/valjak-expert-disperzija-polugrubi-zid-o8\/#breadcrumb"},"inLanguage":"en-US","potentialAction":[{"@type":"ReadAction","target":["https:\/\/www.sugarfactory.hr\/proizvod\/accessories\/alati-za-bojanje-i-struganje\/valjak-expert-disperzija-polugrubi-zid-o8\/"]}]},{"@type":"ImageObject","inLanguage":"en-US","@id":"https:\/\/www.sugarfactory.hr\/proizvod\/accessories\/alati-za-bojanje-i-struganje\/valjak-expert-disperzija-polugrubi-zid-o8\/#primaryimage","url":"https:\/\/www.sugarfactory.hr\/wp-content\/uploads\/2025\/10\/985718b7c14248e4b30428c4230323d1.webp","contentUrl":"https:\/\/www.sugarfactory.hr\/wp-content\/uploads\/2025\/10\/985718b7c14248e4b30428c4230323d1.webp","width":896,"height":1120},{"@type":"BreadcrumbList","@id":"https:\/\/www.sugarfactory.hr\/proizvod\/accessories\/alati-za-bojanje-i-struganje\/valjak-expert-disperzija-polugrubi-zid-o8\/#breadcrumb","itemListElement":[{"@type":"ListItem","position":1,"name":"Po\u010detna stranica","item":"https:\/\/www.sugarfactory.hr\/"},{"@type":"ListItem","position":2,"name":"Proizvodi","item":"https:\/\/www.sugarfactory.hr\/shop\/"},{"@type":"ListItem","position":3,"name":"Valjak Expert Disperzija Polugrubi zid \u00d88"}]},{"@type":"WebSite","@id":"https:\/\/www.sugarfactory.hr\/#website","url":"https:\/\/www.sugarfactory.hr\/","name":"Sugar Factory","description":"Create your sweetest pieces!","potentialAction":[{"@type":"SearchAction","target":{"@type":"EntryPoint","urlTemplate":"https:\/\/www.sugarfactory.hr\/?s={search_term_string}"},"query-input":{"@type":"PropertyValueSpecification","valueRequired":true,"valueName":"search_term_string"}}],"inLanguage":"en-US"}]}},"_links":{"self":[{"href":"https:\/\/www.sugarfactory.hr\/en\/wp-json\/wp\/v2\/product\/13186","targetHints":{"allow":["GET"]}}],"collection":[{"href":"https:\/\/www.sugarfactory.hr\/en\/wp-json\/wp\/v2\/product"}],"about":[{"href":"https:\/\/www.sugarfactory.hr\/en\/wp-json\/wp\/v2\/types\/product"}],"wp:featuredmedia":[{"embeddable":true,"href":"https:\/\/www.sugarfactory.hr\/en\/wp-json\/wp\/v2\/media\/13189"}],"wp:attachment":[{"href":"https:\/\/www.sugarfactory.hr\/en\/wp-json\/wp\/v2\/media?parent=13186"}],"wp:term":[{"taxonomy":"product_brand","embeddable":true,"href":"https:\/\/www.sugarfactory.hr\/en\/wp-json\/wp\/v2\/product_brand?post=13186"},{"taxonomy":"product_cat","embeddable":true,"href":"https:\/\/www.sugarfactory.hr\/en\/wp-json\/wp\/v2\/product_cat?post=13186"},{"taxonomy":"product_tag","embeddable":true,"href":"https:\/\/www.sugarfactory.hr\/en\/wp-json\/wp\/v2\/product_tag?post=13186"}],"curies":[{"name":"wp","href":"https:\/\/api.w.org\/{rel}","templated":true}]}}