{"id":13192,"date":"2025-10-29T12:22:03","date_gmt":"2025-10-29T11:22:03","guid":{"rendered":"https:\/\/www.sugarfactory.hr\/?post_type=product&#038;p=13192"},"modified":"2026-04-08T09:26:09","modified_gmt":"2026-04-08T08:26:09","slug":"valjak-expert-akril-o8","status":"publish","type":"product","link":"https:\/\/www.sugarfactory.hr\/en\/product-2\/accessories\/valjak-expert-akril-o8\/","title":{"rendered":"Valjak Expert Akril \u00d88"},"content":{"rendered":"<p data-start=\"0\" data-end=\"159\"><strong data-start=\"0\" data-end=\"26\">Valjak Expert Akril \u00d88<\/strong> is designed for <strong data-start=\"44\" data-end=\"83\">ravnomjerno nano\u0161enje akrilnih boja<\/strong> i postizanje <strong data-start=\"97\" data-end=\"124\" data-is-only-node=\"\">veoma glatkog zavr\u0161etka<\/strong> na zidovima i drugim povr\u0161inama.<\/p>\n<p data-start=\"161\" data-end=\"430\">Izra\u0111en je od <strong data-start=\"175\" data-end=\"202\">100% mikrofiber tkanine<\/strong> s duljinom vlakna od 10 mm, \u0161to osigurava <strong data-start=\"245\" data-end=\"281\">glatko i precizno nano\u0161enje boje<\/strong> bez tragova ili otpadanja dla\u010dica. Termofuzijska izrada dodatno pove\u0107ava <strong data-start=\"355\" data-end=\"388\">trajnost i stabilnost vlakana<\/strong>, \u010dine\u0107i valjak izdr\u017eljivim i pouzdanim.<\/p>\n<p data-start=\"432\" data-end=\"587\" data-is-last-node=\"\" data-is-only-node=\"\"><strong data-start=\"432\" data-end=\"458\">Valjak Expert Akril \u00d88<\/strong> idealan je za profesionalne i ku\u0107ne korisnike koji tra\u017ee <strong data-start=\"516\" data-end=\"572\">besprijekoran izgled povr\u0161ine i jednostavnu primjenu<\/strong> akrilnih boja.<\/p>","protected":false},"excerpt":{"rendered":"<p>Valjak Expert Akril \u00d88 dizajniran je za ravnomjerno nano\u0161enje akrilnih boja i postizanje veoma glatkog zavr\u0161etka na zidovima i drugim povr\u0161inama. Izra\u0111en je od 100% mikrofiber tkanine s duljinom vlakna od 10 mm, \u0161to osigurava glatko i precizno nano\u0161enje boje bez tragova ili otpadanja dla\u010dica. Termofuzijska izrada dodatno pove\u0107ava trajnost i stabilnost vlakana, \u010dine\u0107i valjak [&hellip;]<\/p>","protected":false},"featured_media":13195,"template":"","meta":{"_acf_changed":false},"product_brand":[136],"product_cat":[21,86,135],"product_tag":[],"class_list":{"0":"post-13192","1":"product","2":"type-product","3":"status-publish","4":"has-post-thumbnail","6":"product_brand-beorol","7":"product_cat-accessories","8":"product_cat-alati-za-bojanje-i-struganje","9":"product_cat-export","11":"first","12":"instock","13":"shipping-taxable","14":"purchasable","15":"product-type-variable"},"acf":[],"yoast_head":"<!-- This site is optimized with the Yoast SEO plugin v26.3 - https:\/\/yoast.com\/wordpress\/plugins\/seo\/ -->\n<title>Valjak Expert Akril \u00d88 - Sugar Factory<\/title>\n<meta name=\"robots\" content=\"index, follow, max-snippet:-1, max-image-preview:large, max-video-preview:-1\" \/>\n<link rel=\"canonical\" href=\"https:\/\/www.sugarfactory.hr\/en\/product-2\/accessories\/valjak-expert-akril-o8\/\" \/>\n<meta property=\"og:locale\" content=\"en_US\" \/>\n<meta property=\"og:type\" content=\"article\" \/>\n<meta property=\"og:title\" content=\"Valjak Expert Akril \u00d88 - Sugar Factory\" \/>\n<meta property=\"og:description\" content=\"Valjak Expert Akril \u00d88 dizajniran je za ravnomjerno nano\u0161enje akrilnih boja i postizanje veoma glatkog zavr\u0161etka na zidovima i drugim povr\u0161inama. Izra\u0111en je od 100% mikrofiber tkanine s duljinom vlakna od 10 mm, \u0161to osigurava glatko i precizno nano\u0161enje boje bez tragova ili otpadanja dla\u010dica. Termofuzijska izrada dodatno pove\u0107ava trajnost i stabilnost vlakana, \u010dine\u0107i valjak [&hellip;]\" \/>\n<meta property=\"og:url\" content=\"https:\/\/www.sugarfactory.hr\/en\/product-2\/accessories\/valjak-expert-akril-o8\/\" \/>\n<meta property=\"og:site_name\" content=\"Sugar Factory\" \/>\n<meta property=\"article:modified_time\" content=\"2026-04-08T08:26:09+00:00\" \/>\n<meta property=\"og:image\" content=\"https:\/\/www.sugarfactory.hr\/wp-content\/uploads\/2025\/10\/cfc512f670ec46f89d283c463fa296ad.webp\" \/>\n\t<meta property=\"og:image:width\" content=\"896\" \/>\n\t<meta property=\"og:image:height\" content=\"1120\" \/>\n\t<meta property=\"og:image:type\" content=\"image\/webp\" \/>\n<meta name=\"twitter:card\" content=\"summary_large_image\" \/>\n<script type=\"application\/ld+json\" class=\"yoast-schema-graph\">{\"@context\":\"https:\/\/schema.org\",\"@graph\":[{\"@type\":\"WebPage\",\"@id\":\"https:\/\/www.sugarfactory.hr\/proizvod\/accessories\/valjak-expert-akril-o8\/\",\"url\":\"https:\/\/www.sugarfactory.hr\/proizvod\/accessories\/valjak-expert-akril-o8\/\",\"name\":\"Valjak Expert Akril \u00d88 - Sugar Factory\",\"isPartOf\":{\"@id\":\"https:\/\/www.sugarfactory.hr\/#website\"},\"primaryImageOfPage\":{\"@id\":\"https:\/\/www.sugarfactory.hr\/proizvod\/accessories\/valjak-expert-akril-o8\/#primaryimage\"},\"image\":{\"@id\":\"https:\/\/www.sugarfactory.hr\/proizvod\/accessories\/valjak-expert-akril-o8\/#primaryimage\"},\"thumbnailUrl\":\"https:\/\/www.sugarfactory.hr\/wp-content\/uploads\/2025\/10\/cfc512f670ec46f89d283c463fa296ad.webp\",\"datePublished\":\"2025-10-29T11:22:03+00:00\",\"dateModified\":\"2026-04-08T08:26:09+00:00\",\"breadcrumb\":{\"@id\":\"https:\/\/www.sugarfactory.hr\/proizvod\/accessories\/valjak-expert-akril-o8\/#breadcrumb\"},\"inLanguage\":\"en-US\",\"potentialAction\":[{\"@type\":\"ReadAction\",\"target\":[\"https:\/\/www.sugarfactory.hr\/proizvod\/accessories\/valjak-expert-akril-o8\/\"]}]},{\"@type\":\"ImageObject\",\"inLanguage\":\"en-US\",\"@id\":\"https:\/\/www.sugarfactory.hr\/proizvod\/accessories\/valjak-expert-akril-o8\/#primaryimage\",\"url\":\"https:\/\/www.sugarfactory.hr\/wp-content\/uploads\/2025\/10\/cfc512f670ec46f89d283c463fa296ad.webp\",\"contentUrl\":\"https:\/\/www.sugarfactory.hr\/wp-content\/uploads\/2025\/10\/cfc512f670ec46f89d283c463fa296ad.webp\",\"width\":896,\"height\":1120},{\"@type\":\"BreadcrumbList\",\"@id\":\"https:\/\/www.sugarfactory.hr\/proizvod\/accessories\/valjak-expert-akril-o8\/#breadcrumb\",\"itemListElement\":[{\"@type\":\"ListItem\",\"position\":1,\"name\":\"Po\u010detna stranica\",\"item\":\"https:\/\/www.sugarfactory.hr\/\"},{\"@type\":\"ListItem\",\"position\":2,\"name\":\"Proizvodi\",\"item\":\"https:\/\/www.sugarfactory.hr\/shop\/\"},{\"@type\":\"ListItem\",\"position\":3,\"name\":\"Valjak Expert Akril \u00d88\"}]},{\"@type\":\"WebSite\",\"@id\":\"https:\/\/www.sugarfactory.hr\/#website\",\"url\":\"https:\/\/www.sugarfactory.hr\/\",\"name\":\"Sugar Factory\",\"description\":\"Create your sweetest pieces!\",\"potentialAction\":[{\"@type\":\"SearchAction\",\"target\":{\"@type\":\"EntryPoint\",\"urlTemplate\":\"https:\/\/www.sugarfactory.hr\/?s={search_term_string}\"},\"query-input\":{\"@type\":\"PropertyValueSpecification\",\"valueRequired\":true,\"valueName\":\"search_term_string\"}}],\"inLanguage\":\"en-US\"}]}<\/script>\n<!-- \/ Yoast SEO plugin. -->","yoast_head_json":{"title":"Valjak Expert Akril \u00d88 - Sugar Factory","robots":{"index":"index","follow":"follow","max-snippet":"max-snippet:-1","max-image-preview":"max-image-preview:large","max-video-preview":"max-video-preview:-1"},"canonical":"https:\/\/www.sugarfactory.hr\/en\/product-2\/accessories\/valjak-expert-akril-o8\/","og_locale":"en_US","og_type":"article","og_title":"Valjak Expert Akril \u00d88 - Sugar Factory","og_description":"Valjak Expert Akril \u00d88 dizajniran je za ravnomjerno nano\u0161enje akrilnih boja i postizanje veoma glatkog zavr\u0161etka na zidovima i drugim povr\u0161inama. Izra\u0111en je od 100% mikrofiber tkanine s duljinom vlakna od 10 mm, \u0161to osigurava glatko i precizno nano\u0161enje boje bez tragova ili otpadanja dla\u010dica. Termofuzijska izrada dodatno pove\u0107ava trajnost i stabilnost vlakana, \u010dine\u0107i valjak [&hellip;]","og_url":"https:\/\/www.sugarfactory.hr\/en\/product-2\/accessories\/valjak-expert-akril-o8\/","og_site_name":"Sugar Factory","article_modified_time":"2026-04-08T08:26:09+00:00","og_image":[{"width":896,"height":1120,"url":"https:\/\/www.sugarfactory.hr\/wp-content\/uploads\/2025\/10\/cfc512f670ec46f89d283c463fa296ad.webp","type":"image\/webp"}],"twitter_card":"summary_large_image","schema":{"@context":"https:\/\/schema.org","@graph":[{"@type":"WebPage","@id":"https:\/\/www.sugarfactory.hr\/proizvod\/accessories\/valjak-expert-akril-o8\/","url":"https:\/\/www.sugarfactory.hr\/proizvod\/accessories\/valjak-expert-akril-o8\/","name":"Valjak Expert Akril \u00d88 - Sugar Factory","isPartOf":{"@id":"https:\/\/www.sugarfactory.hr\/#website"},"primaryImageOfPage":{"@id":"https:\/\/www.sugarfactory.hr\/proizvod\/accessories\/valjak-expert-akril-o8\/#primaryimage"},"image":{"@id":"https:\/\/www.sugarfactory.hr\/proizvod\/accessories\/valjak-expert-akril-o8\/#primaryimage"},"thumbnailUrl":"https:\/\/www.sugarfactory.hr\/wp-content\/uploads\/2025\/10\/cfc512f670ec46f89d283c463fa296ad.webp","datePublished":"2025-10-29T11:22:03+00:00","dateModified":"2026-04-08T08:26:09+00:00","breadcrumb":{"@id":"https:\/\/www.sugarfactory.hr\/proizvod\/accessories\/valjak-expert-akril-o8\/#breadcrumb"},"inLanguage":"en-US","potentialAction":[{"@type":"ReadAction","target":["https:\/\/www.sugarfactory.hr\/proizvod\/accessories\/valjak-expert-akril-o8\/"]}]},{"@type":"ImageObject","inLanguage":"en-US","@id":"https:\/\/www.sugarfactory.hr\/proizvod\/accessories\/valjak-expert-akril-o8\/#primaryimage","url":"https:\/\/www.sugarfactory.hr\/wp-content\/uploads\/2025\/10\/cfc512f670ec46f89d283c463fa296ad.webp","contentUrl":"https:\/\/www.sugarfactory.hr\/wp-content\/uploads\/2025\/10\/cfc512f670ec46f89d283c463fa296ad.webp","width":896,"height":1120},{"@type":"BreadcrumbList","@id":"https:\/\/www.sugarfactory.hr\/proizvod\/accessories\/valjak-expert-akril-o8\/#breadcrumb","itemListElement":[{"@type":"ListItem","position":1,"name":"Po\u010detna stranica","item":"https:\/\/www.sugarfactory.hr\/"},{"@type":"ListItem","position":2,"name":"Proizvodi","item":"https:\/\/www.sugarfactory.hr\/shop\/"},{"@type":"ListItem","position":3,"name":"Valjak Expert Akril \u00d88"}]},{"@type":"WebSite","@id":"https:\/\/www.sugarfactory.hr\/#website","url":"https:\/\/www.sugarfactory.hr\/","name":"Sugar Factory","description":"Create your sweetest pieces!","potentialAction":[{"@type":"SearchAction","target":{"@type":"EntryPoint","urlTemplate":"https:\/\/www.sugarfactory.hr\/?s={search_term_string}"},"query-input":{"@type":"PropertyValueSpecification","valueRequired":true,"valueName":"search_term_string"}}],"inLanguage":"en-US"}]}},"_links":{"self":[{"href":"https:\/\/www.sugarfactory.hr\/en\/wp-json\/wp\/v2\/product\/13192","targetHints":{"allow":["GET"]}}],"collection":[{"href":"https:\/\/www.sugarfactory.hr\/en\/wp-json\/wp\/v2\/product"}],"about":[{"href":"https:\/\/www.sugarfactory.hr\/en\/wp-json\/wp\/v2\/types\/product"}],"wp:featuredmedia":[{"embeddable":true,"href":"https:\/\/www.sugarfactory.hr\/en\/wp-json\/wp\/v2\/media\/13195"}],"wp:attachment":[{"href":"https:\/\/www.sugarfactory.hr\/en\/wp-json\/wp\/v2\/media?parent=13192"}],"wp:term":[{"taxonomy":"product_brand","embeddable":true,"href":"https:\/\/www.sugarfactory.hr\/en\/wp-json\/wp\/v2\/product_brand?post=13192"},{"taxonomy":"product_cat","embeddable":true,"href":"https:\/\/www.sugarfactory.hr\/en\/wp-json\/wp\/v2\/product_cat?post=13192"},{"taxonomy":"product_tag","embeddable":true,"href":"https:\/\/www.sugarfactory.hr\/en\/wp-json\/wp\/v2\/product_tag?post=13192"}],"curies":[{"name":"wp","href":"https:\/\/api.w.org\/{rel}","templated":true}]}}