{"id":14037,"date":"2026-03-20T17:22:26","date_gmt":"2026-03-20T16:22:26","guid":{"rendered":"https:\/\/www.sugarfactory.hr\/?post_type=product&#038;p=14037"},"modified":"2026-04-17T12:53:15","modified_gmt":"2026-04-17T11:53:15","slug":"loop-hydro-400ml","status":"publish","type":"product","link":"https:\/\/www.sugarfactory.hr\/en\/product-2\/sprays\/loop-hydro-400ml\/","title":{"rendered":"Loop Hydro 400ml"},"content":{"rendered":"<p>Kreativnost bez kompromisa, uz puno po\u0161tovanje prema okoli\u0161u.<br \/>\nLoop Hydro otvara novo poglavlje u slikanju na bazi vode, nude\u0107i inovativan raspon sprejeva koji kombiniraju odr\u017eivost, svestranost i performanse.<br \/>\nNjihova napredna formulacija osigurava sigurnu primjenu i iznimnu kvalitetu boje.<\/p>","protected":false},"excerpt":{"rendered":"<p>Kreativnost bez kompromisa, uz puno po\u0161tovanje prema okoli\u0161u. Loop Hydro otvara novo poglavlje u slikanju na bazi vode, nude\u0107i inovativan raspon sprejeva koji kombiniraju odr\u017eivost, svestranost i performanse. Njihova napredna formulacija osigurava sigurnu primjenu i iznimnu kvalitetu boje.<\/p>","protected":false},"featured_media":14124,"template":"","meta":{"_acf_changed":false},"product_brand":[103],"product_cat":[16,75],"product_tag":[],"class_list":{"0":"post-14037","1":"product","2":"type-product","3":"status-publish","4":"has-post-thumbnail","6":"product_brand-loop","7":"product_cat-sprejevi","8":"product_cat-graffiti","10":"first","11":"instock","12":"shipping-taxable","13":"purchasable","14":"product-type-variable"},"acf":[],"yoast_head":"<!-- This site is optimized with the Yoast SEO plugin v26.3 - https:\/\/yoast.com\/wordpress\/plugins\/seo\/ -->\n<title>Loop Hydro 400ml - Sugar Factory<\/title>\n<meta name=\"robots\" content=\"index, follow, max-snippet:-1, max-image-preview:large, max-video-preview:-1\" \/>\n<link rel=\"canonical\" href=\"https:\/\/www.sugarfactory.hr\/en\/product-2\/sprays\/loop-hydro-400ml\/\" \/>\n<meta property=\"og:locale\" content=\"en_US\" \/>\n<meta property=\"og:type\" content=\"article\" \/>\n<meta property=\"og:title\" content=\"Loop Hydro 400ml - Sugar Factory\" \/>\n<meta property=\"og:description\" content=\"Kreativnost bez kompromisa, uz puno po\u0161tovanje prema okoli\u0161u. Loop Hydro otvara novo poglavlje u slikanju na bazi vode, nude\u0107i inovativan raspon sprejeva koji kombiniraju odr\u017eivost, svestranost i performanse. Njihova napredna formulacija osigurava sigurnu primjenu i iznimnu kvalitetu boje.\" \/>\n<meta property=\"og:url\" content=\"https:\/\/www.sugarfactory.hr\/en\/product-2\/sprays\/loop-hydro-400ml\/\" \/>\n<meta property=\"og:site_name\" content=\"Sugar Factory\" \/>\n<meta property=\"article:modified_time\" content=\"2026-04-17T11:53:15+00:00\" \/>\n<meta property=\"og:image\" content=\"https:\/\/www.sugarfactory.hr\/wp-content\/uploads\/2026\/03\/110fd717b2d843baab3f816941dac6db.webp\" \/>\n\t<meta property=\"og:image:width\" content=\"1344\" \/>\n\t<meta property=\"og:image:height\" content=\"1344\" \/>\n\t<meta property=\"og:image:type\" content=\"image\/webp\" \/>\n<meta name=\"twitter:card\" content=\"summary_large_image\" \/>\n<meta name=\"twitter:label1\" content=\"Est. reading time\" \/>\n\t<meta name=\"twitter:data1\" content=\"1 minute\" \/>\n<script type=\"application\/ld+json\" class=\"yoast-schema-graph\">{\"@context\":\"https:\/\/schema.org\",\"@graph\":[{\"@type\":\"WebPage\",\"@id\":\"https:\/\/www.sugarfactory.hr\/proizvod\/sprejevi\/loop-hydro-400ml\/\",\"url\":\"https:\/\/www.sugarfactory.hr\/proizvod\/sprejevi\/loop-hydro-400ml\/\",\"name\":\"Loop Hydro 400ml - Sugar Factory\",\"isPartOf\":{\"@id\":\"https:\/\/www.sugarfactory.hr\/#website\"},\"primaryImageOfPage\":{\"@id\":\"https:\/\/www.sugarfactory.hr\/proizvod\/sprejevi\/loop-hydro-400ml\/#primaryimage\"},\"image\":{\"@id\":\"https:\/\/www.sugarfactory.hr\/proizvod\/sprejevi\/loop-hydro-400ml\/#primaryimage\"},\"thumbnailUrl\":\"https:\/\/www.sugarfactory.hr\/wp-content\/uploads\/2026\/03\/110fd717b2d843baab3f816941dac6db.webp\",\"datePublished\":\"2026-03-20T16:22:26+00:00\",\"dateModified\":\"2026-04-17T11:53:15+00:00\",\"breadcrumb\":{\"@id\":\"https:\/\/www.sugarfactory.hr\/proizvod\/sprejevi\/loop-hydro-400ml\/#breadcrumb\"},\"inLanguage\":\"en-US\",\"potentialAction\":[{\"@type\":\"ReadAction\",\"target\":[\"https:\/\/www.sugarfactory.hr\/proizvod\/sprejevi\/loop-hydro-400ml\/\"]}]},{\"@type\":\"ImageObject\",\"inLanguage\":\"en-US\",\"@id\":\"https:\/\/www.sugarfactory.hr\/proizvod\/sprejevi\/loop-hydro-400ml\/#primaryimage\",\"url\":\"https:\/\/www.sugarfactory.hr\/wp-content\/uploads\/2026\/03\/110fd717b2d843baab3f816941dac6db.webp\",\"contentUrl\":\"https:\/\/www.sugarfactory.hr\/wp-content\/uploads\/2026\/03\/110fd717b2d843baab3f816941dac6db.webp\",\"width\":1344,\"height\":1344},{\"@type\":\"BreadcrumbList\",\"@id\":\"https:\/\/www.sugarfactory.hr\/proizvod\/sprejevi\/loop-hydro-400ml\/#breadcrumb\",\"itemListElement\":[{\"@type\":\"ListItem\",\"position\":1,\"name\":\"Po\u010detna stranica\",\"item\":\"https:\/\/www.sugarfactory.hr\/\"},{\"@type\":\"ListItem\",\"position\":2,\"name\":\"Proizvodi\",\"item\":\"https:\/\/www.sugarfactory.hr\/shop\/\"},{\"@type\":\"ListItem\",\"position\":3,\"name\":\"Loop Hydro 400ml\"}]},{\"@type\":\"WebSite\",\"@id\":\"https:\/\/www.sugarfactory.hr\/#website\",\"url\":\"https:\/\/www.sugarfactory.hr\/\",\"name\":\"Sugar Factory\",\"description\":\"Create your sweetest pieces!\",\"potentialAction\":[{\"@type\":\"SearchAction\",\"target\":{\"@type\":\"EntryPoint\",\"urlTemplate\":\"https:\/\/www.sugarfactory.hr\/?s={search_term_string}\"},\"query-input\":{\"@type\":\"PropertyValueSpecification\",\"valueRequired\":true,\"valueName\":\"search_term_string\"}}],\"inLanguage\":\"en-US\"}]}<\/script>\n<!-- \/ Yoast SEO plugin. -->","yoast_head_json":{"title":"Loop Hydro 400ml - Sugar Factory","robots":{"index":"index","follow":"follow","max-snippet":"max-snippet:-1","max-image-preview":"max-image-preview:large","max-video-preview":"max-video-preview:-1"},"canonical":"https:\/\/www.sugarfactory.hr\/en\/product-2\/sprays\/loop-hydro-400ml\/","og_locale":"en_US","og_type":"article","og_title":"Loop Hydro 400ml - Sugar Factory","og_description":"Kreativnost bez kompromisa, uz puno po\u0161tovanje prema okoli\u0161u. Loop Hydro otvara novo poglavlje u slikanju na bazi vode, nude\u0107i inovativan raspon sprejeva koji kombiniraju odr\u017eivost, svestranost i performanse. Njihova napredna formulacija osigurava sigurnu primjenu i iznimnu kvalitetu boje.","og_url":"https:\/\/www.sugarfactory.hr\/en\/product-2\/sprays\/loop-hydro-400ml\/","og_site_name":"Sugar Factory","article_modified_time":"2026-04-17T11:53:15+00:00","og_image":[{"width":1344,"height":1344,"url":"https:\/\/www.sugarfactory.hr\/wp-content\/uploads\/2026\/03\/110fd717b2d843baab3f816941dac6db.webp","type":"image\/webp"}],"twitter_card":"summary_large_image","twitter_misc":{"Est. reading time":"1 minute"},"schema":{"@context":"https:\/\/schema.org","@graph":[{"@type":"WebPage","@id":"https:\/\/www.sugarfactory.hr\/proizvod\/sprejevi\/loop-hydro-400ml\/","url":"https:\/\/www.sugarfactory.hr\/proizvod\/sprejevi\/loop-hydro-400ml\/","name":"Loop Hydro 400ml - Sugar Factory","isPartOf":{"@id":"https:\/\/www.sugarfactory.hr\/#website"},"primaryImageOfPage":{"@id":"https:\/\/www.sugarfactory.hr\/proizvod\/sprejevi\/loop-hydro-400ml\/#primaryimage"},"image":{"@id":"https:\/\/www.sugarfactory.hr\/proizvod\/sprejevi\/loop-hydro-400ml\/#primaryimage"},"thumbnailUrl":"https:\/\/www.sugarfactory.hr\/wp-content\/uploads\/2026\/03\/110fd717b2d843baab3f816941dac6db.webp","datePublished":"2026-03-20T16:22:26+00:00","dateModified":"2026-04-17T11:53:15+00:00","breadcrumb":{"@id":"https:\/\/www.sugarfactory.hr\/proizvod\/sprejevi\/loop-hydro-400ml\/#breadcrumb"},"inLanguage":"en-US","potentialAction":[{"@type":"ReadAction","target":["https:\/\/www.sugarfactory.hr\/proizvod\/sprejevi\/loop-hydro-400ml\/"]}]},{"@type":"ImageObject","inLanguage":"en-US","@id":"https:\/\/www.sugarfactory.hr\/proizvod\/sprejevi\/loop-hydro-400ml\/#primaryimage","url":"https:\/\/www.sugarfactory.hr\/wp-content\/uploads\/2026\/03\/110fd717b2d843baab3f816941dac6db.webp","contentUrl":"https:\/\/www.sugarfactory.hr\/wp-content\/uploads\/2026\/03\/110fd717b2d843baab3f816941dac6db.webp","width":1344,"height":1344},{"@type":"BreadcrumbList","@id":"https:\/\/www.sugarfactory.hr\/proizvod\/sprejevi\/loop-hydro-400ml\/#breadcrumb","itemListElement":[{"@type":"ListItem","position":1,"name":"Po\u010detna stranica","item":"https:\/\/www.sugarfactory.hr\/"},{"@type":"ListItem","position":2,"name":"Proizvodi","item":"https:\/\/www.sugarfactory.hr\/shop\/"},{"@type":"ListItem","position":3,"name":"Loop Hydro 400ml"}]},{"@type":"WebSite","@id":"https:\/\/www.sugarfactory.hr\/#website","url":"https:\/\/www.sugarfactory.hr\/","name":"Sugar Factory","description":"Create your sweetest pieces!","potentialAction":[{"@type":"SearchAction","target":{"@type":"EntryPoint","urlTemplate":"https:\/\/www.sugarfactory.hr\/?s={search_term_string}"},"query-input":{"@type":"PropertyValueSpecification","valueRequired":true,"valueName":"search_term_string"}}],"inLanguage":"en-US"}]}},"_links":{"self":[{"href":"https:\/\/www.sugarfactory.hr\/en\/wp-json\/wp\/v2\/product\/14037","targetHints":{"allow":["GET"]}}],"collection":[{"href":"https:\/\/www.sugarfactory.hr\/en\/wp-json\/wp\/v2\/product"}],"about":[{"href":"https:\/\/www.sugarfactory.hr\/en\/wp-json\/wp\/v2\/types\/product"}],"wp:featuredmedia":[{"embeddable":true,"href":"https:\/\/www.sugarfactory.hr\/en\/wp-json\/wp\/v2\/media\/14124"}],"wp:attachment":[{"href":"https:\/\/www.sugarfactory.hr\/en\/wp-json\/wp\/v2\/media?parent=14037"}],"wp:term":[{"taxonomy":"product_brand","embeddable":true,"href":"https:\/\/www.sugarfactory.hr\/en\/wp-json\/wp\/v2\/product_brand?post=14037"},{"taxonomy":"product_cat","embeddable":true,"href":"https:\/\/www.sugarfactory.hr\/en\/wp-json\/wp\/v2\/product_cat?post=14037"},{"taxonomy":"product_tag","embeddable":true,"href":"https:\/\/www.sugarfactory.hr\/en\/wp-json\/wp\/v2\/product_tag?post=14037"}],"curies":[{"name":"wp","href":"https:\/\/api.w.org\/{rel}","templated":true}]}}