{"id":1695,"date":"2021-05-19T08:56:05","date_gmt":"2021-05-19T08:56:05","guid":{"rendered":"https:\/\/www.sugarfactory.hr\/?post_type=product&#038;p=1695"},"modified":"2026-04-17T12:53:09","modified_gmt":"2026-04-17T11:53:09","slug":"crepe-tape-texo-644","status":"publish","type":"product","link":"https:\/\/www.sugarfactory.hr\/en\/product-2\/accessories\/painting-and-scraping-tools\/crepe-tape-texo-644\/","title":{"rendered":"Crepe tape Texo 644"},"content":{"rendered":"<p data-start=\"0\" data-end=\"143\"><strong data-start=\"0\" data-end=\"23\">Crepe tape Texo 644<\/strong> is <strong data-start=\"27\" data-end=\"54\" data-is-only-node=\"\">ljepljiva papirna traka<\/strong> dizajnirana za precizno i pouzdano <strong data-start=\"90\" data-end=\"123\">maskiranje i za\u0161titu povr\u0161ina<\/strong> prilikom bojanja.<\/p>\n<p data-start=\"145\" data-end=\"475\" data-is-last-node=\"\" data-is-only-node=\"\">Otporna je na temperature do <strong data-start=\"174\" data-end=\"182\">60\u00b0C<\/strong>, \u0161to je \u010dini pogodnom za <strong data-start=\"208\" data-end=\"238\">unutarnje i vanjske radove<\/strong>, uklju\u010duju\u0107i zidove, stropove i detalje na povr\u0161inama osjetljivim na boju.<br data-start=\"313\" data-end=\"316\" \/>Dostupna u \u0161irinama: <strong data-start=\"337\" data-end=\"382\">19 mm, 25 mm, 30 mm, 38 mm, 50 mm i 75 mm<\/strong>, omogu\u0107uje <strong data-start=\"394\" data-end=\"448\">fleksibilnu primjenu i precizno oblikovanje linija<\/strong> za profesionalni rezultat.<\/p>","protected":false},"excerpt":{"rendered":"<p>Krep traka Texo 644 je ljepljiva papirna traka dizajnirana za precizno i pouzdano maskiranje i za\u0161titu povr\u0161ina prilikom bojanja. Otporna je na temperature do 60\u00b0C, \u0161to je \u010dini pogodnom za unutarnje i vanjske radove, uklju\u010duju\u0107i zidove, stropove i detalje na povr\u0161inama osjetljivim na boju.Dostupna u \u0161irinama: 19 mm, 25 mm, 30 mm, 38 mm, 50 [&hellip;]<\/p>","protected":false},"featured_media":12553,"template":"","meta":{"_acf_changed":false},"product_brand":[128],"product_cat":[21,86],"product_tag":[],"class_list":{"0":"post-1695","1":"product","2":"type-product","3":"status-publish","4":"has-post-thumbnail","6":"product_brand-texo","7":"product_cat-accessories","8":"product_cat-alati-za-bojanje-i-struganje","10":"first","11":"outofstock","12":"shipping-taxable","13":"purchasable","14":"product-type-variable"},"acf":[],"yoast_head":"<!-- This site is optimized with the Yoast SEO plugin v26.3 - https:\/\/yoast.com\/wordpress\/plugins\/seo\/ -->\n<title>Krep traka Texo 644 - Sugar Factory<\/title>\n<meta name=\"robots\" content=\"index, follow, max-snippet:-1, max-image-preview:large, max-video-preview:-1\" \/>\n<link rel=\"canonical\" href=\"https:\/\/www.sugarfactory.hr\/en\/product-2\/accessories\/painting-and-scraping-tools\/crepe-tape-texo-644\/\" \/>\n<meta property=\"og:locale\" content=\"en_US\" \/>\n<meta property=\"og:type\" content=\"article\" \/>\n<meta property=\"og:title\" content=\"Krep traka Texo 644 - Sugar Factory\" \/>\n<meta property=\"og:description\" content=\"Krep traka Texo 644 je ljepljiva papirna traka dizajnirana za precizno i pouzdano maskiranje i za\u0161titu povr\u0161ina prilikom bojanja. Otporna je na temperature do 60\u00b0C, \u0161to je \u010dini pogodnom za unutarnje i vanjske radove, uklju\u010duju\u0107i zidove, stropove i detalje na povr\u0161inama osjetljivim na boju.Dostupna u \u0161irinama: 19 mm, 25 mm, 30 mm, 38 mm, 50 [&hellip;]\" \/>\n<meta property=\"og:url\" content=\"https:\/\/www.sugarfactory.hr\/en\/product-2\/accessories\/painting-and-scraping-tools\/crepe-tape-texo-644\/\" \/>\n<meta property=\"og:site_name\" content=\"Sugar Factory\" \/>\n<meta property=\"article:modified_time\" content=\"2026-04-17T11:53:09+00:00\" \/>\n<meta property=\"og:image\" content=\"https:\/\/www.sugarfactory.hr\/wp-content\/uploads\/2021\/05\/Krep-traka-Texo-644-1.webp\" \/>\n\t<meta property=\"og:image:width\" content=\"896\" \/>\n\t<meta property=\"og:image:height\" content=\"1120\" \/>\n\t<meta property=\"og:image:type\" content=\"image\/webp\" \/>\n<meta name=\"twitter:card\" content=\"summary_large_image\" \/>\n<script type=\"application\/ld+json\" class=\"yoast-schema-graph\">{\"@context\":\"https:\/\/schema.org\",\"@graph\":[{\"@type\":\"WebPage\",\"@id\":\"https:\/\/www.sugarfactory.hr\/proizvod\/accessories\/alati-za-bojanje-i-struganje\/krep-traka-texo-644\/\",\"url\":\"https:\/\/www.sugarfactory.hr\/proizvod\/accessories\/alati-za-bojanje-i-struganje\/krep-traka-texo-644\/\",\"name\":\"Krep traka Texo 644 - Sugar Factory\",\"isPartOf\":{\"@id\":\"https:\/\/www.sugarfactory.hr\/#website\"},\"primaryImageOfPage\":{\"@id\":\"https:\/\/www.sugarfactory.hr\/proizvod\/accessories\/alati-za-bojanje-i-struganje\/krep-traka-texo-644\/#primaryimage\"},\"image\":{\"@id\":\"https:\/\/www.sugarfactory.hr\/proizvod\/accessories\/alati-za-bojanje-i-struganje\/krep-traka-texo-644\/#primaryimage\"},\"thumbnailUrl\":\"https:\/\/www.sugarfactory.hr\/wp-content\/uploads\/2021\/05\/Krep-traka-Texo-644-1.webp\",\"datePublished\":\"2021-05-19T08:56:05+00:00\",\"dateModified\":\"2026-04-17T11:53:09+00:00\",\"breadcrumb\":{\"@id\":\"https:\/\/www.sugarfactory.hr\/proizvod\/accessories\/alati-za-bojanje-i-struganje\/krep-traka-texo-644\/#breadcrumb\"},\"inLanguage\":\"en-US\",\"potentialAction\":[{\"@type\":\"ReadAction\",\"target\":[\"https:\/\/www.sugarfactory.hr\/proizvod\/accessories\/alati-za-bojanje-i-struganje\/krep-traka-texo-644\/\"]}]},{\"@type\":\"ImageObject\",\"inLanguage\":\"en-US\",\"@id\":\"https:\/\/www.sugarfactory.hr\/proizvod\/accessories\/alati-za-bojanje-i-struganje\/krep-traka-texo-644\/#primaryimage\",\"url\":\"https:\/\/www.sugarfactory.hr\/wp-content\/uploads\/2021\/05\/Krep-traka-Texo-644-1.webp\",\"contentUrl\":\"https:\/\/www.sugarfactory.hr\/wp-content\/uploads\/2021\/05\/Krep-traka-Texo-644-1.webp\",\"width\":896,\"height\":1120},{\"@type\":\"BreadcrumbList\",\"@id\":\"https:\/\/www.sugarfactory.hr\/proizvod\/accessories\/alati-za-bojanje-i-struganje\/krep-traka-texo-644\/#breadcrumb\",\"itemListElement\":[{\"@type\":\"ListItem\",\"position\":1,\"name\":\"Po\u010detna stranica\",\"item\":\"https:\/\/www.sugarfactory.hr\/\"},{\"@type\":\"ListItem\",\"position\":2,\"name\":\"Proizvodi\",\"item\":\"https:\/\/www.sugarfactory.hr\/shop\/\"},{\"@type\":\"ListItem\",\"position\":3,\"name\":\"Krep traka Texo 644\"}]},{\"@type\":\"WebSite\",\"@id\":\"https:\/\/www.sugarfactory.hr\/#website\",\"url\":\"https:\/\/www.sugarfactory.hr\/\",\"name\":\"Sugar Factory\",\"description\":\"Create your sweetest pieces!\",\"potentialAction\":[{\"@type\":\"SearchAction\",\"target\":{\"@type\":\"EntryPoint\",\"urlTemplate\":\"https:\/\/www.sugarfactory.hr\/?s={search_term_string}\"},\"query-input\":{\"@type\":\"PropertyValueSpecification\",\"valueRequired\":true,\"valueName\":\"search_term_string\"}}],\"inLanguage\":\"en-US\"}]}<\/script>\n<!-- \/ Yoast SEO plugin. -->","yoast_head_json":{"title":"Crepe tape Texo 644 - Sugar Factory","robots":{"index":"index","follow":"follow","max-snippet":"max-snippet:-1","max-image-preview":"max-image-preview:large","max-video-preview":"max-video-preview:-1"},"canonical":"https:\/\/www.sugarfactory.hr\/en\/product-2\/accessories\/painting-and-scraping-tools\/crepe-tape-texo-644\/","og_locale":"en_US","og_type":"article","og_title":"Krep traka Texo 644 - Sugar Factory","og_description":"Krep traka Texo 644 je ljepljiva papirna traka dizajnirana za precizno i pouzdano maskiranje i za\u0161titu povr\u0161ina prilikom bojanja. Otporna je na temperature do 60\u00b0C, \u0161to je \u010dini pogodnom za unutarnje i vanjske radove, uklju\u010duju\u0107i zidove, stropove i detalje na povr\u0161inama osjetljivim na boju.Dostupna u \u0161irinama: 19 mm, 25 mm, 30 mm, 38 mm, 50 [&hellip;]","og_url":"https:\/\/www.sugarfactory.hr\/en\/product-2\/accessories\/painting-and-scraping-tools\/crepe-tape-texo-644\/","og_site_name":"Sugar Factory","article_modified_time":"2026-04-17T11:53:09+00:00","og_image":[{"width":896,"height":1120,"url":"https:\/\/www.sugarfactory.hr\/wp-content\/uploads\/2021\/05\/Krep-traka-Texo-644-1.webp","type":"image\/webp"}],"twitter_card":"summary_large_image","schema":{"@context":"https:\/\/schema.org","@graph":[{"@type":"WebPage","@id":"https:\/\/www.sugarfactory.hr\/proizvod\/accessories\/alati-za-bojanje-i-struganje\/krep-traka-texo-644\/","url":"https:\/\/www.sugarfactory.hr\/proizvod\/accessories\/alati-za-bojanje-i-struganje\/krep-traka-texo-644\/","name":"Crepe tape Texo 644 - Sugar Factory","isPartOf":{"@id":"https:\/\/www.sugarfactory.hr\/#website"},"primaryImageOfPage":{"@id":"https:\/\/www.sugarfactory.hr\/proizvod\/accessories\/alati-za-bojanje-i-struganje\/krep-traka-texo-644\/#primaryimage"},"image":{"@id":"https:\/\/www.sugarfactory.hr\/proizvod\/accessories\/alati-za-bojanje-i-struganje\/krep-traka-texo-644\/#primaryimage"},"thumbnailUrl":"https:\/\/www.sugarfactory.hr\/wp-content\/uploads\/2021\/05\/Krep-traka-Texo-644-1.webp","datePublished":"2021-05-19T08:56:05+00:00","dateModified":"2026-04-17T11:53:09+00:00","breadcrumb":{"@id":"https:\/\/www.sugarfactory.hr\/proizvod\/accessories\/alati-za-bojanje-i-struganje\/krep-traka-texo-644\/#breadcrumb"},"inLanguage":"en-US","potentialAction":[{"@type":"ReadAction","target":["https:\/\/www.sugarfactory.hr\/proizvod\/accessories\/alati-za-bojanje-i-struganje\/krep-traka-texo-644\/"]}]},{"@type":"ImageObject","inLanguage":"en-US","@id":"https:\/\/www.sugarfactory.hr\/proizvod\/accessories\/alati-za-bojanje-i-struganje\/krep-traka-texo-644\/#primaryimage","url":"https:\/\/www.sugarfactory.hr\/wp-content\/uploads\/2021\/05\/Krep-traka-Texo-644-1.webp","contentUrl":"https:\/\/www.sugarfactory.hr\/wp-content\/uploads\/2021\/05\/Krep-traka-Texo-644-1.webp","width":896,"height":1120},{"@type":"BreadcrumbList","@id":"https:\/\/www.sugarfactory.hr\/proizvod\/accessories\/alati-za-bojanje-i-struganje\/krep-traka-texo-644\/#breadcrumb","itemListElement":[{"@type":"ListItem","position":1,"name":"Po\u010detna stranica","item":"https:\/\/www.sugarfactory.hr\/"},{"@type":"ListItem","position":2,"name":"Proizvodi","item":"https:\/\/www.sugarfactory.hr\/shop\/"},{"@type":"ListItem","position":3,"name":"Krep traka Texo 644"}]},{"@type":"WebSite","@id":"https:\/\/www.sugarfactory.hr\/#website","url":"https:\/\/www.sugarfactory.hr\/","name":"Sugar Factory","description":"Create your sweetest pieces!","potentialAction":[{"@type":"SearchAction","target":{"@type":"EntryPoint","urlTemplate":"https:\/\/www.sugarfactory.hr\/?s={search_term_string}"},"query-input":{"@type":"PropertyValueSpecification","valueRequired":true,"valueName":"search_term_string"}}],"inLanguage":"en-US"}]}},"_links":{"self":[{"href":"https:\/\/www.sugarfactory.hr\/en\/wp-json\/wp\/v2\/product\/1695","targetHints":{"allow":["GET"]}}],"collection":[{"href":"https:\/\/www.sugarfactory.hr\/en\/wp-json\/wp\/v2\/product"}],"about":[{"href":"https:\/\/www.sugarfactory.hr\/en\/wp-json\/wp\/v2\/types\/product"}],"wp:featuredmedia":[{"embeddable":true,"href":"https:\/\/www.sugarfactory.hr\/en\/wp-json\/wp\/v2\/media\/12553"}],"wp:attachment":[{"href":"https:\/\/www.sugarfactory.hr\/en\/wp-json\/wp\/v2\/media?parent=1695"}],"wp:term":[{"taxonomy":"product_brand","embeddable":true,"href":"https:\/\/www.sugarfactory.hr\/en\/wp-json\/wp\/v2\/product_brand?post=1695"},{"taxonomy":"product_cat","embeddable":true,"href":"https:\/\/www.sugarfactory.hr\/en\/wp-json\/wp\/v2\/product_cat?post=1695"},{"taxonomy":"product_tag","embeddable":true,"href":"https:\/\/www.sugarfactory.hr\/en\/wp-json\/wp\/v2\/product_tag?post=1695"}],"curies":[{"name":"wp","href":"https:\/\/api.w.org\/{rel}","templated":true}]}}