{"id":1992,"date":"2021-08-17T13:56:18","date_gmt":"2021-08-17T13:56:18","guid":{"rendered":"https:\/\/www.sugarfactory.hr\/?post_type=product&#038;p=1992"},"modified":"2026-04-17T12:53:10","modified_gmt":"2026-04-17T11:53:10","slug":"marker-uni-posca-pc-8k","status":"publish","type":"product","link":"https:\/\/www.sugarfactory.hr\/en\/product-2\/markers\/postmarks\/marker-uni-posca-pc-8k\/","title":{"rendered":"Posca PC-8K"},"content":{"rendered":"<p data-start=\"64\" data-end=\"296\"><strong data-start=\"115\" data-end=\"130\">Posca PC-8K<\/strong> pripada najpoznatijoj svjetskoj liniji markera za <strong data-start=\"181\" data-end=\"200\">hobby and painting<\/strong>, a odlikuje se <strong data-start=\"216\" data-end=\"255\">\u0161irokim, koso rezanim vrhom od 8 mm<\/strong>, idealnim za sna\u017ene i precizne poteze.<\/p>\n<p data-start=\"298\" data-end=\"481\">Boje se mogu <strong data-start=\"311\" data-end=\"323\">to mix<\/strong> radi dobivanja novih nijansi, a na glatkim, neporoznim povr\u0161inama lako se bri\u0161u. Kada se ispis fiksira <strong data-start=\"427\" data-end=\"462\">toplinom ili za\u0161titnim premazom<\/strong>, postaje trajan.<\/p>\n<p data-start=\"483\" data-end=\"660\">Marker uses <strong data-start=\"498\" data-end=\"533\">felt-tip tip activation system<\/strong> \u2013 prije prve uporabe potrebno ga je nekoliko puta pritisnuti da bi tinta natopila vrh, \u010dime zapo\u010dinje njegov vijek trajanja.<\/p>\n<ul data-start=\"662\" data-end=\"938\">\n<li data-start=\"662\" data-end=\"691\">\n<p data-start=\"664\" data-end=\"691\"><strong data-start=\"664\" data-end=\"684\">Line thickness:<\/strong> 8 mm<\/p>\n<\/li>\n<li data-start=\"692\" data-end=\"726\">\n<p data-start=\"694\" data-end=\"726\"><strong data-start=\"694\" data-end=\"712\">Print length:<\/strong> preko 200 m<\/p>\n<\/li>\n<li data-start=\"727\" data-end=\"765\">\n<p data-start=\"729\" data-end=\"765\"><strong data-start=\"729\" data-end=\"749\">Drying time:<\/strong> 10\u201320 seconds<\/p>\n<\/li>\n<li data-start=\"766\" data-end=\"811\">\n<p data-start=\"768\" data-end=\"811\"><strong data-start=\"768\" data-end=\"787\">Shelf life:<\/strong> 2 years from opening.<\/p>\n<\/li>\n<li data-start=\"812\" data-end=\"840\">\n<p data-start=\"814\" data-end=\"840\"><strong data-start=\"814\" data-end=\"832\">Ink content:<\/strong> 17 ml<\/p>\n<\/li>\n<li data-start=\"841\" data-end=\"938\">\n<p data-start=\"843\" data-end=\"938\"><strong data-start=\"843\" data-end=\"856\">Surfaces:<\/strong> paper, metal, wood, plastic, clay, ceramics, porcelain, vinyl, glass, fabric<\/p>\n<\/li>\n<\/ul>\n<p data-start=\"940\" data-end=\"1071\"><strong data-start=\"940\" data-end=\"955\">Posca PC-8K<\/strong> je pouzdan izbor za umjetnike i kreativce koji \u017eele <strong data-start=\"1008\" data-end=\"1043\">intenzivne boje i \u0161iroke poteze<\/strong> on different surfaces.<\/p>\n<p>Lowest price in the last 30 days: <strong>3,75\u00a0\u20ac<\/strong><\/p>","protected":false},"excerpt":{"rendered":"<p>Posca PC-8K pripada najpoznatijoj svjetskoj liniji markera za hobi i slikanje, a odlikuje se \u0161irokim, koso rezanim vrhom od 8 mm, idealnim za sna\u017ene i precizne poteze. Boje se mogu mije\u0161ati radi dobivanja novih nijansi, a na glatkim, neporoznim povr\u0161inama lako se bri\u0161u. Kada se ispis fiksira toplinom ili za\u0161titnim premazom, postaje trajan. Marker koristi [&hellip;]<\/p>","protected":false},"featured_media":12431,"template":"","meta":{"_acf_changed":false},"product_brand":[111],"product_cat":[22,80],"product_tag":[],"class_list":{"0":"post-1992","1":"product","2":"type-product","3":"status-publish","4":"has-post-thumbnail","6":"product_brand-posca","7":"product_cat-markeri","8":"product_cat-posca-markeri","10":"first","11":"outofstock","12":"shipping-taxable","13":"purchasable","14":"product-type-variable"},"acf":[],"yoast_head":"<!-- This site is optimized with the Yoast SEO plugin v26.3 - https:\/\/yoast.com\/wordpress\/plugins\/seo\/ -->\n<title>Posca PC-8K - Sugar Factory<\/title>\n<meta name=\"robots\" content=\"index, follow, max-snippet:-1, max-image-preview:large, max-video-preview:-1\" \/>\n<link rel=\"canonical\" href=\"https:\/\/www.sugarfactory.hr\/en\/product-2\/markers\/postmarks\/marker-uni-posca-pc-8k\/\" \/>\n<meta property=\"og:locale\" content=\"en_US\" \/>\n<meta property=\"og:type\" content=\"article\" \/>\n<meta property=\"og:title\" content=\"Posca PC-8K - Sugar Factory\" \/>\n<meta property=\"og:description\" content=\"Posca PC-8K pripada najpoznatijoj svjetskoj liniji markera za hobi i slikanje, a odlikuje se \u0161irokim, koso rezanim vrhom od 8 mm, idealnim za sna\u017ene i precizne poteze. Boje se mogu mije\u0161ati radi dobivanja novih nijansi, a na glatkim, neporoznim povr\u0161inama lako se bri\u0161u. Kada se ispis fiksira toplinom ili za\u0161titnim premazom, postaje trajan. Marker koristi [&hellip;]\" \/>\n<meta property=\"og:url\" content=\"https:\/\/www.sugarfactory.hr\/en\/product-2\/markers\/postmarks\/marker-uni-posca-pc-8k\/\" \/>\n<meta property=\"og:site_name\" content=\"Sugar Factory\" \/>\n<meta property=\"article:modified_time\" content=\"2026-04-17T11:53:10+00:00\" \/>\n<meta property=\"og:image\" content=\"https:\/\/www.sugarfactory.hr\/wp-content\/uploads\/2021\/08\/posca-pc-8k.webp\" \/>\n\t<meta property=\"og:image:width\" content=\"896\" \/>\n\t<meta property=\"og:image:height\" content=\"1120\" \/>\n\t<meta property=\"og:image:type\" content=\"image\/webp\" \/>\n<meta name=\"twitter:card\" content=\"summary_large_image\" \/>\n<meta name=\"twitter:label1\" content=\"Est. reading time\" \/>\n\t<meta name=\"twitter:data1\" content=\"1 minute\" \/>\n<script type=\"application\/ld+json\" class=\"yoast-schema-graph\">{\"@context\":\"https:\/\/schema.org\",\"@graph\":[{\"@type\":\"WebPage\",\"@id\":\"https:\/\/www.sugarfactory.hr\/proizvod\/markeri\/posca-markeri\/marker-uni-posca-pc-8k\/\",\"url\":\"https:\/\/www.sugarfactory.hr\/proizvod\/markeri\/posca-markeri\/marker-uni-posca-pc-8k\/\",\"name\":\"Posca PC-8K - Sugar Factory\",\"isPartOf\":{\"@id\":\"https:\/\/www.sugarfactory.hr\/#website\"},\"primaryImageOfPage\":{\"@id\":\"https:\/\/www.sugarfactory.hr\/proizvod\/markeri\/posca-markeri\/marker-uni-posca-pc-8k\/#primaryimage\"},\"image\":{\"@id\":\"https:\/\/www.sugarfactory.hr\/proizvod\/markeri\/posca-markeri\/marker-uni-posca-pc-8k\/#primaryimage\"},\"thumbnailUrl\":\"https:\/\/www.sugarfactory.hr\/wp-content\/uploads\/2021\/08\/posca-pc-8k.webp\",\"datePublished\":\"2021-08-17T13:56:18+00:00\",\"dateModified\":\"2026-04-17T11:53:10+00:00\",\"breadcrumb\":{\"@id\":\"https:\/\/www.sugarfactory.hr\/proizvod\/markeri\/posca-markeri\/marker-uni-posca-pc-8k\/#breadcrumb\"},\"inLanguage\":\"en-US\",\"potentialAction\":[{\"@type\":\"ReadAction\",\"target\":[\"https:\/\/www.sugarfactory.hr\/proizvod\/markeri\/posca-markeri\/marker-uni-posca-pc-8k\/\"]}]},{\"@type\":\"ImageObject\",\"inLanguage\":\"en-US\",\"@id\":\"https:\/\/www.sugarfactory.hr\/proizvod\/markeri\/posca-markeri\/marker-uni-posca-pc-8k\/#primaryimage\",\"url\":\"https:\/\/www.sugarfactory.hr\/wp-content\/uploads\/2021\/08\/posca-pc-8k.webp\",\"contentUrl\":\"https:\/\/www.sugarfactory.hr\/wp-content\/uploads\/2021\/08\/posca-pc-8k.webp\",\"width\":896,\"height\":1120},{\"@type\":\"BreadcrumbList\",\"@id\":\"https:\/\/www.sugarfactory.hr\/proizvod\/markeri\/posca-markeri\/marker-uni-posca-pc-8k\/#breadcrumb\",\"itemListElement\":[{\"@type\":\"ListItem\",\"position\":1,\"name\":\"Po\u010detna stranica\",\"item\":\"https:\/\/www.sugarfactory.hr\/\"},{\"@type\":\"ListItem\",\"position\":2,\"name\":\"Proizvodi\",\"item\":\"https:\/\/www.sugarfactory.hr\/shop\/\"},{\"@type\":\"ListItem\",\"position\":3,\"name\":\"Posca PC-8K\"}]},{\"@type\":\"WebSite\",\"@id\":\"https:\/\/www.sugarfactory.hr\/#website\",\"url\":\"https:\/\/www.sugarfactory.hr\/\",\"name\":\"Sugar Factory\",\"description\":\"Create your sweetest pieces!\",\"potentialAction\":[{\"@type\":\"SearchAction\",\"target\":{\"@type\":\"EntryPoint\",\"urlTemplate\":\"https:\/\/www.sugarfactory.hr\/?s={search_term_string}\"},\"query-input\":{\"@type\":\"PropertyValueSpecification\",\"valueRequired\":true,\"valueName\":\"search_term_string\"}}],\"inLanguage\":\"en-US\"}]}<\/script>\n<!-- \/ Yoast SEO plugin. -->","yoast_head_json":{"title":"Posca PC-8K - Sugar Factory","robots":{"index":"index","follow":"follow","max-snippet":"max-snippet:-1","max-image-preview":"max-image-preview:large","max-video-preview":"max-video-preview:-1"},"canonical":"https:\/\/www.sugarfactory.hr\/en\/product-2\/markers\/postmarks\/marker-uni-posca-pc-8k\/","og_locale":"en_US","og_type":"article","og_title":"Posca PC-8K - Sugar Factory","og_description":"Posca PC-8K pripada najpoznatijoj svjetskoj liniji markera za hobi i slikanje, a odlikuje se \u0161irokim, koso rezanim vrhom od 8 mm, idealnim za sna\u017ene i precizne poteze. Boje se mogu mije\u0161ati radi dobivanja novih nijansi, a na glatkim, neporoznim povr\u0161inama lako se bri\u0161u. Kada se ispis fiksira toplinom ili za\u0161titnim premazom, postaje trajan. Marker koristi [&hellip;]","og_url":"https:\/\/www.sugarfactory.hr\/en\/product-2\/markers\/postmarks\/marker-uni-posca-pc-8k\/","og_site_name":"Sugar Factory","article_modified_time":"2026-04-17T11:53:10+00:00","og_image":[{"width":896,"height":1120,"url":"https:\/\/www.sugarfactory.hr\/wp-content\/uploads\/2021\/08\/posca-pc-8k.webp","type":"image\/webp"}],"twitter_card":"summary_large_image","twitter_misc":{"Est. reading time":"1 minute"},"schema":{"@context":"https:\/\/schema.org","@graph":[{"@type":"WebPage","@id":"https:\/\/www.sugarfactory.hr\/proizvod\/markeri\/posca-markeri\/marker-uni-posca-pc-8k\/","url":"https:\/\/www.sugarfactory.hr\/proizvod\/markeri\/posca-markeri\/marker-uni-posca-pc-8k\/","name":"Posca PC-8K - Sugar Factory","isPartOf":{"@id":"https:\/\/www.sugarfactory.hr\/#website"},"primaryImageOfPage":{"@id":"https:\/\/www.sugarfactory.hr\/proizvod\/markeri\/posca-markeri\/marker-uni-posca-pc-8k\/#primaryimage"},"image":{"@id":"https:\/\/www.sugarfactory.hr\/proizvod\/markeri\/posca-markeri\/marker-uni-posca-pc-8k\/#primaryimage"},"thumbnailUrl":"https:\/\/www.sugarfactory.hr\/wp-content\/uploads\/2021\/08\/posca-pc-8k.webp","datePublished":"2021-08-17T13:56:18+00:00","dateModified":"2026-04-17T11:53:10+00:00","breadcrumb":{"@id":"https:\/\/www.sugarfactory.hr\/proizvod\/markeri\/posca-markeri\/marker-uni-posca-pc-8k\/#breadcrumb"},"inLanguage":"en-US","potentialAction":[{"@type":"ReadAction","target":["https:\/\/www.sugarfactory.hr\/proizvod\/markeri\/posca-markeri\/marker-uni-posca-pc-8k\/"]}]},{"@type":"ImageObject","inLanguage":"en-US","@id":"https:\/\/www.sugarfactory.hr\/proizvod\/markeri\/posca-markeri\/marker-uni-posca-pc-8k\/#primaryimage","url":"https:\/\/www.sugarfactory.hr\/wp-content\/uploads\/2021\/08\/posca-pc-8k.webp","contentUrl":"https:\/\/www.sugarfactory.hr\/wp-content\/uploads\/2021\/08\/posca-pc-8k.webp","width":896,"height":1120},{"@type":"BreadcrumbList","@id":"https:\/\/www.sugarfactory.hr\/proizvod\/markeri\/posca-markeri\/marker-uni-posca-pc-8k\/#breadcrumb","itemListElement":[{"@type":"ListItem","position":1,"name":"Po\u010detna stranica","item":"https:\/\/www.sugarfactory.hr\/"},{"@type":"ListItem","position":2,"name":"Proizvodi","item":"https:\/\/www.sugarfactory.hr\/shop\/"},{"@type":"ListItem","position":3,"name":"Posca PC-8K"}]},{"@type":"WebSite","@id":"https:\/\/www.sugarfactory.hr\/#website","url":"https:\/\/www.sugarfactory.hr\/","name":"Sugar Factory","description":"Create your sweetest pieces!","potentialAction":[{"@type":"SearchAction","target":{"@type":"EntryPoint","urlTemplate":"https:\/\/www.sugarfactory.hr\/?s={search_term_string}"},"query-input":{"@type":"PropertyValueSpecification","valueRequired":true,"valueName":"search_term_string"}}],"inLanguage":"en-US"}]}},"_links":{"self":[{"href":"https:\/\/www.sugarfactory.hr\/en\/wp-json\/wp\/v2\/product\/1992","targetHints":{"allow":["GET"]}}],"collection":[{"href":"https:\/\/www.sugarfactory.hr\/en\/wp-json\/wp\/v2\/product"}],"about":[{"href":"https:\/\/www.sugarfactory.hr\/en\/wp-json\/wp\/v2\/types\/product"}],"wp:featuredmedia":[{"embeddable":true,"href":"https:\/\/www.sugarfactory.hr\/en\/wp-json\/wp\/v2\/media\/12431"}],"wp:attachment":[{"href":"https:\/\/www.sugarfactory.hr\/en\/wp-json\/wp\/v2\/media?parent=1992"}],"wp:term":[{"taxonomy":"product_brand","embeddable":true,"href":"https:\/\/www.sugarfactory.hr\/en\/wp-json\/wp\/v2\/product_brand?post=1992"},{"taxonomy":"product_cat","embeddable":true,"href":"https:\/\/www.sugarfactory.hr\/en\/wp-json\/wp\/v2\/product_cat?post=1992"},{"taxonomy":"product_tag","embeddable":true,"href":"https:\/\/www.sugarfactory.hr\/en\/wp-json\/wp\/v2\/product_tag?post=1992"}],"curies":[{"name":"wp","href":"https:\/\/api.w.org\/{rel}","templated":true}]}}