{"id":2029,"date":"2021-08-17T14:02:10","date_gmt":"2021-08-17T14:02:10","guid":{"rendered":"https:\/\/www.sugarfactory.hr\/?post_type=product&#038;p=2029"},"modified":"2026-04-17T12:53:10","modified_gmt":"2026-04-17T11:53:10","slug":"uni-posca-pc-17k-marker","status":"publish","type":"product","link":"https:\/\/www.sugarfactory.hr\/en\/product-2\/markers\/postmarks\/uni-posca-pc-17k-marker\/","title":{"rendered":"Postal PC-17K"},"content":{"rendered":"<p data-start=\"65\" data-end=\"310\"><strong data-start=\"120\" data-end=\"136\">Postal PC-17K<\/strong> is part of the world's most famous line of markers for <strong data-start=\"184\" data-end=\"203\">hobby and painting<\/strong>, developed for coverage <strong data-start=\"229\" data-end=\"249\">large areas<\/strong> thanks to his <strong data-start=\"268\" data-end=\"307\">with a wide, 15 mm beveled top<\/strong>.<\/p>\n<p data-start=\"312\" data-end=\"507\">Posca marker colors can be <strong data-start=\"339\" data-end=\"351\">to mix<\/strong> to achieve countless shades. On smooth, non-porous surfaces, the mark is easily erased, while heat-setting or a coating can make it permanent.<\/p>\n<p data-start=\"509\" data-end=\"669\">Marker uses <strong data-start=\"524\" data-end=\"559\">felt-tip tip activation system<\/strong> \u2013 the first time, it needs to be pressed lightly to saturate the tip with ink, which starts its lifespan.<\/p>\n<ul data-start=\"671\" data-end=\"948\">\n<li data-start=\"671\" data-end=\"701\">\n<p data-start=\"673\" data-end=\"701\"><strong data-start=\"673\" data-end=\"693\">Line thickness:<\/strong> 15 mm<\/p>\n<\/li>\n<li data-start=\"702\" data-end=\"736\">\n<p data-start=\"704\" data-end=\"736\"><strong data-start=\"704\" data-end=\"722\">Print length:<\/strong> over 150 m<\/p>\n<\/li>\n<li data-start=\"737\" data-end=\"775\">\n<p data-start=\"739\" data-end=\"775\"><strong data-start=\"739\" data-end=\"759\">Drying time:<\/strong> 10\u201320 seconds<\/p>\n<\/li>\n<li data-start=\"776\" data-end=\"821\">\n<p data-start=\"778\" data-end=\"821\"><strong data-start=\"778\" data-end=\"797\">Shelf life:<\/strong> 2 years from opening.<\/p>\n<\/li>\n<li data-start=\"822\" data-end=\"850\">\n<p data-start=\"824\" data-end=\"850\"><strong data-start=\"824\" data-end=\"842\">Ink content:<\/strong> 34 ml<\/p>\n<\/li>\n<li data-start=\"851\" data-end=\"948\">\n<p data-start=\"853\" data-end=\"948\"><strong data-start=\"853\" data-end=\"866\">Surfaces:<\/strong> paper, metal, wood, plastic, clay, ceramics, porcelain, vinyl, glass, fabric<\/p>\n<\/li>\n<\/ul>\n<p data-start=\"950\" data-end=\"1071\"><strong data-start=\"950\" data-end=\"966\">Postal PC-17K<\/strong> is the perfect choice for <strong data-start=\"987\" data-end=\"1025\">artists, hobbyists, and professionals<\/strong> who need a reliable, bold-print marker.<\/p>\n<p>Lowest price in the last 30 days: <strong>6,99\u00a0\u20ac<\/strong><\/p>","protected":false},"excerpt":{"rendered":"<p>Posca PC-17K dio je najpoznatije svjetske linije markera za hobi i slikanje, razvijen za prekrivanje velikih povr\u0161ina zahvaljuju\u0107i svom \u0161irokom, koso rezanom vrhu od 15 mm. Boje Posca markera mogu se mije\u0161ati kako bi se dobile bezbrojne nijanse. Na glatkim, neporoznim povr\u0161inama trag se lako bri\u0161e, dok se fiksiranjem toplinom ili premazom mo\u017ee u\u010diniti trajnim. [&hellip;]<\/p>","protected":false},"featured_media":12430,"template":"","meta":{"_acf_changed":false},"product_brand":[111],"product_cat":[22,80],"product_tag":[],"class_list":{"0":"post-2029","1":"product","2":"type-product","3":"status-publish","4":"has-post-thumbnail","6":"product_brand-posca","7":"product_cat-markeri","8":"product_cat-posca-markeri","10":"first","11":"outofstock","12":"shipping-taxable","13":"purchasable","14":"product-type-variable"},"acf":[],"yoast_head":"<!-- This site is optimized with the Yoast SEO plugin v26.3 - https:\/\/yoast.com\/wordpress\/plugins\/seo\/ -->\n<title>Posca PC-17K - Sugar Factory<\/title>\n<meta name=\"robots\" content=\"index, follow, max-snippet:-1, max-image-preview:large, max-video-preview:-1\" \/>\n<link rel=\"canonical\" href=\"https:\/\/www.sugarfactory.hr\/en\/product-2\/markers\/postmarks\/uni-posca-pc-17k-marker\/\" \/>\n<meta property=\"og:locale\" content=\"en_US\" \/>\n<meta property=\"og:type\" content=\"article\" \/>\n<meta property=\"og:title\" content=\"Posca PC-17K - Sugar Factory\" \/>\n<meta property=\"og:description\" content=\"Posca PC-17K dio je najpoznatije svjetske linije markera za hobi i slikanje, razvijen za prekrivanje velikih povr\u0161ina zahvaljuju\u0107i svom \u0161irokom, koso rezanom vrhu od 15 mm. Boje Posca markera mogu se mije\u0161ati kako bi se dobile bezbrojne nijanse. Na glatkim, neporoznim povr\u0161inama trag se lako bri\u0161e, dok se fiksiranjem toplinom ili premazom mo\u017ee u\u010diniti trajnim. [&hellip;]\" \/>\n<meta property=\"og:url\" content=\"https:\/\/www.sugarfactory.hr\/en\/product-2\/markers\/postmarks\/uni-posca-pc-17k-marker\/\" \/>\n<meta property=\"og:site_name\" content=\"Sugar Factory\" \/>\n<meta property=\"article:modified_time\" content=\"2026-04-17T11:53:10+00:00\" \/>\n<meta property=\"og:image\" content=\"https:\/\/www.sugarfactory.hr\/wp-content\/uploads\/2021\/08\/posca-pc-17k.webp\" \/>\n\t<meta property=\"og:image:width\" content=\"896\" \/>\n\t<meta property=\"og:image:height\" content=\"1120\" \/>\n\t<meta property=\"og:image:type\" content=\"image\/webp\" \/>\n<meta name=\"twitter:card\" content=\"summary_large_image\" \/>\n<meta name=\"twitter:label1\" content=\"Est. reading time\" \/>\n\t<meta name=\"twitter:data1\" content=\"1 minute\" \/>\n<script type=\"application\/ld+json\" class=\"yoast-schema-graph\">{\"@context\":\"https:\/\/schema.org\",\"@graph\":[{\"@type\":\"WebPage\",\"@id\":\"https:\/\/www.sugarfactory.hr\/proizvod\/markeri\/posca-markeri\/marker-uni-posca-pc-17k\/\",\"url\":\"https:\/\/www.sugarfactory.hr\/proizvod\/markeri\/posca-markeri\/marker-uni-posca-pc-17k\/\",\"name\":\"Posca PC-17K - Sugar Factory\",\"isPartOf\":{\"@id\":\"https:\/\/www.sugarfactory.hr\/#website\"},\"primaryImageOfPage\":{\"@id\":\"https:\/\/www.sugarfactory.hr\/proizvod\/markeri\/posca-markeri\/marker-uni-posca-pc-17k\/#primaryimage\"},\"image\":{\"@id\":\"https:\/\/www.sugarfactory.hr\/proizvod\/markeri\/posca-markeri\/marker-uni-posca-pc-17k\/#primaryimage\"},\"thumbnailUrl\":\"https:\/\/www.sugarfactory.hr\/wp-content\/uploads\/2021\/08\/posca-pc-17k.webp\",\"datePublished\":\"2021-08-17T14:02:10+00:00\",\"dateModified\":\"2026-04-17T11:53:10+00:00\",\"breadcrumb\":{\"@id\":\"https:\/\/www.sugarfactory.hr\/proizvod\/markeri\/posca-markeri\/marker-uni-posca-pc-17k\/#breadcrumb\"},\"inLanguage\":\"en-US\",\"potentialAction\":[{\"@type\":\"ReadAction\",\"target\":[\"https:\/\/www.sugarfactory.hr\/proizvod\/markeri\/posca-markeri\/marker-uni-posca-pc-17k\/\"]}]},{\"@type\":\"ImageObject\",\"inLanguage\":\"en-US\",\"@id\":\"https:\/\/www.sugarfactory.hr\/proizvod\/markeri\/posca-markeri\/marker-uni-posca-pc-17k\/#primaryimage\",\"url\":\"https:\/\/www.sugarfactory.hr\/wp-content\/uploads\/2021\/08\/posca-pc-17k.webp\",\"contentUrl\":\"https:\/\/www.sugarfactory.hr\/wp-content\/uploads\/2021\/08\/posca-pc-17k.webp\",\"width\":896,\"height\":1120},{\"@type\":\"BreadcrumbList\",\"@id\":\"https:\/\/www.sugarfactory.hr\/proizvod\/markeri\/posca-markeri\/marker-uni-posca-pc-17k\/#breadcrumb\",\"itemListElement\":[{\"@type\":\"ListItem\",\"position\":1,\"name\":\"Po\u010detna stranica\",\"item\":\"https:\/\/www.sugarfactory.hr\/\"},{\"@type\":\"ListItem\",\"position\":2,\"name\":\"Proizvodi\",\"item\":\"https:\/\/www.sugarfactory.hr\/shop\/\"},{\"@type\":\"ListItem\",\"position\":3,\"name\":\"Posca PC-17K\"}]},{\"@type\":\"WebSite\",\"@id\":\"https:\/\/www.sugarfactory.hr\/#website\",\"url\":\"https:\/\/www.sugarfactory.hr\/\",\"name\":\"Sugar Factory\",\"description\":\"Create your sweetest pieces!\",\"potentialAction\":[{\"@type\":\"SearchAction\",\"target\":{\"@type\":\"EntryPoint\",\"urlTemplate\":\"https:\/\/www.sugarfactory.hr\/?s={search_term_string}\"},\"query-input\":{\"@type\":\"PropertyValueSpecification\",\"valueRequired\":true,\"valueName\":\"search_term_string\"}}],\"inLanguage\":\"en-US\"}]}<\/script>\n<!-- \/ Yoast SEO plugin. -->","yoast_head_json":{"title":"Posca PC-17K - Sugar Factory","robots":{"index":"index","follow":"follow","max-snippet":"max-snippet:-1","max-image-preview":"max-image-preview:large","max-video-preview":"max-video-preview:-1"},"canonical":"https:\/\/www.sugarfactory.hr\/en\/product-2\/markers\/postmarks\/uni-posca-pc-17k-marker\/","og_locale":"en_US","og_type":"article","og_title":"Posca PC-17K - Sugar Factory","og_description":"Posca PC-17K dio je najpoznatije svjetske linije markera za hobi i slikanje, razvijen za prekrivanje velikih povr\u0161ina zahvaljuju\u0107i svom \u0161irokom, koso rezanom vrhu od 15 mm. Boje Posca markera mogu se mije\u0161ati kako bi se dobile bezbrojne nijanse. Na glatkim, neporoznim povr\u0161inama trag se lako bri\u0161e, dok se fiksiranjem toplinom ili premazom mo\u017ee u\u010diniti trajnim. [&hellip;]","og_url":"https:\/\/www.sugarfactory.hr\/en\/product-2\/markers\/postmarks\/uni-posca-pc-17k-marker\/","og_site_name":"Sugar Factory","article_modified_time":"2026-04-17T11:53:10+00:00","og_image":[{"width":896,"height":1120,"url":"https:\/\/www.sugarfactory.hr\/wp-content\/uploads\/2021\/08\/posca-pc-17k.webp","type":"image\/webp"}],"twitter_card":"summary_large_image","twitter_misc":{"Est. reading time":"1 minute"},"schema":{"@context":"https:\/\/schema.org","@graph":[{"@type":"WebPage","@id":"https:\/\/www.sugarfactory.hr\/proizvod\/markeri\/posca-markeri\/marker-uni-posca-pc-17k\/","url":"https:\/\/www.sugarfactory.hr\/proizvod\/markeri\/posca-markeri\/marker-uni-posca-pc-17k\/","name":"Posca PC-17K - Sugar Factory","isPartOf":{"@id":"https:\/\/www.sugarfactory.hr\/#website"},"primaryImageOfPage":{"@id":"https:\/\/www.sugarfactory.hr\/proizvod\/markeri\/posca-markeri\/marker-uni-posca-pc-17k\/#primaryimage"},"image":{"@id":"https:\/\/www.sugarfactory.hr\/proizvod\/markeri\/posca-markeri\/marker-uni-posca-pc-17k\/#primaryimage"},"thumbnailUrl":"https:\/\/www.sugarfactory.hr\/wp-content\/uploads\/2021\/08\/posca-pc-17k.webp","datePublished":"2021-08-17T14:02:10+00:00","dateModified":"2026-04-17T11:53:10+00:00","breadcrumb":{"@id":"https:\/\/www.sugarfactory.hr\/proizvod\/markeri\/posca-markeri\/marker-uni-posca-pc-17k\/#breadcrumb"},"inLanguage":"en-US","potentialAction":[{"@type":"ReadAction","target":["https:\/\/www.sugarfactory.hr\/proizvod\/markeri\/posca-markeri\/marker-uni-posca-pc-17k\/"]}]},{"@type":"ImageObject","inLanguage":"en-US","@id":"https:\/\/www.sugarfactory.hr\/proizvod\/markeri\/posca-markeri\/marker-uni-posca-pc-17k\/#primaryimage","url":"https:\/\/www.sugarfactory.hr\/wp-content\/uploads\/2021\/08\/posca-pc-17k.webp","contentUrl":"https:\/\/www.sugarfactory.hr\/wp-content\/uploads\/2021\/08\/posca-pc-17k.webp","width":896,"height":1120},{"@type":"BreadcrumbList","@id":"https:\/\/www.sugarfactory.hr\/proizvod\/markeri\/posca-markeri\/marker-uni-posca-pc-17k\/#breadcrumb","itemListElement":[{"@type":"ListItem","position":1,"name":"Po\u010detna stranica","item":"https:\/\/www.sugarfactory.hr\/"},{"@type":"ListItem","position":2,"name":"Proizvodi","item":"https:\/\/www.sugarfactory.hr\/shop\/"},{"@type":"ListItem","position":3,"name":"Posca PC-17K"}]},{"@type":"WebSite","@id":"https:\/\/www.sugarfactory.hr\/#website","url":"https:\/\/www.sugarfactory.hr\/","name":"Sugar Factory","description":"Create your sweetest pieces!","potentialAction":[{"@type":"SearchAction","target":{"@type":"EntryPoint","urlTemplate":"https:\/\/www.sugarfactory.hr\/?s={search_term_string}"},"query-input":{"@type":"PropertyValueSpecification","valueRequired":true,"valueName":"search_term_string"}}],"inLanguage":"en-US"}]}},"_links":{"self":[{"href":"https:\/\/www.sugarfactory.hr\/en\/wp-json\/wp\/v2\/product\/2029","targetHints":{"allow":["GET"]}}],"collection":[{"href":"https:\/\/www.sugarfactory.hr\/en\/wp-json\/wp\/v2\/product"}],"about":[{"href":"https:\/\/www.sugarfactory.hr\/en\/wp-json\/wp\/v2\/types\/product"}],"wp:featuredmedia":[{"embeddable":true,"href":"https:\/\/www.sugarfactory.hr\/en\/wp-json\/wp\/v2\/media\/12430"}],"wp:attachment":[{"href":"https:\/\/www.sugarfactory.hr\/en\/wp-json\/wp\/v2\/media?parent=2029"}],"wp:term":[{"taxonomy":"product_brand","embeddable":true,"href":"https:\/\/www.sugarfactory.hr\/en\/wp-json\/wp\/v2\/product_brand?post=2029"},{"taxonomy":"product_cat","embeddable":true,"href":"https:\/\/www.sugarfactory.hr\/en\/wp-json\/wp\/v2\/product_cat?post=2029"},{"taxonomy":"product_tag","embeddable":true,"href":"https:\/\/www.sugarfactory.hr\/en\/wp-json\/wp\/v2\/product_tag?post=2029"}],"curies":[{"name":"wp","href":"https:\/\/api.w.org\/{rel}","templated":true}]}}