{"id":2240,"date":"2021-09-16T16:28:03","date_gmt":"2021-09-16T16:28:03","guid":{"rendered":"https:\/\/www.sugarfactory.hr\/?post_type=product&#038;p=2240"},"modified":"2026-04-20T17:49:33","modified_gmt":"2026-04-20T16:49:33","slug":"dope-liquid-200-ml","status":"publish","type":"product","link":"https:\/\/www.sugarfactory.hr\/en\/product-2\/markers\/boje-i-tinte\/dope-liquid-200-ml\/","title":{"rendered":"Dope Liquid 200 ml"},"content":{"rendered":"<p data-start=\"72\" data-end=\"211\"><strong data-start=\"112\" data-end=\"127\">Dope Liquid<\/strong> is <strong data-start=\"131\" data-end=\"163\">trajna boja na bazi alkohola<\/strong>, savr\u0161ena za punjenje <strong data-start=\"186\" data-end=\"208\">drippera i markera<\/strong>.<\/p>\n<p data-start=\"213\" data-end=\"388\">Formulirana za maksimalnu izdr\u017eljivost, ova tinta je <strong data-start=\"266\" data-end=\"311\">otporna na UV zra\u010denje, ogrebotine i vodu<\/strong>, \u0161to je \u010dini izuzetno postojanom i te\u0161ko uklonjivom s razli\u010ditih povr\u0161ina.<\/p>\n<ul data-start=\"390\" data-end=\"528\">\n<li data-start=\"390\" data-end=\"419\">\n<p data-start=\"392\" data-end=\"419\"><strong data-start=\"392\" data-end=\"401\">Baza:<\/strong> alkoholna tinta<\/p>\n<\/li>\n<li data-start=\"420\" data-end=\"443\">\n<p data-start=\"422\" data-end=\"443\"><strong data-start=\"422\" data-end=\"434\">Volume:<\/strong> 200 ml<\/p>\n<\/li>\n<li data-start=\"444\" data-end=\"483\">\n<p data-start=\"446\" data-end=\"483\"><strong data-start=\"446\" data-end=\"460\">Otpornost:<\/strong> UV, ogrebotine, voda<\/p>\n<\/li>\n<li data-start=\"484\" data-end=\"528\">\n<p data-start=\"486\" data-end=\"528\"><strong data-start=\"486\" data-end=\"498\">Purpose:<\/strong> punjenje drippera i markera<\/p>\n<\/li>\n<\/ul>\n<p data-start=\"530\" data-end=\"656\"><strong data-start=\"530\" data-end=\"552\">Dope Liquid 200 ml<\/strong> provides <strong data-start=\"559\" data-end=\"585\">intenzivnu trajnu boju<\/strong> i optimalne performanse za sve vrste kreativnog i street art izraza.<\/p>","protected":false},"excerpt":{"rendered":"<p>Dope Liquid je trajna boja na bazi alkohola, savr\u0161ena za punjenje drippera i markera. Formulirana za maksimalnu izdr\u017eljivost, ova tinta je otporna na UV zra\u010denje, ogrebotine i vodu, \u0161to je \u010dini izuzetno postojanom i te\u0161ko uklonjivom s razli\u010ditih povr\u0161ina. Baza: alkoholna tinta Volumen: 200 ml Otpornost: UV, ogrebotine, voda Namjena: punjenje drippera i markera Dope [&hellip;]<\/p>","protected":false},"featured_media":12497,"template":"","meta":{"_acf_changed":false},"product_brand":[106],"product_cat":[85,22],"product_tag":[],"class_list":{"0":"post-2240","1":"product","2":"type-product","3":"status-publish","4":"has-post-thumbnail","6":"product_brand-dope","7":"product_cat-boje-i-tinte","8":"product_cat-markeri","10":"first","11":"instock","12":"shipping-taxable","13":"purchasable","14":"product-type-variable"},"acf":[],"yoast_head":"<!-- This site is optimized with the Yoast SEO plugin v26.3 - https:\/\/yoast.com\/wordpress\/plugins\/seo\/ -->\n<title>Dope Liquid 200 ml - Sugar Factory<\/title>\n<meta name=\"robots\" content=\"index, follow, max-snippet:-1, max-image-preview:large, max-video-preview:-1\" \/>\n<link rel=\"canonical\" href=\"https:\/\/www.sugarfactory.hr\/en\/product-2\/markers\/boje-i-tinte\/dope-liquid-200-ml\/\" \/>\n<meta property=\"og:locale\" content=\"en_US\" \/>\n<meta property=\"og:type\" content=\"article\" \/>\n<meta property=\"og:title\" content=\"Dope Liquid 200 ml - Sugar Factory\" \/>\n<meta property=\"og:description\" content=\"Dope Liquid je trajna boja na bazi alkohola, savr\u0161ena za punjenje drippera i markera. Formulirana za maksimalnu izdr\u017eljivost, ova tinta je otporna na UV zra\u010denje, ogrebotine i vodu, \u0161to je \u010dini izuzetno postojanom i te\u0161ko uklonjivom s razli\u010ditih povr\u0161ina. Baza: alkoholna tinta Volumen: 200 ml Otpornost: UV, ogrebotine, voda Namjena: punjenje drippera i markera Dope [&hellip;]\" \/>\n<meta property=\"og:url\" content=\"https:\/\/www.sugarfactory.hr\/en\/product-2\/markers\/boje-i-tinte\/dope-liquid-200-ml\/\" \/>\n<meta property=\"og:site_name\" content=\"Sugar Factory\" \/>\n<meta property=\"article:modified_time\" content=\"2026-04-20T16:49:33+00:00\" \/>\n<meta property=\"og:image\" content=\"https:\/\/www.sugarfactory.hr\/wp-content\/uploads\/2021\/09\/dope-liquid-200.webp\" \/>\n\t<meta property=\"og:image:width\" content=\"896\" \/>\n\t<meta property=\"og:image:height\" content=\"1120\" \/>\n\t<meta property=\"og:image:type\" content=\"image\/webp\" \/>\n<meta name=\"twitter:card\" content=\"summary_large_image\" \/>\n<script type=\"application\/ld+json\" class=\"yoast-schema-graph\">{\"@context\":\"https:\/\/schema.org\",\"@graph\":[{\"@type\":\"WebPage\",\"@id\":\"https:\/\/www.sugarfactory.hr\/proizvod\/markeri\/boje-i-tinte\/dope-liquid-200-ml\/\",\"url\":\"https:\/\/www.sugarfactory.hr\/proizvod\/markeri\/boje-i-tinte\/dope-liquid-200-ml\/\",\"name\":\"Dope Liquid 200 ml - Sugar Factory\",\"isPartOf\":{\"@id\":\"https:\/\/www.sugarfactory.hr\/#website\"},\"primaryImageOfPage\":{\"@id\":\"https:\/\/www.sugarfactory.hr\/proizvod\/markeri\/boje-i-tinte\/dope-liquid-200-ml\/#primaryimage\"},\"image\":{\"@id\":\"https:\/\/www.sugarfactory.hr\/proizvod\/markeri\/boje-i-tinte\/dope-liquid-200-ml\/#primaryimage\"},\"thumbnailUrl\":\"https:\/\/www.sugarfactory.hr\/wp-content\/uploads\/2021\/09\/dope-liquid-200.webp\",\"datePublished\":\"2021-09-16T16:28:03+00:00\",\"dateModified\":\"2026-04-20T16:49:33+00:00\",\"breadcrumb\":{\"@id\":\"https:\/\/www.sugarfactory.hr\/proizvod\/markeri\/boje-i-tinte\/dope-liquid-200-ml\/#breadcrumb\"},\"inLanguage\":\"en-US\",\"potentialAction\":[{\"@type\":\"ReadAction\",\"target\":[\"https:\/\/www.sugarfactory.hr\/proizvod\/markeri\/boje-i-tinte\/dope-liquid-200-ml\/\"]}]},{\"@type\":\"ImageObject\",\"inLanguage\":\"en-US\",\"@id\":\"https:\/\/www.sugarfactory.hr\/proizvod\/markeri\/boje-i-tinte\/dope-liquid-200-ml\/#primaryimage\",\"url\":\"https:\/\/www.sugarfactory.hr\/wp-content\/uploads\/2021\/09\/dope-liquid-200.webp\",\"contentUrl\":\"https:\/\/www.sugarfactory.hr\/wp-content\/uploads\/2021\/09\/dope-liquid-200.webp\",\"width\":896,\"height\":1120},{\"@type\":\"BreadcrumbList\",\"@id\":\"https:\/\/www.sugarfactory.hr\/proizvod\/markeri\/boje-i-tinte\/dope-liquid-200-ml\/#breadcrumb\",\"itemListElement\":[{\"@type\":\"ListItem\",\"position\":1,\"name\":\"Po\u010detna stranica\",\"item\":\"https:\/\/www.sugarfactory.hr\/\"},{\"@type\":\"ListItem\",\"position\":2,\"name\":\"Proizvodi\",\"item\":\"https:\/\/www.sugarfactory.hr\/shop\/\"},{\"@type\":\"ListItem\",\"position\":3,\"name\":\"Dope Liquid 200 ml\"}]},{\"@type\":\"WebSite\",\"@id\":\"https:\/\/www.sugarfactory.hr\/#website\",\"url\":\"https:\/\/www.sugarfactory.hr\/\",\"name\":\"Sugar Factory\",\"description\":\"Create your sweetest pieces!\",\"potentialAction\":[{\"@type\":\"SearchAction\",\"target\":{\"@type\":\"EntryPoint\",\"urlTemplate\":\"https:\/\/www.sugarfactory.hr\/?s={search_term_string}\"},\"query-input\":{\"@type\":\"PropertyValueSpecification\",\"valueRequired\":true,\"valueName\":\"search_term_string\"}}],\"inLanguage\":\"en-US\"}]}<\/script>\n<!-- \/ Yoast SEO plugin. -->","yoast_head_json":{"title":"Dope Liquid 200 ml - Sugar Factory","robots":{"index":"index","follow":"follow","max-snippet":"max-snippet:-1","max-image-preview":"max-image-preview:large","max-video-preview":"max-video-preview:-1"},"canonical":"https:\/\/www.sugarfactory.hr\/en\/product-2\/markers\/boje-i-tinte\/dope-liquid-200-ml\/","og_locale":"en_US","og_type":"article","og_title":"Dope Liquid 200 ml - Sugar Factory","og_description":"Dope Liquid je trajna boja na bazi alkohola, savr\u0161ena za punjenje drippera i markera. Formulirana za maksimalnu izdr\u017eljivost, ova tinta je otporna na UV zra\u010denje, ogrebotine i vodu, \u0161to je \u010dini izuzetno postojanom i te\u0161ko uklonjivom s razli\u010ditih povr\u0161ina. Baza: alkoholna tinta Volumen: 200 ml Otpornost: UV, ogrebotine, voda Namjena: punjenje drippera i markera Dope [&hellip;]","og_url":"https:\/\/www.sugarfactory.hr\/en\/product-2\/markers\/boje-i-tinte\/dope-liquid-200-ml\/","og_site_name":"Sugar Factory","article_modified_time":"2026-04-20T16:49:33+00:00","og_image":[{"width":896,"height":1120,"url":"https:\/\/www.sugarfactory.hr\/wp-content\/uploads\/2021\/09\/dope-liquid-200.webp","type":"image\/webp"}],"twitter_card":"summary_large_image","schema":{"@context":"https:\/\/schema.org","@graph":[{"@type":"WebPage","@id":"https:\/\/www.sugarfactory.hr\/proizvod\/markeri\/boje-i-tinte\/dope-liquid-200-ml\/","url":"https:\/\/www.sugarfactory.hr\/proizvod\/markeri\/boje-i-tinte\/dope-liquid-200-ml\/","name":"Dope Liquid 200 ml - Sugar Factory","isPartOf":{"@id":"https:\/\/www.sugarfactory.hr\/#website"},"primaryImageOfPage":{"@id":"https:\/\/www.sugarfactory.hr\/proizvod\/markeri\/boje-i-tinte\/dope-liquid-200-ml\/#primaryimage"},"image":{"@id":"https:\/\/www.sugarfactory.hr\/proizvod\/markeri\/boje-i-tinte\/dope-liquid-200-ml\/#primaryimage"},"thumbnailUrl":"https:\/\/www.sugarfactory.hr\/wp-content\/uploads\/2021\/09\/dope-liquid-200.webp","datePublished":"2021-09-16T16:28:03+00:00","dateModified":"2026-04-20T16:49:33+00:00","breadcrumb":{"@id":"https:\/\/www.sugarfactory.hr\/proizvod\/markeri\/boje-i-tinte\/dope-liquid-200-ml\/#breadcrumb"},"inLanguage":"en-US","potentialAction":[{"@type":"ReadAction","target":["https:\/\/www.sugarfactory.hr\/proizvod\/markeri\/boje-i-tinte\/dope-liquid-200-ml\/"]}]},{"@type":"ImageObject","inLanguage":"en-US","@id":"https:\/\/www.sugarfactory.hr\/proizvod\/markeri\/boje-i-tinte\/dope-liquid-200-ml\/#primaryimage","url":"https:\/\/www.sugarfactory.hr\/wp-content\/uploads\/2021\/09\/dope-liquid-200.webp","contentUrl":"https:\/\/www.sugarfactory.hr\/wp-content\/uploads\/2021\/09\/dope-liquid-200.webp","width":896,"height":1120},{"@type":"BreadcrumbList","@id":"https:\/\/www.sugarfactory.hr\/proizvod\/markeri\/boje-i-tinte\/dope-liquid-200-ml\/#breadcrumb","itemListElement":[{"@type":"ListItem","position":1,"name":"Po\u010detna stranica","item":"https:\/\/www.sugarfactory.hr\/"},{"@type":"ListItem","position":2,"name":"Proizvodi","item":"https:\/\/www.sugarfactory.hr\/shop\/"},{"@type":"ListItem","position":3,"name":"Dope Liquid 200 ml"}]},{"@type":"WebSite","@id":"https:\/\/www.sugarfactory.hr\/#website","url":"https:\/\/www.sugarfactory.hr\/","name":"Sugar Factory","description":"Create your sweetest pieces!","potentialAction":[{"@type":"SearchAction","target":{"@type":"EntryPoint","urlTemplate":"https:\/\/www.sugarfactory.hr\/?s={search_term_string}"},"query-input":{"@type":"PropertyValueSpecification","valueRequired":true,"valueName":"search_term_string"}}],"inLanguage":"en-US"}]}},"_links":{"self":[{"href":"https:\/\/www.sugarfactory.hr\/en\/wp-json\/wp\/v2\/product\/2240","targetHints":{"allow":["GET"]}}],"collection":[{"href":"https:\/\/www.sugarfactory.hr\/en\/wp-json\/wp\/v2\/product"}],"about":[{"href":"https:\/\/www.sugarfactory.hr\/en\/wp-json\/wp\/v2\/types\/product"}],"wp:featuredmedia":[{"embeddable":true,"href":"https:\/\/www.sugarfactory.hr\/en\/wp-json\/wp\/v2\/media\/12497"}],"wp:attachment":[{"href":"https:\/\/www.sugarfactory.hr\/en\/wp-json\/wp\/v2\/media?parent=2240"}],"wp:term":[{"taxonomy":"product_brand","embeddable":true,"href":"https:\/\/www.sugarfactory.hr\/en\/wp-json\/wp\/v2\/product_brand?post=2240"},{"taxonomy":"product_cat","embeddable":true,"href":"https:\/\/www.sugarfactory.hr\/en\/wp-json\/wp\/v2\/product_cat?post=2240"},{"taxonomy":"product_tag","embeddable":true,"href":"https:\/\/www.sugarfactory.hr\/en\/wp-json\/wp\/v2\/product_tag?post=2240"}],"curies":[{"name":"wp","href":"https:\/\/api.w.org\/{rel}","templated":true}]}}