{"id":2333,"date":"2021-09-24T12:48:06","date_gmt":"2021-09-24T12:48:06","guid":{"rendered":"https:\/\/www.sugarfactory.hr\/?post_type=product&#038;p=2333"},"modified":"2026-04-23T17:15:11","modified_gmt":"2026-04-23T16:15:11","slug":"dripper-18-mm-empty","status":"publish","type":"product","link":"https:\/\/www.sugarfactory.hr\/en\/product-2\/markers\/prazni-markeri-i-nastavci\/dripper-18-mm-empty\/","title":{"rendered":"Dope Dripper 18 mm empty"},"content":{"rendered":"<p data-start=\"78\" data-end=\"226\"><strong data-start=\"118\" data-end=\"140\">Dope Dripper 18 mm<\/strong> is <strong data-start=\"144\" data-end=\"174\">prazan marker na stiskanje<\/strong>, spreman za punjenje tintom ili bojama po izboru.<\/p>\n<p data-start=\"228\" data-end=\"422\">Opremljen je <strong data-start=\"241\" data-end=\"272\">\u0161irokim filc vrhom od 18 mm<\/strong> za sna\u017ene poteze i izra\u017eene \u201cdrip\u201d efekte. Mekano tijelo omogu\u0107uje ru\u010dnu kontrolu protoka, \u0161to ga \u010dini savr\u0161enim za dinami\u010dne i upe\u010datljive oznake.<\/p>\n<ul data-start=\"424\" data-end=\"568\">\n<li data-start=\"424\" data-end=\"459\">\n<p data-start=\"426\" data-end=\"459\"><strong data-start=\"426\" data-end=\"434\">Tip:<\/strong> prazni marker (punjiv)<\/p>\n<\/li>\n<li data-start=\"460\" data-end=\"483\">\n<p data-start=\"462\" data-end=\"483\"><strong data-start=\"462\" data-end=\"470\">Vrh:<\/strong> 18 mm filc<\/p>\n<\/li>\n<li data-start=\"484\" data-end=\"568\">\n<p data-start=\"486\" data-end=\"568\"><strong data-start=\"486\" data-end=\"505\">Karakteristike:<\/strong> mekano tijelo za kontrolirani protok, prilagodljivo punjenje<\/p>\n<\/li>\n<\/ul>\n<p data-start=\"570\" data-end=\"700\"><strong data-start=\"570\" data-end=\"598\">Dope Dripper Empty 18 mm<\/strong> is ideal for <strong data-start=\"613\" data-end=\"647\">velike poteze i izra\u017eajni stil<\/strong>, s fleksibilno\u0161\u0107u odabira vlastite tinte ili boje.<\/p>","protected":false},"excerpt":{"rendered":"<p>Dope Dripper 18 mm je prazan marker na stiskanje, spreman za punjenje tintom ili bojama po izboru. Opremljen je \u0161irokim filc vrhom od 18 mm za sna\u017ene poteze i izra\u017eene \u201cdrip\u201d efekte. Mekano tijelo omogu\u0107uje ru\u010dnu kontrolu protoka, \u0161to ga \u010dini savr\u0161enim za dinami\u010dne i upe\u010datljive oznake. Tip: prazni marker (punjiv) Vrh: 18 mm filc [&hellip;]<\/p>","protected":false},"featured_media":12489,"template":"","meta":{"_acf_changed":false},"product_brand":[106],"product_cat":[22,84],"product_tag":[],"class_list":{"0":"post-2333","1":"product","2":"type-product","3":"status-publish","4":"has-post-thumbnail","6":"product_brand-dope","7":"product_cat-markeri","8":"product_cat-prazni-markeri-i-nastavci","10":"first","11":"instock","12":"shipping-taxable","13":"purchasable","14":"product-type-simple"},"acf":[],"yoast_head":"<!-- This site is optimized with the Yoast SEO plugin v26.3 - https:\/\/yoast.com\/wordpress\/plugins\/seo\/ -->\n<title>Dope Dripper 18 mm empty - Sugar Factory<\/title>\n<meta name=\"robots\" content=\"index, follow, max-snippet:-1, max-image-preview:large, max-video-preview:-1\" \/>\n<link rel=\"canonical\" href=\"https:\/\/www.sugarfactory.hr\/en\/product-2\/markers\/prazni-markeri-i-nastavci\/dripper-18-mm-empty\/\" \/>\n<meta property=\"og:locale\" content=\"en_US\" \/>\n<meta property=\"og:type\" content=\"article\" \/>\n<meta property=\"og:title\" content=\"Dope Dripper 18 mm empty - Sugar Factory\" \/>\n<meta property=\"og:description\" content=\"Dope Dripper 18 mm je prazan marker na stiskanje, spreman za punjenje tintom ili bojama po izboru. Opremljen je \u0161irokim filc vrhom od 18 mm za sna\u017ene poteze i izra\u017eene \u201cdrip\u201d efekte. Mekano tijelo omogu\u0107uje ru\u010dnu kontrolu protoka, \u0161to ga \u010dini savr\u0161enim za dinami\u010dne i upe\u010datljive oznake. Tip: prazni marker (punjiv) Vrh: 18 mm filc [&hellip;]\" \/>\n<meta property=\"og:url\" content=\"https:\/\/www.sugarfactory.hr\/en\/product-2\/markers\/prazni-markeri-i-nastavci\/dripper-18-mm-empty\/\" \/>\n<meta property=\"og:site_name\" content=\"Sugar Factory\" \/>\n<meta property=\"article:modified_time\" content=\"2026-04-23T16:15:11+00:00\" \/>\n<meta property=\"og:image\" content=\"https:\/\/www.sugarfactory.hr\/wp-content\/uploads\/2021\/09\/dope-dripper-18-empty.webp\" \/>\n\t<meta property=\"og:image:width\" content=\"896\" \/>\n\t<meta property=\"og:image:height\" content=\"1120\" \/>\n\t<meta property=\"og:image:type\" content=\"image\/webp\" \/>\n<meta name=\"twitter:card\" content=\"summary_large_image\" \/>\n<script type=\"application\/ld+json\" class=\"yoast-schema-graph\">{\"@context\":\"https:\/\/schema.org\",\"@graph\":[{\"@type\":\"WebPage\",\"@id\":\"https:\/\/www.sugarfactory.hr\/proizvod\/markeri\/prazni-markeri-i-nastavci\/dripper-18-mm-empty\/\",\"url\":\"https:\/\/www.sugarfactory.hr\/proizvod\/markeri\/prazni-markeri-i-nastavci\/dripper-18-mm-empty\/\",\"name\":\"Dope Dripper 18 mm empty - Sugar Factory\",\"isPartOf\":{\"@id\":\"https:\/\/www.sugarfactory.hr\/#website\"},\"primaryImageOfPage\":{\"@id\":\"https:\/\/www.sugarfactory.hr\/proizvod\/markeri\/prazni-markeri-i-nastavci\/dripper-18-mm-empty\/#primaryimage\"},\"image\":{\"@id\":\"https:\/\/www.sugarfactory.hr\/proizvod\/markeri\/prazni-markeri-i-nastavci\/dripper-18-mm-empty\/#primaryimage\"},\"thumbnailUrl\":\"https:\/\/www.sugarfactory.hr\/wp-content\/uploads\/2021\/09\/dope-dripper-18-empty.webp\",\"datePublished\":\"2021-09-24T12:48:06+00:00\",\"dateModified\":\"2026-04-23T16:15:11+00:00\",\"breadcrumb\":{\"@id\":\"https:\/\/www.sugarfactory.hr\/proizvod\/markeri\/prazni-markeri-i-nastavci\/dripper-18-mm-empty\/#breadcrumb\"},\"inLanguage\":\"en-US\",\"potentialAction\":[{\"@type\":\"ReadAction\",\"target\":[\"https:\/\/www.sugarfactory.hr\/proizvod\/markeri\/prazni-markeri-i-nastavci\/dripper-18-mm-empty\/\"]}]},{\"@type\":\"ImageObject\",\"inLanguage\":\"en-US\",\"@id\":\"https:\/\/www.sugarfactory.hr\/proizvod\/markeri\/prazni-markeri-i-nastavci\/dripper-18-mm-empty\/#primaryimage\",\"url\":\"https:\/\/www.sugarfactory.hr\/wp-content\/uploads\/2021\/09\/dope-dripper-18-empty.webp\",\"contentUrl\":\"https:\/\/www.sugarfactory.hr\/wp-content\/uploads\/2021\/09\/dope-dripper-18-empty.webp\",\"width\":896,\"height\":1120},{\"@type\":\"BreadcrumbList\",\"@id\":\"https:\/\/www.sugarfactory.hr\/proizvod\/markeri\/prazni-markeri-i-nastavci\/dripper-18-mm-empty\/#breadcrumb\",\"itemListElement\":[{\"@type\":\"ListItem\",\"position\":1,\"name\":\"Po\u010detna stranica\",\"item\":\"https:\/\/www.sugarfactory.hr\/\"},{\"@type\":\"ListItem\",\"position\":2,\"name\":\"Proizvodi\",\"item\":\"https:\/\/www.sugarfactory.hr\/shop\/\"},{\"@type\":\"ListItem\",\"position\":3,\"name\":\"Dope Dripper 18 mm empty\"}]},{\"@type\":\"WebSite\",\"@id\":\"https:\/\/www.sugarfactory.hr\/#website\",\"url\":\"https:\/\/www.sugarfactory.hr\/\",\"name\":\"Sugar Factory\",\"description\":\"Create your sweetest pieces!\",\"potentialAction\":[{\"@type\":\"SearchAction\",\"target\":{\"@type\":\"EntryPoint\",\"urlTemplate\":\"https:\/\/www.sugarfactory.hr\/?s={search_term_string}\"},\"query-input\":{\"@type\":\"PropertyValueSpecification\",\"valueRequired\":true,\"valueName\":\"search_term_string\"}}],\"inLanguage\":\"en-US\"}]}<\/script>\n<!-- \/ Yoast SEO plugin. -->","yoast_head_json":{"title":"Dope Dripper 18 mm empty - Sugar Factory","robots":{"index":"index","follow":"follow","max-snippet":"max-snippet:-1","max-image-preview":"max-image-preview:large","max-video-preview":"max-video-preview:-1"},"canonical":"https:\/\/www.sugarfactory.hr\/en\/product-2\/markers\/prazni-markeri-i-nastavci\/dripper-18-mm-empty\/","og_locale":"en_US","og_type":"article","og_title":"Dope Dripper 18 mm empty - Sugar Factory","og_description":"Dope Dripper 18 mm je prazan marker na stiskanje, spreman za punjenje tintom ili bojama po izboru. Opremljen je \u0161irokim filc vrhom od 18 mm za sna\u017ene poteze i izra\u017eene \u201cdrip\u201d efekte. Mekano tijelo omogu\u0107uje ru\u010dnu kontrolu protoka, \u0161to ga \u010dini savr\u0161enim za dinami\u010dne i upe\u010datljive oznake. Tip: prazni marker (punjiv) Vrh: 18 mm filc [&hellip;]","og_url":"https:\/\/www.sugarfactory.hr\/en\/product-2\/markers\/prazni-markeri-i-nastavci\/dripper-18-mm-empty\/","og_site_name":"Sugar Factory","article_modified_time":"2026-04-23T16:15:11+00:00","og_image":[{"width":896,"height":1120,"url":"https:\/\/www.sugarfactory.hr\/wp-content\/uploads\/2021\/09\/dope-dripper-18-empty.webp","type":"image\/webp"}],"twitter_card":"summary_large_image","schema":{"@context":"https:\/\/schema.org","@graph":[{"@type":"WebPage","@id":"https:\/\/www.sugarfactory.hr\/proizvod\/markeri\/prazni-markeri-i-nastavci\/dripper-18-mm-empty\/","url":"https:\/\/www.sugarfactory.hr\/proizvod\/markeri\/prazni-markeri-i-nastavci\/dripper-18-mm-empty\/","name":"Dope Dripper 18 mm empty - Sugar Factory","isPartOf":{"@id":"https:\/\/www.sugarfactory.hr\/#website"},"primaryImageOfPage":{"@id":"https:\/\/www.sugarfactory.hr\/proizvod\/markeri\/prazni-markeri-i-nastavci\/dripper-18-mm-empty\/#primaryimage"},"image":{"@id":"https:\/\/www.sugarfactory.hr\/proizvod\/markeri\/prazni-markeri-i-nastavci\/dripper-18-mm-empty\/#primaryimage"},"thumbnailUrl":"https:\/\/www.sugarfactory.hr\/wp-content\/uploads\/2021\/09\/dope-dripper-18-empty.webp","datePublished":"2021-09-24T12:48:06+00:00","dateModified":"2026-04-23T16:15:11+00:00","breadcrumb":{"@id":"https:\/\/www.sugarfactory.hr\/proizvod\/markeri\/prazni-markeri-i-nastavci\/dripper-18-mm-empty\/#breadcrumb"},"inLanguage":"en-US","potentialAction":[{"@type":"ReadAction","target":["https:\/\/www.sugarfactory.hr\/proizvod\/markeri\/prazni-markeri-i-nastavci\/dripper-18-mm-empty\/"]}]},{"@type":"ImageObject","inLanguage":"en-US","@id":"https:\/\/www.sugarfactory.hr\/proizvod\/markeri\/prazni-markeri-i-nastavci\/dripper-18-mm-empty\/#primaryimage","url":"https:\/\/www.sugarfactory.hr\/wp-content\/uploads\/2021\/09\/dope-dripper-18-empty.webp","contentUrl":"https:\/\/www.sugarfactory.hr\/wp-content\/uploads\/2021\/09\/dope-dripper-18-empty.webp","width":896,"height":1120},{"@type":"BreadcrumbList","@id":"https:\/\/www.sugarfactory.hr\/proizvod\/markeri\/prazni-markeri-i-nastavci\/dripper-18-mm-empty\/#breadcrumb","itemListElement":[{"@type":"ListItem","position":1,"name":"Po\u010detna stranica","item":"https:\/\/www.sugarfactory.hr\/"},{"@type":"ListItem","position":2,"name":"Proizvodi","item":"https:\/\/www.sugarfactory.hr\/shop\/"},{"@type":"ListItem","position":3,"name":"Dope Dripper 18 mm empty"}]},{"@type":"WebSite","@id":"https:\/\/www.sugarfactory.hr\/#website","url":"https:\/\/www.sugarfactory.hr\/","name":"Sugar Factory","description":"Create your sweetest pieces!","potentialAction":[{"@type":"SearchAction","target":{"@type":"EntryPoint","urlTemplate":"https:\/\/www.sugarfactory.hr\/?s={search_term_string}"},"query-input":{"@type":"PropertyValueSpecification","valueRequired":true,"valueName":"search_term_string"}}],"inLanguage":"en-US"}]}},"_links":{"self":[{"href":"https:\/\/www.sugarfactory.hr\/en\/wp-json\/wp\/v2\/product\/2333","targetHints":{"allow":["GET"]}}],"collection":[{"href":"https:\/\/www.sugarfactory.hr\/en\/wp-json\/wp\/v2\/product"}],"about":[{"href":"https:\/\/www.sugarfactory.hr\/en\/wp-json\/wp\/v2\/types\/product"}],"wp:featuredmedia":[{"embeddable":true,"href":"https:\/\/www.sugarfactory.hr\/en\/wp-json\/wp\/v2\/media\/12489"}],"wp:attachment":[{"href":"https:\/\/www.sugarfactory.hr\/en\/wp-json\/wp\/v2\/media?parent=2333"}],"wp:term":[{"taxonomy":"product_brand","embeddable":true,"href":"https:\/\/www.sugarfactory.hr\/en\/wp-json\/wp\/v2\/product_brand?post=2333"},{"taxonomy":"product_cat","embeddable":true,"href":"https:\/\/www.sugarfactory.hr\/en\/wp-json\/wp\/v2\/product_cat?post=2333"},{"taxonomy":"product_tag","embeddable":true,"href":"https:\/\/www.sugarfactory.hr\/en\/wp-json\/wp\/v2\/product_tag?post=2333"}],"curies":[{"name":"wp","href":"https:\/\/api.w.org\/{rel}","templated":true}]}}