{"id":2337,"date":"2021-09-24T12:50:10","date_gmt":"2021-09-24T12:50:10","guid":{"rendered":"https:\/\/www.sugarfactory.hr\/?post_type=product&#038;p=2337"},"modified":"2026-02-14T02:24:14","modified_gmt":"2026-02-14T01:24:14","slug":"beast-empty-prazni-marker","status":"publish","type":"product","link":"https:\/\/www.sugarfactory.hr\/en\/product-2\/markers\/prazni-markeri-i-nastavci\/beast-empty-prazni-marker\/","title":{"rendered":"Dope Beast empty"},"content":{"rendered":"<p data-start=\"77\" data-end=\"257\"><strong data-start=\"115\" data-end=\"135\">Dope Beast Empty<\/strong> is <strong data-start=\"139\" data-end=\"156\">prazan marker<\/strong> koji se mo\u017ee puniti razli\u010ditim vrstama tinte i boja, pru\u017eaju\u0107i potpunu fleksibilnost u kori\u0161tenju.<\/p>\n<p data-start=\"259\" data-end=\"480\">Opremljen je <strong data-start=\"272\" data-end=\"299\">filc vrhom \u0161irine 15 mm<\/strong>, idealnim za sna\u017ene poteze, tagiranje i kreativne radove. Zahvaljuju\u0107i robusnom dizajnu i mogu\u0107nosti ponovnog punjenja, marker je dugotrajan i prakti\u010dan alat za svakog umjetnika.<\/p>\n<ul data-start=\"482\" data-end=\"603\">\n<li data-start=\"482\" data-end=\"517\">\n<p data-start=\"484\" data-end=\"517\"><strong data-start=\"484\" data-end=\"492\">Tip:<\/strong> prazni marker (punjiv)<\/p>\n<\/li>\n<li data-start=\"518\" data-end=\"542\">\n<p data-start=\"520\" data-end=\"542\"><strong data-start=\"520\" data-end=\"528\">Vrh:<\/strong> filc, 15 mm<\/p>\n<\/li>\n<li data-start=\"543\" data-end=\"603\">\n<p data-start=\"545\" data-end=\"603\"><strong data-start=\"545\" data-end=\"558\">Punjenje:<\/strong> kompatibilan s razli\u010ditim tintama i bojama<\/p>\n<\/li>\n<\/ul>\n<p data-start=\"605\" data-end=\"711\"><strong data-start=\"605\" data-end=\"632\">Dope Beast Empty Marker<\/strong> savr\u0161en je za one koji \u017eele <strong data-start=\"661\" data-end=\"708\">prilagoditi boju i stil vlastitim potrebama<\/strong>.<\/p>","protected":false},"excerpt":{"rendered":"<p>Dope Beast Empty je prazan marker koji se mo\u017ee puniti razli\u010ditim vrstama tinte i boja, pru\u017eaju\u0107i potpunu fleksibilnost u kori\u0161tenju. Opremljen je filc vrhom \u0161irine 15 mm, idealnim za sna\u017ene poteze, tagiranje i kreativne radove. Zahvaljuju\u0107i robusnom dizajnu i mogu\u0107nosti ponovnog punjenja, marker je dugotrajan i prakti\u010dan alat za svakog umjetnika. Tip: prazni marker (punjiv) [&hellip;]<\/p>","protected":false},"featured_media":12485,"template":"","meta":{"_acf_changed":false},"product_brand":[106],"product_cat":[22,84],"product_tag":[],"class_list":{"0":"post-2337","1":"product","2":"type-product","3":"status-publish","4":"has-post-thumbnail","6":"product_brand-dope","7":"product_cat-markeri","8":"product_cat-prazni-markeri-i-nastavci","10":"first","11":"outofstock","12":"shipping-taxable","13":"purchasable","14":"product-type-simple"},"acf":[],"yoast_head":"<!-- This site is optimized with the Yoast SEO plugin v26.3 - https:\/\/yoast.com\/wordpress\/plugins\/seo\/ -->\n<title>Dope Beast empty - Sugar Factory<\/title>\n<meta name=\"robots\" content=\"index, follow, max-snippet:-1, max-image-preview:large, max-video-preview:-1\" \/>\n<link rel=\"canonical\" href=\"https:\/\/www.sugarfactory.hr\/en\/product-2\/markers\/prazni-markeri-i-nastavci\/beast-empty-prazni-marker\/\" \/>\n<meta property=\"og:locale\" content=\"en_US\" \/>\n<meta property=\"og:type\" content=\"article\" \/>\n<meta property=\"og:title\" content=\"Dope Beast empty - Sugar Factory\" \/>\n<meta property=\"og:description\" content=\"Dope Beast Empty je prazan marker koji se mo\u017ee puniti razli\u010ditim vrstama tinte i boja, pru\u017eaju\u0107i potpunu fleksibilnost u kori\u0161tenju. Opremljen je filc vrhom \u0161irine 15 mm, idealnim za sna\u017ene poteze, tagiranje i kreativne radove. Zahvaljuju\u0107i robusnom dizajnu i mogu\u0107nosti ponovnog punjenja, marker je dugotrajan i prakti\u010dan alat za svakog umjetnika. Tip: prazni marker (punjiv) [&hellip;]\" \/>\n<meta property=\"og:url\" content=\"https:\/\/www.sugarfactory.hr\/en\/product-2\/markers\/prazni-markeri-i-nastavci\/beast-empty-prazni-marker\/\" \/>\n<meta property=\"og:site_name\" content=\"Sugar Factory\" \/>\n<meta property=\"article:modified_time\" content=\"2026-02-14T01:24:14+00:00\" \/>\n<meta property=\"og:image\" content=\"https:\/\/www.sugarfactory.hr\/wp-content\/uploads\/2021\/09\/dope-beast-15.webp\" \/>\n\t<meta property=\"og:image:width\" content=\"896\" \/>\n\t<meta property=\"og:image:height\" content=\"1120\" \/>\n\t<meta property=\"og:image:type\" content=\"image\/webp\" \/>\n<meta name=\"twitter:card\" content=\"summary_large_image\" \/>\n<script type=\"application\/ld+json\" class=\"yoast-schema-graph\">{\"@context\":\"https:\/\/schema.org\",\"@graph\":[{\"@type\":\"WebPage\",\"@id\":\"https:\/\/www.sugarfactory.hr\/proizvod\/markeri\/prazni-markeri-i-nastavci\/beast-empty-prazni-marker\/\",\"url\":\"https:\/\/www.sugarfactory.hr\/proizvod\/markeri\/prazni-markeri-i-nastavci\/beast-empty-prazni-marker\/\",\"name\":\"Dope Beast empty - Sugar Factory\",\"isPartOf\":{\"@id\":\"https:\/\/www.sugarfactory.hr\/#website\"},\"primaryImageOfPage\":{\"@id\":\"https:\/\/www.sugarfactory.hr\/proizvod\/markeri\/prazni-markeri-i-nastavci\/beast-empty-prazni-marker\/#primaryimage\"},\"image\":{\"@id\":\"https:\/\/www.sugarfactory.hr\/proizvod\/markeri\/prazni-markeri-i-nastavci\/beast-empty-prazni-marker\/#primaryimage\"},\"thumbnailUrl\":\"https:\/\/www.sugarfactory.hr\/wp-content\/uploads\/2021\/09\/dope-beast-15.webp\",\"datePublished\":\"2021-09-24T12:50:10+00:00\",\"dateModified\":\"2026-02-14T01:24:14+00:00\",\"breadcrumb\":{\"@id\":\"https:\/\/www.sugarfactory.hr\/proizvod\/markeri\/prazni-markeri-i-nastavci\/beast-empty-prazni-marker\/#breadcrumb\"},\"inLanguage\":\"en-US\",\"potentialAction\":[{\"@type\":\"ReadAction\",\"target\":[\"https:\/\/www.sugarfactory.hr\/proizvod\/markeri\/prazni-markeri-i-nastavci\/beast-empty-prazni-marker\/\"]}]},{\"@type\":\"ImageObject\",\"inLanguage\":\"en-US\",\"@id\":\"https:\/\/www.sugarfactory.hr\/proizvod\/markeri\/prazni-markeri-i-nastavci\/beast-empty-prazni-marker\/#primaryimage\",\"url\":\"https:\/\/www.sugarfactory.hr\/wp-content\/uploads\/2021\/09\/dope-beast-15.webp\",\"contentUrl\":\"https:\/\/www.sugarfactory.hr\/wp-content\/uploads\/2021\/09\/dope-beast-15.webp\",\"width\":896,\"height\":1120},{\"@type\":\"BreadcrumbList\",\"@id\":\"https:\/\/www.sugarfactory.hr\/proizvod\/markeri\/prazni-markeri-i-nastavci\/beast-empty-prazni-marker\/#breadcrumb\",\"itemListElement\":[{\"@type\":\"ListItem\",\"position\":1,\"name\":\"Po\u010detna stranica\",\"item\":\"https:\/\/www.sugarfactory.hr\/\"},{\"@type\":\"ListItem\",\"position\":2,\"name\":\"Proizvodi\",\"item\":\"https:\/\/www.sugarfactory.hr\/shop\/\"},{\"@type\":\"ListItem\",\"position\":3,\"name\":\"Dope Beast empty\"}]},{\"@type\":\"WebSite\",\"@id\":\"https:\/\/www.sugarfactory.hr\/#website\",\"url\":\"https:\/\/www.sugarfactory.hr\/\",\"name\":\"Sugar Factory\",\"description\":\"Create your sweetest pieces!\",\"potentialAction\":[{\"@type\":\"SearchAction\",\"target\":{\"@type\":\"EntryPoint\",\"urlTemplate\":\"https:\/\/www.sugarfactory.hr\/?s={search_term_string}\"},\"query-input\":{\"@type\":\"PropertyValueSpecification\",\"valueRequired\":true,\"valueName\":\"search_term_string\"}}],\"inLanguage\":\"en-US\"}]}<\/script>\n<!-- \/ Yoast SEO plugin. -->","yoast_head_json":{"title":"Dope Beast empty - Sugar Factory","robots":{"index":"index","follow":"follow","max-snippet":"max-snippet:-1","max-image-preview":"max-image-preview:large","max-video-preview":"max-video-preview:-1"},"canonical":"https:\/\/www.sugarfactory.hr\/en\/product-2\/markers\/prazni-markeri-i-nastavci\/beast-empty-prazni-marker\/","og_locale":"en_US","og_type":"article","og_title":"Dope Beast empty - Sugar Factory","og_description":"Dope Beast Empty je prazan marker koji se mo\u017ee puniti razli\u010ditim vrstama tinte i boja, pru\u017eaju\u0107i potpunu fleksibilnost u kori\u0161tenju. Opremljen je filc vrhom \u0161irine 15 mm, idealnim za sna\u017ene poteze, tagiranje i kreativne radove. Zahvaljuju\u0107i robusnom dizajnu i mogu\u0107nosti ponovnog punjenja, marker je dugotrajan i prakti\u010dan alat za svakog umjetnika. Tip: prazni marker (punjiv) [&hellip;]","og_url":"https:\/\/www.sugarfactory.hr\/en\/product-2\/markers\/prazni-markeri-i-nastavci\/beast-empty-prazni-marker\/","og_site_name":"Sugar Factory","article_modified_time":"2026-02-14T01:24:14+00:00","og_image":[{"width":896,"height":1120,"url":"https:\/\/www.sugarfactory.hr\/wp-content\/uploads\/2021\/09\/dope-beast-15.webp","type":"image\/webp"}],"twitter_card":"summary_large_image","schema":{"@context":"https:\/\/schema.org","@graph":[{"@type":"WebPage","@id":"https:\/\/www.sugarfactory.hr\/proizvod\/markeri\/prazni-markeri-i-nastavci\/beast-empty-prazni-marker\/","url":"https:\/\/www.sugarfactory.hr\/proizvod\/markeri\/prazni-markeri-i-nastavci\/beast-empty-prazni-marker\/","name":"Dope Beast empty - Sugar Factory","isPartOf":{"@id":"https:\/\/www.sugarfactory.hr\/#website"},"primaryImageOfPage":{"@id":"https:\/\/www.sugarfactory.hr\/proizvod\/markeri\/prazni-markeri-i-nastavci\/beast-empty-prazni-marker\/#primaryimage"},"image":{"@id":"https:\/\/www.sugarfactory.hr\/proizvod\/markeri\/prazni-markeri-i-nastavci\/beast-empty-prazni-marker\/#primaryimage"},"thumbnailUrl":"https:\/\/www.sugarfactory.hr\/wp-content\/uploads\/2021\/09\/dope-beast-15.webp","datePublished":"2021-09-24T12:50:10+00:00","dateModified":"2026-02-14T01:24:14+00:00","breadcrumb":{"@id":"https:\/\/www.sugarfactory.hr\/proizvod\/markeri\/prazni-markeri-i-nastavci\/beast-empty-prazni-marker\/#breadcrumb"},"inLanguage":"en-US","potentialAction":[{"@type":"ReadAction","target":["https:\/\/www.sugarfactory.hr\/proizvod\/markeri\/prazni-markeri-i-nastavci\/beast-empty-prazni-marker\/"]}]},{"@type":"ImageObject","inLanguage":"en-US","@id":"https:\/\/www.sugarfactory.hr\/proizvod\/markeri\/prazni-markeri-i-nastavci\/beast-empty-prazni-marker\/#primaryimage","url":"https:\/\/www.sugarfactory.hr\/wp-content\/uploads\/2021\/09\/dope-beast-15.webp","contentUrl":"https:\/\/www.sugarfactory.hr\/wp-content\/uploads\/2021\/09\/dope-beast-15.webp","width":896,"height":1120},{"@type":"BreadcrumbList","@id":"https:\/\/www.sugarfactory.hr\/proizvod\/markeri\/prazni-markeri-i-nastavci\/beast-empty-prazni-marker\/#breadcrumb","itemListElement":[{"@type":"ListItem","position":1,"name":"Po\u010detna stranica","item":"https:\/\/www.sugarfactory.hr\/"},{"@type":"ListItem","position":2,"name":"Proizvodi","item":"https:\/\/www.sugarfactory.hr\/shop\/"},{"@type":"ListItem","position":3,"name":"Dope Beast empty"}]},{"@type":"WebSite","@id":"https:\/\/www.sugarfactory.hr\/#website","url":"https:\/\/www.sugarfactory.hr\/","name":"Sugar Factory","description":"Create your sweetest pieces!","potentialAction":[{"@type":"SearchAction","target":{"@type":"EntryPoint","urlTemplate":"https:\/\/www.sugarfactory.hr\/?s={search_term_string}"},"query-input":{"@type":"PropertyValueSpecification","valueRequired":true,"valueName":"search_term_string"}}],"inLanguage":"en-US"}]}},"_links":{"self":[{"href":"https:\/\/www.sugarfactory.hr\/en\/wp-json\/wp\/v2\/product\/2337","targetHints":{"allow":["GET"]}}],"collection":[{"href":"https:\/\/www.sugarfactory.hr\/en\/wp-json\/wp\/v2\/product"}],"about":[{"href":"https:\/\/www.sugarfactory.hr\/en\/wp-json\/wp\/v2\/types\/product"}],"wp:featuredmedia":[{"embeddable":true,"href":"https:\/\/www.sugarfactory.hr\/en\/wp-json\/wp\/v2\/media\/12485"}],"wp:attachment":[{"href":"https:\/\/www.sugarfactory.hr\/en\/wp-json\/wp\/v2\/media?parent=2337"}],"wp:term":[{"taxonomy":"product_brand","embeddable":true,"href":"https:\/\/www.sugarfactory.hr\/en\/wp-json\/wp\/v2\/product_brand?post=2337"},{"taxonomy":"product_cat","embeddable":true,"href":"https:\/\/www.sugarfactory.hr\/en\/wp-json\/wp\/v2\/product_cat?post=2337"},{"taxonomy":"product_tag","embeddable":true,"href":"https:\/\/www.sugarfactory.hr\/en\/wp-json\/wp\/v2\/product_tag?post=2337"}],"curies":[{"name":"wp","href":"https:\/\/api.w.org\/{rel}","templated":true}]}}