{"id":2391,"date":"2021-10-12T11:56:12","date_gmt":"2021-10-12T11:56:12","guid":{"rendered":"https:\/\/www.sugarfactory.hr\/?post_type=product&#038;p=2391"},"modified":"2026-04-14T06:15:31","modified_gmt":"2026-04-14T05:15:31","slug":"wall-paint-the-wall-1-l","status":"publish","type":"product","link":"https:\/\/www.sugarfactory.hr\/en\/product-2\/boje-za-zid\/wall-paint-the-wall-1-l\/","title":{"rendered":"The Wall 1 L"},"content":{"rendered":"<p data-start=\"71\" data-end=\"203\"><strong data-start=\"97\" data-end=\"114\">Dope The Wall<\/strong> is <strong data-start=\"118\" data-end=\"161\">vrlo neprozirna akrilna emulzijska boja<\/strong> s izvrsnom pokrivno\u0161\u0107u i dugotrajno\u0161\u0107u.<\/p>\n<p data-start=\"205\" data-end=\"383\">S prosje\u010dnom potro\u0161njom od <strong data-start=\"232\" data-end=\"254\">oko 12 m\u00b2 po litri<\/strong>, ovo prakti\u010dno pakiranje od <strong data-start=\"283\" data-end=\"290\">1 L<\/strong> idealno je za manje projekte, detaljne radove, popravke ili zavr\u0161ne korekcije na zidovima.<\/p>\n<ul data-start=\"385\" data-end=\"518\">\n<li data-start=\"385\" data-end=\"407\">\n<p data-start=\"387\" data-end=\"407\"><strong data-start=\"387\" data-end=\"401\">Packaging:<\/strong> 1 L<\/p>\n<\/li>\n<li data-start=\"408\" data-end=\"446\">\n<p data-start=\"410\" data-end=\"446\"><strong data-start=\"410\" data-end=\"420\">Vrsta:<\/strong> akrilna emulzijska boja<\/p>\n<\/li>\n<li data-start=\"447\" data-end=\"480\">\n<p data-start=\"449\" data-end=\"480\"><strong data-start=\"449\" data-end=\"464\">Pokrivnost:<\/strong> cca 12 m\u00b2 \/ L<\/p>\n<\/li>\n<li data-start=\"481\" data-end=\"518\">\n<p data-start=\"483\" data-end=\"518\"><strong data-start=\"483\" data-end=\"496\">Application:<\/strong> unutarnja i vanjska<\/p>\n<\/li>\n<\/ul>\n<p data-start=\"520\" data-end=\"658\"><strong data-start=\"520\" data-end=\"541\">Dope The Wall 1 L<\/strong> savr\u0161en je izbor za <strong data-start=\"562\" data-end=\"612\">manje zidne povr\u0161ine, murale i precizne radove<\/strong>, uz jednaku kvalitetu kao i ve\u0107a pakiranja.<\/p>","protected":false},"excerpt":{"rendered":"<p>Dope The Wall je vrlo neprozirna akrilna emulzijska boja s izvrsnom pokrivno\u0161\u0107u i dugotrajno\u0161\u0107u. S prosje\u010dnom potro\u0161njom od oko 12 m\u00b2 po litri, ovo prakti\u010dno pakiranje od 1 L idealno je za manje projekte, detaljne radove, popravke ili zavr\u0161ne korekcije na zidovima. Pakiranje: 1 L Vrsta: akrilna emulzijska boja Pokrivnost: cca 12 m\u00b2 \/ L [&hellip;]<\/p>","protected":false},"featured_media":12505,"template":"","meta":{"_acf_changed":false},"product_brand":[106],"product_cat":[20],"product_tag":[],"class_list":{"0":"post-2391","1":"product","2":"type-product","3":"status-publish","4":"has-post-thumbnail","6":"product_brand-dope","7":"product_cat-boje-za-zid","9":"first","10":"instock","11":"shipping-taxable","12":"purchasable","13":"product-type-variable"},"acf":[],"yoast_head":"<!-- This site is optimized with the Yoast SEO plugin v26.3 - https:\/\/yoast.com\/wordpress\/plugins\/seo\/ -->\n<title>The Wall 1 L - Sugar Factory<\/title>\n<meta name=\"robots\" content=\"index, follow, max-snippet:-1, max-image-preview:large, max-video-preview:-1\" \/>\n<link rel=\"canonical\" href=\"https:\/\/www.sugarfactory.hr\/en\/product-2\/boje-za-zid\/wall-paint-the-wall-1-l\/\" \/>\n<meta property=\"og:locale\" content=\"en_US\" \/>\n<meta property=\"og:type\" content=\"article\" \/>\n<meta property=\"og:title\" content=\"The Wall 1 L - Sugar Factory\" \/>\n<meta property=\"og:description\" content=\"Dope The Wall je vrlo neprozirna akrilna emulzijska boja s izvrsnom pokrivno\u0161\u0107u i dugotrajno\u0161\u0107u. S prosje\u010dnom potro\u0161njom od oko 12 m\u00b2 po litri, ovo prakti\u010dno pakiranje od 1 L idealno je za manje projekte, detaljne radove, popravke ili zavr\u0161ne korekcije na zidovima. Pakiranje: 1 L Vrsta: akrilna emulzijska boja Pokrivnost: cca 12 m\u00b2 \/ L [&hellip;]\" \/>\n<meta property=\"og:url\" content=\"https:\/\/www.sugarfactory.hr\/en\/product-2\/boje-za-zid\/wall-paint-the-wall-1-l\/\" \/>\n<meta property=\"og:site_name\" content=\"Sugar Factory\" \/>\n<meta property=\"article:modified_time\" content=\"2026-04-14T05:15:31+00:00\" \/>\n<meta property=\"og:image\" content=\"https:\/\/www.sugarfactory.hr\/wp-content\/uploads\/2021\/10\/dope-the-wall-1L.webp\" \/>\n\t<meta property=\"og:image:width\" content=\"896\" \/>\n\t<meta property=\"og:image:height\" content=\"1120\" \/>\n\t<meta property=\"og:image:type\" content=\"image\/webp\" \/>\n<meta name=\"twitter:card\" content=\"summary_large_image\" \/>\n<meta name=\"twitter:label1\" content=\"Est. reading time\" \/>\n\t<meta name=\"twitter:data1\" content=\"1 minute\" \/>\n<script type=\"application\/ld+json\" class=\"yoast-schema-graph\">{\"@context\":\"https:\/\/schema.org\",\"@graph\":[{\"@type\":\"WebPage\",\"@id\":\"https:\/\/www.sugarfactory.hr\/proizvod\/boje-za-zid\/boja-za-zid-the-wall-1-l\/\",\"url\":\"https:\/\/www.sugarfactory.hr\/proizvod\/boje-za-zid\/boja-za-zid-the-wall-1-l\/\",\"name\":\"The Wall 1 L - Sugar Factory\",\"isPartOf\":{\"@id\":\"https:\/\/www.sugarfactory.hr\/#website\"},\"primaryImageOfPage\":{\"@id\":\"https:\/\/www.sugarfactory.hr\/proizvod\/boje-za-zid\/boja-za-zid-the-wall-1-l\/#primaryimage\"},\"image\":{\"@id\":\"https:\/\/www.sugarfactory.hr\/proizvod\/boje-za-zid\/boja-za-zid-the-wall-1-l\/#primaryimage\"},\"thumbnailUrl\":\"https:\/\/www.sugarfactory.hr\/wp-content\/uploads\/2021\/10\/dope-the-wall-1L.webp\",\"datePublished\":\"2021-10-12T11:56:12+00:00\",\"dateModified\":\"2026-04-14T05:15:31+00:00\",\"breadcrumb\":{\"@id\":\"https:\/\/www.sugarfactory.hr\/proizvod\/boje-za-zid\/boja-za-zid-the-wall-1-l\/#breadcrumb\"},\"inLanguage\":\"en-US\",\"potentialAction\":[{\"@type\":\"ReadAction\",\"target\":[\"https:\/\/www.sugarfactory.hr\/proizvod\/boje-za-zid\/boja-za-zid-the-wall-1-l\/\"]}]},{\"@type\":\"ImageObject\",\"inLanguage\":\"en-US\",\"@id\":\"https:\/\/www.sugarfactory.hr\/proizvod\/boje-za-zid\/boja-za-zid-the-wall-1-l\/#primaryimage\",\"url\":\"https:\/\/www.sugarfactory.hr\/wp-content\/uploads\/2021\/10\/dope-the-wall-1L.webp\",\"contentUrl\":\"https:\/\/www.sugarfactory.hr\/wp-content\/uploads\/2021\/10\/dope-the-wall-1L.webp\",\"width\":896,\"height\":1120},{\"@type\":\"BreadcrumbList\",\"@id\":\"https:\/\/www.sugarfactory.hr\/proizvod\/boje-za-zid\/boja-za-zid-the-wall-1-l\/#breadcrumb\",\"itemListElement\":[{\"@type\":\"ListItem\",\"position\":1,\"name\":\"Po\u010detna stranica\",\"item\":\"https:\/\/www.sugarfactory.hr\/\"},{\"@type\":\"ListItem\",\"position\":2,\"name\":\"Proizvodi\",\"item\":\"https:\/\/www.sugarfactory.hr\/shop\/\"},{\"@type\":\"ListItem\",\"position\":3,\"name\":\"The Wall 1 L\"}]},{\"@type\":\"WebSite\",\"@id\":\"https:\/\/www.sugarfactory.hr\/#website\",\"url\":\"https:\/\/www.sugarfactory.hr\/\",\"name\":\"Sugar Factory\",\"description\":\"Create your sweetest pieces!\",\"potentialAction\":[{\"@type\":\"SearchAction\",\"target\":{\"@type\":\"EntryPoint\",\"urlTemplate\":\"https:\/\/www.sugarfactory.hr\/?s={search_term_string}\"},\"query-input\":{\"@type\":\"PropertyValueSpecification\",\"valueRequired\":true,\"valueName\":\"search_term_string\"}}],\"inLanguage\":\"en-US\"}]}<\/script>\n<!-- \/ Yoast SEO plugin. -->","yoast_head_json":{"title":"The Wall 1 L - Sugar Factory","robots":{"index":"index","follow":"follow","max-snippet":"max-snippet:-1","max-image-preview":"max-image-preview:large","max-video-preview":"max-video-preview:-1"},"canonical":"https:\/\/www.sugarfactory.hr\/en\/product-2\/boje-za-zid\/wall-paint-the-wall-1-l\/","og_locale":"en_US","og_type":"article","og_title":"The Wall 1 L - Sugar Factory","og_description":"Dope The Wall je vrlo neprozirna akrilna emulzijska boja s izvrsnom pokrivno\u0161\u0107u i dugotrajno\u0161\u0107u. S prosje\u010dnom potro\u0161njom od oko 12 m\u00b2 po litri, ovo prakti\u010dno pakiranje od 1 L idealno je za manje projekte, detaljne radove, popravke ili zavr\u0161ne korekcije na zidovima. Pakiranje: 1 L Vrsta: akrilna emulzijska boja Pokrivnost: cca 12 m\u00b2 \/ L [&hellip;]","og_url":"https:\/\/www.sugarfactory.hr\/en\/product-2\/boje-za-zid\/wall-paint-the-wall-1-l\/","og_site_name":"Sugar Factory","article_modified_time":"2026-04-14T05:15:31+00:00","og_image":[{"width":896,"height":1120,"url":"https:\/\/www.sugarfactory.hr\/wp-content\/uploads\/2021\/10\/dope-the-wall-1L.webp","type":"image\/webp"}],"twitter_card":"summary_large_image","twitter_misc":{"Est. reading time":"1 minute"},"schema":{"@context":"https:\/\/schema.org","@graph":[{"@type":"WebPage","@id":"https:\/\/www.sugarfactory.hr\/proizvod\/boje-za-zid\/boja-za-zid-the-wall-1-l\/","url":"https:\/\/www.sugarfactory.hr\/proizvod\/boje-za-zid\/boja-za-zid-the-wall-1-l\/","name":"The Wall 1 L - Sugar Factory","isPartOf":{"@id":"https:\/\/www.sugarfactory.hr\/#website"},"primaryImageOfPage":{"@id":"https:\/\/www.sugarfactory.hr\/proizvod\/boje-za-zid\/boja-za-zid-the-wall-1-l\/#primaryimage"},"image":{"@id":"https:\/\/www.sugarfactory.hr\/proizvod\/boje-za-zid\/boja-za-zid-the-wall-1-l\/#primaryimage"},"thumbnailUrl":"https:\/\/www.sugarfactory.hr\/wp-content\/uploads\/2021\/10\/dope-the-wall-1L.webp","datePublished":"2021-10-12T11:56:12+00:00","dateModified":"2026-04-14T05:15:31+00:00","breadcrumb":{"@id":"https:\/\/www.sugarfactory.hr\/proizvod\/boje-za-zid\/boja-za-zid-the-wall-1-l\/#breadcrumb"},"inLanguage":"en-US","potentialAction":[{"@type":"ReadAction","target":["https:\/\/www.sugarfactory.hr\/proizvod\/boje-za-zid\/boja-za-zid-the-wall-1-l\/"]}]},{"@type":"ImageObject","inLanguage":"en-US","@id":"https:\/\/www.sugarfactory.hr\/proizvod\/boje-za-zid\/boja-za-zid-the-wall-1-l\/#primaryimage","url":"https:\/\/www.sugarfactory.hr\/wp-content\/uploads\/2021\/10\/dope-the-wall-1L.webp","contentUrl":"https:\/\/www.sugarfactory.hr\/wp-content\/uploads\/2021\/10\/dope-the-wall-1L.webp","width":896,"height":1120},{"@type":"BreadcrumbList","@id":"https:\/\/www.sugarfactory.hr\/proizvod\/boje-za-zid\/boja-za-zid-the-wall-1-l\/#breadcrumb","itemListElement":[{"@type":"ListItem","position":1,"name":"Po\u010detna stranica","item":"https:\/\/www.sugarfactory.hr\/"},{"@type":"ListItem","position":2,"name":"Proizvodi","item":"https:\/\/www.sugarfactory.hr\/shop\/"},{"@type":"ListItem","position":3,"name":"The Wall 1 L"}]},{"@type":"WebSite","@id":"https:\/\/www.sugarfactory.hr\/#website","url":"https:\/\/www.sugarfactory.hr\/","name":"Sugar Factory","description":"Create your sweetest pieces!","potentialAction":[{"@type":"SearchAction","target":{"@type":"EntryPoint","urlTemplate":"https:\/\/www.sugarfactory.hr\/?s={search_term_string}"},"query-input":{"@type":"PropertyValueSpecification","valueRequired":true,"valueName":"search_term_string"}}],"inLanguage":"en-US"}]}},"_links":{"self":[{"href":"https:\/\/www.sugarfactory.hr\/en\/wp-json\/wp\/v2\/product\/2391","targetHints":{"allow":["GET"]}}],"collection":[{"href":"https:\/\/www.sugarfactory.hr\/en\/wp-json\/wp\/v2\/product"}],"about":[{"href":"https:\/\/www.sugarfactory.hr\/en\/wp-json\/wp\/v2\/types\/product"}],"wp:featuredmedia":[{"embeddable":true,"href":"https:\/\/www.sugarfactory.hr\/en\/wp-json\/wp\/v2\/media\/12505"}],"wp:attachment":[{"href":"https:\/\/www.sugarfactory.hr\/en\/wp-json\/wp\/v2\/media?parent=2391"}],"wp:term":[{"taxonomy":"product_brand","embeddable":true,"href":"https:\/\/www.sugarfactory.hr\/en\/wp-json\/wp\/v2\/product_brand?post=2391"},{"taxonomy":"product_cat","embeddable":true,"href":"https:\/\/www.sugarfactory.hr\/en\/wp-json\/wp\/v2\/product_cat?post=2391"},{"taxonomy":"product_tag","embeddable":true,"href":"https:\/\/www.sugarfactory.hr\/en\/wp-json\/wp\/v2\/product_tag?post=2391"}],"curies":[{"name":"wp","href":"https:\/\/api.w.org\/{rel}","templated":true}]}}