{"id":2436,"date":"2021-10-18T12:30:09","date_gmt":"2021-10-18T12:30:09","guid":{"rendered":"https:\/\/www.sugarfactory.hr\/?post_type=product&#038;p=2436"},"modified":"2026-04-30T14:05:25","modified_gmt":"2026-04-30T13:05:25","slug":"uni-px-30-marker","status":"publish","type":"product","link":"https:\/\/www.sugarfactory.hr\/en\/product-2\/markers\/uni-px-markers\/uni-px-30-marker\/","title":{"rendered":"Uni PX-30"},"content":{"rendered":"<p data-start=\"60\" data-end=\"369\">Marker with <strong data-start=\"109\" data-end=\"157\">oil-based ink and titanium white pigment<\/strong> provides <strong data-start=\"164\" data-end=\"209\">high gloss, sharp lines and vibrant colors<\/strong> regardless of the surface. Can be used on <strong data-start=\"252\" data-end=\"326\">paper, metal, glass, plastic, fabric and many other materials<\/strong>, and the new color completely covers the one below.<\/p>\n<p data-start=\"371\" data-end=\"615\">Thanks to its exceptional resistance, the print is <strong data-start=\"415\" data-end=\"464\">durable and stable in all weather conditions<\/strong>, which makes the marker suitable for <strong data-start=\"494\" data-end=\"519\">industrial use<\/strong> (shipbuilding, mechanical engineering, automotive industry) as well as for <strong data-start=\"582\" data-end=\"612\">hobbies and art projects<\/strong>.<\/p>\n<p data-start=\"617\" data-end=\"806\">The marker has <strong data-start=\"628\" data-end=\"644\">felt-tip tip<\/strong> and a ball in the refill that allows for even mixing of the ink. It is activated by a light tap and shake, and the ink&#039;s lifespan only begins from the first use.<\/p>\n<ul data-start=\"808\" data-end=\"949\">\n<li data-start=\"808\" data-end=\"845\">\n<p data-start=\"810\" data-end=\"845\"><strong data-start=\"810\" data-end=\"830\">Line thickness:<\/strong> 4.0 \u2013 8.5 mm<\/p>\n<\/li>\n<li data-start=\"846\" data-end=\"893\">\n<p data-start=\"848\" data-end=\"893\"><strong data-start=\"848\" data-end=\"863\">Ink base:<\/strong> oil + titanium white pigment<\/p>\n<\/li>\n<li data-start=\"894\" data-end=\"949\">\n<p data-start=\"896\" data-end=\"949\"><strong data-start=\"896\" data-end=\"909\">Application:<\/strong> interior and exterior, durable and resistant<\/p>\n<\/li>\n<\/ul>\n<p data-start=\"951\" data-end=\"1018\">The price is for <strong data-start=\"964\" data-end=\"975\">1 piece<\/strong>.<br data-start=\"976\" data-end=\"979\" \/><strong data-start=\"979\" data-end=\"1006\">Commercial packaging:<\/strong> 6 pieces.<\/p>","protected":false},"excerpt":{"rendered":"<p>Marker s tintom na bazi ulja i titan-bijelog pigmenta pru\u017ea visok sjaj, o\u0161tre linije i \u017eivopisne boje neovisno o povr\u0161ini. Mo\u017ee se koristiti na papiru, metalu, staklu, plastici, tkanini i mnogim drugim materijalima, a nova boja potpuno prekriva onu ispod. Zahvaljuju\u0107i izuzetnoj otpornosti, ispis je trajan i postojan na svim vremenskim uvjetima, \u0161to marker \u010dini [&hellip;]<\/p>","protected":false},"featured_media":12481,"template":"","meta":{"_acf_changed":false},"product_brand":[110],"product_cat":[22,81],"product_tag":[],"class_list":{"0":"post-2436","1":"product","2":"type-product","3":"status-publish","4":"has-post-thumbnail","6":"product_brand-uni","7":"product_cat-markeri","8":"product_cat-uni-px-markeri","10":"first","11":"instock","12":"shipping-taxable","13":"purchasable","14":"product-type-variable"},"acf":[],"yoast_head":"<!-- This site is optimized with the Yoast SEO plugin v26.3 - https:\/\/yoast.com\/wordpress\/plugins\/seo\/ -->\n<title>Uni PX-30 - Sugar Factory<\/title>\n<meta name=\"robots\" content=\"index, follow, max-snippet:-1, max-image-preview:large, max-video-preview:-1\" \/>\n<link rel=\"canonical\" href=\"https:\/\/www.sugarfactory.hr\/en\/product-2\/markers\/uni-px-markers\/uni-px-30-marker\/\" \/>\n<meta property=\"og:locale\" content=\"en_US\" \/>\n<meta property=\"og:type\" content=\"article\" \/>\n<meta property=\"og:title\" content=\"Uni PX-30 - Sugar Factory\" \/>\n<meta property=\"og:description\" content=\"Marker s tintom na bazi ulja i titan-bijelog pigmenta pru\u017ea visok sjaj, o\u0161tre linije i \u017eivopisne boje neovisno o povr\u0161ini. Mo\u017ee se koristiti na papiru, metalu, staklu, plastici, tkanini i mnogim drugim materijalima, a nova boja potpuno prekriva onu ispod. Zahvaljuju\u0107i izuzetnoj otpornosti, ispis je trajan i postojan na svim vremenskim uvjetima, \u0161to marker \u010dini [&hellip;]\" \/>\n<meta property=\"og:url\" content=\"https:\/\/www.sugarfactory.hr\/en\/product-2\/markers\/uni-px-markers\/uni-px-30-marker\/\" \/>\n<meta property=\"og:site_name\" content=\"Sugar Factory\" \/>\n<meta property=\"article:modified_time\" content=\"2026-04-30T13:05:25+00:00\" \/>\n<meta property=\"og:image\" content=\"https:\/\/www.sugarfactory.hr\/wp-content\/uploads\/2021\/10\/uni-px30.webp\" \/>\n\t<meta property=\"og:image:width\" content=\"896\" \/>\n\t<meta property=\"og:image:height\" content=\"1120\" \/>\n\t<meta property=\"og:image:type\" content=\"image\/webp\" \/>\n<meta name=\"twitter:card\" content=\"summary_large_image\" \/>\n<meta name=\"twitter:label1\" content=\"Est. reading time\" \/>\n\t<meta name=\"twitter:data1\" content=\"1 minute\" \/>\n<script type=\"application\/ld+json\" class=\"yoast-schema-graph\">{\"@context\":\"https:\/\/schema.org\",\"@graph\":[{\"@type\":\"WebPage\",\"@id\":\"https:\/\/www.sugarfactory.hr\/proizvod\/markeri\/uni-px-markeri\/marker-uni-px-30\/\",\"url\":\"https:\/\/www.sugarfactory.hr\/proizvod\/markeri\/uni-px-markeri\/marker-uni-px-30\/\",\"name\":\"Uni PX-30 - Sugar Factory\",\"isPartOf\":{\"@id\":\"https:\/\/www.sugarfactory.hr\/#website\"},\"primaryImageOfPage\":{\"@id\":\"https:\/\/www.sugarfactory.hr\/proizvod\/markeri\/uni-px-markeri\/marker-uni-px-30\/#primaryimage\"},\"image\":{\"@id\":\"https:\/\/www.sugarfactory.hr\/proizvod\/markeri\/uni-px-markeri\/marker-uni-px-30\/#primaryimage\"},\"thumbnailUrl\":\"https:\/\/www.sugarfactory.hr\/wp-content\/uploads\/2021\/10\/uni-px30.webp\",\"datePublished\":\"2021-10-18T12:30:09+00:00\",\"dateModified\":\"2026-04-30T13:05:25+00:00\",\"breadcrumb\":{\"@id\":\"https:\/\/www.sugarfactory.hr\/proizvod\/markeri\/uni-px-markeri\/marker-uni-px-30\/#breadcrumb\"},\"inLanguage\":\"en-US\",\"potentialAction\":[{\"@type\":\"ReadAction\",\"target\":[\"https:\/\/www.sugarfactory.hr\/proizvod\/markeri\/uni-px-markeri\/marker-uni-px-30\/\"]}]},{\"@type\":\"ImageObject\",\"inLanguage\":\"en-US\",\"@id\":\"https:\/\/www.sugarfactory.hr\/proizvod\/markeri\/uni-px-markeri\/marker-uni-px-30\/#primaryimage\",\"url\":\"https:\/\/www.sugarfactory.hr\/wp-content\/uploads\/2021\/10\/uni-px30.webp\",\"contentUrl\":\"https:\/\/www.sugarfactory.hr\/wp-content\/uploads\/2021\/10\/uni-px30.webp\",\"width\":896,\"height\":1120},{\"@type\":\"BreadcrumbList\",\"@id\":\"https:\/\/www.sugarfactory.hr\/proizvod\/markeri\/uni-px-markeri\/marker-uni-px-30\/#breadcrumb\",\"itemListElement\":[{\"@type\":\"ListItem\",\"position\":1,\"name\":\"Po\u010detna stranica\",\"item\":\"https:\/\/www.sugarfactory.hr\/\"},{\"@type\":\"ListItem\",\"position\":2,\"name\":\"Proizvodi\",\"item\":\"https:\/\/www.sugarfactory.hr\/shop\/\"},{\"@type\":\"ListItem\",\"position\":3,\"name\":\"Uni PX-30\"}]},{\"@type\":\"WebSite\",\"@id\":\"https:\/\/www.sugarfactory.hr\/#website\",\"url\":\"https:\/\/www.sugarfactory.hr\/\",\"name\":\"Sugar Factory\",\"description\":\"Create your sweetest pieces!\",\"potentialAction\":[{\"@type\":\"SearchAction\",\"target\":{\"@type\":\"EntryPoint\",\"urlTemplate\":\"https:\/\/www.sugarfactory.hr\/?s={search_term_string}\"},\"query-input\":{\"@type\":\"PropertyValueSpecification\",\"valueRequired\":true,\"valueName\":\"search_term_string\"}}],\"inLanguage\":\"en-US\"}]}<\/script>\n<!-- \/ Yoast SEO plugin. -->","yoast_head_json":{"title":"Uni PX-30 - Sugar Factory","robots":{"index":"index","follow":"follow","max-snippet":"max-snippet:-1","max-image-preview":"max-image-preview:large","max-video-preview":"max-video-preview:-1"},"canonical":"https:\/\/www.sugarfactory.hr\/en\/product-2\/markers\/uni-px-markers\/uni-px-30-marker\/","og_locale":"en_US","og_type":"article","og_title":"Uni PX-30 - Sugar Factory","og_description":"Marker s tintom na bazi ulja i titan-bijelog pigmenta pru\u017ea visok sjaj, o\u0161tre linije i \u017eivopisne boje neovisno o povr\u0161ini. Mo\u017ee se koristiti na papiru, metalu, staklu, plastici, tkanini i mnogim drugim materijalima, a nova boja potpuno prekriva onu ispod. Zahvaljuju\u0107i izuzetnoj otpornosti, ispis je trajan i postojan na svim vremenskim uvjetima, \u0161to marker \u010dini [&hellip;]","og_url":"https:\/\/www.sugarfactory.hr\/en\/product-2\/markers\/uni-px-markers\/uni-px-30-marker\/","og_site_name":"Sugar Factory","article_modified_time":"2026-04-30T13:05:25+00:00","og_image":[{"width":896,"height":1120,"url":"https:\/\/www.sugarfactory.hr\/wp-content\/uploads\/2021\/10\/uni-px30.webp","type":"image\/webp"}],"twitter_card":"summary_large_image","twitter_misc":{"Est. reading time":"1 minute"},"schema":{"@context":"https:\/\/schema.org","@graph":[{"@type":"WebPage","@id":"https:\/\/www.sugarfactory.hr\/proizvod\/markeri\/uni-px-markeri\/marker-uni-px-30\/","url":"https:\/\/www.sugarfactory.hr\/proizvod\/markeri\/uni-px-markeri\/marker-uni-px-30\/","name":"Uni PX-30 - Sugar Factory","isPartOf":{"@id":"https:\/\/www.sugarfactory.hr\/#website"},"primaryImageOfPage":{"@id":"https:\/\/www.sugarfactory.hr\/proizvod\/markeri\/uni-px-markeri\/marker-uni-px-30\/#primaryimage"},"image":{"@id":"https:\/\/www.sugarfactory.hr\/proizvod\/markeri\/uni-px-markeri\/marker-uni-px-30\/#primaryimage"},"thumbnailUrl":"https:\/\/www.sugarfactory.hr\/wp-content\/uploads\/2021\/10\/uni-px30.webp","datePublished":"2021-10-18T12:30:09+00:00","dateModified":"2026-04-30T13:05:25+00:00","breadcrumb":{"@id":"https:\/\/www.sugarfactory.hr\/proizvod\/markeri\/uni-px-markeri\/marker-uni-px-30\/#breadcrumb"},"inLanguage":"en-US","potentialAction":[{"@type":"ReadAction","target":["https:\/\/www.sugarfactory.hr\/proizvod\/markeri\/uni-px-markeri\/marker-uni-px-30\/"]}]},{"@type":"ImageObject","inLanguage":"en-US","@id":"https:\/\/www.sugarfactory.hr\/proizvod\/markeri\/uni-px-markeri\/marker-uni-px-30\/#primaryimage","url":"https:\/\/www.sugarfactory.hr\/wp-content\/uploads\/2021\/10\/uni-px30.webp","contentUrl":"https:\/\/www.sugarfactory.hr\/wp-content\/uploads\/2021\/10\/uni-px30.webp","width":896,"height":1120},{"@type":"BreadcrumbList","@id":"https:\/\/www.sugarfactory.hr\/proizvod\/markeri\/uni-px-markeri\/marker-uni-px-30\/#breadcrumb","itemListElement":[{"@type":"ListItem","position":1,"name":"Po\u010detna stranica","item":"https:\/\/www.sugarfactory.hr\/"},{"@type":"ListItem","position":2,"name":"Proizvodi","item":"https:\/\/www.sugarfactory.hr\/shop\/"},{"@type":"ListItem","position":3,"name":"Uni PX-30"}]},{"@type":"WebSite","@id":"https:\/\/www.sugarfactory.hr\/#website","url":"https:\/\/www.sugarfactory.hr\/","name":"Sugar Factory","description":"Create your sweetest pieces!","potentialAction":[{"@type":"SearchAction","target":{"@type":"EntryPoint","urlTemplate":"https:\/\/www.sugarfactory.hr\/?s={search_term_string}"},"query-input":{"@type":"PropertyValueSpecification","valueRequired":true,"valueName":"search_term_string"}}],"inLanguage":"en-US"}]}},"_links":{"self":[{"href":"https:\/\/www.sugarfactory.hr\/en\/wp-json\/wp\/v2\/product\/2436","targetHints":{"allow":["GET"]}}],"collection":[{"href":"https:\/\/www.sugarfactory.hr\/en\/wp-json\/wp\/v2\/product"}],"about":[{"href":"https:\/\/www.sugarfactory.hr\/en\/wp-json\/wp\/v2\/types\/product"}],"wp:featuredmedia":[{"embeddable":true,"href":"https:\/\/www.sugarfactory.hr\/en\/wp-json\/wp\/v2\/media\/12481"}],"wp:attachment":[{"href":"https:\/\/www.sugarfactory.hr\/en\/wp-json\/wp\/v2\/media?parent=2436"}],"wp:term":[{"taxonomy":"product_brand","embeddable":true,"href":"https:\/\/www.sugarfactory.hr\/en\/wp-json\/wp\/v2\/product_brand?post=2436"},{"taxonomy":"product_cat","embeddable":true,"href":"https:\/\/www.sugarfactory.hr\/en\/wp-json\/wp\/v2\/product_cat?post=2436"},{"taxonomy":"product_tag","embeddable":true,"href":"https:\/\/www.sugarfactory.hr\/en\/wp-json\/wp\/v2\/product_tag?post=2436"}],"curies":[{"name":"wp","href":"https:\/\/api.w.org\/{rel}","templated":true}]}}