{"id":2830,"date":"2022-01-13T15:30:19","date_gmt":"2022-01-13T15:30:19","guid":{"rendered":"https:\/\/www.sugarfactory.hr\/?post_type=product&#038;p=2830"},"modified":"2026-04-17T12:52:39","modified_gmt":"2026-04-17T11:52:39","slug":"montana-black-spider-150-ml","status":"publish","type":"product","link":"https:\/\/www.sugarfactory.hr\/en\/product-2\/sprays\/montana-black-spider-150-ml\/","title":{"rendered":"Montana Black Spider 150 ml"},"content":{"rendered":"<p data-start=\"80\" data-end=\"287\"><strong data-start=\"136\" data-end=\"161\">Montana Spider 150 ml<\/strong> je sprej s jedinstvenim <strong data-start=\"186\" data-end=\"212\">visokotla\u010dnim ventilom<\/strong> koji stvara karakteristi\u010dne linije i uzorke s efektom <strong data-start=\"267\" data-end=\"284\">paukove mre\u017ee<\/strong>.<\/p>\n<p data-start=\"289\" data-end=\"477\">Idealan je za stvaranje <strong data-start=\"313\" data-end=\"343\">posebnih vizualnih efekata<\/strong> ili kao dodatak u <strong data-start=\"362\" data-end=\"388\">kaligrafskim tehnikama<\/strong>, pru\u017eaju\u0107i umjetnicima mogu\u0107nost za eksperimentiranje i jedinstvene zavr\u0161ne rezultate.<\/p>\n<p data-start=\"479\" data-end=\"564\">Prakti\u010dni format od <strong data-start=\"499\" data-end=\"509\">150 ml<\/strong> \u010dini ga pogodnim za detaljan rad i mobilnu upotrebu.<\/p>","protected":false},"excerpt":{"rendered":"<p>Montana Spider 150 ml je sprej s jedinstvenim visokotla\u010dnim ventilom koji stvara karakteristi\u010dne linije i uzorke s efektom paukove mre\u017ee. Idealan je za stvaranje posebnih vizualnih efekata ili kao dodatak u kaligrafskim tehnikama, pru\u017eaju\u0107i umjetnicima mogu\u0107nost za eksperimentiranje i jedinstvene zavr\u0161ne rezultate. Prakti\u010dni format od 150 ml \u010dini ga pogodnim za detaljan rad i mobilnu [&hellip;]<\/p>","protected":false},"featured_media":12389,"template":"","meta":{"_acf_changed":false},"product_brand":[105],"product_cat":[16,75],"product_tag":[],"class_list":{"0":"post-2830","1":"product","2":"type-product","3":"status-publish","4":"has-post-thumbnail","6":"product_brand-montana","7":"product_cat-sprejevi","8":"product_cat-graffiti","10":"first","11":"instock","12":"shipping-taxable","13":"purchasable","14":"product-type-simple"},"acf":[],"yoast_head":"<!-- This site is optimized with the Yoast SEO plugin v26.3 - https:\/\/yoast.com\/wordpress\/plugins\/seo\/ -->\n<title>Montana Black Spider 150 ml - Sugar Factory<\/title>\n<meta name=\"robots\" content=\"index, follow, max-snippet:-1, max-image-preview:large, max-video-preview:-1\" \/>\n<link rel=\"canonical\" href=\"https:\/\/www.sugarfactory.hr\/en\/product-2\/sprays\/montana-black-spider-150-ml\/\" \/>\n<meta property=\"og:locale\" content=\"en_US\" \/>\n<meta property=\"og:type\" content=\"article\" \/>\n<meta property=\"og:title\" content=\"Montana Black Spider 150 ml - Sugar Factory\" \/>\n<meta property=\"og:description\" content=\"Montana Spider 150 ml je sprej s jedinstvenim visokotla\u010dnim ventilom koji stvara karakteristi\u010dne linije i uzorke s efektom paukove mre\u017ee. Idealan je za stvaranje posebnih vizualnih efekata ili kao dodatak u kaligrafskim tehnikama, pru\u017eaju\u0107i umjetnicima mogu\u0107nost za eksperimentiranje i jedinstvene zavr\u0161ne rezultate. Prakti\u010dni format od 150 ml \u010dini ga pogodnim za detaljan rad i mobilnu [&hellip;]\" \/>\n<meta property=\"og:url\" content=\"https:\/\/www.sugarfactory.hr\/en\/product-2\/sprays\/montana-black-spider-150-ml\/\" \/>\n<meta property=\"og:site_name\" content=\"Sugar Factory\" \/>\n<meta property=\"article:modified_time\" content=\"2026-04-17T11:52:39+00:00\" \/>\n<meta property=\"og:image\" content=\"https:\/\/www.sugarfactory.hr\/wp-content\/uploads\/2022\/01\/motana-black-spider-150.webp\" \/>\n\t<meta property=\"og:image:width\" content=\"896\" \/>\n\t<meta property=\"og:image:height\" content=\"1120\" \/>\n\t<meta property=\"og:image:type\" content=\"image\/webp\" \/>\n<meta name=\"twitter:card\" content=\"summary_large_image\" \/>\n<script type=\"application\/ld+json\" class=\"yoast-schema-graph\">{\"@context\":\"https:\/\/schema.org\",\"@graph\":[{\"@type\":\"WebPage\",\"@id\":\"https:\/\/www.sugarfactory.hr\/proizvod\/sprejevi\/montana-black-spider-150-ml\/\",\"url\":\"https:\/\/www.sugarfactory.hr\/proizvod\/sprejevi\/montana-black-spider-150-ml\/\",\"name\":\"Montana Black Spider 150 ml - Sugar Factory\",\"isPartOf\":{\"@id\":\"https:\/\/www.sugarfactory.hr\/#website\"},\"primaryImageOfPage\":{\"@id\":\"https:\/\/www.sugarfactory.hr\/proizvod\/sprejevi\/montana-black-spider-150-ml\/#primaryimage\"},\"image\":{\"@id\":\"https:\/\/www.sugarfactory.hr\/proizvod\/sprejevi\/montana-black-spider-150-ml\/#primaryimage\"},\"thumbnailUrl\":\"https:\/\/www.sugarfactory.hr\/wp-content\/uploads\/2022\/01\/motana-black-spider-150.webp\",\"datePublished\":\"2022-01-13T15:30:19+00:00\",\"dateModified\":\"2026-04-17T11:52:39+00:00\",\"breadcrumb\":{\"@id\":\"https:\/\/www.sugarfactory.hr\/proizvod\/sprejevi\/montana-black-spider-150-ml\/#breadcrumb\"},\"inLanguage\":\"en-US\",\"potentialAction\":[{\"@type\":\"ReadAction\",\"target\":[\"https:\/\/www.sugarfactory.hr\/proizvod\/sprejevi\/montana-black-spider-150-ml\/\"]}]},{\"@type\":\"ImageObject\",\"inLanguage\":\"en-US\",\"@id\":\"https:\/\/www.sugarfactory.hr\/proizvod\/sprejevi\/montana-black-spider-150-ml\/#primaryimage\",\"url\":\"https:\/\/www.sugarfactory.hr\/wp-content\/uploads\/2022\/01\/motana-black-spider-150.webp\",\"contentUrl\":\"https:\/\/www.sugarfactory.hr\/wp-content\/uploads\/2022\/01\/motana-black-spider-150.webp\",\"width\":896,\"height\":1120},{\"@type\":\"BreadcrumbList\",\"@id\":\"https:\/\/www.sugarfactory.hr\/proizvod\/sprejevi\/montana-black-spider-150-ml\/#breadcrumb\",\"itemListElement\":[{\"@type\":\"ListItem\",\"position\":1,\"name\":\"Po\u010detna stranica\",\"item\":\"https:\/\/www.sugarfactory.hr\/\"},{\"@type\":\"ListItem\",\"position\":2,\"name\":\"Proizvodi\",\"item\":\"https:\/\/www.sugarfactory.hr\/shop\/\"},{\"@type\":\"ListItem\",\"position\":3,\"name\":\"Montana Black Spider 150 ml\"}]},{\"@type\":\"WebSite\",\"@id\":\"https:\/\/www.sugarfactory.hr\/#website\",\"url\":\"https:\/\/www.sugarfactory.hr\/\",\"name\":\"Sugar Factory\",\"description\":\"Create your sweetest pieces!\",\"potentialAction\":[{\"@type\":\"SearchAction\",\"target\":{\"@type\":\"EntryPoint\",\"urlTemplate\":\"https:\/\/www.sugarfactory.hr\/?s={search_term_string}\"},\"query-input\":{\"@type\":\"PropertyValueSpecification\",\"valueRequired\":true,\"valueName\":\"search_term_string\"}}],\"inLanguage\":\"en-US\"}]}<\/script>\n<!-- \/ Yoast SEO plugin. -->","yoast_head_json":{"title":"Montana Black Spider 150 ml - Sugar Factory","robots":{"index":"index","follow":"follow","max-snippet":"max-snippet:-1","max-image-preview":"max-image-preview:large","max-video-preview":"max-video-preview:-1"},"canonical":"https:\/\/www.sugarfactory.hr\/en\/product-2\/sprays\/montana-black-spider-150-ml\/","og_locale":"en_US","og_type":"article","og_title":"Montana Black Spider 150 ml - Sugar Factory","og_description":"Montana Spider 150 ml je sprej s jedinstvenim visokotla\u010dnim ventilom koji stvara karakteristi\u010dne linije i uzorke s efektom paukove mre\u017ee. Idealan je za stvaranje posebnih vizualnih efekata ili kao dodatak u kaligrafskim tehnikama, pru\u017eaju\u0107i umjetnicima mogu\u0107nost za eksperimentiranje i jedinstvene zavr\u0161ne rezultate. Prakti\u010dni format od 150 ml \u010dini ga pogodnim za detaljan rad i mobilnu [&hellip;]","og_url":"https:\/\/www.sugarfactory.hr\/en\/product-2\/sprays\/montana-black-spider-150-ml\/","og_site_name":"Sugar Factory","article_modified_time":"2026-04-17T11:52:39+00:00","og_image":[{"width":896,"height":1120,"url":"https:\/\/www.sugarfactory.hr\/wp-content\/uploads\/2022\/01\/motana-black-spider-150.webp","type":"image\/webp"}],"twitter_card":"summary_large_image","schema":{"@context":"https:\/\/schema.org","@graph":[{"@type":"WebPage","@id":"https:\/\/www.sugarfactory.hr\/proizvod\/sprejevi\/montana-black-spider-150-ml\/","url":"https:\/\/www.sugarfactory.hr\/proizvod\/sprejevi\/montana-black-spider-150-ml\/","name":"Montana Black Spider 150 ml - Sugar Factory","isPartOf":{"@id":"https:\/\/www.sugarfactory.hr\/#website"},"primaryImageOfPage":{"@id":"https:\/\/www.sugarfactory.hr\/proizvod\/sprejevi\/montana-black-spider-150-ml\/#primaryimage"},"image":{"@id":"https:\/\/www.sugarfactory.hr\/proizvod\/sprejevi\/montana-black-spider-150-ml\/#primaryimage"},"thumbnailUrl":"https:\/\/www.sugarfactory.hr\/wp-content\/uploads\/2022\/01\/motana-black-spider-150.webp","datePublished":"2022-01-13T15:30:19+00:00","dateModified":"2026-04-17T11:52:39+00:00","breadcrumb":{"@id":"https:\/\/www.sugarfactory.hr\/proizvod\/sprejevi\/montana-black-spider-150-ml\/#breadcrumb"},"inLanguage":"en-US","potentialAction":[{"@type":"ReadAction","target":["https:\/\/www.sugarfactory.hr\/proizvod\/sprejevi\/montana-black-spider-150-ml\/"]}]},{"@type":"ImageObject","inLanguage":"en-US","@id":"https:\/\/www.sugarfactory.hr\/proizvod\/sprejevi\/montana-black-spider-150-ml\/#primaryimage","url":"https:\/\/www.sugarfactory.hr\/wp-content\/uploads\/2022\/01\/motana-black-spider-150.webp","contentUrl":"https:\/\/www.sugarfactory.hr\/wp-content\/uploads\/2022\/01\/motana-black-spider-150.webp","width":896,"height":1120},{"@type":"BreadcrumbList","@id":"https:\/\/www.sugarfactory.hr\/proizvod\/sprejevi\/montana-black-spider-150-ml\/#breadcrumb","itemListElement":[{"@type":"ListItem","position":1,"name":"Po\u010detna stranica","item":"https:\/\/www.sugarfactory.hr\/"},{"@type":"ListItem","position":2,"name":"Proizvodi","item":"https:\/\/www.sugarfactory.hr\/shop\/"},{"@type":"ListItem","position":3,"name":"Montana Black Spider 150 ml"}]},{"@type":"WebSite","@id":"https:\/\/www.sugarfactory.hr\/#website","url":"https:\/\/www.sugarfactory.hr\/","name":"Sugar Factory","description":"Create your sweetest pieces!","potentialAction":[{"@type":"SearchAction","target":{"@type":"EntryPoint","urlTemplate":"https:\/\/www.sugarfactory.hr\/?s={search_term_string}"},"query-input":{"@type":"PropertyValueSpecification","valueRequired":true,"valueName":"search_term_string"}}],"inLanguage":"en-US"}]}},"_links":{"self":[{"href":"https:\/\/www.sugarfactory.hr\/en\/wp-json\/wp\/v2\/product\/2830","targetHints":{"allow":["GET"]}}],"collection":[{"href":"https:\/\/www.sugarfactory.hr\/en\/wp-json\/wp\/v2\/product"}],"about":[{"href":"https:\/\/www.sugarfactory.hr\/en\/wp-json\/wp\/v2\/types\/product"}],"wp:featuredmedia":[{"embeddable":true,"href":"https:\/\/www.sugarfactory.hr\/en\/wp-json\/wp\/v2\/media\/12389"}],"wp:attachment":[{"href":"https:\/\/www.sugarfactory.hr\/en\/wp-json\/wp\/v2\/media?parent=2830"}],"wp:term":[{"taxonomy":"product_brand","embeddable":true,"href":"https:\/\/www.sugarfactory.hr\/en\/wp-json\/wp\/v2\/product_brand?post=2830"},{"taxonomy":"product_cat","embeddable":true,"href":"https:\/\/www.sugarfactory.hr\/en\/wp-json\/wp\/v2\/product_cat?post=2830"},{"taxonomy":"product_tag","embeddable":true,"href":"https:\/\/www.sugarfactory.hr\/en\/wp-json\/wp\/v2\/product_tag?post=2830"}],"curies":[{"name":"wp","href":"https:\/\/api.w.org\/{rel}","templated":true}]}}