{"id":3070,"date":"2022-03-22T17:29:59","date_gmt":"2022-03-22T17:29:59","guid":{"rendered":"https:\/\/www.sugarfactory.hr\/?post_type=product&#038;p=3070"},"modified":"2026-02-14T02:24:14","modified_gmt":"2026-02-14T01:24:14","slug":"montana-acrylic-empty-2-mm","status":"publish","type":"product","link":"https:\/\/www.sugarfactory.hr\/en\/product-2\/markers\/montana-acrylic-empty-2-mm\/","title":{"rendered":"Montana Acrylic Empty 2 mm"},"content":{"rendered":"<p data-start=\"87\" data-end=\"249\"><strong data-start=\"127\" data-end=\"157\">Montana ACRYLIC Empty 2 mm<\/strong> is <strong data-start=\"161\" data-end=\"186\">punjivi prazni marker<\/strong> visoke kvalitete, idealan za precizne linije i detaljan rad.<\/p>\n<p data-start=\"251\" data-end=\"525\">Opremljen je <strong data-start=\"264\" data-end=\"288\">pump-ventil sustavom<\/strong> koji omogu\u0107uje kontrolirano doziranje boje, dok <strong data-start=\"337\" data-end=\"356\">prozirno tijelo<\/strong> olak\u0161ava pra\u0107enje preostalog sadr\u017eaja. Marker dolazi s <strong data-start=\"412\" data-end=\"433\">zamjenjivim vrhom<\/strong> (dostupan zasebno), a kompatibilan je s <strong data-start=\"474\" data-end=\"504\">Montana ACRYLIC punjenjima<\/strong> od 25 ml i 180 ml.<\/p>\n<ul data-start=\"527\" data-end=\"717\">\n<li data-start=\"527\" data-end=\"556\">\n<p data-start=\"529\" data-end=\"556\"><strong data-start=\"529\" data-end=\"537\">Vrh:<\/strong> 2 mm (zamjenjiv)<\/p>\n<\/li>\n<li data-start=\"557\" data-end=\"607\">\n<p data-start=\"559\" data-end=\"607\"><strong data-start=\"559\" data-end=\"570\">Sustav:<\/strong> pump-ventil za kontrolirani protok<\/p>\n<\/li>\n<li data-start=\"608\" data-end=\"668\">\n<p data-start=\"610\" data-end=\"668\"><strong data-start=\"610\" data-end=\"629\">Kompatibilnost:<\/strong> Montana ACRYLIC boje (25 ml, 180 ml)<\/p>\n<\/li>\n<li data-start=\"669\" data-end=\"717\">\n<p data-start=\"671\" data-end=\"717\"><strong data-start=\"671\" data-end=\"684\">Punjenje:<\/strong> jednostavno odvrtanjem ulijevo<\/p>\n<\/li>\n<\/ul>\n<p data-start=\"719\" data-end=\"854\"><strong data-start=\"719\" data-end=\"756\">Montana ACRYLIC Empty Marker 2 mm<\/strong> provides <strong data-start=\"763\" data-end=\"804\">maksimalnu preciznost i fleksibilnost<\/strong>, savr\u0161en za ilustracije, detalje i fine linije.<\/p>","protected":false},"excerpt":{"rendered":"<p>Montana ACRYLIC Empty 2 mm je punjivi prazni marker visoke kvalitete, idealan za precizne linije i detaljan rad. Opremljen je pump-ventil sustavom koji omogu\u0107uje kontrolirano doziranje boje, dok prozirno tijelo olak\u0161ava pra\u0107enje preostalog sadr\u017eaja. Marker dolazi s zamjenjivim vrhom (dostupan zasebno), a kompatibilan je s Montana ACRYLIC punjenjima od 25 ml i 180 ml. Vrh: [&hellip;]<\/p>","protected":false},"featured_media":12476,"template":"","meta":{"_acf_changed":false},"product_brand":[105],"product_cat":[22,84],"product_tag":[],"class_list":{"0":"post-3070","1":"product","2":"type-product","3":"status-publish","4":"has-post-thumbnail","6":"product_brand-montana","7":"product_cat-markeri","8":"product_cat-prazni-markeri-i-nastavci","10":"first","11":"outofstock","12":"shipping-taxable","13":"purchasable","14":"product-type-simple"},"acf":[],"yoast_head":"<!-- This site is optimized with the Yoast SEO plugin v26.3 - https:\/\/yoast.com\/wordpress\/plugins\/seo\/ -->\n<title>Montana Acrylic Empty 2 mm - Sugar Factory<\/title>\n<meta name=\"robots\" content=\"index, follow, max-snippet:-1, max-image-preview:large, max-video-preview:-1\" \/>\n<link rel=\"canonical\" href=\"https:\/\/www.sugarfactory.hr\/en\/product-2\/markers\/montana-acrylic-empty-2-mm\/\" \/>\n<meta property=\"og:locale\" content=\"en_US\" \/>\n<meta property=\"og:type\" content=\"article\" \/>\n<meta property=\"og:title\" content=\"Montana Acrylic Empty 2 mm - Sugar Factory\" \/>\n<meta property=\"og:description\" content=\"Montana ACRYLIC Empty 2 mm je punjivi prazni marker visoke kvalitete, idealan za precizne linije i detaljan rad. Opremljen je pump-ventil sustavom koji omogu\u0107uje kontrolirano doziranje boje, dok prozirno tijelo olak\u0161ava pra\u0107enje preostalog sadr\u017eaja. Marker dolazi s zamjenjivim vrhom (dostupan zasebno), a kompatibilan je s Montana ACRYLIC punjenjima od 25 ml i 180 ml. Vrh: [&hellip;]\" \/>\n<meta property=\"og:url\" content=\"https:\/\/www.sugarfactory.hr\/en\/product-2\/markers\/montana-acrylic-empty-2-mm\/\" \/>\n<meta property=\"og:site_name\" content=\"Sugar Factory\" \/>\n<meta property=\"article:modified_time\" content=\"2026-02-14T01:24:14+00:00\" \/>\n<meta property=\"og:image\" content=\"https:\/\/www.sugarfactory.hr\/wp-content\/uploads\/2022\/03\/montana-acrylic-2mm.webp\" \/>\n\t<meta property=\"og:image:width\" content=\"896\" \/>\n\t<meta property=\"og:image:height\" content=\"1120\" \/>\n\t<meta property=\"og:image:type\" content=\"image\/webp\" \/>\n<meta name=\"twitter:card\" content=\"summary_large_image\" \/>\n<script type=\"application\/ld+json\" class=\"yoast-schema-graph\">{\"@context\":\"https:\/\/schema.org\",\"@graph\":[{\"@type\":\"WebPage\",\"@id\":\"https:\/\/www.sugarfactory.hr\/proizvod\/markeri\/montana-acrylic-empty-2-mm\/\",\"url\":\"https:\/\/www.sugarfactory.hr\/proizvod\/markeri\/montana-acrylic-empty-2-mm\/\",\"name\":\"Montana Acrylic Empty 2 mm - Sugar Factory\",\"isPartOf\":{\"@id\":\"https:\/\/www.sugarfactory.hr\/#website\"},\"primaryImageOfPage\":{\"@id\":\"https:\/\/www.sugarfactory.hr\/proizvod\/markeri\/montana-acrylic-empty-2-mm\/#primaryimage\"},\"image\":{\"@id\":\"https:\/\/www.sugarfactory.hr\/proizvod\/markeri\/montana-acrylic-empty-2-mm\/#primaryimage\"},\"thumbnailUrl\":\"https:\/\/www.sugarfactory.hr\/wp-content\/uploads\/2022\/03\/montana-acrylic-2mm.webp\",\"datePublished\":\"2022-03-22T17:29:59+00:00\",\"dateModified\":\"2026-02-14T01:24:14+00:00\",\"breadcrumb\":{\"@id\":\"https:\/\/www.sugarfactory.hr\/proizvod\/markeri\/montana-acrylic-empty-2-mm\/#breadcrumb\"},\"inLanguage\":\"en-US\",\"potentialAction\":[{\"@type\":\"ReadAction\",\"target\":[\"https:\/\/www.sugarfactory.hr\/proizvod\/markeri\/montana-acrylic-empty-2-mm\/\"]}]},{\"@type\":\"ImageObject\",\"inLanguage\":\"en-US\",\"@id\":\"https:\/\/www.sugarfactory.hr\/proizvod\/markeri\/montana-acrylic-empty-2-mm\/#primaryimage\",\"url\":\"https:\/\/www.sugarfactory.hr\/wp-content\/uploads\/2022\/03\/montana-acrylic-2mm.webp\",\"contentUrl\":\"https:\/\/www.sugarfactory.hr\/wp-content\/uploads\/2022\/03\/montana-acrylic-2mm.webp\",\"width\":896,\"height\":1120},{\"@type\":\"BreadcrumbList\",\"@id\":\"https:\/\/www.sugarfactory.hr\/proizvod\/markeri\/montana-acrylic-empty-2-mm\/#breadcrumb\",\"itemListElement\":[{\"@type\":\"ListItem\",\"position\":1,\"name\":\"Po\u010detna stranica\",\"item\":\"https:\/\/www.sugarfactory.hr\/\"},{\"@type\":\"ListItem\",\"position\":2,\"name\":\"Proizvodi\",\"item\":\"https:\/\/www.sugarfactory.hr\/shop\/\"},{\"@type\":\"ListItem\",\"position\":3,\"name\":\"Montana Acrylic Empty 2 mm\"}]},{\"@type\":\"WebSite\",\"@id\":\"https:\/\/www.sugarfactory.hr\/#website\",\"url\":\"https:\/\/www.sugarfactory.hr\/\",\"name\":\"Sugar Factory\",\"description\":\"Create your sweetest pieces!\",\"potentialAction\":[{\"@type\":\"SearchAction\",\"target\":{\"@type\":\"EntryPoint\",\"urlTemplate\":\"https:\/\/www.sugarfactory.hr\/?s={search_term_string}\"},\"query-input\":{\"@type\":\"PropertyValueSpecification\",\"valueRequired\":true,\"valueName\":\"search_term_string\"}}],\"inLanguage\":\"en-US\"}]}<\/script>\n<!-- \/ Yoast SEO plugin. -->","yoast_head_json":{"title":"Montana Acrylic Empty 2 mm - Sugar Factory","robots":{"index":"index","follow":"follow","max-snippet":"max-snippet:-1","max-image-preview":"max-image-preview:large","max-video-preview":"max-video-preview:-1"},"canonical":"https:\/\/www.sugarfactory.hr\/en\/product-2\/markers\/montana-acrylic-empty-2-mm\/","og_locale":"en_US","og_type":"article","og_title":"Montana Acrylic Empty 2 mm - Sugar Factory","og_description":"Montana ACRYLIC Empty 2 mm je punjivi prazni marker visoke kvalitete, idealan za precizne linije i detaljan rad. Opremljen je pump-ventil sustavom koji omogu\u0107uje kontrolirano doziranje boje, dok prozirno tijelo olak\u0161ava pra\u0107enje preostalog sadr\u017eaja. Marker dolazi s zamjenjivim vrhom (dostupan zasebno), a kompatibilan je s Montana ACRYLIC punjenjima od 25 ml i 180 ml. Vrh: [&hellip;]","og_url":"https:\/\/www.sugarfactory.hr\/en\/product-2\/markers\/montana-acrylic-empty-2-mm\/","og_site_name":"Sugar Factory","article_modified_time":"2026-02-14T01:24:14+00:00","og_image":[{"width":896,"height":1120,"url":"https:\/\/www.sugarfactory.hr\/wp-content\/uploads\/2022\/03\/montana-acrylic-2mm.webp","type":"image\/webp"}],"twitter_card":"summary_large_image","schema":{"@context":"https:\/\/schema.org","@graph":[{"@type":"WebPage","@id":"https:\/\/www.sugarfactory.hr\/proizvod\/markeri\/montana-acrylic-empty-2-mm\/","url":"https:\/\/www.sugarfactory.hr\/proizvod\/markeri\/montana-acrylic-empty-2-mm\/","name":"Montana Acrylic Empty 2 mm - Sugar Factory","isPartOf":{"@id":"https:\/\/www.sugarfactory.hr\/#website"},"primaryImageOfPage":{"@id":"https:\/\/www.sugarfactory.hr\/proizvod\/markeri\/montana-acrylic-empty-2-mm\/#primaryimage"},"image":{"@id":"https:\/\/www.sugarfactory.hr\/proizvod\/markeri\/montana-acrylic-empty-2-mm\/#primaryimage"},"thumbnailUrl":"https:\/\/www.sugarfactory.hr\/wp-content\/uploads\/2022\/03\/montana-acrylic-2mm.webp","datePublished":"2022-03-22T17:29:59+00:00","dateModified":"2026-02-14T01:24:14+00:00","breadcrumb":{"@id":"https:\/\/www.sugarfactory.hr\/proizvod\/markeri\/montana-acrylic-empty-2-mm\/#breadcrumb"},"inLanguage":"en-US","potentialAction":[{"@type":"ReadAction","target":["https:\/\/www.sugarfactory.hr\/proizvod\/markeri\/montana-acrylic-empty-2-mm\/"]}]},{"@type":"ImageObject","inLanguage":"en-US","@id":"https:\/\/www.sugarfactory.hr\/proizvod\/markeri\/montana-acrylic-empty-2-mm\/#primaryimage","url":"https:\/\/www.sugarfactory.hr\/wp-content\/uploads\/2022\/03\/montana-acrylic-2mm.webp","contentUrl":"https:\/\/www.sugarfactory.hr\/wp-content\/uploads\/2022\/03\/montana-acrylic-2mm.webp","width":896,"height":1120},{"@type":"BreadcrumbList","@id":"https:\/\/www.sugarfactory.hr\/proizvod\/markeri\/montana-acrylic-empty-2-mm\/#breadcrumb","itemListElement":[{"@type":"ListItem","position":1,"name":"Po\u010detna stranica","item":"https:\/\/www.sugarfactory.hr\/"},{"@type":"ListItem","position":2,"name":"Proizvodi","item":"https:\/\/www.sugarfactory.hr\/shop\/"},{"@type":"ListItem","position":3,"name":"Montana Acrylic Empty 2 mm"}]},{"@type":"WebSite","@id":"https:\/\/www.sugarfactory.hr\/#website","url":"https:\/\/www.sugarfactory.hr\/","name":"Sugar Factory","description":"Create your sweetest pieces!","potentialAction":[{"@type":"SearchAction","target":{"@type":"EntryPoint","urlTemplate":"https:\/\/www.sugarfactory.hr\/?s={search_term_string}"},"query-input":{"@type":"PropertyValueSpecification","valueRequired":true,"valueName":"search_term_string"}}],"inLanguage":"en-US"}]}},"_links":{"self":[{"href":"https:\/\/www.sugarfactory.hr\/en\/wp-json\/wp\/v2\/product\/3070","targetHints":{"allow":["GET"]}}],"collection":[{"href":"https:\/\/www.sugarfactory.hr\/en\/wp-json\/wp\/v2\/product"}],"about":[{"href":"https:\/\/www.sugarfactory.hr\/en\/wp-json\/wp\/v2\/types\/product"}],"wp:featuredmedia":[{"embeddable":true,"href":"https:\/\/www.sugarfactory.hr\/en\/wp-json\/wp\/v2\/media\/12476"}],"wp:attachment":[{"href":"https:\/\/www.sugarfactory.hr\/en\/wp-json\/wp\/v2\/media?parent=3070"}],"wp:term":[{"taxonomy":"product_brand","embeddable":true,"href":"https:\/\/www.sugarfactory.hr\/en\/wp-json\/wp\/v2\/product_brand?post=3070"},{"taxonomy":"product_cat","embeddable":true,"href":"https:\/\/www.sugarfactory.hr\/en\/wp-json\/wp\/v2\/product_cat?post=3070"},{"taxonomy":"product_tag","embeddable":true,"href":"https:\/\/www.sugarfactory.hr\/en\/wp-json\/wp\/v2\/product_tag?post=3070"}],"curies":[{"name":"wp","href":"https:\/\/api.w.org\/{rel}","templated":true}]}}