{"id":3072,"date":"2022-03-22T17:30:48","date_gmt":"2022-03-22T17:30:48","guid":{"rendered":"https:\/\/www.sugarfactory.hr\/?post_type=product&#038;p=3072"},"modified":"2025-10-13T13:32:07","modified_gmt":"2025-10-13T12:32:07","slug":"montana-acrylic-empty-15-mm","status":"publish","type":"product","link":"https:\/\/www.sugarfactory.hr\/en\/product-2\/markers\/montana-acrylic-empty-15-mm\/","title":{"rendered":"Montana Acrylic Empty 15 mm"},"content":{"rendered":"<p data-start=\"90\" data-end=\"257\"><strong data-start=\"131\" data-end=\"162\">Montana ACRYLIC Empty 15 mm<\/strong> is <strong data-start=\"166\" data-end=\"191\">punjivi prazni marker<\/strong> visoke kvalitete, idealan za upotrebu s Montana ACRYLIC bojama.<\/p>\n<p data-start=\"259\" data-end=\"437\">Opremljen je <strong data-start=\"272\" data-end=\"296\">pump-ventil sustavom<\/strong> koji omogu\u0107uje preciznu kontrolu protoka boje, dok <strong data-start=\"348\" data-end=\"367\">prozirno tijelo<\/strong> markera omogu\u0107uje jednostavnu provjeru preostale koli\u010dine punjenja.<\/p>\n<ul data-start=\"439\" data-end=\"658\">\n<li data-start=\"439\" data-end=\"487\">\n<p data-start=\"441\" data-end=\"487\"><strong data-start=\"441\" data-end=\"449\">Vrh:<\/strong> 15 mm (zamjenjiv, dostupan zasebno)<\/p>\n<\/li>\n<li data-start=\"488\" data-end=\"538\">\n<p data-start=\"490\" data-end=\"538\"><strong data-start=\"490\" data-end=\"501\">Sustav:<\/strong> pump-ventil za kontrolirani protok<\/p>\n<\/li>\n<li data-start=\"539\" data-end=\"600\">\n<p data-start=\"541\" data-end=\"600\"><strong data-start=\"541\" data-end=\"560\">Kompatibilnost:<\/strong> Montana ACRYLIC boje (180 ml i 25 ml)<\/p>\n<\/li>\n<li data-start=\"601\" data-end=\"658\">\n<p data-start=\"603\" data-end=\"658\"><strong data-start=\"603\" data-end=\"616\">Punjenje:<\/strong> jednostavno odvrtanjem u smjeru ulijevo<\/p>\n<\/li>\n<\/ul>\n<p data-start=\"660\" data-end=\"811\"><strong data-start=\"660\" data-end=\"691\">Montana Acrylic Empty 15 mm<\/strong> provides <strong data-start=\"698\" data-end=\"737\">maksimalnu kontrolu i fleksibilnost<\/strong>, savr\u0161en izbor za umjetnike koji koriste <strong data-start=\"779\" data-end=\"808\">akrilne boje na bazi vode<\/strong>.<\/p>","protected":false},"excerpt":{"rendered":"<p>Montana ACRYLIC Empty 15 mm je punjivi prazni marker visoke kvalitete, idealan za upotrebu s Montana ACRYLIC bojama. Opremljen je pump-ventil sustavom koji omogu\u0107uje preciznu kontrolu protoka boje, dok prozirno tijelo markera omogu\u0107uje jednostavnu provjeru preostale koli\u010dine punjenja. Vrh: 15 mm (zamjenjiv, dostupan zasebno) Sustav: pump-ventil za kontrolirani protok Kompatibilnost: Montana ACRYLIC boje (180 ml [&hellip;]<\/p>","protected":false},"featured_media":12473,"template":"","meta":{"_acf_changed":false},"product_brand":[105],"product_cat":[22,84],"product_tag":[],"class_list":{"0":"post-3072","1":"product","2":"type-product","3":"status-publish","4":"has-post-thumbnail","6":"product_brand-montana","7":"product_cat-markeri","8":"product_cat-prazni-markeri-i-nastavci","10":"first","11":"outofstock","12":"shipping-taxable","13":"purchasable","14":"product-type-simple"},"acf":[],"yoast_head":"<!-- This site is optimized with the Yoast SEO plugin v26.3 - https:\/\/yoast.com\/wordpress\/plugins\/seo\/ -->\n<title>Montana Acrylic Empty 15 mm - Sugar Factory<\/title>\n<meta name=\"robots\" content=\"index, follow, max-snippet:-1, max-image-preview:large, max-video-preview:-1\" \/>\n<link rel=\"canonical\" href=\"https:\/\/www.sugarfactory.hr\/en\/product-2\/markers\/montana-acrylic-empty-15-mm\/\" \/>\n<meta property=\"og:locale\" content=\"en_US\" \/>\n<meta property=\"og:type\" content=\"article\" \/>\n<meta property=\"og:title\" content=\"Montana Acrylic Empty 15 mm - Sugar Factory\" \/>\n<meta property=\"og:description\" content=\"Montana ACRYLIC Empty 15 mm je punjivi prazni marker visoke kvalitete, idealan za upotrebu s Montana ACRYLIC bojama. Opremljen je pump-ventil sustavom koji omogu\u0107uje preciznu kontrolu protoka boje, dok prozirno tijelo markera omogu\u0107uje jednostavnu provjeru preostale koli\u010dine punjenja. Vrh: 15 mm (zamjenjiv, dostupan zasebno) Sustav: pump-ventil za kontrolirani protok Kompatibilnost: Montana ACRYLIC boje (180 ml [&hellip;]\" \/>\n<meta property=\"og:url\" content=\"https:\/\/www.sugarfactory.hr\/en\/product-2\/markers\/montana-acrylic-empty-15-mm\/\" \/>\n<meta property=\"og:site_name\" content=\"Sugar Factory\" \/>\n<meta property=\"article:modified_time\" content=\"2025-10-13T12:32:07+00:00\" \/>\n<meta property=\"og:image\" content=\"https:\/\/www.sugarfactory.hr\/wp-content\/uploads\/2022\/03\/motana-acrylic-empty.webp\" \/>\n\t<meta property=\"og:image:width\" content=\"896\" \/>\n\t<meta property=\"og:image:height\" content=\"1120\" \/>\n\t<meta property=\"og:image:type\" content=\"image\/webp\" \/>\n<meta name=\"twitter:card\" content=\"summary_large_image\" \/>\n<script type=\"application\/ld+json\" class=\"yoast-schema-graph\">{\"@context\":\"https:\/\/schema.org\",\"@graph\":[{\"@type\":\"WebPage\",\"@id\":\"https:\/\/www.sugarfactory.hr\/proizvod\/markeri\/montana-acrylic-empty-15-mm\/\",\"url\":\"https:\/\/www.sugarfactory.hr\/proizvod\/markeri\/montana-acrylic-empty-15-mm\/\",\"name\":\"Montana Acrylic Empty 15 mm - Sugar Factory\",\"isPartOf\":{\"@id\":\"https:\/\/www.sugarfactory.hr\/#website\"},\"primaryImageOfPage\":{\"@id\":\"https:\/\/www.sugarfactory.hr\/proizvod\/markeri\/montana-acrylic-empty-15-mm\/#primaryimage\"},\"image\":{\"@id\":\"https:\/\/www.sugarfactory.hr\/proizvod\/markeri\/montana-acrylic-empty-15-mm\/#primaryimage\"},\"thumbnailUrl\":\"https:\/\/www.sugarfactory.hr\/wp-content\/uploads\/2022\/03\/motana-acrylic-empty.webp\",\"datePublished\":\"2022-03-22T17:30:48+00:00\",\"dateModified\":\"2025-10-13T12:32:07+00:00\",\"breadcrumb\":{\"@id\":\"https:\/\/www.sugarfactory.hr\/proizvod\/markeri\/montana-acrylic-empty-15-mm\/#breadcrumb\"},\"inLanguage\":\"en-US\",\"potentialAction\":[{\"@type\":\"ReadAction\",\"target\":[\"https:\/\/www.sugarfactory.hr\/proizvod\/markeri\/montana-acrylic-empty-15-mm\/\"]}]},{\"@type\":\"ImageObject\",\"inLanguage\":\"en-US\",\"@id\":\"https:\/\/www.sugarfactory.hr\/proizvod\/markeri\/montana-acrylic-empty-15-mm\/#primaryimage\",\"url\":\"https:\/\/www.sugarfactory.hr\/wp-content\/uploads\/2022\/03\/motana-acrylic-empty.webp\",\"contentUrl\":\"https:\/\/www.sugarfactory.hr\/wp-content\/uploads\/2022\/03\/motana-acrylic-empty.webp\",\"width\":896,\"height\":1120},{\"@type\":\"BreadcrumbList\",\"@id\":\"https:\/\/www.sugarfactory.hr\/proizvod\/markeri\/montana-acrylic-empty-15-mm\/#breadcrumb\",\"itemListElement\":[{\"@type\":\"ListItem\",\"position\":1,\"name\":\"Po\u010detna stranica\",\"item\":\"https:\/\/www.sugarfactory.hr\/\"},{\"@type\":\"ListItem\",\"position\":2,\"name\":\"Proizvodi\",\"item\":\"https:\/\/www.sugarfactory.hr\/shop\/\"},{\"@type\":\"ListItem\",\"position\":3,\"name\":\"Montana Acrylic Empty 15 mm\"}]},{\"@type\":\"WebSite\",\"@id\":\"https:\/\/www.sugarfactory.hr\/#website\",\"url\":\"https:\/\/www.sugarfactory.hr\/\",\"name\":\"Sugar Factory\",\"description\":\"Create your sweetest pieces!\",\"potentialAction\":[{\"@type\":\"SearchAction\",\"target\":{\"@type\":\"EntryPoint\",\"urlTemplate\":\"https:\/\/www.sugarfactory.hr\/?s={search_term_string}\"},\"query-input\":{\"@type\":\"PropertyValueSpecification\",\"valueRequired\":true,\"valueName\":\"search_term_string\"}}],\"inLanguage\":\"en-US\"}]}<\/script>\n<!-- \/ Yoast SEO plugin. -->","yoast_head_json":{"title":"Montana Acrylic Empty 15 mm - Sugar Factory","robots":{"index":"index","follow":"follow","max-snippet":"max-snippet:-1","max-image-preview":"max-image-preview:large","max-video-preview":"max-video-preview:-1"},"canonical":"https:\/\/www.sugarfactory.hr\/en\/product-2\/markers\/montana-acrylic-empty-15-mm\/","og_locale":"en_US","og_type":"article","og_title":"Montana Acrylic Empty 15 mm - Sugar Factory","og_description":"Montana ACRYLIC Empty 15 mm je punjivi prazni marker visoke kvalitete, idealan za upotrebu s Montana ACRYLIC bojama. Opremljen je pump-ventil sustavom koji omogu\u0107uje preciznu kontrolu protoka boje, dok prozirno tijelo markera omogu\u0107uje jednostavnu provjeru preostale koli\u010dine punjenja. Vrh: 15 mm (zamjenjiv, dostupan zasebno) Sustav: pump-ventil za kontrolirani protok Kompatibilnost: Montana ACRYLIC boje (180 ml [&hellip;]","og_url":"https:\/\/www.sugarfactory.hr\/en\/product-2\/markers\/montana-acrylic-empty-15-mm\/","og_site_name":"Sugar Factory","article_modified_time":"2025-10-13T12:32:07+00:00","og_image":[{"width":896,"height":1120,"url":"https:\/\/www.sugarfactory.hr\/wp-content\/uploads\/2022\/03\/motana-acrylic-empty.webp","type":"image\/webp"}],"twitter_card":"summary_large_image","schema":{"@context":"https:\/\/schema.org","@graph":[{"@type":"WebPage","@id":"https:\/\/www.sugarfactory.hr\/proizvod\/markeri\/montana-acrylic-empty-15-mm\/","url":"https:\/\/www.sugarfactory.hr\/proizvod\/markeri\/montana-acrylic-empty-15-mm\/","name":"Montana Acrylic Empty 15 mm - Sugar Factory","isPartOf":{"@id":"https:\/\/www.sugarfactory.hr\/#website"},"primaryImageOfPage":{"@id":"https:\/\/www.sugarfactory.hr\/proizvod\/markeri\/montana-acrylic-empty-15-mm\/#primaryimage"},"image":{"@id":"https:\/\/www.sugarfactory.hr\/proizvod\/markeri\/montana-acrylic-empty-15-mm\/#primaryimage"},"thumbnailUrl":"https:\/\/www.sugarfactory.hr\/wp-content\/uploads\/2022\/03\/motana-acrylic-empty.webp","datePublished":"2022-03-22T17:30:48+00:00","dateModified":"2025-10-13T12:32:07+00:00","breadcrumb":{"@id":"https:\/\/www.sugarfactory.hr\/proizvod\/markeri\/montana-acrylic-empty-15-mm\/#breadcrumb"},"inLanguage":"en-US","potentialAction":[{"@type":"ReadAction","target":["https:\/\/www.sugarfactory.hr\/proizvod\/markeri\/montana-acrylic-empty-15-mm\/"]}]},{"@type":"ImageObject","inLanguage":"en-US","@id":"https:\/\/www.sugarfactory.hr\/proizvod\/markeri\/montana-acrylic-empty-15-mm\/#primaryimage","url":"https:\/\/www.sugarfactory.hr\/wp-content\/uploads\/2022\/03\/motana-acrylic-empty.webp","contentUrl":"https:\/\/www.sugarfactory.hr\/wp-content\/uploads\/2022\/03\/motana-acrylic-empty.webp","width":896,"height":1120},{"@type":"BreadcrumbList","@id":"https:\/\/www.sugarfactory.hr\/proizvod\/markeri\/montana-acrylic-empty-15-mm\/#breadcrumb","itemListElement":[{"@type":"ListItem","position":1,"name":"Po\u010detna stranica","item":"https:\/\/www.sugarfactory.hr\/"},{"@type":"ListItem","position":2,"name":"Proizvodi","item":"https:\/\/www.sugarfactory.hr\/shop\/"},{"@type":"ListItem","position":3,"name":"Montana Acrylic Empty 15 mm"}]},{"@type":"WebSite","@id":"https:\/\/www.sugarfactory.hr\/#website","url":"https:\/\/www.sugarfactory.hr\/","name":"Sugar Factory","description":"Create your sweetest pieces!","potentialAction":[{"@type":"SearchAction","target":{"@type":"EntryPoint","urlTemplate":"https:\/\/www.sugarfactory.hr\/?s={search_term_string}"},"query-input":{"@type":"PropertyValueSpecification","valueRequired":true,"valueName":"search_term_string"}}],"inLanguage":"en-US"}]}},"_links":{"self":[{"href":"https:\/\/www.sugarfactory.hr\/en\/wp-json\/wp\/v2\/product\/3072","targetHints":{"allow":["GET"]}}],"collection":[{"href":"https:\/\/www.sugarfactory.hr\/en\/wp-json\/wp\/v2\/product"}],"about":[{"href":"https:\/\/www.sugarfactory.hr\/en\/wp-json\/wp\/v2\/types\/product"}],"wp:featuredmedia":[{"embeddable":true,"href":"https:\/\/www.sugarfactory.hr\/en\/wp-json\/wp\/v2\/media\/12473"}],"wp:attachment":[{"href":"https:\/\/www.sugarfactory.hr\/en\/wp-json\/wp\/v2\/media?parent=3072"}],"wp:term":[{"taxonomy":"product_brand","embeddable":true,"href":"https:\/\/www.sugarfactory.hr\/en\/wp-json\/wp\/v2\/product_brand?post=3072"},{"taxonomy":"product_cat","embeddable":true,"href":"https:\/\/www.sugarfactory.hr\/en\/wp-json\/wp\/v2\/product_cat?post=3072"},{"taxonomy":"product_tag","embeddable":true,"href":"https:\/\/www.sugarfactory.hr\/en\/wp-json\/wp\/v2\/product_tag?post=3072"}],"curies":[{"name":"wp","href":"https:\/\/api.w.org\/{rel}","templated":true}]}}