{"id":3086,"date":"2022-03-22T17:36:08","date_gmt":"2022-03-22T17:36:08","guid":{"rendered":"https:\/\/www.sugarfactory.hr\/?post_type=product&#038;p=3086"},"modified":"2026-04-09T16:24:39","modified_gmt":"2026-04-09T15:24:39","slug":"montana-black-infra-colors-400-ml","status":"publish","type":"product","link":"https:\/\/www.sugarfactory.hr\/en\/product-2\/sprays\/montana-black-infra-colors-400-ml\/","title":{"rendered":"Montana Black Infra Colors 400 ml"},"content":{"rendered":"<p data-start=\"86\" data-end=\"320\"><strong data-start=\"166\" data-end=\"196\">Montana BLACK Infra Colors<\/strong> the line brings <strong data-start=\"211\" data-end=\"233\">fluorescent colors<\/strong> in the format of <strong data-start=\"247\" data-end=\"257\">400 ml<\/strong>, developed for maximum visibility and a strong visual effect.<\/p>\n<p data-start=\"322\" data-end=\"478\">Known for its <strong data-start=\"340\" data-end=\"364\">exceptional coverage<\/strong>, Infra colors offer bright, intense shades that stand out especially in urban environments and art projects.<\/p>\n<p data-start=\"480\" data-end=\"696\">As part of the legendary <strong data-start=\"499\" data-end=\"523\">Montana BLACK series<\/strong>, these colors combine <strong data-start=\"546\" data-end=\"598\">quick drying, high control and lasting results<\/strong>, ideal for graffiti, street art and creative works that require a powerful fluorescent effect.<\/p>","protected":false},"excerpt":{"rendered":"<p>Montana BLACK Infra Colors linija donosi fluorescentne boje u formatu od 400 ml, razvijene za maksimalnu vidljivost i sna\u017ean vizualni efekt. Poznate po svojoj iznimnoj pokrivnosti, Infra boje nude jarke, intenzivne nijanse koje se posebno isti\u010du u urbanom okru\u017eenju i umjetni\u010dkim projektima. Kao dio legendarne Montana BLACK serije, ove boje kombiniraju brzo su\u0161enje, visoku kontrolu [&hellip;]<\/p>","protected":false},"featured_media":12385,"template":"","meta":{"_acf_changed":false},"product_brand":[105],"product_cat":[16,75],"product_tag":[],"class_list":{"0":"post-3086","1":"product","2":"type-product","3":"status-publish","4":"has-post-thumbnail","6":"product_brand-montana","7":"product_cat-sprejevi","8":"product_cat-graffiti","10":"first","11":"instock","12":"shipping-taxable","13":"purchasable","14":"product-type-variable"},"acf":[],"yoast_head":"<!-- This site is optimized with the Yoast SEO plugin v26.3 - https:\/\/yoast.com\/wordpress\/plugins\/seo\/ -->\n<title>Montana Black Infra Colors 400 ml - Sugar Factory<\/title>\n<meta name=\"robots\" content=\"index, follow, max-snippet:-1, max-image-preview:large, max-video-preview:-1\" \/>\n<link rel=\"canonical\" href=\"https:\/\/www.sugarfactory.hr\/en\/product-2\/sprays\/montana-black-infra-colors-400-ml\/\" \/>\n<meta property=\"og:locale\" content=\"en_US\" \/>\n<meta property=\"og:type\" content=\"article\" \/>\n<meta property=\"og:title\" content=\"Montana Black Infra Colors 400 ml - Sugar Factory\" \/>\n<meta property=\"og:description\" content=\"Montana BLACK Infra Colors linija donosi fluorescentne boje u formatu od 400 ml, razvijene za maksimalnu vidljivost i sna\u017ean vizualni efekt. Poznate po svojoj iznimnoj pokrivnosti, Infra boje nude jarke, intenzivne nijanse koje se posebno isti\u010du u urbanom okru\u017eenju i umjetni\u010dkim projektima. Kao dio legendarne Montana BLACK serije, ove boje kombiniraju brzo su\u0161enje, visoku kontrolu [&hellip;]\" \/>\n<meta property=\"og:url\" content=\"https:\/\/www.sugarfactory.hr\/en\/product-2\/sprays\/montana-black-infra-colors-400-ml\/\" \/>\n<meta property=\"og:site_name\" content=\"Sugar Factory\" \/>\n<meta property=\"article:modified_time\" content=\"2026-04-09T15:24:39+00:00\" \/>\n<meta property=\"og:image\" content=\"https:\/\/www.sugarfactory.hr\/wp-content\/uploads\/2022\/03\/montana-black-infra-400.webp\" \/>\n\t<meta property=\"og:image:width\" content=\"896\" \/>\n\t<meta property=\"og:image:height\" content=\"1120\" \/>\n\t<meta property=\"og:image:type\" content=\"image\/webp\" \/>\n<meta name=\"twitter:card\" content=\"summary_large_image\" \/>\n<script type=\"application\/ld+json\" class=\"yoast-schema-graph\">{\"@context\":\"https:\/\/schema.org\",\"@graph\":[{\"@type\":\"WebPage\",\"@id\":\"https:\/\/www.sugarfactory.hr\/proizvod\/sprejevi\/montana-black-infra-colors-400-ml\/\",\"url\":\"https:\/\/www.sugarfactory.hr\/proizvod\/sprejevi\/montana-black-infra-colors-400-ml\/\",\"name\":\"Montana Black Infra Colors 400 ml - Sugar Factory\",\"isPartOf\":{\"@id\":\"https:\/\/www.sugarfactory.hr\/#website\"},\"primaryImageOfPage\":{\"@id\":\"https:\/\/www.sugarfactory.hr\/proizvod\/sprejevi\/montana-black-infra-colors-400-ml\/#primaryimage\"},\"image\":{\"@id\":\"https:\/\/www.sugarfactory.hr\/proizvod\/sprejevi\/montana-black-infra-colors-400-ml\/#primaryimage\"},\"thumbnailUrl\":\"https:\/\/www.sugarfactory.hr\/wp-content\/uploads\/2022\/03\/montana-black-infra-400.webp\",\"datePublished\":\"2022-03-22T17:36:08+00:00\",\"dateModified\":\"2026-04-09T15:24:39+00:00\",\"breadcrumb\":{\"@id\":\"https:\/\/www.sugarfactory.hr\/proizvod\/sprejevi\/montana-black-infra-colors-400-ml\/#breadcrumb\"},\"inLanguage\":\"en-US\",\"potentialAction\":[{\"@type\":\"ReadAction\",\"target\":[\"https:\/\/www.sugarfactory.hr\/proizvod\/sprejevi\/montana-black-infra-colors-400-ml\/\"]}]},{\"@type\":\"ImageObject\",\"inLanguage\":\"en-US\",\"@id\":\"https:\/\/www.sugarfactory.hr\/proizvod\/sprejevi\/montana-black-infra-colors-400-ml\/#primaryimage\",\"url\":\"https:\/\/www.sugarfactory.hr\/wp-content\/uploads\/2022\/03\/montana-black-infra-400.webp\",\"contentUrl\":\"https:\/\/www.sugarfactory.hr\/wp-content\/uploads\/2022\/03\/montana-black-infra-400.webp\",\"width\":896,\"height\":1120},{\"@type\":\"BreadcrumbList\",\"@id\":\"https:\/\/www.sugarfactory.hr\/proizvod\/sprejevi\/montana-black-infra-colors-400-ml\/#breadcrumb\",\"itemListElement\":[{\"@type\":\"ListItem\",\"position\":1,\"name\":\"Po\u010detna stranica\",\"item\":\"https:\/\/www.sugarfactory.hr\/\"},{\"@type\":\"ListItem\",\"position\":2,\"name\":\"Proizvodi\",\"item\":\"https:\/\/www.sugarfactory.hr\/shop\/\"},{\"@type\":\"ListItem\",\"position\":3,\"name\":\"Montana Black Infra Colors 400 ml\"}]},{\"@type\":\"WebSite\",\"@id\":\"https:\/\/www.sugarfactory.hr\/#website\",\"url\":\"https:\/\/www.sugarfactory.hr\/\",\"name\":\"Sugar Factory\",\"description\":\"Create your sweetest pieces!\",\"potentialAction\":[{\"@type\":\"SearchAction\",\"target\":{\"@type\":\"EntryPoint\",\"urlTemplate\":\"https:\/\/www.sugarfactory.hr\/?s={search_term_string}\"},\"query-input\":{\"@type\":\"PropertyValueSpecification\",\"valueRequired\":true,\"valueName\":\"search_term_string\"}}],\"inLanguage\":\"en-US\"}]}<\/script>\n<!-- \/ Yoast SEO plugin. -->","yoast_head_json":{"title":"Montana Black Infra Colors 400 ml - Sugar Factory","robots":{"index":"index","follow":"follow","max-snippet":"max-snippet:-1","max-image-preview":"max-image-preview:large","max-video-preview":"max-video-preview:-1"},"canonical":"https:\/\/www.sugarfactory.hr\/en\/product-2\/sprays\/montana-black-infra-colors-400-ml\/","og_locale":"en_US","og_type":"article","og_title":"Montana Black Infra Colors 400 ml - Sugar Factory","og_description":"Montana BLACK Infra Colors linija donosi fluorescentne boje u formatu od 400 ml, razvijene za maksimalnu vidljivost i sna\u017ean vizualni efekt. Poznate po svojoj iznimnoj pokrivnosti, Infra boje nude jarke, intenzivne nijanse koje se posebno isti\u010du u urbanom okru\u017eenju i umjetni\u010dkim projektima. Kao dio legendarne Montana BLACK serije, ove boje kombiniraju brzo su\u0161enje, visoku kontrolu [&hellip;]","og_url":"https:\/\/www.sugarfactory.hr\/en\/product-2\/sprays\/montana-black-infra-colors-400-ml\/","og_site_name":"Sugar Factory","article_modified_time":"2026-04-09T15:24:39+00:00","og_image":[{"width":896,"height":1120,"url":"https:\/\/www.sugarfactory.hr\/wp-content\/uploads\/2022\/03\/montana-black-infra-400.webp","type":"image\/webp"}],"twitter_card":"summary_large_image","schema":{"@context":"https:\/\/schema.org","@graph":[{"@type":"WebPage","@id":"https:\/\/www.sugarfactory.hr\/proizvod\/sprejevi\/montana-black-infra-colors-400-ml\/","url":"https:\/\/www.sugarfactory.hr\/proizvod\/sprejevi\/montana-black-infra-colors-400-ml\/","name":"Montana Black Infra Colors 400 ml - Sugar Factory","isPartOf":{"@id":"https:\/\/www.sugarfactory.hr\/#website"},"primaryImageOfPage":{"@id":"https:\/\/www.sugarfactory.hr\/proizvod\/sprejevi\/montana-black-infra-colors-400-ml\/#primaryimage"},"image":{"@id":"https:\/\/www.sugarfactory.hr\/proizvod\/sprejevi\/montana-black-infra-colors-400-ml\/#primaryimage"},"thumbnailUrl":"https:\/\/www.sugarfactory.hr\/wp-content\/uploads\/2022\/03\/montana-black-infra-400.webp","datePublished":"2022-03-22T17:36:08+00:00","dateModified":"2026-04-09T15:24:39+00:00","breadcrumb":{"@id":"https:\/\/www.sugarfactory.hr\/proizvod\/sprejevi\/montana-black-infra-colors-400-ml\/#breadcrumb"},"inLanguage":"en-US","potentialAction":[{"@type":"ReadAction","target":["https:\/\/www.sugarfactory.hr\/proizvod\/sprejevi\/montana-black-infra-colors-400-ml\/"]}]},{"@type":"ImageObject","inLanguage":"en-US","@id":"https:\/\/www.sugarfactory.hr\/proizvod\/sprejevi\/montana-black-infra-colors-400-ml\/#primaryimage","url":"https:\/\/www.sugarfactory.hr\/wp-content\/uploads\/2022\/03\/montana-black-infra-400.webp","contentUrl":"https:\/\/www.sugarfactory.hr\/wp-content\/uploads\/2022\/03\/montana-black-infra-400.webp","width":896,"height":1120},{"@type":"BreadcrumbList","@id":"https:\/\/www.sugarfactory.hr\/proizvod\/sprejevi\/montana-black-infra-colors-400-ml\/#breadcrumb","itemListElement":[{"@type":"ListItem","position":1,"name":"Po\u010detna stranica","item":"https:\/\/www.sugarfactory.hr\/"},{"@type":"ListItem","position":2,"name":"Proizvodi","item":"https:\/\/www.sugarfactory.hr\/shop\/"},{"@type":"ListItem","position":3,"name":"Montana Black Infra Colors 400 ml"}]},{"@type":"WebSite","@id":"https:\/\/www.sugarfactory.hr\/#website","url":"https:\/\/www.sugarfactory.hr\/","name":"Sugar Factory","description":"Create your sweetest pieces!","potentialAction":[{"@type":"SearchAction","target":{"@type":"EntryPoint","urlTemplate":"https:\/\/www.sugarfactory.hr\/?s={search_term_string}"},"query-input":{"@type":"PropertyValueSpecification","valueRequired":true,"valueName":"search_term_string"}}],"inLanguage":"en-US"}]}},"_links":{"self":[{"href":"https:\/\/www.sugarfactory.hr\/en\/wp-json\/wp\/v2\/product\/3086","targetHints":{"allow":["GET"]}}],"collection":[{"href":"https:\/\/www.sugarfactory.hr\/en\/wp-json\/wp\/v2\/product"}],"about":[{"href":"https:\/\/www.sugarfactory.hr\/en\/wp-json\/wp\/v2\/types\/product"}],"wp:featuredmedia":[{"embeddable":true,"href":"https:\/\/www.sugarfactory.hr\/en\/wp-json\/wp\/v2\/media\/12385"}],"wp:attachment":[{"href":"https:\/\/www.sugarfactory.hr\/en\/wp-json\/wp\/v2\/media?parent=3086"}],"wp:term":[{"taxonomy":"product_brand","embeddable":true,"href":"https:\/\/www.sugarfactory.hr\/en\/wp-json\/wp\/v2\/product_brand?post=3086"},{"taxonomy":"product_cat","embeddable":true,"href":"https:\/\/www.sugarfactory.hr\/en\/wp-json\/wp\/v2\/product_cat?post=3086"},{"taxonomy":"product_tag","embeddable":true,"href":"https:\/\/www.sugarfactory.hr\/en\/wp-json\/wp\/v2\/product_tag?post=3086"}],"curies":[{"name":"wp","href":"https:\/\/api.w.org\/{rel}","templated":true}]}}