{"id":3108,"date":"2022-03-22T17:42:55","date_gmt":"2022-03-22T17:42:55","guid":{"rendered":"https:\/\/www.sugarfactory.hr\/?post_type=product&#038;p=3108"},"modified":"2026-04-02T15:21:07","modified_gmt":"2026-04-02T14:21:07","slug":"montana-spray-effect-granite-style-400ml","status":"publish","type":"product","link":"https:\/\/www.sugarfactory.hr\/en\/product-2\/sprays\/montana-spray-effect-granite-style-400ml\/","title":{"rendered":"Montana Granite Style 400 ml"},"content":{"rendered":"<p data-start=\"81\" data-end=\"331\"><strong data-start=\"144\" data-end=\"176\">Montana Granite Style 400 ml<\/strong> It's a spray with a special effect on <strong data-start=\"208\" data-end=\"221\">water-based<\/strong>, enriched <strong data-start=\"232\" data-end=\"262\">with fine plastic particles<\/strong> which create a visually convincing and <strong data-start=\"298\" data-end=\"328\">Realistic granite look<\/strong>.<\/p>\n<p data-start=\"333\" data-end=\"468\">The paint is easy to use and ideal for <strong data-start=\"378\" data-end=\"421\">artistic, decorative, and hobby projects<\/strong>, where a rocky, natural effect is needed.<\/p>\n<p data-start=\"470\" data-end=\"543\">\u26a0\ufe0f <strong data-start=\"473\" data-end=\"486\">Note:<\/strong> This product <strong data-start=\"501\" data-end=\"540\">Not recommended for external use<\/strong>.<\/p>","protected":false},"excerpt":{"rendered":"<p>Montana Granite Style 400 ml is a water-based spray with a special effect, enriched with fine plastic particles that create a visually convincing and realistic granite look. The paint is easy to use and ideal for artistic, decorative, and hobby projects where a rocky, natural effect is needed. \u26a0\ufe0f Warning: This product is not recommended for outdoor use.<\/p>","protected":false},"featured_media":12381,"template":"","meta":{"_acf_changed":false},"product_brand":[105],"product_cat":[16,77],"product_tag":[],"class_list":{"0":"post-3108","1":"product","2":"type-product","3":"status-publish","4":"has-post-thumbnail","6":"product_brand-montana","7":"product_cat-sprejevi","8":"product_cat-dekorativni-sprejevi-sprejevi","10":"first","11":"instock","12":"shipping-taxable","13":"purchasable","14":"product-type-variable"},"acf":[],"yoast_head":"<!-- This site is optimized with the Yoast SEO plugin v26.3 - https:\/\/yoast.com\/wordpress\/plugins\/seo\/ -->\n<title>Montana Granite Style 400 ml - Sugar Factory<\/title>\n<meta name=\"robots\" content=\"index, follow, max-snippet:-1, max-image-preview:large, max-video-preview:-1\" \/>\n<link rel=\"canonical\" href=\"https:\/\/www.sugarfactory.hr\/en\/product-2\/sprays\/montana-spray-effect-granite-style-400ml\/\" \/>\n<meta property=\"og:locale\" content=\"en_US\" \/>\n<meta property=\"og:type\" content=\"article\" \/>\n<meta property=\"og:title\" content=\"Montana Granite Style 400 ml - Sugar Factory\" \/>\n<meta property=\"og:description\" content=\"Montana Granite Style 400 ml je sprej s posebnim efektom na bazi vode, oboga\u0107en finim plasti\u010dnim \u010desticama koje stvaraju vizualno uvjerljiv i realisti\u010dan izgled granita. Boja je jednostavna za upotrebu i idealna za umjetni\u010dke, dekorativne i hobi projekte, gdje je potreban kamenasti, prirodni efekt. \u26a0\ufe0f Napomena: Ovaj proizvod nije preporu\u010den za vanjsku upotrebu.\" \/>\n<meta property=\"og:url\" content=\"https:\/\/www.sugarfactory.hr\/en\/product-2\/sprays\/montana-spray-effect-granite-style-400ml\/\" \/>\n<meta property=\"og:site_name\" content=\"Sugar Factory\" \/>\n<meta property=\"article:modified_time\" content=\"2026-04-02T14:21:07+00:00\" \/>\n<meta property=\"og:image\" content=\"https:\/\/www.sugarfactory.hr\/wp-content\/uploads\/2022\/03\/motana-granyite.webp\" \/>\n\t<meta property=\"og:image:width\" content=\"896\" \/>\n\t<meta property=\"og:image:height\" content=\"1120\" \/>\n\t<meta property=\"og:image:type\" content=\"image\/webp\" \/>\n<meta name=\"twitter:card\" content=\"summary_large_image\" \/>\n<script type=\"application\/ld+json\" class=\"yoast-schema-graph\">{\"@context\":\"https:\/\/schema.org\",\"@graph\":[{\"@type\":\"WebPage\",\"@id\":\"https:\/\/www.sugarfactory.hr\/proizvod\/sprejevi\/sprej-efekt-montana-granite-style-400ml\/\",\"url\":\"https:\/\/www.sugarfactory.hr\/proizvod\/sprejevi\/sprej-efekt-montana-granite-style-400ml\/\",\"name\":\"Montana Granite Style 400 ml - Sugar Factory\",\"isPartOf\":{\"@id\":\"https:\/\/www.sugarfactory.hr\/#website\"},\"primaryImageOfPage\":{\"@id\":\"https:\/\/www.sugarfactory.hr\/proizvod\/sprejevi\/sprej-efekt-montana-granite-style-400ml\/#primaryimage\"},\"image\":{\"@id\":\"https:\/\/www.sugarfactory.hr\/proizvod\/sprejevi\/sprej-efekt-montana-granite-style-400ml\/#primaryimage\"},\"thumbnailUrl\":\"https:\/\/www.sugarfactory.hr\/wp-content\/uploads\/2022\/03\/motana-granyite.webp\",\"datePublished\":\"2022-03-22T17:42:55+00:00\",\"dateModified\":\"2026-04-02T14:21:07+00:00\",\"breadcrumb\":{\"@id\":\"https:\/\/www.sugarfactory.hr\/proizvod\/sprejevi\/sprej-efekt-montana-granite-style-400ml\/#breadcrumb\"},\"inLanguage\":\"en-US\",\"potentialAction\":[{\"@type\":\"ReadAction\",\"target\":[\"https:\/\/www.sugarfactory.hr\/proizvod\/sprejevi\/sprej-efekt-montana-granite-style-400ml\/\"]}]},{\"@type\":\"ImageObject\",\"inLanguage\":\"en-US\",\"@id\":\"https:\/\/www.sugarfactory.hr\/proizvod\/sprejevi\/sprej-efekt-montana-granite-style-400ml\/#primaryimage\",\"url\":\"https:\/\/www.sugarfactory.hr\/wp-content\/uploads\/2022\/03\/motana-granyite.webp\",\"contentUrl\":\"https:\/\/www.sugarfactory.hr\/wp-content\/uploads\/2022\/03\/motana-granyite.webp\",\"width\":896,\"height\":1120},{\"@type\":\"BreadcrumbList\",\"@id\":\"https:\/\/www.sugarfactory.hr\/proizvod\/sprejevi\/sprej-efekt-montana-granite-style-400ml\/#breadcrumb\",\"itemListElement\":[{\"@type\":\"ListItem\",\"position\":1,\"name\":\"Po\u010detna stranica\",\"item\":\"https:\/\/www.sugarfactory.hr\/\"},{\"@type\":\"ListItem\",\"position\":2,\"name\":\"Proizvodi\",\"item\":\"https:\/\/www.sugarfactory.hr\/shop\/\"},{\"@type\":\"ListItem\",\"position\":3,\"name\":\"Montana Granite Style 400 ml\"}]},{\"@type\":\"WebSite\",\"@id\":\"https:\/\/www.sugarfactory.hr\/#website\",\"url\":\"https:\/\/www.sugarfactory.hr\/\",\"name\":\"Sugar Factory\",\"description\":\"Create your sweetest pieces!\",\"potentialAction\":[{\"@type\":\"SearchAction\",\"target\":{\"@type\":\"EntryPoint\",\"urlTemplate\":\"https:\/\/www.sugarfactory.hr\/?s={search_term_string}\"},\"query-input\":{\"@type\":\"PropertyValueSpecification\",\"valueRequired\":true,\"valueName\":\"search_term_string\"}}],\"inLanguage\":\"en-US\"}]}<\/script>\n<!-- \/ Yoast SEO plugin. -->","yoast_head_json":{"title":"Montana Granite Style 400 ml - Sugar Factory","robots":{"index":"index","follow":"follow","max-snippet":"max-snippet:-1","max-image-preview":"max-image-preview:large","max-video-preview":"max-video-preview:-1"},"canonical":"https:\/\/www.sugarfactory.hr\/en\/product-2\/sprays\/montana-spray-effect-granite-style-400ml\/","og_locale":"en_US","og_type":"article","og_title":"Montana Granite Style 400 ml - Sugar Factory","og_description":"Montana Granite Style 400 ml je sprej s posebnim efektom na bazi vode, oboga\u0107en finim plasti\u010dnim \u010desticama koje stvaraju vizualno uvjerljiv i realisti\u010dan izgled granita. Boja je jednostavna za upotrebu i idealna za umjetni\u010dke, dekorativne i hobi projekte, gdje je potreban kamenasti, prirodni efekt. \u26a0\ufe0f Napomena: Ovaj proizvod nije preporu\u010den za vanjsku upotrebu.","og_url":"https:\/\/www.sugarfactory.hr\/en\/product-2\/sprays\/montana-spray-effect-granite-style-400ml\/","og_site_name":"Sugar Factory","article_modified_time":"2026-04-02T14:21:07+00:00","og_image":[{"width":896,"height":1120,"url":"https:\/\/www.sugarfactory.hr\/wp-content\/uploads\/2022\/03\/motana-granyite.webp","type":"image\/webp"}],"twitter_card":"summary_large_image","schema":{"@context":"https:\/\/schema.org","@graph":[{"@type":"WebPage","@id":"https:\/\/www.sugarfactory.hr\/proizvod\/sprejevi\/sprej-efekt-montana-granite-style-400ml\/","url":"https:\/\/www.sugarfactory.hr\/proizvod\/sprejevi\/sprej-efekt-montana-granite-style-400ml\/","name":"Montana Granite Style 400 ml - Sugar Factory","isPartOf":{"@id":"https:\/\/www.sugarfactory.hr\/#website"},"primaryImageOfPage":{"@id":"https:\/\/www.sugarfactory.hr\/proizvod\/sprejevi\/sprej-efekt-montana-granite-style-400ml\/#primaryimage"},"image":{"@id":"https:\/\/www.sugarfactory.hr\/proizvod\/sprejevi\/sprej-efekt-montana-granite-style-400ml\/#primaryimage"},"thumbnailUrl":"https:\/\/www.sugarfactory.hr\/wp-content\/uploads\/2022\/03\/motana-granyite.webp","datePublished":"2022-03-22T17:42:55+00:00","dateModified":"2026-04-02T14:21:07+00:00","breadcrumb":{"@id":"https:\/\/www.sugarfactory.hr\/proizvod\/sprejevi\/sprej-efekt-montana-granite-style-400ml\/#breadcrumb"},"inLanguage":"en-US","potentialAction":[{"@type":"ReadAction","target":["https:\/\/www.sugarfactory.hr\/proizvod\/sprejevi\/sprej-efekt-montana-granite-style-400ml\/"]}]},{"@type":"ImageObject","inLanguage":"en-US","@id":"https:\/\/www.sugarfactory.hr\/proizvod\/sprejevi\/sprej-efekt-montana-granite-style-400ml\/#primaryimage","url":"https:\/\/www.sugarfactory.hr\/wp-content\/uploads\/2022\/03\/motana-granyite.webp","contentUrl":"https:\/\/www.sugarfactory.hr\/wp-content\/uploads\/2022\/03\/motana-granyite.webp","width":896,"height":1120},{"@type":"BreadcrumbList","@id":"https:\/\/www.sugarfactory.hr\/proizvod\/sprejevi\/sprej-efekt-montana-granite-style-400ml\/#breadcrumb","itemListElement":[{"@type":"ListItem","position":1,"name":"Po\u010detna stranica","item":"https:\/\/www.sugarfactory.hr\/"},{"@type":"ListItem","position":2,"name":"Proizvodi","item":"https:\/\/www.sugarfactory.hr\/shop\/"},{"@type":"ListItem","position":3,"name":"Montana Granite Style 400 ml"}]},{"@type":"WebSite","@id":"https:\/\/www.sugarfactory.hr\/#website","url":"https:\/\/www.sugarfactory.hr\/","name":"Sugar Factory","description":"Create your sweetest pieces!","potentialAction":[{"@type":"SearchAction","target":{"@type":"EntryPoint","urlTemplate":"https:\/\/www.sugarfactory.hr\/?s={search_term_string}"},"query-input":{"@type":"PropertyValueSpecification","valueRequired":true,"valueName":"search_term_string"}}],"inLanguage":"en-US"}]}},"_links":{"self":[{"href":"https:\/\/www.sugarfactory.hr\/en\/wp-json\/wp\/v2\/product\/3108","targetHints":{"allow":["GET"]}}],"collection":[{"href":"https:\/\/www.sugarfactory.hr\/en\/wp-json\/wp\/v2\/product"}],"about":[{"href":"https:\/\/www.sugarfactory.hr\/en\/wp-json\/wp\/v2\/types\/product"}],"wp:featuredmedia":[{"embeddable":true,"href":"https:\/\/www.sugarfactory.hr\/en\/wp-json\/wp\/v2\/media\/12381"}],"wp:attachment":[{"href":"https:\/\/www.sugarfactory.hr\/en\/wp-json\/wp\/v2\/media?parent=3108"}],"wp:term":[{"taxonomy":"product_brand","embeddable":true,"href":"https:\/\/www.sugarfactory.hr\/en\/wp-json\/wp\/v2\/product_brand?post=3108"},{"taxonomy":"product_cat","embeddable":true,"href":"https:\/\/www.sugarfactory.hr\/en\/wp-json\/wp\/v2\/product_cat?post=3108"},{"taxonomy":"product_tag","embeddable":true,"href":"https:\/\/www.sugarfactory.hr\/en\/wp-json\/wp\/v2\/product_tag?post=3108"}],"curies":[{"name":"wp","href":"https:\/\/api.w.org\/{rel}","templated":true}]}}