{"id":3392,"date":"2022-05-31T11:23:05","date_gmt":"2022-05-31T11:23:05","guid":{"rendered":"https:\/\/www.sugarfactory.hr\/?post_type=product&#038;p=3392"},"modified":"2026-04-08T09:24:27","modified_gmt":"2026-04-08T08:24:27","slug":"montana-empty-crusher-18-mm-200-ml","status":"publish","type":"product","link":"https:\/\/www.sugarfactory.hr\/en\/product-2\/markers\/montana-empty-crusher-18-mm-200-ml\/","title":{"rendered":"Montana Empty Crusher 18 mm\/200 ml"},"content":{"rendered":"<p data-start=\"89\" data-end=\"307\"><strong data-start=\"134\" data-end=\"159\">Montana Empty Crusher<\/strong> marker iz <strong data-start=\"170\" data-end=\"186\">EMPTY linije<\/strong> osmi\u0161ljen je za <strong data-start=\"203\" data-end=\"249\">ru\u010dno kontroliranje protoka boje ili tinte<\/strong> zahvaljuju\u0107i fleksibilnom tijelu koje se mo\u017ee stisnuti.<\/p>\n<p data-start=\"309\" data-end=\"466\">Opremljen je <strong data-start=\"322\" data-end=\"351\">mohair vrhom \u0161irine 18 mm<\/strong>, idealnim za sna\u017ene poteze i intenzivne tragove. Vrh je <strong data-start=\"408\" data-end=\"421\">zamjenjiv<\/strong>, \u010dime se produ\u017euje vijek trajanja markera.<\/p>\n<p data-start=\"468\" data-end=\"647\">Marker ima kapacitet od <strong data-start=\"492\" data-end=\"502\">200 ml<\/strong>, a kompatibilan je s punjenjima poput <strong data-start=\"541\" data-end=\"580\">Montana DYE INK Strong Black 200 ml<\/strong>. Proizveden je u Njema\u010dkoj prema najvi\u0161im standardima kvalitete.<\/p>\n<ul data-start=\"649\" data-end=\"831\">\n<li data-start=\"649\" data-end=\"674\">\n<p data-start=\"651\" data-end=\"674\"><strong data-start=\"651\" data-end=\"665\">Kapacitet:<\/strong> 200 ml<\/p>\n<\/li>\n<li data-start=\"675\" data-end=\"712\">\n<p data-start=\"677\" data-end=\"712\"><strong data-start=\"677\" data-end=\"685\">Vrh:<\/strong> 18 mm mohair (zamjenjiv)<\/p>\n<\/li>\n<li data-start=\"713\" data-end=\"778\">\n<p data-start=\"715\" data-end=\"778\"><strong data-start=\"715\" data-end=\"734\">Karakteristike:<\/strong> stiskanje tijela za kontrolu protoka boje<\/p>\n<\/li>\n<li data-start=\"779\" data-end=\"831\">\n<p data-start=\"781\" data-end=\"831\"><strong data-start=\"781\" data-end=\"793\">Purpose:<\/strong> punjenje tintom ili bojom po izboru<\/p>\n<\/li>\n<\/ul>\n<p data-start=\"833\" data-end=\"966\"><strong data-start=\"833\" data-end=\"873\">Montana Empty Crusher 18 mm \/ 200 ml<\/strong> savr\u0161en je izbor za umjetnike koji \u017eele <strong data-start=\"914\" data-end=\"963\">maksimalnu kontrolu, fleksibilnost i trajnost<\/strong>.<\/p>","protected":false},"excerpt":{"rendered":"<p>Montana Empty Crusher marker iz EMPTY linije osmi\u0161ljen je za ru\u010dno kontroliranje protoka boje ili tinte zahvaljuju\u0107i fleksibilnom tijelu koje se mo\u017ee stisnuti. Opremljen je mohair vrhom \u0161irine 18 mm, idealnim za sna\u017ene poteze i intenzivne tragove. Vrh je zamjenjiv, \u010dime se produ\u017euje vijek trajanja markera. Marker ima kapacitet od 200 ml, a kompatibilan je [&hellip;]<\/p>","protected":false},"featured_media":12471,"template":"","meta":{"_acf_changed":false},"product_brand":[105],"product_cat":[22,84],"product_tag":[],"class_list":{"0":"post-3392","1":"product","2":"type-product","3":"status-publish","4":"has-post-thumbnail","6":"product_brand-montana","7":"product_cat-markeri","8":"product_cat-prazni-markeri-i-nastavci","10":"first","11":"instock","12":"sale","13":"shipping-taxable","14":"purchasable","15":"product-type-simple"},"acf":[],"yoast_head":"<!-- This site is optimized with the Yoast SEO plugin v26.3 - https:\/\/yoast.com\/wordpress\/plugins\/seo\/ -->\n<title>Montana Empty Crusher 18 mm\/200 ml - Sugar Factory<\/title>\n<meta name=\"robots\" content=\"index, follow, max-snippet:-1, max-image-preview:large, max-video-preview:-1\" \/>\n<link rel=\"canonical\" href=\"https:\/\/www.sugarfactory.hr\/en\/product-2\/markers\/montana-empty-crusher-18-mm-200-ml\/\" \/>\n<meta property=\"og:locale\" content=\"en_US\" \/>\n<meta property=\"og:type\" content=\"article\" \/>\n<meta property=\"og:title\" content=\"Montana Empty Crusher 18 mm\/200 ml - Sugar Factory\" \/>\n<meta property=\"og:description\" content=\"Montana Empty Crusher marker iz EMPTY linije osmi\u0161ljen je za ru\u010dno kontroliranje protoka boje ili tinte zahvaljuju\u0107i fleksibilnom tijelu koje se mo\u017ee stisnuti. Opremljen je mohair vrhom \u0161irine 18 mm, idealnim za sna\u017ene poteze i intenzivne tragove. Vrh je zamjenjiv, \u010dime se produ\u017euje vijek trajanja markera. Marker ima kapacitet od 200 ml, a kompatibilan je [&hellip;]\" \/>\n<meta property=\"og:url\" content=\"https:\/\/www.sugarfactory.hr\/en\/product-2\/markers\/montana-empty-crusher-18-mm-200-ml\/\" \/>\n<meta property=\"og:site_name\" content=\"Sugar Factory\" \/>\n<meta property=\"article:modified_time\" content=\"2026-04-08T08:24:27+00:00\" \/>\n<meta property=\"og:image\" content=\"https:\/\/www.sugarfactory.hr\/wp-content\/uploads\/2022\/05\/empty-crusher.webp\" \/>\n\t<meta property=\"og:image:width\" content=\"896\" \/>\n\t<meta property=\"og:image:height\" content=\"1120\" \/>\n\t<meta property=\"og:image:type\" content=\"image\/webp\" \/>\n<meta name=\"twitter:card\" content=\"summary_large_image\" \/>\n<meta name=\"twitter:label1\" content=\"Est. reading time\" \/>\n\t<meta name=\"twitter:data1\" content=\"1 minute\" \/>\n<script type=\"application\/ld+json\" class=\"yoast-schema-graph\">{\"@context\":\"https:\/\/schema.org\",\"@graph\":[{\"@type\":\"WebPage\",\"@id\":\"https:\/\/www.sugarfactory.hr\/proizvod\/markeri\/montana-empty-crusher-18-mm-200-ml\/\",\"url\":\"https:\/\/www.sugarfactory.hr\/proizvod\/markeri\/montana-empty-crusher-18-mm-200-ml\/\",\"name\":\"Montana Empty Crusher 18 mm\/200 ml - Sugar Factory\",\"isPartOf\":{\"@id\":\"https:\/\/www.sugarfactory.hr\/#website\"},\"primaryImageOfPage\":{\"@id\":\"https:\/\/www.sugarfactory.hr\/proizvod\/markeri\/montana-empty-crusher-18-mm-200-ml\/#primaryimage\"},\"image\":{\"@id\":\"https:\/\/www.sugarfactory.hr\/proizvod\/markeri\/montana-empty-crusher-18-mm-200-ml\/#primaryimage\"},\"thumbnailUrl\":\"https:\/\/www.sugarfactory.hr\/wp-content\/uploads\/2022\/05\/empty-crusher.webp\",\"datePublished\":\"2022-05-31T11:23:05+00:00\",\"dateModified\":\"2026-04-08T08:24:27+00:00\",\"breadcrumb\":{\"@id\":\"https:\/\/www.sugarfactory.hr\/proizvod\/markeri\/montana-empty-crusher-18-mm-200-ml\/#breadcrumb\"},\"inLanguage\":\"en-US\",\"potentialAction\":[{\"@type\":\"ReadAction\",\"target\":[\"https:\/\/www.sugarfactory.hr\/proizvod\/markeri\/montana-empty-crusher-18-mm-200-ml\/\"]}]},{\"@type\":\"ImageObject\",\"inLanguage\":\"en-US\",\"@id\":\"https:\/\/www.sugarfactory.hr\/proizvod\/markeri\/montana-empty-crusher-18-mm-200-ml\/#primaryimage\",\"url\":\"https:\/\/www.sugarfactory.hr\/wp-content\/uploads\/2022\/05\/empty-crusher.webp\",\"contentUrl\":\"https:\/\/www.sugarfactory.hr\/wp-content\/uploads\/2022\/05\/empty-crusher.webp\",\"width\":896,\"height\":1120},{\"@type\":\"BreadcrumbList\",\"@id\":\"https:\/\/www.sugarfactory.hr\/proizvod\/markeri\/montana-empty-crusher-18-mm-200-ml\/#breadcrumb\",\"itemListElement\":[{\"@type\":\"ListItem\",\"position\":1,\"name\":\"Po\u010detna stranica\",\"item\":\"https:\/\/www.sugarfactory.hr\/\"},{\"@type\":\"ListItem\",\"position\":2,\"name\":\"Proizvodi\",\"item\":\"https:\/\/www.sugarfactory.hr\/shop\/\"},{\"@type\":\"ListItem\",\"position\":3,\"name\":\"Montana Empty Crusher 18 mm\/200 ml\"}]},{\"@type\":\"WebSite\",\"@id\":\"https:\/\/www.sugarfactory.hr\/#website\",\"url\":\"https:\/\/www.sugarfactory.hr\/\",\"name\":\"Sugar Factory\",\"description\":\"Create your sweetest pieces!\",\"potentialAction\":[{\"@type\":\"SearchAction\",\"target\":{\"@type\":\"EntryPoint\",\"urlTemplate\":\"https:\/\/www.sugarfactory.hr\/?s={search_term_string}\"},\"query-input\":{\"@type\":\"PropertyValueSpecification\",\"valueRequired\":true,\"valueName\":\"search_term_string\"}}],\"inLanguage\":\"en-US\"}]}<\/script>\n<!-- \/ Yoast SEO plugin. -->","yoast_head_json":{"title":"Montana Empty Crusher 18 mm\/200 ml - Sugar Factory","robots":{"index":"index","follow":"follow","max-snippet":"max-snippet:-1","max-image-preview":"max-image-preview:large","max-video-preview":"max-video-preview:-1"},"canonical":"https:\/\/www.sugarfactory.hr\/en\/product-2\/markers\/montana-empty-crusher-18-mm-200-ml\/","og_locale":"en_US","og_type":"article","og_title":"Montana Empty Crusher 18 mm\/200 ml - Sugar Factory","og_description":"Montana Empty Crusher marker iz EMPTY linije osmi\u0161ljen je za ru\u010dno kontroliranje protoka boje ili tinte zahvaljuju\u0107i fleksibilnom tijelu koje se mo\u017ee stisnuti. Opremljen je mohair vrhom \u0161irine 18 mm, idealnim za sna\u017ene poteze i intenzivne tragove. Vrh je zamjenjiv, \u010dime se produ\u017euje vijek trajanja markera. Marker ima kapacitet od 200 ml, a kompatibilan je [&hellip;]","og_url":"https:\/\/www.sugarfactory.hr\/en\/product-2\/markers\/montana-empty-crusher-18-mm-200-ml\/","og_site_name":"Sugar Factory","article_modified_time":"2026-04-08T08:24:27+00:00","og_image":[{"width":896,"height":1120,"url":"https:\/\/www.sugarfactory.hr\/wp-content\/uploads\/2022\/05\/empty-crusher.webp","type":"image\/webp"}],"twitter_card":"summary_large_image","twitter_misc":{"Est. reading time":"1 minute"},"schema":{"@context":"https:\/\/schema.org","@graph":[{"@type":"WebPage","@id":"https:\/\/www.sugarfactory.hr\/proizvod\/markeri\/montana-empty-crusher-18-mm-200-ml\/","url":"https:\/\/www.sugarfactory.hr\/proizvod\/markeri\/montana-empty-crusher-18-mm-200-ml\/","name":"Montana Empty Crusher 18 mm\/200 ml - Sugar Factory","isPartOf":{"@id":"https:\/\/www.sugarfactory.hr\/#website"},"primaryImageOfPage":{"@id":"https:\/\/www.sugarfactory.hr\/proizvod\/markeri\/montana-empty-crusher-18-mm-200-ml\/#primaryimage"},"image":{"@id":"https:\/\/www.sugarfactory.hr\/proizvod\/markeri\/montana-empty-crusher-18-mm-200-ml\/#primaryimage"},"thumbnailUrl":"https:\/\/www.sugarfactory.hr\/wp-content\/uploads\/2022\/05\/empty-crusher.webp","datePublished":"2022-05-31T11:23:05+00:00","dateModified":"2026-04-08T08:24:27+00:00","breadcrumb":{"@id":"https:\/\/www.sugarfactory.hr\/proizvod\/markeri\/montana-empty-crusher-18-mm-200-ml\/#breadcrumb"},"inLanguage":"en-US","potentialAction":[{"@type":"ReadAction","target":["https:\/\/www.sugarfactory.hr\/proizvod\/markeri\/montana-empty-crusher-18-mm-200-ml\/"]}]},{"@type":"ImageObject","inLanguage":"en-US","@id":"https:\/\/www.sugarfactory.hr\/proizvod\/markeri\/montana-empty-crusher-18-mm-200-ml\/#primaryimage","url":"https:\/\/www.sugarfactory.hr\/wp-content\/uploads\/2022\/05\/empty-crusher.webp","contentUrl":"https:\/\/www.sugarfactory.hr\/wp-content\/uploads\/2022\/05\/empty-crusher.webp","width":896,"height":1120},{"@type":"BreadcrumbList","@id":"https:\/\/www.sugarfactory.hr\/proizvod\/markeri\/montana-empty-crusher-18-mm-200-ml\/#breadcrumb","itemListElement":[{"@type":"ListItem","position":1,"name":"Po\u010detna stranica","item":"https:\/\/www.sugarfactory.hr\/"},{"@type":"ListItem","position":2,"name":"Proizvodi","item":"https:\/\/www.sugarfactory.hr\/shop\/"},{"@type":"ListItem","position":3,"name":"Montana Empty Crusher 18 mm\/200 ml"}]},{"@type":"WebSite","@id":"https:\/\/www.sugarfactory.hr\/#website","url":"https:\/\/www.sugarfactory.hr\/","name":"Sugar Factory","description":"Create your sweetest pieces!","potentialAction":[{"@type":"SearchAction","target":{"@type":"EntryPoint","urlTemplate":"https:\/\/www.sugarfactory.hr\/?s={search_term_string}"},"query-input":{"@type":"PropertyValueSpecification","valueRequired":true,"valueName":"search_term_string"}}],"inLanguage":"en-US"}]}},"_links":{"self":[{"href":"https:\/\/www.sugarfactory.hr\/en\/wp-json\/wp\/v2\/product\/3392","targetHints":{"allow":["GET"]}}],"collection":[{"href":"https:\/\/www.sugarfactory.hr\/en\/wp-json\/wp\/v2\/product"}],"about":[{"href":"https:\/\/www.sugarfactory.hr\/en\/wp-json\/wp\/v2\/types\/product"}],"wp:featuredmedia":[{"embeddable":true,"href":"https:\/\/www.sugarfactory.hr\/en\/wp-json\/wp\/v2\/media\/12471"}],"wp:attachment":[{"href":"https:\/\/www.sugarfactory.hr\/en\/wp-json\/wp\/v2\/media?parent=3392"}],"wp:term":[{"taxonomy":"product_brand","embeddable":true,"href":"https:\/\/www.sugarfactory.hr\/en\/wp-json\/wp\/v2\/product_brand?post=3392"},{"taxonomy":"product_cat","embeddable":true,"href":"https:\/\/www.sugarfactory.hr\/en\/wp-json\/wp\/v2\/product_cat?post=3392"},{"taxonomy":"product_tag","embeddable":true,"href":"https:\/\/www.sugarfactory.hr\/en\/wp-json\/wp\/v2\/product_tag?post=3392"}],"curies":[{"name":"wp","href":"https:\/\/api.w.org\/{rel}","templated":true}]}}