{"id":3812,"date":"2021-05-06T14:28:20","date_gmt":"2021-05-06T14:28:20","guid":{"rendered":"https:\/\/www.sugarfactory.hr\/?post_type=product&#038;p=3812"},"modified":"2026-04-20T21:19:42","modified_gmt":"2026-04-20T20:19:42","slug":"cobra-low-nf","status":"publish","type":"product","link":"https:\/\/www.sugarfactory.hr\/en\/product-2\/sprays\/graffiti\/cobra-low-nf\/","title":{"rendered":"Cobra Low NF"},"content":{"rendered":"<p data-start=\"129\" data-end=\"423\">A special line developed for artists looking for <strong data-start=\"232\" data-end=\"268\">maximum precision and control<\/strong>. Thanks to the special <strong data-start=\"292\" data-end=\"317\">soft female valve<\/strong>, the spray allows for an even and fine paint output, ideal for detailed artwork and complex gradients.<\/p>\n<p data-start=\"425\" data-end=\"653\"><strong data-start=\"425\" data-end=\"458\">Formula with 100% acrylic paint<\/strong> brings <strong data-start=\"466\" data-end=\"488\">ultra covering power<\/strong>, 4-season technology and exceptional adhesion to different surfaces. The spray is suitable for indoor and outdoor use, while maintaining the intensity and resistance of the color.<\/p>\n<p data-start=\"655\" data-end=\"814\">Strong <strong data-start=\"662\" data-end=\"674\">pigments<\/strong> ensure long-term <strong data-start=\"698\" data-end=\"745\">resistance to UVA rays and environmental factors<\/strong>, which guarantees that the works will retain their color and freshness over time.<\/p>\n<p data-start=\"816\" data-end=\"1024\"><strong data-start=\"816\" data-end=\"836\">Matte finish<\/strong> provides a professional, glare-free look, while the entire line <strong data-start=\"898\" data-end=\"951\">fully compatible with the Kobra HP color palette<\/strong>, allowing for wide possibilities of combination and artistic expression.<\/p>","protected":false},"excerpt":{"rendered":"<p>Posebna linija razvijena za umjetnike koji tra\u017ee maksimalnu preciznost i kontrolu. Zahvaljuju\u0107i posebnom mekom \u017eenskom ventilu, sprej omogu\u0107uje ravnomjeran i fin izlaz boje, idealan za detaljan umjetni\u010dki rad i slo\u017eene gradijente. Formula s 100% akrilnom bojom donosi ultra pokrivnu mo\u0107, tehnologiju 4 sezone i iznimno prijanjanje na razli\u010dite povr\u0161ine. Sprej je pogodan za unutarnju i [&hellip;]<\/p>","protected":false},"featured_media":12295,"template":"","meta":{"_acf_changed":false},"product_brand":[102],"product_cat":[75,16],"product_tag":[],"class_list":{"0":"post-3812","1":"product","2":"type-product","3":"status-publish","4":"has-post-thumbnail","6":"product_brand-kobra","7":"product_cat-graffiti","8":"product_cat-sprejevi","10":"first","11":"outofstock","12":"shipping-taxable","13":"purchasable","14":"product-type-variable"},"acf":[],"yoast_head":"<!-- This site is optimized with the Yoast SEO plugin v26.3 - https:\/\/yoast.com\/wordpress\/plugins\/seo\/ -->\n<title>Kobra Low NF - Sugar Factory<\/title>\n<meta name=\"robots\" content=\"index, follow, max-snippet:-1, max-image-preview:large, max-video-preview:-1\" \/>\n<link rel=\"canonical\" href=\"https:\/\/www.sugarfactory.hr\/en\/product-2\/sprays\/graffiti\/cobra-low-nf\/\" \/>\n<meta property=\"og:locale\" content=\"en_US\" \/>\n<meta property=\"og:type\" content=\"article\" \/>\n<meta property=\"og:title\" content=\"Kobra Low NF - Sugar Factory\" \/>\n<meta property=\"og:description\" content=\"Posebna linija razvijena za umjetnike koji tra\u017ee maksimalnu preciznost i kontrolu. Zahvaljuju\u0107i posebnom mekom \u017eenskom ventilu, sprej omogu\u0107uje ravnomjeran i fin izlaz boje, idealan za detaljan umjetni\u010dki rad i slo\u017eene gradijente. Formula s 100% akrilnom bojom donosi ultra pokrivnu mo\u0107, tehnologiju 4 sezone i iznimno prijanjanje na razli\u010dite povr\u0161ine. Sprej je pogodan za unutarnju i [&hellip;]\" \/>\n<meta property=\"og:url\" content=\"https:\/\/www.sugarfactory.hr\/en\/product-2\/sprays\/graffiti\/cobra-low-nf\/\" \/>\n<meta property=\"og:site_name\" content=\"Sugar Factory\" \/>\n<meta property=\"article:modified_time\" content=\"2026-04-20T20:19:42+00:00\" \/>\n<meta property=\"og:image\" content=\"https:\/\/www.sugarfactory.hr\/wp-content\/uploads\/2021\/05\/Kobra-LOW-new-formula-1.webp\" \/>\n\t<meta property=\"og:image:width\" content=\"896\" \/>\n\t<meta property=\"og:image:height\" content=\"1120\" \/>\n\t<meta property=\"og:image:type\" content=\"image\/webp\" \/>\n<meta name=\"twitter:card\" content=\"summary_large_image\" \/>\n<meta name=\"twitter:label1\" content=\"Est. reading time\" \/>\n\t<meta name=\"twitter:data1\" content=\"1 minute\" \/>\n<script type=\"application\/ld+json\" class=\"yoast-schema-graph\">{\"@context\":\"https:\/\/schema.org\",\"@graph\":[{\"@type\":\"WebPage\",\"@id\":\"https:\/\/www.sugarfactory.hr\/proizvod\/sprejevi\/graffiti\/kobra-low-nf\/\",\"url\":\"https:\/\/www.sugarfactory.hr\/proizvod\/sprejevi\/graffiti\/kobra-low-nf\/\",\"name\":\"Kobra Low NF - Sugar Factory\",\"isPartOf\":{\"@id\":\"https:\/\/www.sugarfactory.hr\/#website\"},\"primaryImageOfPage\":{\"@id\":\"https:\/\/www.sugarfactory.hr\/proizvod\/sprejevi\/graffiti\/kobra-low-nf\/#primaryimage\"},\"image\":{\"@id\":\"https:\/\/www.sugarfactory.hr\/proizvod\/sprejevi\/graffiti\/kobra-low-nf\/#primaryimage\"},\"thumbnailUrl\":\"https:\/\/www.sugarfactory.hr\/wp-content\/uploads\/2021\/05\/Kobra-LOW-new-formula-1.webp\",\"datePublished\":\"2021-05-06T14:28:20+00:00\",\"dateModified\":\"2026-04-20T20:19:42+00:00\",\"breadcrumb\":{\"@id\":\"https:\/\/www.sugarfactory.hr\/proizvod\/sprejevi\/graffiti\/kobra-low-nf\/#breadcrumb\"},\"inLanguage\":\"en-US\",\"potentialAction\":[{\"@type\":\"ReadAction\",\"target\":[\"https:\/\/www.sugarfactory.hr\/proizvod\/sprejevi\/graffiti\/kobra-low-nf\/\"]}]},{\"@type\":\"ImageObject\",\"inLanguage\":\"en-US\",\"@id\":\"https:\/\/www.sugarfactory.hr\/proizvod\/sprejevi\/graffiti\/kobra-low-nf\/#primaryimage\",\"url\":\"https:\/\/www.sugarfactory.hr\/wp-content\/uploads\/2021\/05\/Kobra-LOW-new-formula-1.webp\",\"contentUrl\":\"https:\/\/www.sugarfactory.hr\/wp-content\/uploads\/2021\/05\/Kobra-LOW-new-formula-1.webp\",\"width\":896,\"height\":1120},{\"@type\":\"BreadcrumbList\",\"@id\":\"https:\/\/www.sugarfactory.hr\/proizvod\/sprejevi\/graffiti\/kobra-low-nf\/#breadcrumb\",\"itemListElement\":[{\"@type\":\"ListItem\",\"position\":1,\"name\":\"Po\u010detna stranica\",\"item\":\"https:\/\/www.sugarfactory.hr\/\"},{\"@type\":\"ListItem\",\"position\":2,\"name\":\"Proizvodi\",\"item\":\"https:\/\/www.sugarfactory.hr\/shop\/\"},{\"@type\":\"ListItem\",\"position\":3,\"name\":\"Kobra Low NF\"}]},{\"@type\":\"WebSite\",\"@id\":\"https:\/\/www.sugarfactory.hr\/#website\",\"url\":\"https:\/\/www.sugarfactory.hr\/\",\"name\":\"Sugar Factory\",\"description\":\"Create your sweetest pieces!\",\"potentialAction\":[{\"@type\":\"SearchAction\",\"target\":{\"@type\":\"EntryPoint\",\"urlTemplate\":\"https:\/\/www.sugarfactory.hr\/?s={search_term_string}\"},\"query-input\":{\"@type\":\"PropertyValueSpecification\",\"valueRequired\":true,\"valueName\":\"search_term_string\"}}],\"inLanguage\":\"en-US\"}]}<\/script>\n<!-- \/ Yoast SEO plugin. -->","yoast_head_json":{"title":"Kobra Low NF - Sugar Factory","robots":{"index":"index","follow":"follow","max-snippet":"max-snippet:-1","max-image-preview":"max-image-preview:large","max-video-preview":"max-video-preview:-1"},"canonical":"https:\/\/www.sugarfactory.hr\/en\/product-2\/sprays\/graffiti\/cobra-low-nf\/","og_locale":"en_US","og_type":"article","og_title":"Kobra Low NF - Sugar Factory","og_description":"Posebna linija razvijena za umjetnike koji tra\u017ee maksimalnu preciznost i kontrolu. Zahvaljuju\u0107i posebnom mekom \u017eenskom ventilu, sprej omogu\u0107uje ravnomjeran i fin izlaz boje, idealan za detaljan umjetni\u010dki rad i slo\u017eene gradijente. Formula s 100% akrilnom bojom donosi ultra pokrivnu mo\u0107, tehnologiju 4 sezone i iznimno prijanjanje na razli\u010dite povr\u0161ine. Sprej je pogodan za unutarnju i [&hellip;]","og_url":"https:\/\/www.sugarfactory.hr\/en\/product-2\/sprays\/graffiti\/cobra-low-nf\/","og_site_name":"Sugar Factory","article_modified_time":"2026-04-20T20:19:42+00:00","og_image":[{"width":896,"height":1120,"url":"https:\/\/www.sugarfactory.hr\/wp-content\/uploads\/2021\/05\/Kobra-LOW-new-formula-1.webp","type":"image\/webp"}],"twitter_card":"summary_large_image","twitter_misc":{"Est. reading time":"1 minute"},"schema":{"@context":"https:\/\/schema.org","@graph":[{"@type":"WebPage","@id":"https:\/\/www.sugarfactory.hr\/proizvod\/sprejevi\/graffiti\/kobra-low-nf\/","url":"https:\/\/www.sugarfactory.hr\/proizvod\/sprejevi\/graffiti\/kobra-low-nf\/","name":"Kobra Low NF - Sugar Factory","isPartOf":{"@id":"https:\/\/www.sugarfactory.hr\/#website"},"primaryImageOfPage":{"@id":"https:\/\/www.sugarfactory.hr\/proizvod\/sprejevi\/graffiti\/kobra-low-nf\/#primaryimage"},"image":{"@id":"https:\/\/www.sugarfactory.hr\/proizvod\/sprejevi\/graffiti\/kobra-low-nf\/#primaryimage"},"thumbnailUrl":"https:\/\/www.sugarfactory.hr\/wp-content\/uploads\/2021\/05\/Kobra-LOW-new-formula-1.webp","datePublished":"2021-05-06T14:28:20+00:00","dateModified":"2026-04-20T20:19:42+00:00","breadcrumb":{"@id":"https:\/\/www.sugarfactory.hr\/proizvod\/sprejevi\/graffiti\/kobra-low-nf\/#breadcrumb"},"inLanguage":"en-US","potentialAction":[{"@type":"ReadAction","target":["https:\/\/www.sugarfactory.hr\/proizvod\/sprejevi\/graffiti\/kobra-low-nf\/"]}]},{"@type":"ImageObject","inLanguage":"en-US","@id":"https:\/\/www.sugarfactory.hr\/proizvod\/sprejevi\/graffiti\/kobra-low-nf\/#primaryimage","url":"https:\/\/www.sugarfactory.hr\/wp-content\/uploads\/2021\/05\/Kobra-LOW-new-formula-1.webp","contentUrl":"https:\/\/www.sugarfactory.hr\/wp-content\/uploads\/2021\/05\/Kobra-LOW-new-formula-1.webp","width":896,"height":1120},{"@type":"BreadcrumbList","@id":"https:\/\/www.sugarfactory.hr\/proizvod\/sprejevi\/graffiti\/kobra-low-nf\/#breadcrumb","itemListElement":[{"@type":"ListItem","position":1,"name":"Po\u010detna stranica","item":"https:\/\/www.sugarfactory.hr\/"},{"@type":"ListItem","position":2,"name":"Proizvodi","item":"https:\/\/www.sugarfactory.hr\/shop\/"},{"@type":"ListItem","position":3,"name":"Kobra Low NF"}]},{"@type":"WebSite","@id":"https:\/\/www.sugarfactory.hr\/#website","url":"https:\/\/www.sugarfactory.hr\/","name":"Sugar Factory","description":"Create your sweetest pieces!","potentialAction":[{"@type":"SearchAction","target":{"@type":"EntryPoint","urlTemplate":"https:\/\/www.sugarfactory.hr\/?s={search_term_string}"},"query-input":{"@type":"PropertyValueSpecification","valueRequired":true,"valueName":"search_term_string"}}],"inLanguage":"en-US"}]}},"_links":{"self":[{"href":"https:\/\/www.sugarfactory.hr\/en\/wp-json\/wp\/v2\/product\/3812","targetHints":{"allow":["GET"]}}],"collection":[{"href":"https:\/\/www.sugarfactory.hr\/en\/wp-json\/wp\/v2\/product"}],"about":[{"href":"https:\/\/www.sugarfactory.hr\/en\/wp-json\/wp\/v2\/types\/product"}],"wp:featuredmedia":[{"embeddable":true,"href":"https:\/\/www.sugarfactory.hr\/en\/wp-json\/wp\/v2\/media\/12295"}],"wp:attachment":[{"href":"https:\/\/www.sugarfactory.hr\/en\/wp-json\/wp\/v2\/media?parent=3812"}],"wp:term":[{"taxonomy":"product_brand","embeddable":true,"href":"https:\/\/www.sugarfactory.hr\/en\/wp-json\/wp\/v2\/product_brand?post=3812"},{"taxonomy":"product_cat","embeddable":true,"href":"https:\/\/www.sugarfactory.hr\/en\/wp-json\/wp\/v2\/product_cat?post=3812"},{"taxonomy":"product_tag","embeddable":true,"href":"https:\/\/www.sugarfactory.hr\/en\/wp-json\/wp\/v2\/product_tag?post=3812"}],"curies":[{"name":"wp","href":"https:\/\/api.w.org\/{rel}","templated":true}]}}