{"id":3898,"date":"2022-09-06T12:27:53","date_gmt":"2022-09-06T12:27:53","guid":{"rendered":"https:\/\/www.sugarfactory.hr\/?post_type=product&#038;p=3898"},"modified":"2026-04-09T08:34:06","modified_gmt":"2026-04-09T07:34:06","slug":"wall-paint-the-wall-5-l","status":"publish","type":"product","link":"https:\/\/www.sugarfactory.hr\/en\/product-2\/boje-za-zid\/wall-paint-the-wall-5-l\/","title":{"rendered":"The Wall 5 L"},"content":{"rendered":"<p data-start=\"71\" data-end=\"210\"><strong data-start=\"97\" data-end=\"114\">Dope The Wall<\/strong> is <strong data-start=\"118\" data-end=\"161\">vrlo neprozirna akrilna emulzijska boja<\/strong> razvijena za maksimalnu pokrivnost i trajnost.<\/p>\n<p data-start=\"212\" data-end=\"396\">Boja osigurava <strong data-start=\"227\" data-end=\"252\">odli\u010dnu prekrivnu mo\u0107<\/strong> s prosje\u010dnom potro\u0161njom od <strong data-start=\"280\" data-end=\"302\">oko 12 m\u00b2 po litri<\/strong>, \u0161to je \u010dini idealnim rje\u0161enjem za <strong data-start=\"338\" data-end=\"376\">unutarnje i vanjske zidne povr\u0161ine<\/strong> te ve\u0107e projekte.<\/p>\n<ul data-start=\"398\" data-end=\"531\">\n<li data-start=\"398\" data-end=\"420\">\n<p data-start=\"400\" data-end=\"420\"><strong data-start=\"400\" data-end=\"414\">Packaging:<\/strong> 5 L<\/p>\n<\/li>\n<li data-start=\"421\" data-end=\"459\">\n<p data-start=\"423\" data-end=\"459\"><strong data-start=\"423\" data-end=\"433\">Vrsta:<\/strong> akrilna emulzijska boja<\/p>\n<\/li>\n<li data-start=\"460\" data-end=\"493\">\n<p data-start=\"462\" data-end=\"493\"><strong data-start=\"462\" data-end=\"477\">Pokrivnost:<\/strong> cca 12 m\u00b2 \/ L<\/p>\n<\/li>\n<li data-start=\"494\" data-end=\"531\">\n<p data-start=\"496\" data-end=\"531\"><strong data-start=\"496\" data-end=\"509\">Application:<\/strong> unutarnja i vanjska<\/p>\n<\/li>\n<\/ul>\n<p data-start=\"533\" data-end=\"678\"><strong data-start=\"533\" data-end=\"554\">Dope The Wall 5 L<\/strong> savr\u0161ena je za <strong data-start=\"570\" data-end=\"621\">murale, zidne projekte i profesionalnu upotrebu<\/strong>, pru\u017eaju\u0107i pouzdanu pokrivnost i intenzivne rezultate.<\/p>","protected":false},"excerpt":{"rendered":"<p>Dope The Wall je vrlo neprozirna akrilna emulzijska boja razvijena za maksimalnu pokrivnost i trajnost. Boja osigurava odli\u010dnu prekrivnu mo\u0107 s prosje\u010dnom potro\u0161njom od oko 12 m\u00b2 po litri, \u0161to je \u010dini idealnim rje\u0161enjem za unutarnje i vanjske zidne povr\u0161ine te ve\u0107e projekte. Pakiranje: 5 L Vrsta: akrilna emulzijska boja Pokrivnost: cca 12 m\u00b2 \/ [&hellip;]<\/p>","protected":false},"featured_media":12502,"template":"","meta":{"_acf_changed":false},"product_brand":[106],"product_cat":[20],"product_tag":[],"class_list":{"0":"post-3898","1":"product","2":"type-product","3":"status-publish","4":"has-post-thumbnail","6":"product_brand-dope","7":"product_cat-boje-za-zid","9":"first","10":"outofstock","11":"shipping-taxable","12":"purchasable","13":"product-type-variable"},"acf":[],"yoast_head":"<!-- This site is optimized with the Yoast SEO plugin v26.3 - https:\/\/yoast.com\/wordpress\/plugins\/seo\/ -->\n<title>The Wall 5 L - Sugar Factory<\/title>\n<meta name=\"robots\" content=\"index, follow, max-snippet:-1, max-image-preview:large, max-video-preview:-1\" \/>\n<link rel=\"canonical\" href=\"https:\/\/www.sugarfactory.hr\/en\/product-2\/boje-za-zid\/wall-paint-the-wall-5-l\/\" \/>\n<meta property=\"og:locale\" content=\"en_US\" \/>\n<meta property=\"og:type\" content=\"article\" \/>\n<meta property=\"og:title\" content=\"The Wall 5 L - Sugar Factory\" \/>\n<meta property=\"og:description\" content=\"Dope The Wall je vrlo neprozirna akrilna emulzijska boja razvijena za maksimalnu pokrivnost i trajnost. Boja osigurava odli\u010dnu prekrivnu mo\u0107 s prosje\u010dnom potro\u0161njom od oko 12 m\u00b2 po litri, \u0161to je \u010dini idealnim rje\u0161enjem za unutarnje i vanjske zidne povr\u0161ine te ve\u0107e projekte. Pakiranje: 5 L Vrsta: akrilna emulzijska boja Pokrivnost: cca 12 m\u00b2 \/ [&hellip;]\" \/>\n<meta property=\"og:url\" content=\"https:\/\/www.sugarfactory.hr\/en\/product-2\/boje-za-zid\/wall-paint-the-wall-5-l\/\" \/>\n<meta property=\"og:site_name\" content=\"Sugar Factory\" \/>\n<meta property=\"article:modified_time\" content=\"2026-04-09T07:34:06+00:00\" \/>\n<meta property=\"og:image\" content=\"https:\/\/www.sugarfactory.hr\/wp-content\/uploads\/2022\/09\/dope-wall-5l.webp\" \/>\n\t<meta property=\"og:image:width\" content=\"896\" \/>\n\t<meta property=\"og:image:height\" content=\"1120\" \/>\n\t<meta property=\"og:image:type\" content=\"image\/webp\" \/>\n<meta name=\"twitter:card\" content=\"summary_large_image\" \/>\n<meta name=\"twitter:label1\" content=\"Est. reading time\" \/>\n\t<meta name=\"twitter:data1\" content=\"1 minute\" \/>\n<script type=\"application\/ld+json\" class=\"yoast-schema-graph\">{\"@context\":\"https:\/\/schema.org\",\"@graph\":[{\"@type\":\"WebPage\",\"@id\":\"https:\/\/www.sugarfactory.hr\/proizvod\/boje-za-zid\/boja-za-zid-the-wall-5-l\/\",\"url\":\"https:\/\/www.sugarfactory.hr\/proizvod\/boje-za-zid\/boja-za-zid-the-wall-5-l\/\",\"name\":\"The Wall 5 L - Sugar Factory\",\"isPartOf\":{\"@id\":\"https:\/\/www.sugarfactory.hr\/#website\"},\"primaryImageOfPage\":{\"@id\":\"https:\/\/www.sugarfactory.hr\/proizvod\/boje-za-zid\/boja-za-zid-the-wall-5-l\/#primaryimage\"},\"image\":{\"@id\":\"https:\/\/www.sugarfactory.hr\/proizvod\/boje-za-zid\/boja-za-zid-the-wall-5-l\/#primaryimage\"},\"thumbnailUrl\":\"https:\/\/www.sugarfactory.hr\/wp-content\/uploads\/2022\/09\/dope-wall-5l.webp\",\"datePublished\":\"2022-09-06T12:27:53+00:00\",\"dateModified\":\"2026-04-09T07:34:06+00:00\",\"breadcrumb\":{\"@id\":\"https:\/\/www.sugarfactory.hr\/proizvod\/boje-za-zid\/boja-za-zid-the-wall-5-l\/#breadcrumb\"},\"inLanguage\":\"en-US\",\"potentialAction\":[{\"@type\":\"ReadAction\",\"target\":[\"https:\/\/www.sugarfactory.hr\/proizvod\/boje-za-zid\/boja-za-zid-the-wall-5-l\/\"]}]},{\"@type\":\"ImageObject\",\"inLanguage\":\"en-US\",\"@id\":\"https:\/\/www.sugarfactory.hr\/proizvod\/boje-za-zid\/boja-za-zid-the-wall-5-l\/#primaryimage\",\"url\":\"https:\/\/www.sugarfactory.hr\/wp-content\/uploads\/2022\/09\/dope-wall-5l.webp\",\"contentUrl\":\"https:\/\/www.sugarfactory.hr\/wp-content\/uploads\/2022\/09\/dope-wall-5l.webp\",\"width\":896,\"height\":1120},{\"@type\":\"BreadcrumbList\",\"@id\":\"https:\/\/www.sugarfactory.hr\/proizvod\/boje-za-zid\/boja-za-zid-the-wall-5-l\/#breadcrumb\",\"itemListElement\":[{\"@type\":\"ListItem\",\"position\":1,\"name\":\"Po\u010detna stranica\",\"item\":\"https:\/\/www.sugarfactory.hr\/\"},{\"@type\":\"ListItem\",\"position\":2,\"name\":\"Proizvodi\",\"item\":\"https:\/\/www.sugarfactory.hr\/shop\/\"},{\"@type\":\"ListItem\",\"position\":3,\"name\":\"The Wall 5 L\"}]},{\"@type\":\"WebSite\",\"@id\":\"https:\/\/www.sugarfactory.hr\/#website\",\"url\":\"https:\/\/www.sugarfactory.hr\/\",\"name\":\"Sugar Factory\",\"description\":\"Create your sweetest pieces!\",\"potentialAction\":[{\"@type\":\"SearchAction\",\"target\":{\"@type\":\"EntryPoint\",\"urlTemplate\":\"https:\/\/www.sugarfactory.hr\/?s={search_term_string}\"},\"query-input\":{\"@type\":\"PropertyValueSpecification\",\"valueRequired\":true,\"valueName\":\"search_term_string\"}}],\"inLanguage\":\"en-US\"}]}<\/script>\n<!-- \/ Yoast SEO plugin. -->","yoast_head_json":{"title":"The Wall 5 L - Sugar Factory","robots":{"index":"index","follow":"follow","max-snippet":"max-snippet:-1","max-image-preview":"max-image-preview:large","max-video-preview":"max-video-preview:-1"},"canonical":"https:\/\/www.sugarfactory.hr\/en\/product-2\/boje-za-zid\/wall-paint-the-wall-5-l\/","og_locale":"en_US","og_type":"article","og_title":"The Wall 5 L - Sugar Factory","og_description":"Dope The Wall je vrlo neprozirna akrilna emulzijska boja razvijena za maksimalnu pokrivnost i trajnost. Boja osigurava odli\u010dnu prekrivnu mo\u0107 s prosje\u010dnom potro\u0161njom od oko 12 m\u00b2 po litri, \u0161to je \u010dini idealnim rje\u0161enjem za unutarnje i vanjske zidne povr\u0161ine te ve\u0107e projekte. Pakiranje: 5 L Vrsta: akrilna emulzijska boja Pokrivnost: cca 12 m\u00b2 \/ [&hellip;]","og_url":"https:\/\/www.sugarfactory.hr\/en\/product-2\/boje-za-zid\/wall-paint-the-wall-5-l\/","og_site_name":"Sugar Factory","article_modified_time":"2026-04-09T07:34:06+00:00","og_image":[{"width":896,"height":1120,"url":"https:\/\/www.sugarfactory.hr\/wp-content\/uploads\/2022\/09\/dope-wall-5l.webp","type":"image\/webp"}],"twitter_card":"summary_large_image","twitter_misc":{"Est. reading time":"1 minute"},"schema":{"@context":"https:\/\/schema.org","@graph":[{"@type":"WebPage","@id":"https:\/\/www.sugarfactory.hr\/proizvod\/boje-za-zid\/boja-za-zid-the-wall-5-l\/","url":"https:\/\/www.sugarfactory.hr\/proizvod\/boje-za-zid\/boja-za-zid-the-wall-5-l\/","name":"The Wall 5 L - Sugar Factory","isPartOf":{"@id":"https:\/\/www.sugarfactory.hr\/#website"},"primaryImageOfPage":{"@id":"https:\/\/www.sugarfactory.hr\/proizvod\/boje-za-zid\/boja-za-zid-the-wall-5-l\/#primaryimage"},"image":{"@id":"https:\/\/www.sugarfactory.hr\/proizvod\/boje-za-zid\/boja-za-zid-the-wall-5-l\/#primaryimage"},"thumbnailUrl":"https:\/\/www.sugarfactory.hr\/wp-content\/uploads\/2022\/09\/dope-wall-5l.webp","datePublished":"2022-09-06T12:27:53+00:00","dateModified":"2026-04-09T07:34:06+00:00","breadcrumb":{"@id":"https:\/\/www.sugarfactory.hr\/proizvod\/boje-za-zid\/boja-za-zid-the-wall-5-l\/#breadcrumb"},"inLanguage":"en-US","potentialAction":[{"@type":"ReadAction","target":["https:\/\/www.sugarfactory.hr\/proizvod\/boje-za-zid\/boja-za-zid-the-wall-5-l\/"]}]},{"@type":"ImageObject","inLanguage":"en-US","@id":"https:\/\/www.sugarfactory.hr\/proizvod\/boje-za-zid\/boja-za-zid-the-wall-5-l\/#primaryimage","url":"https:\/\/www.sugarfactory.hr\/wp-content\/uploads\/2022\/09\/dope-wall-5l.webp","contentUrl":"https:\/\/www.sugarfactory.hr\/wp-content\/uploads\/2022\/09\/dope-wall-5l.webp","width":896,"height":1120},{"@type":"BreadcrumbList","@id":"https:\/\/www.sugarfactory.hr\/proizvod\/boje-za-zid\/boja-za-zid-the-wall-5-l\/#breadcrumb","itemListElement":[{"@type":"ListItem","position":1,"name":"Po\u010detna stranica","item":"https:\/\/www.sugarfactory.hr\/"},{"@type":"ListItem","position":2,"name":"Proizvodi","item":"https:\/\/www.sugarfactory.hr\/shop\/"},{"@type":"ListItem","position":3,"name":"The Wall 5 L"}]},{"@type":"WebSite","@id":"https:\/\/www.sugarfactory.hr\/#website","url":"https:\/\/www.sugarfactory.hr\/","name":"Sugar Factory","description":"Create your sweetest pieces!","potentialAction":[{"@type":"SearchAction","target":{"@type":"EntryPoint","urlTemplate":"https:\/\/www.sugarfactory.hr\/?s={search_term_string}"},"query-input":{"@type":"PropertyValueSpecification","valueRequired":true,"valueName":"search_term_string"}}],"inLanguage":"en-US"}]}},"_links":{"self":[{"href":"https:\/\/www.sugarfactory.hr\/en\/wp-json\/wp\/v2\/product\/3898","targetHints":{"allow":["GET"]}}],"collection":[{"href":"https:\/\/www.sugarfactory.hr\/en\/wp-json\/wp\/v2\/product"}],"about":[{"href":"https:\/\/www.sugarfactory.hr\/en\/wp-json\/wp\/v2\/types\/product"}],"wp:featuredmedia":[{"embeddable":true,"href":"https:\/\/www.sugarfactory.hr\/en\/wp-json\/wp\/v2\/media\/12502"}],"wp:attachment":[{"href":"https:\/\/www.sugarfactory.hr\/en\/wp-json\/wp\/v2\/media?parent=3898"}],"wp:term":[{"taxonomy":"product_brand","embeddable":true,"href":"https:\/\/www.sugarfactory.hr\/en\/wp-json\/wp\/v2\/product_brand?post=3898"},{"taxonomy":"product_cat","embeddable":true,"href":"https:\/\/www.sugarfactory.hr\/en\/wp-json\/wp\/v2\/product_cat?post=3898"},{"taxonomy":"product_tag","embeddable":true,"href":"https:\/\/www.sugarfactory.hr\/en\/wp-json\/wp\/v2\/product_tag?post=3898"}],"curies":[{"name":"wp","href":"https:\/\/api.w.org\/{rel}","templated":true}]}}