{"id":4546,"date":"2022-11-29T15:47:34","date_gmt":"2022-11-29T15:47:34","guid":{"rendered":"https:\/\/www.sugarfactory.hr\/?post_type=product&#038;p=4546"},"modified":"2026-04-17T12:53:12","modified_gmt":"2026-04-17T11:53:12","slug":"boldrini-scraper","status":"publish","type":"product","link":"https:\/\/www.sugarfactory.hr\/en\/product-2\/accessories\/boldrini-scraper\/","title":{"rendered":"Boldrini Scraper"},"content":{"rendered":"<article class=\"text-token-text-primary w-full focus:outline-none [--shadow-height:45px] has-data-writing-block:pointer-events-none has-data-writing-block:-mt-(--shadow-height) has-data-writing-block:pt-(--shadow-height) [&amp;:has([data-writing-block])&gt;*]:pointer-events-auto [content-visibility:auto] supports-[content-visibility:auto]:[contain-intrinsic-size:auto_100lvh] scroll-mt-[calc(var(--header-height)+min(200px,max(70px,20svh)))]\" dir=\"auto\" tabindex=\"-1\" data-turn-id=\"request-WEB:fcc37ec8-f62f-40fd-b0a2-de858cceeaad-9\" data-testid=\"conversation-turn-18\" data-scroll-anchor=\"true\" data-turn=\"assistant\">\n<div class=\"text-base my-auto mx-auto pb-10 [--thread-content-margin:--spacing(4)] thread-sm:[--thread-content-margin:--spacing(6)] thread-lg:[--thread-content-margin:--spacing(16)] px-(--thread-content-margin)\">\n<div class=\"[--thread-content-max-width:40rem] thread-lg:[--thread-content-max-width:48rem] mx-auto max-w-(--thread-content-max-width) flex-1 group\/turn-messages focus-visible:outline-hidden relative flex w-full min-w-0 flex-col agent-turn\" tabindex=\"-1\">\n<div class=\"flex max-w-full flex-col grow\">\n<div class=\"min-h-8 text-message relative flex w-full flex-col items-end gap-2 text-start break-words whitespace-normal [.text-message+&amp;]:mt-1\" dir=\"auto\" data-message-author-role=\"assistant\" data-message-id=\"89bd956a-777e-485b-ba86-db33efb05d84\" data-message-model-slug=\"gpt-5\">\n<div class=\"flex w-full flex-col gap-1 empty:hidden first:pt-[1px]\">\n<div class=\"markdown prose dark:prose-invert w-full break-words light markdown-new-styling\">\n<p data-start=\"0\" data-end=\"176\"><strong data-start=\"0\" data-end=\"20\">Boldrini struga\u010d<\/strong> is <strong data-start=\"24\" data-end=\"61\" data-is-only-node=\"\">metalni alat visoke izdr\u017eljivosti<\/strong> namijenjen za <strong data-start=\"76\" data-end=\"97\">teleskopske dr\u0161ke<\/strong>, ideal for <strong data-start=\"110\" data-end=\"151\">\u010di\u0161\u0107enje, skidanje boje ili ne\u010disto\u0107a<\/strong> s razli\u010ditih povr\u0161ina.<\/p>\n<p data-start=\"178\" data-end=\"563\" data-is-last-node=\"\" data-is-only-node=\"\">Izra\u0111en od <strong data-start=\"189\" data-end=\"211\">kvalitetnog metala<\/strong>, osigurava <strong data-start=\"223\" data-end=\"252\">dugotrajnost i preciznost<\/strong> u radu, dok <strong data-start=\"265\" data-end=\"288\">\u010dvrsta konstrukcija<\/strong> omogu\u0107uje stabilnost i sigurnost pri upotrebi na visini.<br data-start=\"345\" data-end=\"348\" \/>Thanks <strong data-start=\"361\" data-end=\"403\">kompatibilnosti s teleskopskim dr\u0161kama<\/strong>, pru\u017ea <strong data-start=\"411\" data-end=\"439\">dodatni doseg i kontrolu<\/strong>, \u0161to ga \u010dini savr\u0161enim izborom za <strong data-start=\"474\" data-end=\"513\">umjetnike, restauratore i tehni\u010dare<\/strong> who are looking for <strong data-start=\"525\" data-end=\"562\">pouzdan alat profesionalne razine<\/strong>.<\/p>\n<\/div>\n<\/div>\n<\/div>\n<\/div>\n<div class=\"z-0 flex min-h-[46px] justify-start\"><\/div>\n<div class=\"mt-3 w-full empty:hidden\">\n<div class=\"text-center\"><\/div>\n<\/div>\n<\/div>\n<\/div>\n<\/article>\n<div class=\"pointer-events-none h-px w-px\" aria-hidden=\"true\" data-edge=\"true\"><\/div>","protected":false},"excerpt":{"rendered":"<p>Boldrini struga\u010d je metalni alat visoke izdr\u017eljivosti namijenjen za teleskopske dr\u0161ke, idealan za \u010di\u0161\u0107enje, skidanje boje ili ne\u010disto\u0107a s razli\u010ditih povr\u0161ina. Izra\u0111en od kvalitetnog metala, osigurava dugotrajnost i preciznost u radu, dok \u010dvrsta konstrukcija omogu\u0107uje stabilnost i sigurnost pri upotrebi na visini.Zahvaljuju\u0107i kompatibilnosti s teleskopskim dr\u0161kama, pru\u017ea dodatni doseg i kontrolu, \u0161to ga \u010dini savr\u0161enim [&hellip;]<\/p>","protected":false},"featured_media":12548,"template":"","meta":{"_acf_changed":false},"product_brand":[125],"product_cat":[21,86],"product_tag":[],"class_list":{"0":"post-4546","1":"product","2":"type-product","3":"status-publish","4":"has-post-thumbnail","6":"product_brand-boldrini","7":"product_cat-accessories","8":"product_cat-alati-za-bojanje-i-struganje","10":"first","11":"outofstock","12":"shipping-taxable","13":"purchasable","14":"product-type-variable"},"acf":[],"yoast_head":"<!-- This site is optimized with the Yoast SEO plugin v26.3 - https:\/\/yoast.com\/wordpress\/plugins\/seo\/ -->\n<title>Boldrini Struga\u010d - Sugar Factory<\/title>\n<meta name=\"robots\" content=\"index, follow, max-snippet:-1, max-image-preview:large, max-video-preview:-1\" \/>\n<link rel=\"canonical\" href=\"https:\/\/www.sugarfactory.hr\/en\/product-2\/accessories\/boldrini-scraper\/\" \/>\n<meta property=\"og:locale\" content=\"en_US\" \/>\n<meta property=\"og:type\" content=\"article\" \/>\n<meta property=\"og:title\" content=\"Boldrini Struga\u010d - Sugar Factory\" \/>\n<meta property=\"og:description\" content=\"Boldrini struga\u010d je metalni alat visoke izdr\u017eljivosti namijenjen za teleskopske dr\u0161ke, idealan za \u010di\u0161\u0107enje, skidanje boje ili ne\u010disto\u0107a s razli\u010ditih povr\u0161ina. Izra\u0111en od kvalitetnog metala, osigurava dugotrajnost i preciznost u radu, dok \u010dvrsta konstrukcija omogu\u0107uje stabilnost i sigurnost pri upotrebi na visini.Zahvaljuju\u0107i kompatibilnosti s teleskopskim dr\u0161kama, pru\u017ea dodatni doseg i kontrolu, \u0161to ga \u010dini savr\u0161enim [&hellip;]\" \/>\n<meta property=\"og:url\" content=\"https:\/\/www.sugarfactory.hr\/en\/product-2\/accessories\/boldrini-scraper\/\" \/>\n<meta property=\"og:site_name\" content=\"Sugar Factory\" \/>\n<meta property=\"article:modified_time\" content=\"2026-04-17T11:53:12+00:00\" \/>\n<meta property=\"og:image\" content=\"https:\/\/www.sugarfactory.hr\/wp-content\/uploads\/2022\/11\/c70c8d15748847a68a275b3f355a5675.webp\" \/>\n\t<meta property=\"og:image:width\" content=\"896\" \/>\n\t<meta property=\"og:image:height\" content=\"1120\" \/>\n\t<meta property=\"og:image:type\" content=\"image\/webp\" \/>\n<meta name=\"twitter:card\" content=\"summary_large_image\" \/>\n<script type=\"application\/ld+json\" class=\"yoast-schema-graph\">{\"@context\":\"https:\/\/schema.org\",\"@graph\":[{\"@type\":\"WebPage\",\"@id\":\"https:\/\/www.sugarfactory.hr\/proizvod\/accessories\/boldrini-strugac-10-cm\/\",\"url\":\"https:\/\/www.sugarfactory.hr\/proizvod\/accessories\/boldrini-strugac-10-cm\/\",\"name\":\"Boldrini Struga\u010d - Sugar Factory\",\"isPartOf\":{\"@id\":\"https:\/\/www.sugarfactory.hr\/#website\"},\"primaryImageOfPage\":{\"@id\":\"https:\/\/www.sugarfactory.hr\/proizvod\/accessories\/boldrini-strugac-10-cm\/#primaryimage\"},\"image\":{\"@id\":\"https:\/\/www.sugarfactory.hr\/proizvod\/accessories\/boldrini-strugac-10-cm\/#primaryimage\"},\"thumbnailUrl\":\"https:\/\/www.sugarfactory.hr\/wp-content\/uploads\/2022\/11\/c70c8d15748847a68a275b3f355a5675.webp\",\"datePublished\":\"2022-11-29T15:47:34+00:00\",\"dateModified\":\"2026-04-17T11:53:12+00:00\",\"breadcrumb\":{\"@id\":\"https:\/\/www.sugarfactory.hr\/proizvod\/accessories\/boldrini-strugac-10-cm\/#breadcrumb\"},\"inLanguage\":\"en-US\",\"potentialAction\":[{\"@type\":\"ReadAction\",\"target\":[\"https:\/\/www.sugarfactory.hr\/proizvod\/accessories\/boldrini-strugac-10-cm\/\"]}]},{\"@type\":\"ImageObject\",\"inLanguage\":\"en-US\",\"@id\":\"https:\/\/www.sugarfactory.hr\/proizvod\/accessories\/boldrini-strugac-10-cm\/#primaryimage\",\"url\":\"https:\/\/www.sugarfactory.hr\/wp-content\/uploads\/2022\/11\/c70c8d15748847a68a275b3f355a5675.webp\",\"contentUrl\":\"https:\/\/www.sugarfactory.hr\/wp-content\/uploads\/2022\/11\/c70c8d15748847a68a275b3f355a5675.webp\",\"width\":896,\"height\":1120},{\"@type\":\"BreadcrumbList\",\"@id\":\"https:\/\/www.sugarfactory.hr\/proizvod\/accessories\/boldrini-strugac-10-cm\/#breadcrumb\",\"itemListElement\":[{\"@type\":\"ListItem\",\"position\":1,\"name\":\"Po\u010detna stranica\",\"item\":\"https:\/\/www.sugarfactory.hr\/\"},{\"@type\":\"ListItem\",\"position\":2,\"name\":\"Proizvodi\",\"item\":\"https:\/\/www.sugarfactory.hr\/shop\/\"},{\"@type\":\"ListItem\",\"position\":3,\"name\":\"Boldrini Struga\u010d\"}]},{\"@type\":\"WebSite\",\"@id\":\"https:\/\/www.sugarfactory.hr\/#website\",\"url\":\"https:\/\/www.sugarfactory.hr\/\",\"name\":\"Sugar Factory\",\"description\":\"Create your sweetest pieces!\",\"potentialAction\":[{\"@type\":\"SearchAction\",\"target\":{\"@type\":\"EntryPoint\",\"urlTemplate\":\"https:\/\/www.sugarfactory.hr\/?s={search_term_string}\"},\"query-input\":{\"@type\":\"PropertyValueSpecification\",\"valueRequired\":true,\"valueName\":\"search_term_string\"}}],\"inLanguage\":\"en-US\"}]}<\/script>\n<!-- \/ Yoast SEO plugin. -->","yoast_head_json":{"title":"Boldrini Scraper - Sugar Factory","robots":{"index":"index","follow":"follow","max-snippet":"max-snippet:-1","max-image-preview":"max-image-preview:large","max-video-preview":"max-video-preview:-1"},"canonical":"https:\/\/www.sugarfactory.hr\/en\/product-2\/accessories\/boldrini-scraper\/","og_locale":"en_US","og_type":"article","og_title":"Boldrini Struga\u010d - Sugar Factory","og_description":"Boldrini struga\u010d je metalni alat visoke izdr\u017eljivosti namijenjen za teleskopske dr\u0161ke, idealan za \u010di\u0161\u0107enje, skidanje boje ili ne\u010disto\u0107a s razli\u010ditih povr\u0161ina. Izra\u0111en od kvalitetnog metala, osigurava dugotrajnost i preciznost u radu, dok \u010dvrsta konstrukcija omogu\u0107uje stabilnost i sigurnost pri upotrebi na visini.Zahvaljuju\u0107i kompatibilnosti s teleskopskim dr\u0161kama, pru\u017ea dodatni doseg i kontrolu, \u0161to ga \u010dini savr\u0161enim [&hellip;]","og_url":"https:\/\/www.sugarfactory.hr\/en\/product-2\/accessories\/boldrini-scraper\/","og_site_name":"Sugar Factory","article_modified_time":"2026-04-17T11:53:12+00:00","og_image":[{"width":896,"height":1120,"url":"https:\/\/www.sugarfactory.hr\/wp-content\/uploads\/2022\/11\/c70c8d15748847a68a275b3f355a5675.webp","type":"image\/webp"}],"twitter_card":"summary_large_image","schema":{"@context":"https:\/\/schema.org","@graph":[{"@type":"WebPage","@id":"https:\/\/www.sugarfactory.hr\/proizvod\/accessories\/boldrini-strugac-10-cm\/","url":"https:\/\/www.sugarfactory.hr\/proizvod\/accessories\/boldrini-strugac-10-cm\/","name":"Boldrini Scraper - Sugar Factory","isPartOf":{"@id":"https:\/\/www.sugarfactory.hr\/#website"},"primaryImageOfPage":{"@id":"https:\/\/www.sugarfactory.hr\/proizvod\/accessories\/boldrini-strugac-10-cm\/#primaryimage"},"image":{"@id":"https:\/\/www.sugarfactory.hr\/proizvod\/accessories\/boldrini-strugac-10-cm\/#primaryimage"},"thumbnailUrl":"https:\/\/www.sugarfactory.hr\/wp-content\/uploads\/2022\/11\/c70c8d15748847a68a275b3f355a5675.webp","datePublished":"2022-11-29T15:47:34+00:00","dateModified":"2026-04-17T11:53:12+00:00","breadcrumb":{"@id":"https:\/\/www.sugarfactory.hr\/proizvod\/accessories\/boldrini-strugac-10-cm\/#breadcrumb"},"inLanguage":"en-US","potentialAction":[{"@type":"ReadAction","target":["https:\/\/www.sugarfactory.hr\/proizvod\/accessories\/boldrini-strugac-10-cm\/"]}]},{"@type":"ImageObject","inLanguage":"en-US","@id":"https:\/\/www.sugarfactory.hr\/proizvod\/accessories\/boldrini-strugac-10-cm\/#primaryimage","url":"https:\/\/www.sugarfactory.hr\/wp-content\/uploads\/2022\/11\/c70c8d15748847a68a275b3f355a5675.webp","contentUrl":"https:\/\/www.sugarfactory.hr\/wp-content\/uploads\/2022\/11\/c70c8d15748847a68a275b3f355a5675.webp","width":896,"height":1120},{"@type":"BreadcrumbList","@id":"https:\/\/www.sugarfactory.hr\/proizvod\/accessories\/boldrini-strugac-10-cm\/#breadcrumb","itemListElement":[{"@type":"ListItem","position":1,"name":"Po\u010detna stranica","item":"https:\/\/www.sugarfactory.hr\/"},{"@type":"ListItem","position":2,"name":"Proizvodi","item":"https:\/\/www.sugarfactory.hr\/shop\/"},{"@type":"ListItem","position":3,"name":"Boldrini Struga\u010d"}]},{"@type":"WebSite","@id":"https:\/\/www.sugarfactory.hr\/#website","url":"https:\/\/www.sugarfactory.hr\/","name":"Sugar Factory","description":"Create your sweetest pieces!","potentialAction":[{"@type":"SearchAction","target":{"@type":"EntryPoint","urlTemplate":"https:\/\/www.sugarfactory.hr\/?s={search_term_string}"},"query-input":{"@type":"PropertyValueSpecification","valueRequired":true,"valueName":"search_term_string"}}],"inLanguage":"en-US"}]}},"_links":{"self":[{"href":"https:\/\/www.sugarfactory.hr\/en\/wp-json\/wp\/v2\/product\/4546","targetHints":{"allow":["GET"]}}],"collection":[{"href":"https:\/\/www.sugarfactory.hr\/en\/wp-json\/wp\/v2\/product"}],"about":[{"href":"https:\/\/www.sugarfactory.hr\/en\/wp-json\/wp\/v2\/types\/product"}],"wp:featuredmedia":[{"embeddable":true,"href":"https:\/\/www.sugarfactory.hr\/en\/wp-json\/wp\/v2\/media\/12548"}],"wp:attachment":[{"href":"https:\/\/www.sugarfactory.hr\/en\/wp-json\/wp\/v2\/media?parent=4546"}],"wp:term":[{"taxonomy":"product_brand","embeddable":true,"href":"https:\/\/www.sugarfactory.hr\/en\/wp-json\/wp\/v2\/product_brand?post=4546"},{"taxonomy":"product_cat","embeddable":true,"href":"https:\/\/www.sugarfactory.hr\/en\/wp-json\/wp\/v2\/product_cat?post=4546"},{"taxonomy":"product_tag","embeddable":true,"href":"https:\/\/www.sugarfactory.hr\/en\/wp-json\/wp\/v2\/product_tag?post=4546"}],"curies":[{"name":"wp","href":"https:\/\/api.w.org\/{rel}","templated":true}]}}