{"id":4557,"date":"2022-11-29T15:52:24","date_gmt":"2022-11-29T15:52:24","guid":{"rendered":"https:\/\/www.sugarfactory.hr\/?post_type=product&#038;p=4557"},"modified":"2026-03-31T18:57:14","modified_gmt":"2026-03-31T17:57:14","slug":"mtn-mute-silencer-magnet","status":"publish","type":"product","link":"https:\/\/www.sugarfactory.hr\/en\/product-2\/accessories\/mtn-mute-silencer-magnet\/","title":{"rendered":"MTN Mute silencer magnet"},"content":{"rendered":"<p data-start=\"0\" data-end=\"112\"><strong data-start=\"0\" data-end=\"28\">MTN Mute Silencer Magnet<\/strong> is <strong data-start=\"32\" data-end=\"92\" data-is-only-node=\"\">inovativna naprava koja u\u010dinkovito uti\u0161ava zvuk aerosola<\/strong> tijekom upotrebe.<\/p>\n<p data-start=\"114\" data-end=\"374\" data-is-last-node=\"\" data-is-only-node=\"\">Jednostavno se <strong data-start=\"129\" data-end=\"168\">pri\u010dvr\u0161\u0107uje magnetski na dno spreja<\/strong>, \u010dime <strong data-start=\"175\" data-end=\"210\">smanjuje buku kuglice u limenci<\/strong> bez utjecaja na performanse ili pritisak boje. Savr\u0161en dodatak za <strong data-start=\"279\" data-end=\"311\">diskretan rad i no\u0107ne akcije<\/strong>, ideal for <strong data-start=\"324\" data-end=\"373\">umjetnike koji \u017eele raditi tiho i neprimjetno<\/strong>.<\/p>","protected":false},"excerpt":{"rendered":"<p>MTN Mute Silencer Magnet je inovativna naprava koja u\u010dinkovito uti\u0161ava zvuk aerosola tijekom upotrebe. Jednostavno se pri\u010dvr\u0161\u0107uje magnetski na dno spreja, \u010dime smanjuje buku kuglice u limenci bez utjecaja na performanse ili pritisak boje. Savr\u0161en dodatak za diskretan rad i no\u0107ne akcije, idealan za umjetnike koji \u017eele raditi tiho i neprimjetno.<\/p>","protected":false},"featured_media":12656,"template":"","meta":{"_acf_changed":false},"product_brand":[104],"product_cat":[21,90],"product_tag":[],"class_list":{"0":"post-4557","1":"product","2":"type-product","3":"status-publish","4":"has-post-thumbnail","6":"product_brand-mtn","7":"product_cat-accessories","8":"product_cat-dodaci-za-sprejeve","10":"first","11":"instock","12":"shipping-taxable","13":"purchasable","14":"product-type-simple"},"acf":[],"yoast_head":"<!-- This site is optimized with the Yoast SEO plugin v26.3 - https:\/\/yoast.com\/wordpress\/plugins\/seo\/ -->\n<title>MTN Mute silencer magnet - Sugar Factory<\/title>\n<meta name=\"robots\" content=\"index, follow, max-snippet:-1, max-image-preview:large, max-video-preview:-1\" \/>\n<link rel=\"canonical\" href=\"https:\/\/www.sugarfactory.hr\/en\/product-2\/accessories\/mtn-mute-silencer-magnet\/\" \/>\n<meta property=\"og:locale\" content=\"en_US\" \/>\n<meta property=\"og:type\" content=\"article\" \/>\n<meta property=\"og:title\" content=\"MTN Mute silencer magnet - Sugar Factory\" \/>\n<meta property=\"og:description\" content=\"MTN Mute Silencer Magnet je inovativna naprava koja u\u010dinkovito uti\u0161ava zvuk aerosola tijekom upotrebe. Jednostavno se pri\u010dvr\u0161\u0107uje magnetski na dno spreja, \u010dime smanjuje buku kuglice u limenci bez utjecaja na performanse ili pritisak boje. Savr\u0161en dodatak za diskretan rad i no\u0107ne akcije, idealan za umjetnike koji \u017eele raditi tiho i neprimjetno.\" \/>\n<meta property=\"og:url\" content=\"https:\/\/www.sugarfactory.hr\/en\/product-2\/accessories\/mtn-mute-silencer-magnet\/\" \/>\n<meta property=\"og:site_name\" content=\"Sugar Factory\" \/>\n<meta property=\"article:modified_time\" content=\"2026-03-31T17:57:14+00:00\" \/>\n<meta property=\"og:image\" content=\"https:\/\/www.sugarfactory.hr\/wp-content\/uploads\/2022\/11\/100fd9c9e05f4a35b5677c74ef9cc35e.webp\" \/>\n\t<meta property=\"og:image:width\" content=\"896\" \/>\n\t<meta property=\"og:image:height\" content=\"1120\" \/>\n\t<meta property=\"og:image:type\" content=\"image\/webp\" \/>\n<meta name=\"twitter:card\" content=\"summary_large_image\" \/>\n<script type=\"application\/ld+json\" class=\"yoast-schema-graph\">{\"@context\":\"https:\/\/schema.org\",\"@graph\":[{\"@type\":\"WebPage\",\"@id\":\"https:\/\/www.sugarfactory.hr\/proizvod\/accessories\/mtn-mute-silencer-magnet\/\",\"url\":\"https:\/\/www.sugarfactory.hr\/proizvod\/accessories\/mtn-mute-silencer-magnet\/\",\"name\":\"MTN Mute silencer magnet - Sugar Factory\",\"isPartOf\":{\"@id\":\"https:\/\/www.sugarfactory.hr\/#website\"},\"primaryImageOfPage\":{\"@id\":\"https:\/\/www.sugarfactory.hr\/proizvod\/accessories\/mtn-mute-silencer-magnet\/#primaryimage\"},\"image\":{\"@id\":\"https:\/\/www.sugarfactory.hr\/proizvod\/accessories\/mtn-mute-silencer-magnet\/#primaryimage\"},\"thumbnailUrl\":\"https:\/\/www.sugarfactory.hr\/wp-content\/uploads\/2022\/11\/100fd9c9e05f4a35b5677c74ef9cc35e.webp\",\"datePublished\":\"2022-11-29T15:52:24+00:00\",\"dateModified\":\"2026-03-31T17:57:14+00:00\",\"breadcrumb\":{\"@id\":\"https:\/\/www.sugarfactory.hr\/proizvod\/accessories\/mtn-mute-silencer-magnet\/#breadcrumb\"},\"inLanguage\":\"en-US\",\"potentialAction\":[{\"@type\":\"ReadAction\",\"target\":[\"https:\/\/www.sugarfactory.hr\/proizvod\/accessories\/mtn-mute-silencer-magnet\/\"]}]},{\"@type\":\"ImageObject\",\"inLanguage\":\"en-US\",\"@id\":\"https:\/\/www.sugarfactory.hr\/proizvod\/accessories\/mtn-mute-silencer-magnet\/#primaryimage\",\"url\":\"https:\/\/www.sugarfactory.hr\/wp-content\/uploads\/2022\/11\/100fd9c9e05f4a35b5677c74ef9cc35e.webp\",\"contentUrl\":\"https:\/\/www.sugarfactory.hr\/wp-content\/uploads\/2022\/11\/100fd9c9e05f4a35b5677c74ef9cc35e.webp\",\"width\":896,\"height\":1120},{\"@type\":\"BreadcrumbList\",\"@id\":\"https:\/\/www.sugarfactory.hr\/proizvod\/accessories\/mtn-mute-silencer-magnet\/#breadcrumb\",\"itemListElement\":[{\"@type\":\"ListItem\",\"position\":1,\"name\":\"Po\u010detna stranica\",\"item\":\"https:\/\/www.sugarfactory.hr\/\"},{\"@type\":\"ListItem\",\"position\":2,\"name\":\"Proizvodi\",\"item\":\"https:\/\/www.sugarfactory.hr\/shop\/\"},{\"@type\":\"ListItem\",\"position\":3,\"name\":\"MTN Mute silencer magnet\"}]},{\"@type\":\"WebSite\",\"@id\":\"https:\/\/www.sugarfactory.hr\/#website\",\"url\":\"https:\/\/www.sugarfactory.hr\/\",\"name\":\"Sugar Factory\",\"description\":\"Create your sweetest pieces!\",\"potentialAction\":[{\"@type\":\"SearchAction\",\"target\":{\"@type\":\"EntryPoint\",\"urlTemplate\":\"https:\/\/www.sugarfactory.hr\/?s={search_term_string}\"},\"query-input\":{\"@type\":\"PropertyValueSpecification\",\"valueRequired\":true,\"valueName\":\"search_term_string\"}}],\"inLanguage\":\"en-US\"}]}<\/script>\n<!-- \/ Yoast SEO plugin. -->","yoast_head_json":{"title":"MTN Mute silencer magnet - Sugar Factory","robots":{"index":"index","follow":"follow","max-snippet":"max-snippet:-1","max-image-preview":"max-image-preview:large","max-video-preview":"max-video-preview:-1"},"canonical":"https:\/\/www.sugarfactory.hr\/en\/product-2\/accessories\/mtn-mute-silencer-magnet\/","og_locale":"en_US","og_type":"article","og_title":"MTN Mute silencer magnet - Sugar Factory","og_description":"MTN Mute Silencer Magnet je inovativna naprava koja u\u010dinkovito uti\u0161ava zvuk aerosola tijekom upotrebe. Jednostavno se pri\u010dvr\u0161\u0107uje magnetski na dno spreja, \u010dime smanjuje buku kuglice u limenci bez utjecaja na performanse ili pritisak boje. Savr\u0161en dodatak za diskretan rad i no\u0107ne akcije, idealan za umjetnike koji \u017eele raditi tiho i neprimjetno.","og_url":"https:\/\/www.sugarfactory.hr\/en\/product-2\/accessories\/mtn-mute-silencer-magnet\/","og_site_name":"Sugar Factory","article_modified_time":"2026-03-31T17:57:14+00:00","og_image":[{"width":896,"height":1120,"url":"https:\/\/www.sugarfactory.hr\/wp-content\/uploads\/2022\/11\/100fd9c9e05f4a35b5677c74ef9cc35e.webp","type":"image\/webp"}],"twitter_card":"summary_large_image","schema":{"@context":"https:\/\/schema.org","@graph":[{"@type":"WebPage","@id":"https:\/\/www.sugarfactory.hr\/proizvod\/accessories\/mtn-mute-silencer-magnet\/","url":"https:\/\/www.sugarfactory.hr\/proizvod\/accessories\/mtn-mute-silencer-magnet\/","name":"MTN Mute silencer magnet - Sugar Factory","isPartOf":{"@id":"https:\/\/www.sugarfactory.hr\/#website"},"primaryImageOfPage":{"@id":"https:\/\/www.sugarfactory.hr\/proizvod\/accessories\/mtn-mute-silencer-magnet\/#primaryimage"},"image":{"@id":"https:\/\/www.sugarfactory.hr\/proizvod\/accessories\/mtn-mute-silencer-magnet\/#primaryimage"},"thumbnailUrl":"https:\/\/www.sugarfactory.hr\/wp-content\/uploads\/2022\/11\/100fd9c9e05f4a35b5677c74ef9cc35e.webp","datePublished":"2022-11-29T15:52:24+00:00","dateModified":"2026-03-31T17:57:14+00:00","breadcrumb":{"@id":"https:\/\/www.sugarfactory.hr\/proizvod\/accessories\/mtn-mute-silencer-magnet\/#breadcrumb"},"inLanguage":"en-US","potentialAction":[{"@type":"ReadAction","target":["https:\/\/www.sugarfactory.hr\/proizvod\/accessories\/mtn-mute-silencer-magnet\/"]}]},{"@type":"ImageObject","inLanguage":"en-US","@id":"https:\/\/www.sugarfactory.hr\/proizvod\/accessories\/mtn-mute-silencer-magnet\/#primaryimage","url":"https:\/\/www.sugarfactory.hr\/wp-content\/uploads\/2022\/11\/100fd9c9e05f4a35b5677c74ef9cc35e.webp","contentUrl":"https:\/\/www.sugarfactory.hr\/wp-content\/uploads\/2022\/11\/100fd9c9e05f4a35b5677c74ef9cc35e.webp","width":896,"height":1120},{"@type":"BreadcrumbList","@id":"https:\/\/www.sugarfactory.hr\/proizvod\/accessories\/mtn-mute-silencer-magnet\/#breadcrumb","itemListElement":[{"@type":"ListItem","position":1,"name":"Po\u010detna stranica","item":"https:\/\/www.sugarfactory.hr\/"},{"@type":"ListItem","position":2,"name":"Proizvodi","item":"https:\/\/www.sugarfactory.hr\/shop\/"},{"@type":"ListItem","position":3,"name":"MTN Mute silencer magnet"}]},{"@type":"WebSite","@id":"https:\/\/www.sugarfactory.hr\/#website","url":"https:\/\/www.sugarfactory.hr\/","name":"Sugar Factory","description":"Create your sweetest pieces!","potentialAction":[{"@type":"SearchAction","target":{"@type":"EntryPoint","urlTemplate":"https:\/\/www.sugarfactory.hr\/?s={search_term_string}"},"query-input":{"@type":"PropertyValueSpecification","valueRequired":true,"valueName":"search_term_string"}}],"inLanguage":"en-US"}]}},"_links":{"self":[{"href":"https:\/\/www.sugarfactory.hr\/en\/wp-json\/wp\/v2\/product\/4557","targetHints":{"allow":["GET"]}}],"collection":[{"href":"https:\/\/www.sugarfactory.hr\/en\/wp-json\/wp\/v2\/product"}],"about":[{"href":"https:\/\/www.sugarfactory.hr\/en\/wp-json\/wp\/v2\/types\/product"}],"wp:featuredmedia":[{"embeddable":true,"href":"https:\/\/www.sugarfactory.hr\/en\/wp-json\/wp\/v2\/media\/12656"}],"wp:attachment":[{"href":"https:\/\/www.sugarfactory.hr\/en\/wp-json\/wp\/v2\/media?parent=4557"}],"wp:term":[{"taxonomy":"product_brand","embeddable":true,"href":"https:\/\/www.sugarfactory.hr\/en\/wp-json\/wp\/v2\/product_brand?post=4557"},{"taxonomy":"product_cat","embeddable":true,"href":"https:\/\/www.sugarfactory.hr\/en\/wp-json\/wp\/v2\/product_cat?post=4557"},{"taxonomy":"product_tag","embeddable":true,"href":"https:\/\/www.sugarfactory.hr\/en\/wp-json\/wp\/v2\/product_tag?post=4557"}],"curies":[{"name":"wp","href":"https:\/\/api.w.org\/{rel}","templated":true}]}}