{"id":4563,"date":"2022-11-29T15:54:23","date_gmt":"2022-11-29T15:54:23","guid":{"rendered":"https:\/\/www.sugarfactory.hr\/?post_type=product&#038;p=4563"},"modified":"2025-10-20T10:46:55","modified_gmt":"2025-10-20T09:46:55","slug":"mtn-tool-belt","status":"publish","type":"product","link":"https:\/\/www.sugarfactory.hr\/en\/product-2\/accessories\/mtn-tool-belt\/","title":{"rendered":"MTN Tool belt"},"content":{"rendered":"<p data-start=\"0\" data-end=\"114\"><strong data-start=\"0\" data-end=\"17\">MTN Tool Belt<\/strong> is <strong data-start=\"21\" data-end=\"56\" data-is-only-node=\"\">profesionalni remen s d\u017eepovima<\/strong> posebno dizajniranim za <strong data-start=\"81\" data-end=\"111\">no\u0161enje sprejeva i pribora<\/strong>.<\/p>\n<p data-start=\"116\" data-end=\"517\" data-is-last-node=\"\" data-is-only-node=\"\">D\u017eepovi su prilago\u0111eni za <strong data-start=\"142\" data-end=\"163\">limenke od 400 ml<\/strong>, ali odgovaraju i drugim veli\u010dinama aerosola. Sadr\u017ei <strong data-start=\"219\" data-end=\"260\">dva dodatna d\u017eepa razli\u010ditih veli\u010dina<\/strong> za spremanje <strong data-start=\"274\" data-end=\"316\">mobitela, klju\u010deva, markera ili \u010depova<\/strong>.<\/p>\n<p data-start=\"116\" data-end=\"517\" data-is-last-node=\"\" data-is-only-node=\"\"><br data-start=\"317\" data-end=\"320\" \/>Izra\u0111en je od <strong data-start=\"334\" data-end=\"366\">izdr\u017eljive 500 Cordura smole<\/strong> and <strong data-start=\"369\" data-end=\"400\">40 mm polipropilenske trake<\/strong> with <strong data-start=\"403\" data-end=\"441\">trident kop\u010dom i \u010di\u010dak zatvaranjem<\/strong>, \u0161to osigurava <strong data-start=\"457\" data-end=\"496\">\u010dvrsto\u0107u, udobnost i funkcionalnost<\/strong> tijekom svakog rada.<\/p>","protected":false},"excerpt":{"rendered":"<p>MTN Tool Belt je profesionalni remen s d\u017eepovima posebno dizajniranim za no\u0161enje sprejeva i pribora. D\u017eepovi su prilago\u0111eni za limenke od 400 ml, ali odgovaraju i drugim veli\u010dinama aerosola. Sadr\u017ei dva dodatna d\u017eepa razli\u010ditih veli\u010dina za spremanje mobitela, klju\u010deva, markera ili \u010depova. Izra\u0111en je od izdr\u017eljive 500 Cordura smole i 40 mm polipropilenske trake s [&hellip;]<\/p>","protected":false},"featured_media":12659,"template":"","meta":{"_acf_changed":false},"product_brand":[104],"product_cat":[21,87],"product_tag":[],"class_list":{"0":"post-4563","1":"product","2":"type-product","3":"status-publish","4":"has-post-thumbnail","6":"product_brand-mtn","7":"product_cat-accessories","8":"product_cat-torbe-i-pojasi","10":"first","11":"outofstock","12":"shipping-taxable","13":"purchasable","14":"product-type-simple"},"acf":[],"yoast_head":"<!-- This site is optimized with the Yoast SEO plugin v26.3 - https:\/\/yoast.com\/wordpress\/plugins\/seo\/ -->\n<title>MTN Tool belt - Sugar Factory<\/title>\n<meta name=\"robots\" content=\"index, follow, max-snippet:-1, max-image-preview:large, max-video-preview:-1\" \/>\n<link rel=\"canonical\" href=\"https:\/\/www.sugarfactory.hr\/en\/product-2\/accessories\/mtn-tool-belt\/\" \/>\n<meta property=\"og:locale\" content=\"en_US\" \/>\n<meta property=\"og:type\" content=\"article\" \/>\n<meta property=\"og:title\" content=\"MTN Tool belt - Sugar Factory\" \/>\n<meta property=\"og:description\" content=\"MTN Tool Belt je profesionalni remen s d\u017eepovima posebno dizajniranim za no\u0161enje sprejeva i pribora. D\u017eepovi su prilago\u0111eni za limenke od 400 ml, ali odgovaraju i drugim veli\u010dinama aerosola. Sadr\u017ei dva dodatna d\u017eepa razli\u010ditih veli\u010dina za spremanje mobitela, klju\u010deva, markera ili \u010depova. Izra\u0111en je od izdr\u017eljive 500 Cordura smole i 40 mm polipropilenske trake s [&hellip;]\" \/>\n<meta property=\"og:url\" content=\"https:\/\/www.sugarfactory.hr\/en\/product-2\/accessories\/mtn-tool-belt\/\" \/>\n<meta property=\"og:site_name\" content=\"Sugar Factory\" \/>\n<meta property=\"article:modified_time\" content=\"2025-10-20T09:46:55+00:00\" \/>\n<meta property=\"og:image\" content=\"https:\/\/www.sugarfactory.hr\/wp-content\/uploads\/2022\/11\/6be3727eb8a749cf96b78a43b8330b04.webp\" \/>\n\t<meta property=\"og:image:width\" content=\"896\" \/>\n\t<meta property=\"og:image:height\" content=\"1120\" \/>\n\t<meta property=\"og:image:type\" content=\"image\/webp\" \/>\n<meta name=\"twitter:card\" content=\"summary_large_image\" \/>\n<script type=\"application\/ld+json\" class=\"yoast-schema-graph\">{\"@context\":\"https:\/\/schema.org\",\"@graph\":[{\"@type\":\"WebPage\",\"@id\":\"https:\/\/www.sugarfactory.hr\/proizvod\/accessories\/mtn-tool-belt\/\",\"url\":\"https:\/\/www.sugarfactory.hr\/proizvod\/accessories\/mtn-tool-belt\/\",\"name\":\"MTN Tool belt - Sugar Factory\",\"isPartOf\":{\"@id\":\"https:\/\/www.sugarfactory.hr\/#website\"},\"primaryImageOfPage\":{\"@id\":\"https:\/\/www.sugarfactory.hr\/proizvod\/accessories\/mtn-tool-belt\/#primaryimage\"},\"image\":{\"@id\":\"https:\/\/www.sugarfactory.hr\/proizvod\/accessories\/mtn-tool-belt\/#primaryimage\"},\"thumbnailUrl\":\"https:\/\/www.sugarfactory.hr\/wp-content\/uploads\/2022\/11\/6be3727eb8a749cf96b78a43b8330b04.webp\",\"datePublished\":\"2022-11-29T15:54:23+00:00\",\"dateModified\":\"2025-10-20T09:46:55+00:00\",\"breadcrumb\":{\"@id\":\"https:\/\/www.sugarfactory.hr\/proizvod\/accessories\/mtn-tool-belt\/#breadcrumb\"},\"inLanguage\":\"en-US\",\"potentialAction\":[{\"@type\":\"ReadAction\",\"target\":[\"https:\/\/www.sugarfactory.hr\/proizvod\/accessories\/mtn-tool-belt\/\"]}]},{\"@type\":\"ImageObject\",\"inLanguage\":\"en-US\",\"@id\":\"https:\/\/www.sugarfactory.hr\/proizvod\/accessories\/mtn-tool-belt\/#primaryimage\",\"url\":\"https:\/\/www.sugarfactory.hr\/wp-content\/uploads\/2022\/11\/6be3727eb8a749cf96b78a43b8330b04.webp\",\"contentUrl\":\"https:\/\/www.sugarfactory.hr\/wp-content\/uploads\/2022\/11\/6be3727eb8a749cf96b78a43b8330b04.webp\",\"width\":896,\"height\":1120},{\"@type\":\"BreadcrumbList\",\"@id\":\"https:\/\/www.sugarfactory.hr\/proizvod\/accessories\/mtn-tool-belt\/#breadcrumb\",\"itemListElement\":[{\"@type\":\"ListItem\",\"position\":1,\"name\":\"Po\u010detna stranica\",\"item\":\"https:\/\/www.sugarfactory.hr\/\"},{\"@type\":\"ListItem\",\"position\":2,\"name\":\"Proizvodi\",\"item\":\"https:\/\/www.sugarfactory.hr\/shop\/\"},{\"@type\":\"ListItem\",\"position\":3,\"name\":\"MTN Tool belt\"}]},{\"@type\":\"WebSite\",\"@id\":\"https:\/\/www.sugarfactory.hr\/#website\",\"url\":\"https:\/\/www.sugarfactory.hr\/\",\"name\":\"Sugar Factory\",\"description\":\"Create your sweetest pieces!\",\"potentialAction\":[{\"@type\":\"SearchAction\",\"target\":{\"@type\":\"EntryPoint\",\"urlTemplate\":\"https:\/\/www.sugarfactory.hr\/?s={search_term_string}\"},\"query-input\":{\"@type\":\"PropertyValueSpecification\",\"valueRequired\":true,\"valueName\":\"search_term_string\"}}],\"inLanguage\":\"en-US\"}]}<\/script>\n<!-- \/ Yoast SEO plugin. -->","yoast_head_json":{"title":"MTN Tool belt - Sugar Factory","robots":{"index":"index","follow":"follow","max-snippet":"max-snippet:-1","max-image-preview":"max-image-preview:large","max-video-preview":"max-video-preview:-1"},"canonical":"https:\/\/www.sugarfactory.hr\/en\/product-2\/accessories\/mtn-tool-belt\/","og_locale":"en_US","og_type":"article","og_title":"MTN Tool belt - Sugar Factory","og_description":"MTN Tool Belt je profesionalni remen s d\u017eepovima posebno dizajniranim za no\u0161enje sprejeva i pribora. D\u017eepovi su prilago\u0111eni za limenke od 400 ml, ali odgovaraju i drugim veli\u010dinama aerosola. Sadr\u017ei dva dodatna d\u017eepa razli\u010ditih veli\u010dina za spremanje mobitela, klju\u010deva, markera ili \u010depova. Izra\u0111en je od izdr\u017eljive 500 Cordura smole i 40 mm polipropilenske trake s [&hellip;]","og_url":"https:\/\/www.sugarfactory.hr\/en\/product-2\/accessories\/mtn-tool-belt\/","og_site_name":"Sugar Factory","article_modified_time":"2025-10-20T09:46:55+00:00","og_image":[{"width":896,"height":1120,"url":"https:\/\/www.sugarfactory.hr\/wp-content\/uploads\/2022\/11\/6be3727eb8a749cf96b78a43b8330b04.webp","type":"image\/webp"}],"twitter_card":"summary_large_image","schema":{"@context":"https:\/\/schema.org","@graph":[{"@type":"WebPage","@id":"https:\/\/www.sugarfactory.hr\/proizvod\/accessories\/mtn-tool-belt\/","url":"https:\/\/www.sugarfactory.hr\/proizvod\/accessories\/mtn-tool-belt\/","name":"MTN Tool belt - Sugar Factory","isPartOf":{"@id":"https:\/\/www.sugarfactory.hr\/#website"},"primaryImageOfPage":{"@id":"https:\/\/www.sugarfactory.hr\/proizvod\/accessories\/mtn-tool-belt\/#primaryimage"},"image":{"@id":"https:\/\/www.sugarfactory.hr\/proizvod\/accessories\/mtn-tool-belt\/#primaryimage"},"thumbnailUrl":"https:\/\/www.sugarfactory.hr\/wp-content\/uploads\/2022\/11\/6be3727eb8a749cf96b78a43b8330b04.webp","datePublished":"2022-11-29T15:54:23+00:00","dateModified":"2025-10-20T09:46:55+00:00","breadcrumb":{"@id":"https:\/\/www.sugarfactory.hr\/proizvod\/accessories\/mtn-tool-belt\/#breadcrumb"},"inLanguage":"en-US","potentialAction":[{"@type":"ReadAction","target":["https:\/\/www.sugarfactory.hr\/proizvod\/accessories\/mtn-tool-belt\/"]}]},{"@type":"ImageObject","inLanguage":"en-US","@id":"https:\/\/www.sugarfactory.hr\/proizvod\/accessories\/mtn-tool-belt\/#primaryimage","url":"https:\/\/www.sugarfactory.hr\/wp-content\/uploads\/2022\/11\/6be3727eb8a749cf96b78a43b8330b04.webp","contentUrl":"https:\/\/www.sugarfactory.hr\/wp-content\/uploads\/2022\/11\/6be3727eb8a749cf96b78a43b8330b04.webp","width":896,"height":1120},{"@type":"BreadcrumbList","@id":"https:\/\/www.sugarfactory.hr\/proizvod\/accessories\/mtn-tool-belt\/#breadcrumb","itemListElement":[{"@type":"ListItem","position":1,"name":"Po\u010detna stranica","item":"https:\/\/www.sugarfactory.hr\/"},{"@type":"ListItem","position":2,"name":"Proizvodi","item":"https:\/\/www.sugarfactory.hr\/shop\/"},{"@type":"ListItem","position":3,"name":"MTN Tool belt"}]},{"@type":"WebSite","@id":"https:\/\/www.sugarfactory.hr\/#website","url":"https:\/\/www.sugarfactory.hr\/","name":"Sugar Factory","description":"Create your sweetest pieces!","potentialAction":[{"@type":"SearchAction","target":{"@type":"EntryPoint","urlTemplate":"https:\/\/www.sugarfactory.hr\/?s={search_term_string}"},"query-input":{"@type":"PropertyValueSpecification","valueRequired":true,"valueName":"search_term_string"}}],"inLanguage":"en-US"}]}},"_links":{"self":[{"href":"https:\/\/www.sugarfactory.hr\/en\/wp-json\/wp\/v2\/product\/4563","targetHints":{"allow":["GET"]}}],"collection":[{"href":"https:\/\/www.sugarfactory.hr\/en\/wp-json\/wp\/v2\/product"}],"about":[{"href":"https:\/\/www.sugarfactory.hr\/en\/wp-json\/wp\/v2\/types\/product"}],"wp:featuredmedia":[{"embeddable":true,"href":"https:\/\/www.sugarfactory.hr\/en\/wp-json\/wp\/v2\/media\/12659"}],"wp:attachment":[{"href":"https:\/\/www.sugarfactory.hr\/en\/wp-json\/wp\/v2\/media?parent=4563"}],"wp:term":[{"taxonomy":"product_brand","embeddable":true,"href":"https:\/\/www.sugarfactory.hr\/en\/wp-json\/wp\/v2\/product_brand?post=4563"},{"taxonomy":"product_cat","embeddable":true,"href":"https:\/\/www.sugarfactory.hr\/en\/wp-json\/wp\/v2\/product_cat?post=4563"},{"taxonomy":"product_tag","embeddable":true,"href":"https:\/\/www.sugarfactory.hr\/en\/wp-json\/wp\/v2\/product_tag?post=4563"}],"curies":[{"name":"wp","href":"https:\/\/api.w.org\/{rel}","templated":true}]}}