{"id":5202,"date":"2023-02-21T12:54:02","date_gmt":"2023-02-21T12:54:02","guid":{"rendered":"https:\/\/www.sugarfactory.hr\/?post_type=product&#038;p=5202"},"modified":"2026-04-28T12:20:23","modified_gmt":"2026-04-28T11:20:23","slug":"posca-mopr-pcm-22","status":"publish","type":"product","link":"https:\/\/www.sugarfactory.hr\/en\/product-2\/markers\/posca-mopr-pcm-22\/","title":{"rendered":"Posca Mop&#039;r PCM-22"},"content":{"rendered":"<p data-start=\"71\" data-end=\"356\"><strong data-start=\"129\" data-end=\"151\">Posca Mop\u2019r PCM-22<\/strong> novi je \u010dlan Posca obitelji, punjen <strong data-start=\"188\" data-end=\"222\">pigmentnom tintom na bazi vode<\/strong> sli\u010dnom akrilu. Zahvaljuju\u0107i <strong data-start=\"252\" data-end=\"269\">bijelom opaku<\/strong>, svaka boja u potpunosti prekriva prethodnu, stvaraju\u0107i <strong data-start=\"326\" data-end=\"353\">kompaktan i sjajan sloj<\/strong>.<\/p>\n<p data-start=\"358\" data-end=\"704\">Boje su <strong data-start=\"366\" data-end=\"398\">kvalitetne, \u017eivahne i trajne<\/strong>, ne probijaju kroz papir, a mije\u0161anjem razli\u010ditih nijansi mogu\u0107e je stvoriti bezbroj tonova. Marker pi\u0161e na gotovo svim povr\u0161inama: <strong data-start=\"531\" data-end=\"619\">papiru, metalu, drvu, plastici, keramici, porculanu, staklu, vinilu, tkanini i glini<\/strong>. Na glatkim povr\u0161inama trag se lako bri\u0161e, a toplinom ili premazom postaje trajan.<\/p>\n<p data-start=\"706\" data-end=\"981\"><strong data-start=\"706\" data-end=\"721\">Posca Mop\u2019r<\/strong> ima <strong data-start=\"726\" data-end=\"748\">ergonomsko ku\u0107i\u0161te<\/strong> koje se koristi laganim stiskanjem te <strong data-start=\"787\" data-end=\"839\">poseban okrugli vrh od pjenaste gume (3 \u2013 19 mm)<\/strong>. Omogu\u0107uje \u0161irok spektar tehnika: <strong data-start=\"874\" data-end=\"936\">kapanje, mrlje, efekte prskanja, pe\u010date i nagla\u0161ene poteze<\/strong> koje je te\u0161ko posti\u0107i klasi\u010dnim markerima.<\/p>\n<p data-start=\"983\" data-end=\"1118\">Dizajniran za <strong data-start=\"997\" data-end=\"1067\">street art, grafite, likovnu umjetnost, ilustraciju i DIY projekte<\/strong>, ovaj marker pru\u017ea maksimalnu slobodu stvaranja.<\/p>\n<ul data-start=\"1120\" data-end=\"1207\">\n<li data-start=\"1120\" data-end=\"1151\">\n<p data-start=\"1122\" data-end=\"1151\"><strong data-start=\"1122\" data-end=\"1139\">Promjer vrha:<\/strong> 3 \u2013 19 mm<\/p>\n<\/li>\n<li data-start=\"1152\" data-end=\"1207\">\n<p data-start=\"1154\" data-end=\"1207\"><strong data-start=\"1154\" data-end=\"1165\">Cijena:<\/strong> za komad (komercijalno pakiranje 1 set)<\/p>\n<\/li>\n<\/ul>\n<p>Lowest price in the last 30 days: <strong>15,99\u00a0\u20ac<\/strong><\/p>","protected":false},"excerpt":{"rendered":"<p>Posca Mop\u2019r PCM-22 novi je \u010dlan Posca obitelji, punjen pigmentnom tintom na bazi vode sli\u010dnom akrilu. Zahvaljuju\u0107i bijelom opaku, svaka boja u potpunosti prekriva prethodnu, stvaraju\u0107i kompaktan i sjajan sloj. Boje su kvalitetne, \u017eivahne i trajne, ne probijaju kroz papir, a mije\u0161anjem razli\u010ditih nijansi mogu\u0107e je stvoriti bezbroj tonova. Marker pi\u0161e na gotovo svim povr\u0161inama: [&hellip;]<\/p>","protected":false},"featured_media":12421,"template":"","meta":{"_acf_changed":false},"product_brand":[111],"product_cat":[22,80],"product_tag":[],"class_list":{"0":"post-5202","1":"product","2":"type-product","3":"status-publish","4":"has-post-thumbnail","6":"product_brand-posca","7":"product_cat-markeri","8":"product_cat-posca-markeri","10":"first","11":"outofstock","12":"shipping-taxable","13":"purchasable","14":"product-type-variable"},"acf":[],"yoast_head":"<!-- This site is optimized with the Yoast SEO plugin v26.3 - https:\/\/yoast.com\/wordpress\/plugins\/seo\/ -->\n<title>Posca Mop&#039;r PCM-22 - Sugar Factory<\/title>\n<meta name=\"robots\" content=\"index, follow, max-snippet:-1, max-image-preview:large, max-video-preview:-1\" \/>\n<link rel=\"canonical\" href=\"https:\/\/www.sugarfactory.hr\/en\/product-2\/markers\/posca-mopr-pcm-22\/\" \/>\n<meta property=\"og:locale\" content=\"en_US\" \/>\n<meta property=\"og:type\" content=\"article\" \/>\n<meta property=\"og:title\" content=\"Posca Mop&#039;r PCM-22 - Sugar Factory\" \/>\n<meta property=\"og:description\" content=\"Posca Mop\u2019r PCM-22 novi je \u010dlan Posca obitelji, punjen pigmentnom tintom na bazi vode sli\u010dnom akrilu. Zahvaljuju\u0107i bijelom opaku, svaka boja u potpunosti prekriva prethodnu, stvaraju\u0107i kompaktan i sjajan sloj. Boje su kvalitetne, \u017eivahne i trajne, ne probijaju kroz papir, a mije\u0161anjem razli\u010ditih nijansi mogu\u0107e je stvoriti bezbroj tonova. Marker pi\u0161e na gotovo svim povr\u0161inama: [&hellip;]\" \/>\n<meta property=\"og:url\" content=\"https:\/\/www.sugarfactory.hr\/en\/product-2\/markers\/posca-mopr-pcm-22\/\" \/>\n<meta property=\"og:site_name\" content=\"Sugar Factory\" \/>\n<meta property=\"article:modified_time\" content=\"2026-04-28T11:20:23+00:00\" \/>\n<meta property=\"og:image\" content=\"https:\/\/www.sugarfactory.hr\/wp-content\/uploads\/2023\/02\/posca-mopr.webp\" \/>\n\t<meta property=\"og:image:width\" content=\"896\" \/>\n\t<meta property=\"og:image:height\" content=\"1120\" \/>\n\t<meta property=\"og:image:type\" content=\"image\/webp\" \/>\n<meta name=\"twitter:card\" content=\"summary_large_image\" \/>\n<meta name=\"twitter:label1\" content=\"Est. reading time\" \/>\n\t<meta name=\"twitter:data1\" content=\"1 minute\" \/>\n<script type=\"application\/ld+json\" class=\"yoast-schema-graph\">{\"@context\":\"https:\/\/schema.org\",\"@graph\":[{\"@type\":\"WebPage\",\"@id\":\"https:\/\/www.sugarfactory.hr\/proizvod\/markeri\/posca-mopr-pcm-22\/\",\"url\":\"https:\/\/www.sugarfactory.hr\/proizvod\/markeri\/posca-mopr-pcm-22\/\",\"name\":\"Posca Mop'r PCM-22 - Sugar Factory\",\"isPartOf\":{\"@id\":\"https:\/\/www.sugarfactory.hr\/#website\"},\"primaryImageOfPage\":{\"@id\":\"https:\/\/www.sugarfactory.hr\/proizvod\/markeri\/posca-mopr-pcm-22\/#primaryimage\"},\"image\":{\"@id\":\"https:\/\/www.sugarfactory.hr\/proizvod\/markeri\/posca-mopr-pcm-22\/#primaryimage\"},\"thumbnailUrl\":\"https:\/\/www.sugarfactory.hr\/wp-content\/uploads\/2023\/02\/posca-mopr.webp\",\"datePublished\":\"2023-02-21T12:54:02+00:00\",\"dateModified\":\"2026-04-28T11:20:23+00:00\",\"breadcrumb\":{\"@id\":\"https:\/\/www.sugarfactory.hr\/proizvod\/markeri\/posca-mopr-pcm-22\/#breadcrumb\"},\"inLanguage\":\"en-US\",\"potentialAction\":[{\"@type\":\"ReadAction\",\"target\":[\"https:\/\/www.sugarfactory.hr\/proizvod\/markeri\/posca-mopr-pcm-22\/\"]}]},{\"@type\":\"ImageObject\",\"inLanguage\":\"en-US\",\"@id\":\"https:\/\/www.sugarfactory.hr\/proizvod\/markeri\/posca-mopr-pcm-22\/#primaryimage\",\"url\":\"https:\/\/www.sugarfactory.hr\/wp-content\/uploads\/2023\/02\/posca-mopr.webp\",\"contentUrl\":\"https:\/\/www.sugarfactory.hr\/wp-content\/uploads\/2023\/02\/posca-mopr.webp\",\"width\":896,\"height\":1120},{\"@type\":\"BreadcrumbList\",\"@id\":\"https:\/\/www.sugarfactory.hr\/proizvod\/markeri\/posca-mopr-pcm-22\/#breadcrumb\",\"itemListElement\":[{\"@type\":\"ListItem\",\"position\":1,\"name\":\"Po\u010detna stranica\",\"item\":\"https:\/\/www.sugarfactory.hr\/\"},{\"@type\":\"ListItem\",\"position\":2,\"name\":\"Proizvodi\",\"item\":\"https:\/\/www.sugarfactory.hr\/shop\/\"},{\"@type\":\"ListItem\",\"position\":3,\"name\":\"Posca Mop'r PCM-22\"}]},{\"@type\":\"WebSite\",\"@id\":\"https:\/\/www.sugarfactory.hr\/#website\",\"url\":\"https:\/\/www.sugarfactory.hr\/\",\"name\":\"Sugar Factory\",\"description\":\"Create your sweetest pieces!\",\"potentialAction\":[{\"@type\":\"SearchAction\",\"target\":{\"@type\":\"EntryPoint\",\"urlTemplate\":\"https:\/\/www.sugarfactory.hr\/?s={search_term_string}\"},\"query-input\":{\"@type\":\"PropertyValueSpecification\",\"valueRequired\":true,\"valueName\":\"search_term_string\"}}],\"inLanguage\":\"en-US\"}]}<\/script>\n<!-- \/ Yoast SEO plugin. -->","yoast_head_json":{"title":"Posca Mop'r PCM-22 - Sugar Factory","robots":{"index":"index","follow":"follow","max-snippet":"max-snippet:-1","max-image-preview":"max-image-preview:large","max-video-preview":"max-video-preview:-1"},"canonical":"https:\/\/www.sugarfactory.hr\/en\/product-2\/markers\/posca-mopr-pcm-22\/","og_locale":"en_US","og_type":"article","og_title":"Posca Mop'r PCM-22 - Sugar Factory","og_description":"Posca Mop\u2019r PCM-22 novi je \u010dlan Posca obitelji, punjen pigmentnom tintom na bazi vode sli\u010dnom akrilu. Zahvaljuju\u0107i bijelom opaku, svaka boja u potpunosti prekriva prethodnu, stvaraju\u0107i kompaktan i sjajan sloj. Boje su kvalitetne, \u017eivahne i trajne, ne probijaju kroz papir, a mije\u0161anjem razli\u010ditih nijansi mogu\u0107e je stvoriti bezbroj tonova. Marker pi\u0161e na gotovo svim povr\u0161inama: [&hellip;]","og_url":"https:\/\/www.sugarfactory.hr\/en\/product-2\/markers\/posca-mopr-pcm-22\/","og_site_name":"Sugar Factory","article_modified_time":"2026-04-28T11:20:23+00:00","og_image":[{"width":896,"height":1120,"url":"https:\/\/www.sugarfactory.hr\/wp-content\/uploads\/2023\/02\/posca-mopr.webp","type":"image\/webp"}],"twitter_card":"summary_large_image","twitter_misc":{"Est. reading time":"1 minute"},"schema":{"@context":"https:\/\/schema.org","@graph":[{"@type":"WebPage","@id":"https:\/\/www.sugarfactory.hr\/proizvod\/markeri\/posca-mopr-pcm-22\/","url":"https:\/\/www.sugarfactory.hr\/proizvod\/markeri\/posca-mopr-pcm-22\/","name":"Posca Mop'r PCM-22 - Sugar Factory","isPartOf":{"@id":"https:\/\/www.sugarfactory.hr\/#website"},"primaryImageOfPage":{"@id":"https:\/\/www.sugarfactory.hr\/proizvod\/markeri\/posca-mopr-pcm-22\/#primaryimage"},"image":{"@id":"https:\/\/www.sugarfactory.hr\/proizvod\/markeri\/posca-mopr-pcm-22\/#primaryimage"},"thumbnailUrl":"https:\/\/www.sugarfactory.hr\/wp-content\/uploads\/2023\/02\/posca-mopr.webp","datePublished":"2023-02-21T12:54:02+00:00","dateModified":"2026-04-28T11:20:23+00:00","breadcrumb":{"@id":"https:\/\/www.sugarfactory.hr\/proizvod\/markeri\/posca-mopr-pcm-22\/#breadcrumb"},"inLanguage":"en-US","potentialAction":[{"@type":"ReadAction","target":["https:\/\/www.sugarfactory.hr\/proizvod\/markeri\/posca-mopr-pcm-22\/"]}]},{"@type":"ImageObject","inLanguage":"en-US","@id":"https:\/\/www.sugarfactory.hr\/proizvod\/markeri\/posca-mopr-pcm-22\/#primaryimage","url":"https:\/\/www.sugarfactory.hr\/wp-content\/uploads\/2023\/02\/posca-mopr.webp","contentUrl":"https:\/\/www.sugarfactory.hr\/wp-content\/uploads\/2023\/02\/posca-mopr.webp","width":896,"height":1120},{"@type":"BreadcrumbList","@id":"https:\/\/www.sugarfactory.hr\/proizvod\/markeri\/posca-mopr-pcm-22\/#breadcrumb","itemListElement":[{"@type":"ListItem","position":1,"name":"Po\u010detna stranica","item":"https:\/\/www.sugarfactory.hr\/"},{"@type":"ListItem","position":2,"name":"Proizvodi","item":"https:\/\/www.sugarfactory.hr\/shop\/"},{"@type":"ListItem","position":3,"name":"Posca Mop'r PCM-22"}]},{"@type":"WebSite","@id":"https:\/\/www.sugarfactory.hr\/#website","url":"https:\/\/www.sugarfactory.hr\/","name":"Sugar Factory","description":"Create your sweetest pieces!","potentialAction":[{"@type":"SearchAction","target":{"@type":"EntryPoint","urlTemplate":"https:\/\/www.sugarfactory.hr\/?s={search_term_string}"},"query-input":{"@type":"PropertyValueSpecification","valueRequired":true,"valueName":"search_term_string"}}],"inLanguage":"en-US"}]}},"_links":{"self":[{"href":"https:\/\/www.sugarfactory.hr\/en\/wp-json\/wp\/v2\/product\/5202","targetHints":{"allow":["GET"]}}],"collection":[{"href":"https:\/\/www.sugarfactory.hr\/en\/wp-json\/wp\/v2\/product"}],"about":[{"href":"https:\/\/www.sugarfactory.hr\/en\/wp-json\/wp\/v2\/types\/product"}],"wp:featuredmedia":[{"embeddable":true,"href":"https:\/\/www.sugarfactory.hr\/en\/wp-json\/wp\/v2\/media\/12421"}],"wp:attachment":[{"href":"https:\/\/www.sugarfactory.hr\/en\/wp-json\/wp\/v2\/media?parent=5202"}],"wp:term":[{"taxonomy":"product_brand","embeddable":true,"href":"https:\/\/www.sugarfactory.hr\/en\/wp-json\/wp\/v2\/product_brand?post=5202"},{"taxonomy":"product_cat","embeddable":true,"href":"https:\/\/www.sugarfactory.hr\/en\/wp-json\/wp\/v2\/product_cat?post=5202"},{"taxonomy":"product_tag","embeddable":true,"href":"https:\/\/www.sugarfactory.hr\/en\/wp-json\/wp\/v2\/product_tag?post=5202"}],"curies":[{"name":"wp","href":"https:\/\/api.w.org\/{rel}","templated":true}]}}