{"id":5455,"date":"2023-05-29T14:14:59","date_gmt":"2023-05-29T14:14:59","guid":{"rendered":"https:\/\/www.sugarfactory.hr\/?post_type=product&#038;p=5455"},"modified":"2026-04-15T20:31:08","modified_gmt":"2026-04-15T19:31:08","slug":"mtn-street-dabber-10-mm","status":"publish","type":"product","link":"https:\/\/www.sugarfactory.hr\/en\/product-2\/markers\/mtn-street-dabber-10-mm\/","title":{"rendered":"MTN Street Dabber 10 mm"},"content":{"rendered":"<p data-start=\"76\" data-end=\"401\"><strong data-start=\"142\" data-end=\"169\">MTN Street Dabber 10 mm<\/strong> it is filled <strong data-start=\"182\" data-end=\"208\">vrlo neprozirnom bojom<\/strong> dostupnom u deset razli\u010ditih boja. Opremljen je <strong data-start=\"257\" data-end=\"281\">vrhom promjera 10 mm<\/strong> and <strong data-start=\"284\" data-end=\"320\">jednostavnim ventilskim sustavom<\/strong>, which allows <strong data-start=\"336\" data-end=\"373\">brze, glatke i ravnomjerne linije<\/strong> on different surfaces.<\/p>\n<p data-start=\"403\" data-end=\"552\">Ovaj <strong data-start=\"408\" data-end=\"426\">svestrani alat<\/strong> idealan je za razne tehnike i primjene \u2013 od tagiranja do kreativnih projekata \u2013 te pru\u017ea maksimalnu kontrolu i izra\u017eajnost.<\/p>\n<ul data-start=\"554\" data-end=\"643\">\n<li data-start=\"554\" data-end=\"572\">\n<p data-start=\"556\" data-end=\"572\"><strong data-start=\"556\" data-end=\"564\">Vrh:<\/strong> 10 mm<\/p>\n<\/li>\n<li data-start=\"573\" data-end=\"615\">\n<p data-start=\"575\" data-end=\"615\"><strong data-start=\"575\" data-end=\"587\">Content:<\/strong> boja visoke neprozirnosti<\/p>\n<\/li>\n<li data-start=\"616\" data-end=\"643\">\n<p data-start=\"618\" data-end=\"643\"><strong data-start=\"618\" data-end=\"633\">Dostupno u:<\/strong> 10 boja<\/p>\n<\/li>\n<\/ul>\n<p data-start=\"645\" data-end=\"766\"><strong data-start=\"645\" data-end=\"672\">MTN Street Dabber 10 mm<\/strong> pru\u017ea pouzdan i sna\u017ean trag, \u010dine\u0107i ga nezaobilaznim alatom za svakog street art umjetnika.<\/p>","protected":false},"excerpt":{"rendered":"<p>MTN Street Dabber 10 mm ispunjen je vrlo neprozirnom bojom dostupnom u deset razli\u010ditih boja. Opremljen je vrhom promjera 10 mm i jednostavnim ventilskim sustavom, \u0161to omogu\u0107uje brze, glatke i ravnomjerne linije na razli\u010ditim povr\u0161inama. Ovaj svestrani alat idealan je za razne tehnike i primjene \u2013 od tagiranja do kreativnih projekata \u2013 te pru\u017ea maksimalnu [&hellip;]<\/p>","protected":false},"featured_media":12465,"template":"","meta":{"_acf_changed":false},"product_brand":[104],"product_cat":[22,83],"product_tag":[],"class_list":{"0":"post-5455","1":"product","2":"type-product","3":"status-publish","4":"has-post-thumbnail","6":"product_brand-mtn","7":"product_cat-markeri","8":"product_cat-dripperi-squeezeri-i-dabberi","10":"first","11":"instock","12":"shipping-taxable","13":"purchasable","14":"product-type-variable"},"acf":[],"yoast_head":"<!-- This site is optimized with the Yoast SEO plugin v26.3 - https:\/\/yoast.com\/wordpress\/plugins\/seo\/ -->\n<title>MTN Street Dabber 10 mm - Sugar Factory<\/title>\n<meta name=\"robots\" content=\"index, follow, max-snippet:-1, max-image-preview:large, max-video-preview:-1\" \/>\n<link rel=\"canonical\" href=\"https:\/\/www.sugarfactory.hr\/en\/product-2\/markers\/mtn-street-dabber-10-mm\/\" \/>\n<meta property=\"og:locale\" content=\"en_US\" \/>\n<meta property=\"og:type\" content=\"article\" \/>\n<meta property=\"og:title\" content=\"MTN Street Dabber 10 mm - Sugar Factory\" \/>\n<meta property=\"og:description\" content=\"MTN Street Dabber 10 mm ispunjen je vrlo neprozirnom bojom dostupnom u deset razli\u010ditih boja. Opremljen je vrhom promjera 10 mm i jednostavnim ventilskim sustavom, \u0161to omogu\u0107uje brze, glatke i ravnomjerne linije na razli\u010ditim povr\u0161inama. Ovaj svestrani alat idealan je za razne tehnike i primjene \u2013 od tagiranja do kreativnih projekata \u2013 te pru\u017ea maksimalnu [&hellip;]\" \/>\n<meta property=\"og:url\" content=\"https:\/\/www.sugarfactory.hr\/en\/product-2\/markers\/mtn-street-dabber-10-mm\/\" \/>\n<meta property=\"og:site_name\" content=\"Sugar Factory\" \/>\n<meta property=\"article:modified_time\" content=\"2026-04-15T19:31:08+00:00\" \/>\n<meta property=\"og:image\" content=\"https:\/\/www.sugarfactory.hr\/wp-content\/uploads\/2023\/05\/street-dabber.webp\" \/>\n\t<meta property=\"og:image:width\" content=\"896\" \/>\n\t<meta property=\"og:image:height\" content=\"1120\" \/>\n\t<meta property=\"og:image:type\" content=\"image\/webp\" \/>\n<meta name=\"twitter:card\" content=\"summary_large_image\" \/>\n<script type=\"application\/ld+json\" class=\"yoast-schema-graph\">{\"@context\":\"https:\/\/schema.org\",\"@graph\":[{\"@type\":\"WebPage\",\"@id\":\"https:\/\/www.sugarfactory.hr\/proizvod\/markeri\/mtn-street-dabber-10-mm\/\",\"url\":\"https:\/\/www.sugarfactory.hr\/proizvod\/markeri\/mtn-street-dabber-10-mm\/\",\"name\":\"MTN Street Dabber 10 mm - Sugar Factory\",\"isPartOf\":{\"@id\":\"https:\/\/www.sugarfactory.hr\/#website\"},\"primaryImageOfPage\":{\"@id\":\"https:\/\/www.sugarfactory.hr\/proizvod\/markeri\/mtn-street-dabber-10-mm\/#primaryimage\"},\"image\":{\"@id\":\"https:\/\/www.sugarfactory.hr\/proizvod\/markeri\/mtn-street-dabber-10-mm\/#primaryimage\"},\"thumbnailUrl\":\"https:\/\/www.sugarfactory.hr\/wp-content\/uploads\/2023\/05\/street-dabber.webp\",\"datePublished\":\"2023-05-29T14:14:59+00:00\",\"dateModified\":\"2026-04-15T19:31:08+00:00\",\"breadcrumb\":{\"@id\":\"https:\/\/www.sugarfactory.hr\/proizvod\/markeri\/mtn-street-dabber-10-mm\/#breadcrumb\"},\"inLanguage\":\"en-US\",\"potentialAction\":[{\"@type\":\"ReadAction\",\"target\":[\"https:\/\/www.sugarfactory.hr\/proizvod\/markeri\/mtn-street-dabber-10-mm\/\"]}]},{\"@type\":\"ImageObject\",\"inLanguage\":\"en-US\",\"@id\":\"https:\/\/www.sugarfactory.hr\/proizvod\/markeri\/mtn-street-dabber-10-mm\/#primaryimage\",\"url\":\"https:\/\/www.sugarfactory.hr\/wp-content\/uploads\/2023\/05\/street-dabber.webp\",\"contentUrl\":\"https:\/\/www.sugarfactory.hr\/wp-content\/uploads\/2023\/05\/street-dabber.webp\",\"width\":896,\"height\":1120},{\"@type\":\"BreadcrumbList\",\"@id\":\"https:\/\/www.sugarfactory.hr\/proizvod\/markeri\/mtn-street-dabber-10-mm\/#breadcrumb\",\"itemListElement\":[{\"@type\":\"ListItem\",\"position\":1,\"name\":\"Po\u010detna stranica\",\"item\":\"https:\/\/www.sugarfactory.hr\/\"},{\"@type\":\"ListItem\",\"position\":2,\"name\":\"Proizvodi\",\"item\":\"https:\/\/www.sugarfactory.hr\/shop\/\"},{\"@type\":\"ListItem\",\"position\":3,\"name\":\"MTN Street Dabber 10 mm\"}]},{\"@type\":\"WebSite\",\"@id\":\"https:\/\/www.sugarfactory.hr\/#website\",\"url\":\"https:\/\/www.sugarfactory.hr\/\",\"name\":\"Sugar Factory\",\"description\":\"Create your sweetest pieces!\",\"potentialAction\":[{\"@type\":\"SearchAction\",\"target\":{\"@type\":\"EntryPoint\",\"urlTemplate\":\"https:\/\/www.sugarfactory.hr\/?s={search_term_string}\"},\"query-input\":{\"@type\":\"PropertyValueSpecification\",\"valueRequired\":true,\"valueName\":\"search_term_string\"}}],\"inLanguage\":\"en-US\"}]}<\/script>\n<!-- \/ Yoast SEO plugin. -->","yoast_head_json":{"title":"MTN Street Dabber 10 mm - Sugar Factory","robots":{"index":"index","follow":"follow","max-snippet":"max-snippet:-1","max-image-preview":"max-image-preview:large","max-video-preview":"max-video-preview:-1"},"canonical":"https:\/\/www.sugarfactory.hr\/en\/product-2\/markers\/mtn-street-dabber-10-mm\/","og_locale":"en_US","og_type":"article","og_title":"MTN Street Dabber 10 mm - Sugar Factory","og_description":"MTN Street Dabber 10 mm ispunjen je vrlo neprozirnom bojom dostupnom u deset razli\u010ditih boja. Opremljen je vrhom promjera 10 mm i jednostavnim ventilskim sustavom, \u0161to omogu\u0107uje brze, glatke i ravnomjerne linije na razli\u010ditim povr\u0161inama. Ovaj svestrani alat idealan je za razne tehnike i primjene \u2013 od tagiranja do kreativnih projekata \u2013 te pru\u017ea maksimalnu [&hellip;]","og_url":"https:\/\/www.sugarfactory.hr\/en\/product-2\/markers\/mtn-street-dabber-10-mm\/","og_site_name":"Sugar Factory","article_modified_time":"2026-04-15T19:31:08+00:00","og_image":[{"width":896,"height":1120,"url":"https:\/\/www.sugarfactory.hr\/wp-content\/uploads\/2023\/05\/street-dabber.webp","type":"image\/webp"}],"twitter_card":"summary_large_image","schema":{"@context":"https:\/\/schema.org","@graph":[{"@type":"WebPage","@id":"https:\/\/www.sugarfactory.hr\/proizvod\/markeri\/mtn-street-dabber-10-mm\/","url":"https:\/\/www.sugarfactory.hr\/proizvod\/markeri\/mtn-street-dabber-10-mm\/","name":"MTN Street Dabber 10 mm - Sugar Factory","isPartOf":{"@id":"https:\/\/www.sugarfactory.hr\/#website"},"primaryImageOfPage":{"@id":"https:\/\/www.sugarfactory.hr\/proizvod\/markeri\/mtn-street-dabber-10-mm\/#primaryimage"},"image":{"@id":"https:\/\/www.sugarfactory.hr\/proizvod\/markeri\/mtn-street-dabber-10-mm\/#primaryimage"},"thumbnailUrl":"https:\/\/www.sugarfactory.hr\/wp-content\/uploads\/2023\/05\/street-dabber.webp","datePublished":"2023-05-29T14:14:59+00:00","dateModified":"2026-04-15T19:31:08+00:00","breadcrumb":{"@id":"https:\/\/www.sugarfactory.hr\/proizvod\/markeri\/mtn-street-dabber-10-mm\/#breadcrumb"},"inLanguage":"en-US","potentialAction":[{"@type":"ReadAction","target":["https:\/\/www.sugarfactory.hr\/proizvod\/markeri\/mtn-street-dabber-10-mm\/"]}]},{"@type":"ImageObject","inLanguage":"en-US","@id":"https:\/\/www.sugarfactory.hr\/proizvod\/markeri\/mtn-street-dabber-10-mm\/#primaryimage","url":"https:\/\/www.sugarfactory.hr\/wp-content\/uploads\/2023\/05\/street-dabber.webp","contentUrl":"https:\/\/www.sugarfactory.hr\/wp-content\/uploads\/2023\/05\/street-dabber.webp","width":896,"height":1120},{"@type":"BreadcrumbList","@id":"https:\/\/www.sugarfactory.hr\/proizvod\/markeri\/mtn-street-dabber-10-mm\/#breadcrumb","itemListElement":[{"@type":"ListItem","position":1,"name":"Po\u010detna stranica","item":"https:\/\/www.sugarfactory.hr\/"},{"@type":"ListItem","position":2,"name":"Proizvodi","item":"https:\/\/www.sugarfactory.hr\/shop\/"},{"@type":"ListItem","position":3,"name":"MTN Street Dabber 10 mm"}]},{"@type":"WebSite","@id":"https:\/\/www.sugarfactory.hr\/#website","url":"https:\/\/www.sugarfactory.hr\/","name":"Sugar Factory","description":"Create your sweetest pieces!","potentialAction":[{"@type":"SearchAction","target":{"@type":"EntryPoint","urlTemplate":"https:\/\/www.sugarfactory.hr\/?s={search_term_string}"},"query-input":{"@type":"PropertyValueSpecification","valueRequired":true,"valueName":"search_term_string"}}],"inLanguage":"en-US"}]}},"_links":{"self":[{"href":"https:\/\/www.sugarfactory.hr\/en\/wp-json\/wp\/v2\/product\/5455","targetHints":{"allow":["GET"]}}],"collection":[{"href":"https:\/\/www.sugarfactory.hr\/en\/wp-json\/wp\/v2\/product"}],"about":[{"href":"https:\/\/www.sugarfactory.hr\/en\/wp-json\/wp\/v2\/types\/product"}],"wp:featuredmedia":[{"embeddable":true,"href":"https:\/\/www.sugarfactory.hr\/en\/wp-json\/wp\/v2\/media\/12465"}],"wp:attachment":[{"href":"https:\/\/www.sugarfactory.hr\/en\/wp-json\/wp\/v2\/media?parent=5455"}],"wp:term":[{"taxonomy":"product_brand","embeddable":true,"href":"https:\/\/www.sugarfactory.hr\/en\/wp-json\/wp\/v2\/product_brand?post=5455"},{"taxonomy":"product_cat","embeddable":true,"href":"https:\/\/www.sugarfactory.hr\/en\/wp-json\/wp\/v2\/product_cat?post=5455"},{"taxonomy":"product_tag","embeddable":true,"href":"https:\/\/www.sugarfactory.hr\/en\/wp-json\/wp\/v2\/product_tag?post=5455"}],"curies":[{"name":"wp","href":"https:\/\/api.w.org\/{rel}","templated":true}]}}