{"id":5965,"date":"2023-12-22T13:36:32","date_gmt":"2023-12-22T13:36:32","guid":{"rendered":"https:\/\/www.sugarfactory.hr\/?post_type=product&#038;p=5965"},"modified":"2026-04-21T13:11:58","modified_gmt":"2026-04-21T12:11:58","slug":"dope-dripper-10-mm-ink","status":"publish","type":"product","link":"https:\/\/www.sugarfactory.hr\/en\/product-2\/markers\/dope-dripper-10-mm-ink\/","title":{"rendered":"DOPE Dripper 10 mm INK"},"content":{"rendered":"<p data-start=\"75\" data-end=\"299\"><strong data-start=\"140\" data-end=\"166\">Dope Dripper INK 10 mm<\/strong> marker poznat je po stvaranju karakteristi\u010dnih <strong data-start=\"214\" data-end=\"237\">kapi i curenja boje<\/strong>, \u0161to ga \u010dini savr\u0161enim alatom za izra\u017eajan street art stil.<\/p>\n<p data-start=\"301\" data-end=\"459\">It's full <strong data-start=\"311\" data-end=\"338\">tintom na bazi alkohola<\/strong> koja se odli\u010dno pona\u0161a na svim povr\u0161inama, dok <strong data-start=\"386\" data-end=\"416\">fleksibilno tijelo markera<\/strong> omogu\u0107uje potpunu kontrolu protoka boje.<\/p>\n<p data-start=\"461\" data-end=\"640\">Otporan je na <strong data-start=\"475\" data-end=\"497\">atmosferske uvjete<\/strong>, \u0161to ga \u010dini trajnim i te\u0161kim za uklanjanje. Marker je dostupan u <strong data-start=\"564\" data-end=\"605\">dvije razli\u010dite veli\u010dine i kapaciteta<\/strong>, prilago\u0111en potrebama umjetnika.<\/p>\n<p>Lowest price in the last 30 days: <strong>3,2 \u20ac<\/strong><\/p>","protected":false},"excerpt":{"rendered":"<p>Dope Dripper INK 10 mm marker poznat je po stvaranju karakteristi\u010dnih kapi i curenja boje, \u0161to ga \u010dini savr\u0161enim alatom za izra\u017eajan street art stil. Punjen je tintom na bazi alkohola koja se odli\u010dno pona\u0161a na svim povr\u0161inama, dok fleksibilno tijelo markera omogu\u0107uje potpunu kontrolu protoka boje. Otporan je na atmosferske uvjete, \u0161to ga \u010dini [&hellip;]<\/p>","protected":false},"featured_media":12417,"template":"","meta":{"_acf_changed":false},"product_brand":[106],"product_cat":[22,83],"product_tag":[],"class_list":{"0":"post-5965","1":"product","2":"type-product","3":"status-publish","4":"has-post-thumbnail","6":"product_brand-dope","7":"product_cat-markeri","8":"product_cat-dripperi-squeezeri-i-dabberi","10":"first","11":"outofstock","12":"shipping-taxable","13":"purchasable","14":"product-type-variable"},"acf":[],"yoast_head":"<!-- This site is optimized with the Yoast SEO plugin v26.3 - https:\/\/yoast.com\/wordpress\/plugins\/seo\/ -->\n<title>DOPE Dripper 10 mm INK - Sugar Factory<\/title>\n<meta name=\"robots\" content=\"index, follow, max-snippet:-1, max-image-preview:large, max-video-preview:-1\" \/>\n<link rel=\"canonical\" href=\"https:\/\/www.sugarfactory.hr\/en\/product-2\/markers\/dope-dripper-10-mm-ink\/\" \/>\n<meta property=\"og:locale\" content=\"en_US\" \/>\n<meta property=\"og:type\" content=\"article\" \/>\n<meta property=\"og:title\" content=\"DOPE Dripper 10 mm INK - Sugar Factory\" \/>\n<meta property=\"og:description\" content=\"Dope Dripper INK 10 mm marker poznat je po stvaranju karakteristi\u010dnih kapi i curenja boje, \u0161to ga \u010dini savr\u0161enim alatom za izra\u017eajan street art stil. Punjen je tintom na bazi alkohola koja se odli\u010dno pona\u0161a na svim povr\u0161inama, dok fleksibilno tijelo markera omogu\u0107uje potpunu kontrolu protoka boje. Otporan je na atmosferske uvjete, \u0161to ga \u010dini [&hellip;]\" \/>\n<meta property=\"og:url\" content=\"https:\/\/www.sugarfactory.hr\/en\/product-2\/markers\/dope-dripper-10-mm-ink\/\" \/>\n<meta property=\"og:site_name\" content=\"Sugar Factory\" \/>\n<meta property=\"article:modified_time\" content=\"2026-04-21T12:11:58+00:00\" \/>\n<meta property=\"og:image\" content=\"https:\/\/www.sugarfactory.hr\/wp-content\/uploads\/2023\/12\/dope-dripper-10-mm-ink.webp\" \/>\n\t<meta property=\"og:image:width\" content=\"896\" \/>\n\t<meta property=\"og:image:height\" content=\"1120\" \/>\n\t<meta property=\"og:image:type\" content=\"image\/webp\" \/>\n<meta name=\"twitter:card\" content=\"summary_large_image\" \/>\n<script type=\"application\/ld+json\" class=\"yoast-schema-graph\">{\"@context\":\"https:\/\/schema.org\",\"@graph\":[{\"@type\":\"WebPage\",\"@id\":\"https:\/\/www.sugarfactory.hr\/proizvod\/markeri\/dope-dripper-10-mm-ink\/\",\"url\":\"https:\/\/www.sugarfactory.hr\/proizvod\/markeri\/dope-dripper-10-mm-ink\/\",\"name\":\"DOPE Dripper 10 mm INK - Sugar Factory\",\"isPartOf\":{\"@id\":\"https:\/\/www.sugarfactory.hr\/#website\"},\"primaryImageOfPage\":{\"@id\":\"https:\/\/www.sugarfactory.hr\/proizvod\/markeri\/dope-dripper-10-mm-ink\/#primaryimage\"},\"image\":{\"@id\":\"https:\/\/www.sugarfactory.hr\/proizvod\/markeri\/dope-dripper-10-mm-ink\/#primaryimage\"},\"thumbnailUrl\":\"https:\/\/www.sugarfactory.hr\/wp-content\/uploads\/2023\/12\/dope-dripper-10-mm-ink.webp\",\"datePublished\":\"2023-12-22T13:36:32+00:00\",\"dateModified\":\"2026-04-21T12:11:58+00:00\",\"breadcrumb\":{\"@id\":\"https:\/\/www.sugarfactory.hr\/proizvod\/markeri\/dope-dripper-10-mm-ink\/#breadcrumb\"},\"inLanguage\":\"en-US\",\"potentialAction\":[{\"@type\":\"ReadAction\",\"target\":[\"https:\/\/www.sugarfactory.hr\/proizvod\/markeri\/dope-dripper-10-mm-ink\/\"]}]},{\"@type\":\"ImageObject\",\"inLanguage\":\"en-US\",\"@id\":\"https:\/\/www.sugarfactory.hr\/proizvod\/markeri\/dope-dripper-10-mm-ink\/#primaryimage\",\"url\":\"https:\/\/www.sugarfactory.hr\/wp-content\/uploads\/2023\/12\/dope-dripper-10-mm-ink.webp\",\"contentUrl\":\"https:\/\/www.sugarfactory.hr\/wp-content\/uploads\/2023\/12\/dope-dripper-10-mm-ink.webp\",\"width\":896,\"height\":1120},{\"@type\":\"BreadcrumbList\",\"@id\":\"https:\/\/www.sugarfactory.hr\/proizvod\/markeri\/dope-dripper-10-mm-ink\/#breadcrumb\",\"itemListElement\":[{\"@type\":\"ListItem\",\"position\":1,\"name\":\"Po\u010detna stranica\",\"item\":\"https:\/\/www.sugarfactory.hr\/\"},{\"@type\":\"ListItem\",\"position\":2,\"name\":\"Proizvodi\",\"item\":\"https:\/\/www.sugarfactory.hr\/shop\/\"},{\"@type\":\"ListItem\",\"position\":3,\"name\":\"DOPE Dripper 10 mm INK\"}]},{\"@type\":\"WebSite\",\"@id\":\"https:\/\/www.sugarfactory.hr\/#website\",\"url\":\"https:\/\/www.sugarfactory.hr\/\",\"name\":\"Sugar Factory\",\"description\":\"Create your sweetest pieces!\",\"potentialAction\":[{\"@type\":\"SearchAction\",\"target\":{\"@type\":\"EntryPoint\",\"urlTemplate\":\"https:\/\/www.sugarfactory.hr\/?s={search_term_string}\"},\"query-input\":{\"@type\":\"PropertyValueSpecification\",\"valueRequired\":true,\"valueName\":\"search_term_string\"}}],\"inLanguage\":\"en-US\"}]}<\/script>\n<!-- \/ Yoast SEO plugin. -->","yoast_head_json":{"title":"DOPE Dripper 10 mm INK - Sugar Factory","robots":{"index":"index","follow":"follow","max-snippet":"max-snippet:-1","max-image-preview":"max-image-preview:large","max-video-preview":"max-video-preview:-1"},"canonical":"https:\/\/www.sugarfactory.hr\/en\/product-2\/markers\/dope-dripper-10-mm-ink\/","og_locale":"en_US","og_type":"article","og_title":"DOPE Dripper 10 mm INK - Sugar Factory","og_description":"Dope Dripper INK 10 mm marker poznat je po stvaranju karakteristi\u010dnih kapi i curenja boje, \u0161to ga \u010dini savr\u0161enim alatom za izra\u017eajan street art stil. Punjen je tintom na bazi alkohola koja se odli\u010dno pona\u0161a na svim povr\u0161inama, dok fleksibilno tijelo markera omogu\u0107uje potpunu kontrolu protoka boje. Otporan je na atmosferske uvjete, \u0161to ga \u010dini [&hellip;]","og_url":"https:\/\/www.sugarfactory.hr\/en\/product-2\/markers\/dope-dripper-10-mm-ink\/","og_site_name":"Sugar Factory","article_modified_time":"2026-04-21T12:11:58+00:00","og_image":[{"width":896,"height":1120,"url":"https:\/\/www.sugarfactory.hr\/wp-content\/uploads\/2023\/12\/dope-dripper-10-mm-ink.webp","type":"image\/webp"}],"twitter_card":"summary_large_image","schema":{"@context":"https:\/\/schema.org","@graph":[{"@type":"WebPage","@id":"https:\/\/www.sugarfactory.hr\/proizvod\/markeri\/dope-dripper-10-mm-ink\/","url":"https:\/\/www.sugarfactory.hr\/proizvod\/markeri\/dope-dripper-10-mm-ink\/","name":"DOPE Dripper 10 mm INK - Sugar Factory","isPartOf":{"@id":"https:\/\/www.sugarfactory.hr\/#website"},"primaryImageOfPage":{"@id":"https:\/\/www.sugarfactory.hr\/proizvod\/markeri\/dope-dripper-10-mm-ink\/#primaryimage"},"image":{"@id":"https:\/\/www.sugarfactory.hr\/proizvod\/markeri\/dope-dripper-10-mm-ink\/#primaryimage"},"thumbnailUrl":"https:\/\/www.sugarfactory.hr\/wp-content\/uploads\/2023\/12\/dope-dripper-10-mm-ink.webp","datePublished":"2023-12-22T13:36:32+00:00","dateModified":"2026-04-21T12:11:58+00:00","breadcrumb":{"@id":"https:\/\/www.sugarfactory.hr\/proizvod\/markeri\/dope-dripper-10-mm-ink\/#breadcrumb"},"inLanguage":"en-US","potentialAction":[{"@type":"ReadAction","target":["https:\/\/www.sugarfactory.hr\/proizvod\/markeri\/dope-dripper-10-mm-ink\/"]}]},{"@type":"ImageObject","inLanguage":"en-US","@id":"https:\/\/www.sugarfactory.hr\/proizvod\/markeri\/dope-dripper-10-mm-ink\/#primaryimage","url":"https:\/\/www.sugarfactory.hr\/wp-content\/uploads\/2023\/12\/dope-dripper-10-mm-ink.webp","contentUrl":"https:\/\/www.sugarfactory.hr\/wp-content\/uploads\/2023\/12\/dope-dripper-10-mm-ink.webp","width":896,"height":1120},{"@type":"BreadcrumbList","@id":"https:\/\/www.sugarfactory.hr\/proizvod\/markeri\/dope-dripper-10-mm-ink\/#breadcrumb","itemListElement":[{"@type":"ListItem","position":1,"name":"Po\u010detna stranica","item":"https:\/\/www.sugarfactory.hr\/"},{"@type":"ListItem","position":2,"name":"Proizvodi","item":"https:\/\/www.sugarfactory.hr\/shop\/"},{"@type":"ListItem","position":3,"name":"DOPE Dripper 10 mm INK"}]},{"@type":"WebSite","@id":"https:\/\/www.sugarfactory.hr\/#website","url":"https:\/\/www.sugarfactory.hr\/","name":"Sugar Factory","description":"Create your sweetest pieces!","potentialAction":[{"@type":"SearchAction","target":{"@type":"EntryPoint","urlTemplate":"https:\/\/www.sugarfactory.hr\/?s={search_term_string}"},"query-input":{"@type":"PropertyValueSpecification","valueRequired":true,"valueName":"search_term_string"}}],"inLanguage":"en-US"}]}},"_links":{"self":[{"href":"https:\/\/www.sugarfactory.hr\/en\/wp-json\/wp\/v2\/product\/5965","targetHints":{"allow":["GET"]}}],"collection":[{"href":"https:\/\/www.sugarfactory.hr\/en\/wp-json\/wp\/v2\/product"}],"about":[{"href":"https:\/\/www.sugarfactory.hr\/en\/wp-json\/wp\/v2\/types\/product"}],"wp:featuredmedia":[{"embeddable":true,"href":"https:\/\/www.sugarfactory.hr\/en\/wp-json\/wp\/v2\/media\/12417"}],"wp:attachment":[{"href":"https:\/\/www.sugarfactory.hr\/en\/wp-json\/wp\/v2\/media?parent=5965"}],"wp:term":[{"taxonomy":"product_brand","embeddable":true,"href":"https:\/\/www.sugarfactory.hr\/en\/wp-json\/wp\/v2\/product_brand?post=5965"},{"taxonomy":"product_cat","embeddable":true,"href":"https:\/\/www.sugarfactory.hr\/en\/wp-json\/wp\/v2\/product_cat?post=5965"},{"taxonomy":"product_tag","embeddable":true,"href":"https:\/\/www.sugarfactory.hr\/en\/wp-json\/wp\/v2\/product_tag?post=5965"}],"curies":[{"name":"wp","href":"https:\/\/api.w.org\/{rel}","templated":true}]}}