{"id":6206,"date":"2024-08-08T14:37:05","date_gmt":"2024-08-08T14:37:05","guid":{"rendered":"https:\/\/www.sugarfactory.hr\/?post_type=product&#038;p=6206"},"modified":"2026-03-13T14:41:37","modified_gmt":"2026-03-13T13:41:37","slug":"uni-pak-marker-posca-pc-1m-pastel-color-8-1","status":"publish","type":"product","link":"https:\/\/www.sugarfactory.hr\/en\/product-2\/markers\/postmarks\/uni-pak-marker-posca-pc-1m-pastel-color-8-1\/","title":{"rendered":"Uni Posca PC-1M Pastel Colors Marker Set 8\/1"},"content":{"rendered":"<p data-start=\"82\" data-end=\"277\"><strong data-start=\"138\" data-end=\"161\">Posca PC-1M markers<\/strong> with an exceptionally fine tip (<strong data-start=\"186\" data-end=\"196\">0.7 mm<\/strong>) are ideal for <strong data-start=\"212\" data-end=\"247\">Precise small-scale creations<\/strong>, drawing and coloring details.<\/p>\n<p data-start=\"279\" data-end=\"425\">This set of pastel shades is loved by <strong data-start=\"318\" data-end=\"337\">children and adults<\/strong>, from beginners to experienced artists, because it allows <strong data-start=\"389\" data-end=\"422\">easy and controlled creation<\/strong>.<\/p>\n<p data-start=\"427\" data-end=\"603\"><strong data-start=\"427\" data-end=\"449\">The set contains 8 colors:<\/strong> white, sunny yellow, peach, turquoise green, light blue, purple, light pink, and coral pink.<br data-start=\"561\" data-end=\"564\" \/><strong data-start=\"564\" data-end=\"578\">Packaging:<\/strong> 1 set (8 markers).<\/p>\n<p data-start=\"605\" data-end=\"731\"><strong data-start=\"605\" data-end=\"633\">Posca PC-1M pastel set<\/strong> delivers gentle tones and precision, perfect for <strong data-start=\"680\" data-end=\"728\">Illustrations, decorations, and creative projects<\/strong>.<\/p>","protected":false},"excerpt":{"rendered":"<p>Posca PC-1M markeri s izuzetno finim vrhom (0.7 mm) idealni su za precizne kreacije malog formata, crtanje i bojanje detalja. Ovaj set pastelnih nijansi obo\u017eavaju i djeca i odrasli, od po\u010detnika do iskusnih umjetnika, jer omogu\u0107uje lako i kontrolirano stvaranje. Set sadr\u017ei 8 boja: bijela, sun\u010dano \u017euta, boja breskve, tirkizno zelena, svijetlo plava, ljubi\u010dasta, svijetlo [&hellip;]<\/p>","protected":false},"featured_media":12443,"template":"","meta":{"_acf_changed":false},"product_brand":[111],"product_cat":[22,80],"product_tag":[],"class_list":{"0":"post-6206","1":"product","2":"type-product","3":"status-publish","4":"has-post-thumbnail","6":"product_brand-posca","7":"product_cat-markeri","8":"product_cat-posca-markeri","10":"first","11":"instock","12":"shipping-taxable","13":"purchasable","14":"product-type-simple"},"acf":[],"yoast_head":"<!-- This site is optimized with the Yoast SEO plugin v26.3 - https:\/\/yoast.com\/wordpress\/plugins\/seo\/ -->\n<title>Uni pak marker Posca PC-1M pastelne boje 8\/1 - Sugar Factory<\/title>\n<meta name=\"robots\" content=\"index, follow, max-snippet:-1, max-image-preview:large, max-video-preview:-1\" \/>\n<link rel=\"canonical\" href=\"https:\/\/www.sugarfactory.hr\/en\/product-2\/markers\/postmarks\/uni-pak-marker-posca-pc-1m-pastel-color-8-1\/\" \/>\n<meta property=\"og:locale\" content=\"en_US\" \/>\n<meta property=\"og:type\" content=\"article\" \/>\n<meta property=\"og:title\" content=\"Uni pak marker Posca PC-1M pastelne boje 8\/1 - Sugar Factory\" \/>\n<meta property=\"og:description\" content=\"Posca PC-1M markeri s izuzetno finim vrhom (0.7 mm) idealni su za precizne kreacije malog formata, crtanje i bojanje detalja. Ovaj set pastelnih nijansi obo\u017eavaju i djeca i odrasli, od po\u010detnika do iskusnih umjetnika, jer omogu\u0107uje lako i kontrolirano stvaranje. Set sadr\u017ei 8 boja: bijela, sun\u010dano \u017euta, boja breskve, tirkizno zelena, svijetlo plava, ljubi\u010dasta, svijetlo [&hellip;]\" \/>\n<meta property=\"og:url\" content=\"https:\/\/www.sugarfactory.hr\/en\/product-2\/markers\/postmarks\/uni-pak-marker-posca-pc-1m-pastel-color-8-1\/\" \/>\n<meta property=\"og:site_name\" content=\"Sugar Factory\" \/>\n<meta property=\"article:modified_time\" content=\"2026-03-13T13:41:37+00:00\" \/>\n<meta property=\"og:image\" content=\"https:\/\/www.sugarfactory.hr\/wp-content\/uploads\/2024\/08\/posca-pc1m-81.webp\" \/>\n\t<meta property=\"og:image:width\" content=\"896\" \/>\n\t<meta property=\"og:image:height\" content=\"1120\" \/>\n\t<meta property=\"og:image:type\" content=\"image\/webp\" \/>\n<meta name=\"twitter:card\" content=\"summary_large_image\" \/>\n<script type=\"application\/ld+json\" class=\"yoast-schema-graph\">{\"@context\":\"https:\/\/schema.org\",\"@graph\":[{\"@type\":\"WebPage\",\"@id\":\"https:\/\/www.sugarfactory.hr\/proizvod\/markeri\/posca-markeri\/uni-pak-marker-posca-pc-1m-pastelne-boje-8-1\/\",\"url\":\"https:\/\/www.sugarfactory.hr\/proizvod\/markeri\/posca-markeri\/uni-pak-marker-posca-pc-1m-pastelne-boje-8-1\/\",\"name\":\"Uni pak marker Posca PC-1M pastelne boje 8\/1 - Sugar Factory\",\"isPartOf\":{\"@id\":\"https:\/\/www.sugarfactory.hr\/#website\"},\"primaryImageOfPage\":{\"@id\":\"https:\/\/www.sugarfactory.hr\/proizvod\/markeri\/posca-markeri\/uni-pak-marker-posca-pc-1m-pastelne-boje-8-1\/#primaryimage\"},\"image\":{\"@id\":\"https:\/\/www.sugarfactory.hr\/proizvod\/markeri\/posca-markeri\/uni-pak-marker-posca-pc-1m-pastelne-boje-8-1\/#primaryimage\"},\"thumbnailUrl\":\"https:\/\/www.sugarfactory.hr\/wp-content\/uploads\/2024\/08\/posca-pc1m-81.webp\",\"datePublished\":\"2024-08-08T14:37:05+00:00\",\"dateModified\":\"2026-03-13T13:41:37+00:00\",\"breadcrumb\":{\"@id\":\"https:\/\/www.sugarfactory.hr\/proizvod\/markeri\/posca-markeri\/uni-pak-marker-posca-pc-1m-pastelne-boje-8-1\/#breadcrumb\"},\"inLanguage\":\"en-US\",\"potentialAction\":[{\"@type\":\"ReadAction\",\"target\":[\"https:\/\/www.sugarfactory.hr\/proizvod\/markeri\/posca-markeri\/uni-pak-marker-posca-pc-1m-pastelne-boje-8-1\/\"]}]},{\"@type\":\"ImageObject\",\"inLanguage\":\"en-US\",\"@id\":\"https:\/\/www.sugarfactory.hr\/proizvod\/markeri\/posca-markeri\/uni-pak-marker-posca-pc-1m-pastelne-boje-8-1\/#primaryimage\",\"url\":\"https:\/\/www.sugarfactory.hr\/wp-content\/uploads\/2024\/08\/posca-pc1m-81.webp\",\"contentUrl\":\"https:\/\/www.sugarfactory.hr\/wp-content\/uploads\/2024\/08\/posca-pc1m-81.webp\",\"width\":896,\"height\":1120},{\"@type\":\"BreadcrumbList\",\"@id\":\"https:\/\/www.sugarfactory.hr\/proizvod\/markeri\/posca-markeri\/uni-pak-marker-posca-pc-1m-pastelne-boje-8-1\/#breadcrumb\",\"itemListElement\":[{\"@type\":\"ListItem\",\"position\":1,\"name\":\"Po\u010detna stranica\",\"item\":\"https:\/\/www.sugarfactory.hr\/\"},{\"@type\":\"ListItem\",\"position\":2,\"name\":\"Proizvodi\",\"item\":\"https:\/\/www.sugarfactory.hr\/shop\/\"},{\"@type\":\"ListItem\",\"position\":3,\"name\":\"Uni pak marker Posca PC-1M pastelne boje 8\/1\"}]},{\"@type\":\"WebSite\",\"@id\":\"https:\/\/www.sugarfactory.hr\/#website\",\"url\":\"https:\/\/www.sugarfactory.hr\/\",\"name\":\"Sugar Factory\",\"description\":\"Create your sweetest pieces!\",\"potentialAction\":[{\"@type\":\"SearchAction\",\"target\":{\"@type\":\"EntryPoint\",\"urlTemplate\":\"https:\/\/www.sugarfactory.hr\/?s={search_term_string}\"},\"query-input\":{\"@type\":\"PropertyValueSpecification\",\"valueRequired\":true,\"valueName\":\"search_term_string\"}}],\"inLanguage\":\"en-US\"}]}<\/script>\n<!-- \/ Yoast SEO plugin. -->","yoast_head_json":{"title":"Uni Posca PC-1M Pastel-Colored Marker 8\/1 - Sugar Factory","robots":{"index":"index","follow":"follow","max-snippet":"max-snippet:-1","max-image-preview":"max-image-preview:large","max-video-preview":"max-video-preview:-1"},"canonical":"https:\/\/www.sugarfactory.hr\/en\/product-2\/markers\/postmarks\/uni-pak-marker-posca-pc-1m-pastel-color-8-1\/","og_locale":"en_US","og_type":"article","og_title":"Uni pak marker Posca PC-1M pastelne boje 8\/1 - Sugar Factory","og_description":"Posca PC-1M markeri s izuzetno finim vrhom (0.7 mm) idealni su za precizne kreacije malog formata, crtanje i bojanje detalja. Ovaj set pastelnih nijansi obo\u017eavaju i djeca i odrasli, od po\u010detnika do iskusnih umjetnika, jer omogu\u0107uje lako i kontrolirano stvaranje. Set sadr\u017ei 8 boja: bijela, sun\u010dano \u017euta, boja breskve, tirkizno zelena, svijetlo plava, ljubi\u010dasta, svijetlo [&hellip;]","og_url":"https:\/\/www.sugarfactory.hr\/en\/product-2\/markers\/postmarks\/uni-pak-marker-posca-pc-1m-pastel-color-8-1\/","og_site_name":"Sugar Factory","article_modified_time":"2026-03-13T13:41:37+00:00","og_image":[{"width":896,"height":1120,"url":"https:\/\/www.sugarfactory.hr\/wp-content\/uploads\/2024\/08\/posca-pc1m-81.webp","type":"image\/webp"}],"twitter_card":"summary_large_image","schema":{"@context":"https:\/\/schema.org","@graph":[{"@type":"WebPage","@id":"https:\/\/www.sugarfactory.hr\/proizvod\/markeri\/posca-markeri\/uni-pak-marker-posca-pc-1m-pastelne-boje-8-1\/","url":"https:\/\/www.sugarfactory.hr\/proizvod\/markeri\/posca-markeri\/uni-pak-marker-posca-pc-1m-pastelne-boje-8-1\/","name":"Uni Posca PC-1M Pastel-Colored Marker 8\/1 - Sugar Factory","isPartOf":{"@id":"https:\/\/www.sugarfactory.hr\/#website"},"primaryImageOfPage":{"@id":"https:\/\/www.sugarfactory.hr\/proizvod\/markeri\/posca-markeri\/uni-pak-marker-posca-pc-1m-pastelne-boje-8-1\/#primaryimage"},"image":{"@id":"https:\/\/www.sugarfactory.hr\/proizvod\/markeri\/posca-markeri\/uni-pak-marker-posca-pc-1m-pastelne-boje-8-1\/#primaryimage"},"thumbnailUrl":"https:\/\/www.sugarfactory.hr\/wp-content\/uploads\/2024\/08\/posca-pc1m-81.webp","datePublished":"2024-08-08T14:37:05+00:00","dateModified":"2026-03-13T13:41:37+00:00","breadcrumb":{"@id":"https:\/\/www.sugarfactory.hr\/proizvod\/markeri\/posca-markeri\/uni-pak-marker-posca-pc-1m-pastelne-boje-8-1\/#breadcrumb"},"inLanguage":"en-US","potentialAction":[{"@type":"ReadAction","target":["https:\/\/www.sugarfactory.hr\/proizvod\/markeri\/posca-markeri\/uni-pak-marker-posca-pc-1m-pastelne-boje-8-1\/"]}]},{"@type":"ImageObject","inLanguage":"en-US","@id":"https:\/\/www.sugarfactory.hr\/proizvod\/markeri\/posca-markeri\/uni-pak-marker-posca-pc-1m-pastelne-boje-8-1\/#primaryimage","url":"https:\/\/www.sugarfactory.hr\/wp-content\/uploads\/2024\/08\/posca-pc1m-81.webp","contentUrl":"https:\/\/www.sugarfactory.hr\/wp-content\/uploads\/2024\/08\/posca-pc1m-81.webp","width":896,"height":1120},{"@type":"BreadcrumbList","@id":"https:\/\/www.sugarfactory.hr\/proizvod\/markeri\/posca-markeri\/uni-pak-marker-posca-pc-1m-pastelne-boje-8-1\/#breadcrumb","itemListElement":[{"@type":"ListItem","position":1,"name":"Po\u010detna stranica","item":"https:\/\/www.sugarfactory.hr\/"},{"@type":"ListItem","position":2,"name":"Proizvodi","item":"https:\/\/www.sugarfactory.hr\/shop\/"},{"@type":"ListItem","position":3,"name":"Uni pak marker Posca PC-1M pastelne boje 8\/1"}]},{"@type":"WebSite","@id":"https:\/\/www.sugarfactory.hr\/#website","url":"https:\/\/www.sugarfactory.hr\/","name":"Sugar Factory","description":"Create your sweetest pieces!","potentialAction":[{"@type":"SearchAction","target":{"@type":"EntryPoint","urlTemplate":"https:\/\/www.sugarfactory.hr\/?s={search_term_string}"},"query-input":{"@type":"PropertyValueSpecification","valueRequired":true,"valueName":"search_term_string"}}],"inLanguage":"en-US"}]}},"_links":{"self":[{"href":"https:\/\/www.sugarfactory.hr\/en\/wp-json\/wp\/v2\/product\/6206","targetHints":{"allow":["GET"]}}],"collection":[{"href":"https:\/\/www.sugarfactory.hr\/en\/wp-json\/wp\/v2\/product"}],"about":[{"href":"https:\/\/www.sugarfactory.hr\/en\/wp-json\/wp\/v2\/types\/product"}],"wp:featuredmedia":[{"embeddable":true,"href":"https:\/\/www.sugarfactory.hr\/en\/wp-json\/wp\/v2\/media\/12443"}],"wp:attachment":[{"href":"https:\/\/www.sugarfactory.hr\/en\/wp-json\/wp\/v2\/media?parent=6206"}],"wp:term":[{"taxonomy":"product_brand","embeddable":true,"href":"https:\/\/www.sugarfactory.hr\/en\/wp-json\/wp\/v2\/product_brand?post=6206"},{"taxonomy":"product_cat","embeddable":true,"href":"https:\/\/www.sugarfactory.hr\/en\/wp-json\/wp\/v2\/product_cat?post=6206"},{"taxonomy":"product_tag","embeddable":true,"href":"https:\/\/www.sugarfactory.hr\/en\/wp-json\/wp\/v2\/product_tag?post=6206"}],"curies":[{"name":"wp","href":"https:\/\/api.w.org\/{rel}","templated":true}]}}