{"id":7281,"date":"2023-03-25T13:35:12","date_gmt":"2023-03-25T13:35:12","guid":{"rendered":"https:\/\/www.sugarfactory.hr\/product\/loop-metallic-400-ml\/"},"modified":"2026-04-17T12:53:13","modified_gmt":"2026-04-17T11:53:13","slug":"loop-metallic-400-ml","status":"publish","type":"product","link":"https:\/\/www.sugarfactory.hr\/en\/product-2\/sprays\/graffiti\/loop-metallic-400-ml\/","title":{"rendered":"Loop Heavymetal 400 ml"},"content":{"rendered":"<p data-start=\"75\" data-end=\"369\"><strong data-start=\"126\" data-end=\"152\">Loop Heavymetal 400 ml<\/strong> is part of the line <strong data-start=\"167\" data-end=\"191\">Loopcolors Metallics<\/strong>, developed to give every job <strong data-start=\"228\" data-end=\"253\">special metallic effect<\/strong>. It is ideal for a variety of applications \u2013 from <strong data-start=\"293\" data-end=\"330\">interior painting and decoration<\/strong> to art and graffiti projects.<\/p>\n<p data-start=\"371\" data-end=\"507\">The color is enriched. <strong data-start=\"389\" data-end=\"426\">high content of metallic pigments<\/strong>, which ensures an intense and glossy finish with a superior visual effect.<\/p>\n<p data-start=\"509\" data-end=\"734\">Thanks <strong data-start=\"522\" data-end=\"543\">medium pressure<\/strong>, handling is easy and allows precise control during application. Can of <strong data-start=\"626\" data-end=\"636\">400 ml<\/strong> It is lightweight, practical and designed in subtle tones, available in <strong data-start=\"705\" data-end=\"731\">three attractive shades<\/strong>.<\/p>\n<p data-start=\"736\" data-end=\"874\"><strong data-start=\"736\" data-end=\"760\">Loopcolors products<\/strong> undergo strict quality controls, which guarantees <strong data-start=\"806\" data-end=\"851\">exceptional coverage, durability and reliability<\/strong> with every use.<\/p>","protected":false},"excerpt":{"rendered":"<p>Loop Heavymetal 400 ml dio je linije Loopcolors Metallics, razvijene kako bi svakom radu dala poseban metalik efekt. Idealan je za razli\u010dite primjene \u2013 od lakiranja i dekoracije interijera do umjetni\u010dkih i graffiti projekata. Boja je oboga\u0107ena visokim udjelom metalik pigmenata, \u0161to osigurava intenzivan i sjajan zavr\u0161ni sloj s vrhunskim vizualnim u\u010dinkom. Zahvaljuju\u0107i srednjem pritisku, [&hellip;]<\/p>","protected":false},"featured_media":12354,"template":"","meta":{"_acf_changed":false},"product_brand":[103],"product_cat":[75,16],"product_tag":[],"class_list":{"0":"post-7281","1":"product","2":"type-product","3":"status-publish","4":"has-post-thumbnail","6":"product_brand-loop","7":"product_cat-graffiti","8":"product_cat-sprejevi","10":"first","11":"outofstock","12":"shipping-taxable","13":"purchasable","14":"product-type-variable"},"acf":[],"yoast_head":"<!-- This site is optimized with the Yoast SEO plugin v26.3 - https:\/\/yoast.com\/wordpress\/plugins\/seo\/ -->\n<title>Loop Heavymetal 400 ml - Sugar Factory<\/title>\n<meta name=\"robots\" content=\"index, follow, max-snippet:-1, max-image-preview:large, max-video-preview:-1\" \/>\n<link rel=\"canonical\" href=\"https:\/\/www.sugarfactory.hr\/en\/product-2\/sprays\/graffiti\/loop-metallic-400-ml\/\" \/>\n<meta property=\"og:locale\" content=\"en_US\" \/>\n<meta property=\"og:type\" content=\"article\" \/>\n<meta property=\"og:title\" content=\"Loop Heavymetal 400 ml - Sugar Factory\" \/>\n<meta property=\"og:description\" content=\"Loop Heavymetal 400 ml dio je linije Loopcolors Metallics, razvijene kako bi svakom radu dala poseban metalik efekt. Idealan je za razli\u010dite primjene \u2013 od lakiranja i dekoracije interijera do umjetni\u010dkih i graffiti projekata. Boja je oboga\u0107ena visokim udjelom metalik pigmenata, \u0161to osigurava intenzivan i sjajan zavr\u0161ni sloj s vrhunskim vizualnim u\u010dinkom. Zahvaljuju\u0107i srednjem pritisku, [&hellip;]\" \/>\n<meta property=\"og:url\" content=\"https:\/\/www.sugarfactory.hr\/en\/product-2\/sprays\/graffiti\/loop-metallic-400-ml\/\" \/>\n<meta property=\"og:site_name\" content=\"Sugar Factory\" \/>\n<meta property=\"article:modified_time\" content=\"2026-04-17T11:53:13+00:00\" \/>\n<meta property=\"og:image\" content=\"https:\/\/www.sugarfactory.hr\/wp-content\/uploads\/2023\/03\/loop-heavy-metal-400.webp\" \/>\n\t<meta property=\"og:image:width\" content=\"896\" \/>\n\t<meta property=\"og:image:height\" content=\"1120\" \/>\n\t<meta property=\"og:image:type\" content=\"image\/webp\" \/>\n<meta name=\"twitter:card\" content=\"summary_large_image\" \/>\n<meta name=\"twitter:label1\" content=\"Est. reading time\" \/>\n\t<meta name=\"twitter:data1\" content=\"1 minute\" \/>\n<script type=\"application\/ld+json\" class=\"yoast-schema-graph\">{\"@context\":\"https:\/\/schema.org\",\"@graph\":[{\"@type\":\"WebPage\",\"@id\":\"https:\/\/www.sugarfactory.hr\/proizvod\/sprejevi\/graffiti\/loop-metallic-400-ml\/\",\"url\":\"https:\/\/www.sugarfactory.hr\/proizvod\/sprejevi\/graffiti\/loop-metallic-400-ml\/\",\"name\":\"Loop Heavymetal 400 ml - Sugar Factory\",\"isPartOf\":{\"@id\":\"https:\/\/www.sugarfactory.hr\/#website\"},\"primaryImageOfPage\":{\"@id\":\"https:\/\/www.sugarfactory.hr\/proizvod\/sprejevi\/graffiti\/loop-metallic-400-ml\/#primaryimage\"},\"image\":{\"@id\":\"https:\/\/www.sugarfactory.hr\/proizvod\/sprejevi\/graffiti\/loop-metallic-400-ml\/#primaryimage\"},\"thumbnailUrl\":\"https:\/\/www.sugarfactory.hr\/wp-content\/uploads\/2023\/03\/loop-heavy-metal-400.webp\",\"datePublished\":\"2023-03-25T13:35:12+00:00\",\"dateModified\":\"2026-04-17T11:53:13+00:00\",\"breadcrumb\":{\"@id\":\"https:\/\/www.sugarfactory.hr\/proizvod\/sprejevi\/graffiti\/loop-metallic-400-ml\/#breadcrumb\"},\"inLanguage\":\"en-US\",\"potentialAction\":[{\"@type\":\"ReadAction\",\"target\":[\"https:\/\/www.sugarfactory.hr\/proizvod\/sprejevi\/graffiti\/loop-metallic-400-ml\/\"]}]},{\"@type\":\"ImageObject\",\"inLanguage\":\"en-US\",\"@id\":\"https:\/\/www.sugarfactory.hr\/proizvod\/sprejevi\/graffiti\/loop-metallic-400-ml\/#primaryimage\",\"url\":\"https:\/\/www.sugarfactory.hr\/wp-content\/uploads\/2023\/03\/loop-heavy-metal-400.webp\",\"contentUrl\":\"https:\/\/www.sugarfactory.hr\/wp-content\/uploads\/2023\/03\/loop-heavy-metal-400.webp\",\"width\":896,\"height\":1120},{\"@type\":\"BreadcrumbList\",\"@id\":\"https:\/\/www.sugarfactory.hr\/proizvod\/sprejevi\/graffiti\/loop-metallic-400-ml\/#breadcrumb\",\"itemListElement\":[{\"@type\":\"ListItem\",\"position\":1,\"name\":\"Po\u010detna stranica\",\"item\":\"https:\/\/www.sugarfactory.hr\/\"},{\"@type\":\"ListItem\",\"position\":2,\"name\":\"Proizvodi\",\"item\":\"https:\/\/www.sugarfactory.hr\/shop\/\"},{\"@type\":\"ListItem\",\"position\":3,\"name\":\"Loop Heavymetal 400 ml\"}]},{\"@type\":\"WebSite\",\"@id\":\"https:\/\/www.sugarfactory.hr\/#website\",\"url\":\"https:\/\/www.sugarfactory.hr\/\",\"name\":\"Sugar Factory\",\"description\":\"Create your sweetest pieces!\",\"potentialAction\":[{\"@type\":\"SearchAction\",\"target\":{\"@type\":\"EntryPoint\",\"urlTemplate\":\"https:\/\/www.sugarfactory.hr\/?s={search_term_string}\"},\"query-input\":{\"@type\":\"PropertyValueSpecification\",\"valueRequired\":true,\"valueName\":\"search_term_string\"}}],\"inLanguage\":\"en-US\"}]}<\/script>\n<!-- \/ Yoast SEO plugin. -->","yoast_head_json":{"title":"Loop Heavymetal 400 ml - Sugar Factory","robots":{"index":"index","follow":"follow","max-snippet":"max-snippet:-1","max-image-preview":"max-image-preview:large","max-video-preview":"max-video-preview:-1"},"canonical":"https:\/\/www.sugarfactory.hr\/en\/product-2\/sprays\/graffiti\/loop-metallic-400-ml\/","og_locale":"en_US","og_type":"article","og_title":"Loop Heavymetal 400 ml - Sugar Factory","og_description":"Loop Heavymetal 400 ml dio je linije Loopcolors Metallics, razvijene kako bi svakom radu dala poseban metalik efekt. Idealan je za razli\u010dite primjene \u2013 od lakiranja i dekoracije interijera do umjetni\u010dkih i graffiti projekata. Boja je oboga\u0107ena visokim udjelom metalik pigmenata, \u0161to osigurava intenzivan i sjajan zavr\u0161ni sloj s vrhunskim vizualnim u\u010dinkom. Zahvaljuju\u0107i srednjem pritisku, [&hellip;]","og_url":"https:\/\/www.sugarfactory.hr\/en\/product-2\/sprays\/graffiti\/loop-metallic-400-ml\/","og_site_name":"Sugar Factory","article_modified_time":"2026-04-17T11:53:13+00:00","og_image":[{"width":896,"height":1120,"url":"https:\/\/www.sugarfactory.hr\/wp-content\/uploads\/2023\/03\/loop-heavy-metal-400.webp","type":"image\/webp"}],"twitter_card":"summary_large_image","twitter_misc":{"Est. reading time":"1 minute"},"schema":{"@context":"https:\/\/schema.org","@graph":[{"@type":"WebPage","@id":"https:\/\/www.sugarfactory.hr\/proizvod\/sprejevi\/graffiti\/loop-metallic-400-ml\/","url":"https:\/\/www.sugarfactory.hr\/proizvod\/sprejevi\/graffiti\/loop-metallic-400-ml\/","name":"Loop Heavymetal 400 ml - Sugar Factory","isPartOf":{"@id":"https:\/\/www.sugarfactory.hr\/#website"},"primaryImageOfPage":{"@id":"https:\/\/www.sugarfactory.hr\/proizvod\/sprejevi\/graffiti\/loop-metallic-400-ml\/#primaryimage"},"image":{"@id":"https:\/\/www.sugarfactory.hr\/proizvod\/sprejevi\/graffiti\/loop-metallic-400-ml\/#primaryimage"},"thumbnailUrl":"https:\/\/www.sugarfactory.hr\/wp-content\/uploads\/2023\/03\/loop-heavy-metal-400.webp","datePublished":"2023-03-25T13:35:12+00:00","dateModified":"2026-04-17T11:53:13+00:00","breadcrumb":{"@id":"https:\/\/www.sugarfactory.hr\/proizvod\/sprejevi\/graffiti\/loop-metallic-400-ml\/#breadcrumb"},"inLanguage":"en-US","potentialAction":[{"@type":"ReadAction","target":["https:\/\/www.sugarfactory.hr\/proizvod\/sprejevi\/graffiti\/loop-metallic-400-ml\/"]}]},{"@type":"ImageObject","inLanguage":"en-US","@id":"https:\/\/www.sugarfactory.hr\/proizvod\/sprejevi\/graffiti\/loop-metallic-400-ml\/#primaryimage","url":"https:\/\/www.sugarfactory.hr\/wp-content\/uploads\/2023\/03\/loop-heavy-metal-400.webp","contentUrl":"https:\/\/www.sugarfactory.hr\/wp-content\/uploads\/2023\/03\/loop-heavy-metal-400.webp","width":896,"height":1120},{"@type":"BreadcrumbList","@id":"https:\/\/www.sugarfactory.hr\/proizvod\/sprejevi\/graffiti\/loop-metallic-400-ml\/#breadcrumb","itemListElement":[{"@type":"ListItem","position":1,"name":"Po\u010detna stranica","item":"https:\/\/www.sugarfactory.hr\/"},{"@type":"ListItem","position":2,"name":"Proizvodi","item":"https:\/\/www.sugarfactory.hr\/shop\/"},{"@type":"ListItem","position":3,"name":"Loop Heavymetal 400 ml"}]},{"@type":"WebSite","@id":"https:\/\/www.sugarfactory.hr\/#website","url":"https:\/\/www.sugarfactory.hr\/","name":"Sugar Factory","description":"Create your sweetest pieces!","potentialAction":[{"@type":"SearchAction","target":{"@type":"EntryPoint","urlTemplate":"https:\/\/www.sugarfactory.hr\/?s={search_term_string}"},"query-input":{"@type":"PropertyValueSpecification","valueRequired":true,"valueName":"search_term_string"}}],"inLanguage":"en-US"}]}},"_links":{"self":[{"href":"https:\/\/www.sugarfactory.hr\/en\/wp-json\/wp\/v2\/product\/7281","targetHints":{"allow":["GET"]}}],"collection":[{"href":"https:\/\/www.sugarfactory.hr\/en\/wp-json\/wp\/v2\/product"}],"about":[{"href":"https:\/\/www.sugarfactory.hr\/en\/wp-json\/wp\/v2\/types\/product"}],"wp:featuredmedia":[{"embeddable":true,"href":"https:\/\/www.sugarfactory.hr\/en\/wp-json\/wp\/v2\/media\/12354"}],"wp:attachment":[{"href":"https:\/\/www.sugarfactory.hr\/en\/wp-json\/wp\/v2\/media?parent=7281"}],"wp:term":[{"taxonomy":"product_brand","embeddable":true,"href":"https:\/\/www.sugarfactory.hr\/en\/wp-json\/wp\/v2\/product_brand?post=7281"},{"taxonomy":"product_cat","embeddable":true,"href":"https:\/\/www.sugarfactory.hr\/en\/wp-json\/wp\/v2\/product_cat?post=7281"},{"taxonomy":"product_tag","embeddable":true,"href":"https:\/\/www.sugarfactory.hr\/en\/wp-json\/wp\/v2\/product_tag?post=7281"}],"curies":[{"name":"wp","href":"https:\/\/api.w.org\/{rel}","templated":true}]}}