{"id":7374,"date":"2024-04-20T12:58:48","date_gmt":"2024-04-20T12:58:48","guid":{"rendered":"https:\/\/www.sugarfactory.hr\/?post_type=product&#038;p=7374"},"modified":"2025-10-16T14:00:23","modified_gmt":"2025-10-16T13:00:23","slug":"8-pack-shoulder-bag","status":"publish","type":"product","link":"https:\/\/www.sugarfactory.hr\/en\/product-2\/accessories\/8-pack-shoulder-bag\/","title":{"rendered":"8 Pack Shoulder Bag"},"content":{"rendered":"<p data-start=\"0\" data-end=\"143\"><strong data-start=\"0\" data-end=\"23\">8 Pack Shoulder Bag<\/strong> izra\u0111ena je od <strong data-start=\"39\" data-end=\"87\" data-is-only-node=\"\">Non 500 D poliestera s vodootpornom podlogom<\/strong>, ideal for <strong data-start=\"100\" data-end=\"140\">siguran transport do 8 sprej limenki<\/strong>.<\/p>\n<p data-start=\"145\" data-end=\"527\" data-is-last-node=\"\" data-is-only-node=\"\">Opremljena je <strong data-start=\"159\" data-end=\"200\">odvojivim remenom za rame \u0161irine 4 cm<\/strong>, glavnim <strong data-start=\"210\" data-end=\"255\">pretincem zatvorenim patentnim zatvara\u010dem<\/strong> and <strong data-start=\"258\" data-end=\"290\">d\u017eepom na preklopu sa \u010di\u010dkom<\/strong> za dodatne sitnice. Sa strane se nalaze <strong data-start=\"331\" data-end=\"352\">2 d\u017eepa za kapice<\/strong>, which allows <strong data-start=\"368\" data-end=\"403\">organizirano spremanje dodataka<\/strong>.<\/p>\n<p data-start=\"145\" data-end=\"527\" data-is-last-node=\"\" data-is-only-node=\"\">Dimenzije torbe: <strong data-start=\"424\" data-end=\"447\">31 x 26,5 x 16,5 cm<\/strong>, providing <strong data-start=\"459\" data-end=\"526\">kompaktan, prakti\u010dan i pouzdan na\u010din no\u0161enja sprejeva i pribora<\/strong>.<\/p>","protected":false},"excerpt":{"rendered":"<p>8 Pack Shoulder Bag izra\u0111ena je od Non 500 D poliestera s vodootpornom podlogom, idealna za siguran transport do 8 sprej limenki. Opremljena je odvojivim remenom za rame \u0161irine 4 cm, glavnim pretincem zatvorenim patentnim zatvara\u010dem i d\u017eepom na preklopu sa \u010di\u010dkom za dodatne sitnice. Sa strane se nalaze 2 d\u017eepa za kapice, \u0161to omogu\u0107uje [&hellip;]<\/p>","protected":false},"featured_media":12600,"template":"","meta":{"_acf_changed":false},"product_brand":[103],"product_cat":[21,87],"product_tag":[],"class_list":{"0":"post-7374","1":"product","2":"type-product","3":"status-publish","4":"has-post-thumbnail","6":"product_brand-loop","7":"product_cat-accessories","8":"product_cat-torbe-i-pojasi","10":"first","11":"outofstock","12":"shipping-taxable","13":"purchasable","14":"product-type-simple"},"acf":[],"yoast_head":"<!-- This site is optimized with the Yoast SEO plugin v26.3 - https:\/\/yoast.com\/wordpress\/plugins\/seo\/ -->\n<title>8 Pack Shoulder Bag - Sugar Factory<\/title>\n<meta name=\"robots\" content=\"index, follow, max-snippet:-1, max-image-preview:large, max-video-preview:-1\" \/>\n<link rel=\"canonical\" href=\"https:\/\/www.sugarfactory.hr\/en\/product-2\/accessories\/8-pack-shoulder-bag\/\" \/>\n<meta property=\"og:locale\" content=\"en_US\" \/>\n<meta property=\"og:type\" content=\"article\" \/>\n<meta property=\"og:title\" content=\"8 Pack Shoulder Bag - Sugar Factory\" \/>\n<meta property=\"og:description\" content=\"8 Pack Shoulder Bag izra\u0111ena je od Non 500 D poliestera s vodootpornom podlogom, idealna za siguran transport do 8 sprej limenki. Opremljena je odvojivim remenom za rame \u0161irine 4 cm, glavnim pretincem zatvorenim patentnim zatvara\u010dem i d\u017eepom na preklopu sa \u010di\u010dkom za dodatne sitnice. Sa strane se nalaze 2 d\u017eepa za kapice, \u0161to omogu\u0107uje [&hellip;]\" \/>\n<meta property=\"og:url\" content=\"https:\/\/www.sugarfactory.hr\/en\/product-2\/accessories\/8-pack-shoulder-bag\/\" \/>\n<meta property=\"og:site_name\" content=\"Sugar Factory\" \/>\n<meta property=\"article:modified_time\" content=\"2025-10-16T13:00:23+00:00\" \/>\n<meta property=\"og:image\" content=\"https:\/\/www.sugarfactory.hr\/wp-content\/uploads\/2024\/04\/b4290656f0724bd9b0af107c874c360e.webp\" \/>\n\t<meta property=\"og:image:width\" content=\"896\" \/>\n\t<meta property=\"og:image:height\" content=\"1120\" \/>\n\t<meta property=\"og:image:type\" content=\"image\/webp\" \/>\n<meta name=\"twitter:card\" content=\"summary_large_image\" \/>\n<script type=\"application\/ld+json\" class=\"yoast-schema-graph\">{\"@context\":\"https:\/\/schema.org\",\"@graph\":[{\"@type\":\"WebPage\",\"@id\":\"https:\/\/www.sugarfactory.hr\/proizvod\/accessories\/8-pack-shoulder-bag\/\",\"url\":\"https:\/\/www.sugarfactory.hr\/proizvod\/accessories\/8-pack-shoulder-bag\/\",\"name\":\"8 Pack Shoulder Bag - Sugar Factory\",\"isPartOf\":{\"@id\":\"https:\/\/www.sugarfactory.hr\/#website\"},\"primaryImageOfPage\":{\"@id\":\"https:\/\/www.sugarfactory.hr\/proizvod\/accessories\/8-pack-shoulder-bag\/#primaryimage\"},\"image\":{\"@id\":\"https:\/\/www.sugarfactory.hr\/proizvod\/accessories\/8-pack-shoulder-bag\/#primaryimage\"},\"thumbnailUrl\":\"https:\/\/www.sugarfactory.hr\/wp-content\/uploads\/2024\/04\/b4290656f0724bd9b0af107c874c360e.webp\",\"datePublished\":\"2024-04-20T12:58:48+00:00\",\"dateModified\":\"2025-10-16T13:00:23+00:00\",\"breadcrumb\":{\"@id\":\"https:\/\/www.sugarfactory.hr\/proizvod\/accessories\/8-pack-shoulder-bag\/#breadcrumb\"},\"inLanguage\":\"en-US\",\"potentialAction\":[{\"@type\":\"ReadAction\",\"target\":[\"https:\/\/www.sugarfactory.hr\/proizvod\/accessories\/8-pack-shoulder-bag\/\"]}]},{\"@type\":\"ImageObject\",\"inLanguage\":\"en-US\",\"@id\":\"https:\/\/www.sugarfactory.hr\/proizvod\/accessories\/8-pack-shoulder-bag\/#primaryimage\",\"url\":\"https:\/\/www.sugarfactory.hr\/wp-content\/uploads\/2024\/04\/b4290656f0724bd9b0af107c874c360e.webp\",\"contentUrl\":\"https:\/\/www.sugarfactory.hr\/wp-content\/uploads\/2024\/04\/b4290656f0724bd9b0af107c874c360e.webp\",\"width\":896,\"height\":1120},{\"@type\":\"BreadcrumbList\",\"@id\":\"https:\/\/www.sugarfactory.hr\/proizvod\/accessories\/8-pack-shoulder-bag\/#breadcrumb\",\"itemListElement\":[{\"@type\":\"ListItem\",\"position\":1,\"name\":\"Po\u010detna stranica\",\"item\":\"https:\/\/www.sugarfactory.hr\/\"},{\"@type\":\"ListItem\",\"position\":2,\"name\":\"Proizvodi\",\"item\":\"https:\/\/www.sugarfactory.hr\/shop\/\"},{\"@type\":\"ListItem\",\"position\":3,\"name\":\"8 Pack Shoulder Bag\"}]},{\"@type\":\"WebSite\",\"@id\":\"https:\/\/www.sugarfactory.hr\/#website\",\"url\":\"https:\/\/www.sugarfactory.hr\/\",\"name\":\"Sugar Factory\",\"description\":\"Create your sweetest pieces!\",\"potentialAction\":[{\"@type\":\"SearchAction\",\"target\":{\"@type\":\"EntryPoint\",\"urlTemplate\":\"https:\/\/www.sugarfactory.hr\/?s={search_term_string}\"},\"query-input\":{\"@type\":\"PropertyValueSpecification\",\"valueRequired\":true,\"valueName\":\"search_term_string\"}}],\"inLanguage\":\"en-US\"}]}<\/script>\n<!-- \/ Yoast SEO plugin. -->","yoast_head_json":{"title":"8 Pack Shoulder Bag - Sugar Factory","robots":{"index":"index","follow":"follow","max-snippet":"max-snippet:-1","max-image-preview":"max-image-preview:large","max-video-preview":"max-video-preview:-1"},"canonical":"https:\/\/www.sugarfactory.hr\/en\/product-2\/accessories\/8-pack-shoulder-bag\/","og_locale":"en_US","og_type":"article","og_title":"8 Pack Shoulder Bag - Sugar Factory","og_description":"8 Pack Shoulder Bag izra\u0111ena je od Non 500 D poliestera s vodootpornom podlogom, idealna za siguran transport do 8 sprej limenki. Opremljena je odvojivim remenom za rame \u0161irine 4 cm, glavnim pretincem zatvorenim patentnim zatvara\u010dem i d\u017eepom na preklopu sa \u010di\u010dkom za dodatne sitnice. Sa strane se nalaze 2 d\u017eepa za kapice, \u0161to omogu\u0107uje [&hellip;]","og_url":"https:\/\/www.sugarfactory.hr\/en\/product-2\/accessories\/8-pack-shoulder-bag\/","og_site_name":"Sugar Factory","article_modified_time":"2025-10-16T13:00:23+00:00","og_image":[{"width":896,"height":1120,"url":"https:\/\/www.sugarfactory.hr\/wp-content\/uploads\/2024\/04\/b4290656f0724bd9b0af107c874c360e.webp","type":"image\/webp"}],"twitter_card":"summary_large_image","schema":{"@context":"https:\/\/schema.org","@graph":[{"@type":"WebPage","@id":"https:\/\/www.sugarfactory.hr\/proizvod\/accessories\/8-pack-shoulder-bag\/","url":"https:\/\/www.sugarfactory.hr\/proizvod\/accessories\/8-pack-shoulder-bag\/","name":"8 Pack Shoulder Bag - Sugar Factory","isPartOf":{"@id":"https:\/\/www.sugarfactory.hr\/#website"},"primaryImageOfPage":{"@id":"https:\/\/www.sugarfactory.hr\/proizvod\/accessories\/8-pack-shoulder-bag\/#primaryimage"},"image":{"@id":"https:\/\/www.sugarfactory.hr\/proizvod\/accessories\/8-pack-shoulder-bag\/#primaryimage"},"thumbnailUrl":"https:\/\/www.sugarfactory.hr\/wp-content\/uploads\/2024\/04\/b4290656f0724bd9b0af107c874c360e.webp","datePublished":"2024-04-20T12:58:48+00:00","dateModified":"2025-10-16T13:00:23+00:00","breadcrumb":{"@id":"https:\/\/www.sugarfactory.hr\/proizvod\/accessories\/8-pack-shoulder-bag\/#breadcrumb"},"inLanguage":"en-US","potentialAction":[{"@type":"ReadAction","target":["https:\/\/www.sugarfactory.hr\/proizvod\/accessories\/8-pack-shoulder-bag\/"]}]},{"@type":"ImageObject","inLanguage":"en-US","@id":"https:\/\/www.sugarfactory.hr\/proizvod\/accessories\/8-pack-shoulder-bag\/#primaryimage","url":"https:\/\/www.sugarfactory.hr\/wp-content\/uploads\/2024\/04\/b4290656f0724bd9b0af107c874c360e.webp","contentUrl":"https:\/\/www.sugarfactory.hr\/wp-content\/uploads\/2024\/04\/b4290656f0724bd9b0af107c874c360e.webp","width":896,"height":1120},{"@type":"BreadcrumbList","@id":"https:\/\/www.sugarfactory.hr\/proizvod\/accessories\/8-pack-shoulder-bag\/#breadcrumb","itemListElement":[{"@type":"ListItem","position":1,"name":"Po\u010detna stranica","item":"https:\/\/www.sugarfactory.hr\/"},{"@type":"ListItem","position":2,"name":"Proizvodi","item":"https:\/\/www.sugarfactory.hr\/shop\/"},{"@type":"ListItem","position":3,"name":"8 Pack Shoulder Bag"}]},{"@type":"WebSite","@id":"https:\/\/www.sugarfactory.hr\/#website","url":"https:\/\/www.sugarfactory.hr\/","name":"Sugar Factory","description":"Create your sweetest pieces!","potentialAction":[{"@type":"SearchAction","target":{"@type":"EntryPoint","urlTemplate":"https:\/\/www.sugarfactory.hr\/?s={search_term_string}"},"query-input":{"@type":"PropertyValueSpecification","valueRequired":true,"valueName":"search_term_string"}}],"inLanguage":"en-US"}]}},"_links":{"self":[{"href":"https:\/\/www.sugarfactory.hr\/en\/wp-json\/wp\/v2\/product\/7374","targetHints":{"allow":["GET"]}}],"collection":[{"href":"https:\/\/www.sugarfactory.hr\/en\/wp-json\/wp\/v2\/product"}],"about":[{"href":"https:\/\/www.sugarfactory.hr\/en\/wp-json\/wp\/v2\/types\/product"}],"wp:featuredmedia":[{"embeddable":true,"href":"https:\/\/www.sugarfactory.hr\/en\/wp-json\/wp\/v2\/media\/12600"}],"wp:attachment":[{"href":"https:\/\/www.sugarfactory.hr\/en\/wp-json\/wp\/v2\/media?parent=7374"}],"wp:term":[{"taxonomy":"product_brand","embeddable":true,"href":"https:\/\/www.sugarfactory.hr\/en\/wp-json\/wp\/v2\/product_brand?post=7374"},{"taxonomy":"product_cat","embeddable":true,"href":"https:\/\/www.sugarfactory.hr\/en\/wp-json\/wp\/v2\/product_cat?post=7374"},{"taxonomy":"product_tag","embeddable":true,"href":"https:\/\/www.sugarfactory.hr\/en\/wp-json\/wp\/v2\/product_tag?post=7374"}],"curies":[{"name":"wp","href":"https:\/\/api.w.org\/{rel}","templated":true}]}}