{"id":7776,"date":"2024-04-26T10:23:45","date_gmt":"2024-04-26T10:23:45","guid":{"rendered":"https:\/\/www.sugarfactory.hr\/?post_type=product&#038;p=7776"},"modified":"2026-03-16T09:54:51","modified_gmt":"2026-03-16T08:54:51","slug":"acrylic-terzia-500-ml","status":"publish","type":"product","link":"https:\/\/www.sugarfactory.hr\/en\/product-2\/art-program\/acrylic-terzia-500-ml\/","title":{"rendered":"Acrylic Terzia 500 ml"},"content":{"rendered":"<p data-start=\"0\" data-end=\"114\"><strong data-start=\"0\" data-end=\"23\">Acrylic Terzia 500 ml<\/strong> are <strong data-start=\"27\" data-end=\"71\" data-is-only-node=\"\">well-pigmented and lightweight acrylic paints<\/strong>, ideal for <strong data-start=\"84\" data-end=\"111\">school and study work<\/strong>.<\/p>\n<p data-start=\"116\" data-end=\"380\" data-is-last-node=\"\" data-is-only-node=\"\">Thanks <strong data-start=\"129\" data-end=\"157\">adjusted viscosity<\/strong>, allow <strong data-start=\"169\" data-end=\"206\">quick application to large surfaces<\/strong> and it&#039;s easy <strong data-start=\"217\" data-end=\"260\">mixed with other LUKAS acrylic paints<\/strong>. They are suitable for <strong data-start=\"278\" data-end=\"303\">artists of all levels<\/strong> who are looking for <strong data-start=\"315\" data-end=\"356\">versatile, reliable and intense colors<\/strong> for everyday use.<\/p>","protected":false},"excerpt":{"rendered":"<p>Terzia Acrylics 500 ml are well-pigmented and lightweight acrylic paints, ideal for school and studio work. Thanks to their adjusted viscosity, they allow for quick application to large surfaces and are easy to mix with other LUKAS acrylic paints. They are suitable for artists of all levels looking for versatile, reliable and intense colors for everyday use.<\/p>","protected":false},"featured_media":12674,"template":"","meta":{"_acf_changed":false},"product_brand":[129],"product_cat":[45,64],"product_tag":[],"class_list":{"0":"post-7776","1":"product","2":"type-product","3":"status-publish","4":"has-post-thumbnail","6":"product_brand-lukas","7":"product_cat-umjetnicki-program","8":"product_cat-akrilne-boje","10":"first","11":"outofstock","12":"shipping-taxable","13":"purchasable","14":"product-type-variable"},"acf":[],"yoast_head":"<!-- This site is optimized with the Yoast SEO plugin v26.3 - https:\/\/yoast.com\/wordpress\/plugins\/seo\/ -->\n<title>Akril Terzia 500 ml - Sugar Factory<\/title>\n<meta name=\"robots\" content=\"index, follow, max-snippet:-1, max-image-preview:large, max-video-preview:-1\" \/>\n<link rel=\"canonical\" href=\"https:\/\/www.sugarfactory.hr\/en\/product-2\/art-program\/acrylic-terzia-500-ml\/\" \/>\n<meta property=\"og:locale\" content=\"en_US\" \/>\n<meta property=\"og:type\" content=\"article\" \/>\n<meta property=\"og:title\" content=\"Akril Terzia 500 ml - Sugar Factory\" \/>\n<meta property=\"og:description\" content=\"Akril Terzia 500 ml su dobro pigmentirane i lagane akrilne boje, idealne za \u0161kolski i studijski rad. Zahvaljuju\u0107i prilago\u0111enoj viskoznosti, omogu\u0107uju brzo nano\u0161enje na velike povr\u0161ine i lako se mije\u0161aju s drugim LUKAS akrilnim bojama. Pogodne su za umjetnike svih razina koji tra\u017ee svestrane, pouzdane i intenzivne boje za svakodnevnu uporabu.\" \/>\n<meta property=\"og:url\" content=\"https:\/\/www.sugarfactory.hr\/en\/product-2\/art-program\/acrylic-terzia-500-ml\/\" \/>\n<meta property=\"og:site_name\" content=\"Sugar Factory\" \/>\n<meta property=\"article:modified_time\" content=\"2026-03-16T08:54:51+00:00\" \/>\n<meta property=\"og:image\" content=\"https:\/\/www.sugarfactory.hr\/wp-content\/uploads\/2024\/04\/fffbae28ea114406b92f16e712832605.webp\" \/>\n\t<meta property=\"og:image:width\" content=\"896\" \/>\n\t<meta property=\"og:image:height\" content=\"1120\" \/>\n\t<meta property=\"og:image:type\" content=\"image\/webp\" \/>\n<meta name=\"twitter:card\" content=\"summary_large_image\" \/>\n<script type=\"application\/ld+json\" class=\"yoast-schema-graph\">{\"@context\":\"https:\/\/schema.org\",\"@graph\":[{\"@type\":\"WebPage\",\"@id\":\"https:\/\/www.sugarfactory.hr\/proizvod\/umjetnicki-program\/akril-terzia-500-ml\/\",\"url\":\"https:\/\/www.sugarfactory.hr\/proizvod\/umjetnicki-program\/akril-terzia-500-ml\/\",\"name\":\"Akril Terzia 500 ml - Sugar Factory\",\"isPartOf\":{\"@id\":\"https:\/\/www.sugarfactory.hr\/#website\"},\"primaryImageOfPage\":{\"@id\":\"https:\/\/www.sugarfactory.hr\/proizvod\/umjetnicki-program\/akril-terzia-500-ml\/#primaryimage\"},\"image\":{\"@id\":\"https:\/\/www.sugarfactory.hr\/proizvod\/umjetnicki-program\/akril-terzia-500-ml\/#primaryimage\"},\"thumbnailUrl\":\"https:\/\/www.sugarfactory.hr\/wp-content\/uploads\/2024\/04\/fffbae28ea114406b92f16e712832605.webp\",\"datePublished\":\"2024-04-26T10:23:45+00:00\",\"dateModified\":\"2026-03-16T08:54:51+00:00\",\"breadcrumb\":{\"@id\":\"https:\/\/www.sugarfactory.hr\/proizvod\/umjetnicki-program\/akril-terzia-500-ml\/#breadcrumb\"},\"inLanguage\":\"en-US\",\"potentialAction\":[{\"@type\":\"ReadAction\",\"target\":[\"https:\/\/www.sugarfactory.hr\/proizvod\/umjetnicki-program\/akril-terzia-500-ml\/\"]}]},{\"@type\":\"ImageObject\",\"inLanguage\":\"en-US\",\"@id\":\"https:\/\/www.sugarfactory.hr\/proizvod\/umjetnicki-program\/akril-terzia-500-ml\/#primaryimage\",\"url\":\"https:\/\/www.sugarfactory.hr\/wp-content\/uploads\/2024\/04\/fffbae28ea114406b92f16e712832605.webp\",\"contentUrl\":\"https:\/\/www.sugarfactory.hr\/wp-content\/uploads\/2024\/04\/fffbae28ea114406b92f16e712832605.webp\",\"width\":896,\"height\":1120},{\"@type\":\"BreadcrumbList\",\"@id\":\"https:\/\/www.sugarfactory.hr\/proizvod\/umjetnicki-program\/akril-terzia-500-ml\/#breadcrumb\",\"itemListElement\":[{\"@type\":\"ListItem\",\"position\":1,\"name\":\"Po\u010detna stranica\",\"item\":\"https:\/\/www.sugarfactory.hr\/\"},{\"@type\":\"ListItem\",\"position\":2,\"name\":\"Proizvodi\",\"item\":\"https:\/\/www.sugarfactory.hr\/shop\/\"},{\"@type\":\"ListItem\",\"position\":3,\"name\":\"Akril Terzia 500 ml\"}]},{\"@type\":\"WebSite\",\"@id\":\"https:\/\/www.sugarfactory.hr\/#website\",\"url\":\"https:\/\/www.sugarfactory.hr\/\",\"name\":\"Sugar Factory\",\"description\":\"Create your sweetest pieces!\",\"potentialAction\":[{\"@type\":\"SearchAction\",\"target\":{\"@type\":\"EntryPoint\",\"urlTemplate\":\"https:\/\/www.sugarfactory.hr\/?s={search_term_string}\"},\"query-input\":{\"@type\":\"PropertyValueSpecification\",\"valueRequired\":true,\"valueName\":\"search_term_string\"}}],\"inLanguage\":\"en-US\"}]}<\/script>\n<!-- \/ Yoast SEO plugin. -->","yoast_head_json":{"title":"Acrylic Terzia 500 ml - Sugar Factory","robots":{"index":"index","follow":"follow","max-snippet":"max-snippet:-1","max-image-preview":"max-image-preview:large","max-video-preview":"max-video-preview:-1"},"canonical":"https:\/\/www.sugarfactory.hr\/en\/product-2\/art-program\/acrylic-terzia-500-ml\/","og_locale":"en_US","og_type":"article","og_title":"Akril Terzia 500 ml - Sugar Factory","og_description":"Akril Terzia 500 ml su dobro pigmentirane i lagane akrilne boje, idealne za \u0161kolski i studijski rad. Zahvaljuju\u0107i prilago\u0111enoj viskoznosti, omogu\u0107uju brzo nano\u0161enje na velike povr\u0161ine i lako se mije\u0161aju s drugim LUKAS akrilnim bojama. Pogodne su za umjetnike svih razina koji tra\u017ee svestrane, pouzdane i intenzivne boje za svakodnevnu uporabu.","og_url":"https:\/\/www.sugarfactory.hr\/en\/product-2\/art-program\/acrylic-terzia-500-ml\/","og_site_name":"Sugar Factory","article_modified_time":"2026-03-16T08:54:51+00:00","og_image":[{"width":896,"height":1120,"url":"https:\/\/www.sugarfactory.hr\/wp-content\/uploads\/2024\/04\/fffbae28ea114406b92f16e712832605.webp","type":"image\/webp"}],"twitter_card":"summary_large_image","schema":{"@context":"https:\/\/schema.org","@graph":[{"@type":"WebPage","@id":"https:\/\/www.sugarfactory.hr\/proizvod\/umjetnicki-program\/akril-terzia-500-ml\/","url":"https:\/\/www.sugarfactory.hr\/proizvod\/umjetnicki-program\/akril-terzia-500-ml\/","name":"Acrylic Terzia 500 ml - Sugar Factory","isPartOf":{"@id":"https:\/\/www.sugarfactory.hr\/#website"},"primaryImageOfPage":{"@id":"https:\/\/www.sugarfactory.hr\/proizvod\/umjetnicki-program\/akril-terzia-500-ml\/#primaryimage"},"image":{"@id":"https:\/\/www.sugarfactory.hr\/proizvod\/umjetnicki-program\/akril-terzia-500-ml\/#primaryimage"},"thumbnailUrl":"https:\/\/www.sugarfactory.hr\/wp-content\/uploads\/2024\/04\/fffbae28ea114406b92f16e712832605.webp","datePublished":"2024-04-26T10:23:45+00:00","dateModified":"2026-03-16T08:54:51+00:00","breadcrumb":{"@id":"https:\/\/www.sugarfactory.hr\/proizvod\/umjetnicki-program\/akril-terzia-500-ml\/#breadcrumb"},"inLanguage":"en-US","potentialAction":[{"@type":"ReadAction","target":["https:\/\/www.sugarfactory.hr\/proizvod\/umjetnicki-program\/akril-terzia-500-ml\/"]}]},{"@type":"ImageObject","inLanguage":"en-US","@id":"https:\/\/www.sugarfactory.hr\/proizvod\/umjetnicki-program\/akril-terzia-500-ml\/#primaryimage","url":"https:\/\/www.sugarfactory.hr\/wp-content\/uploads\/2024\/04\/fffbae28ea114406b92f16e712832605.webp","contentUrl":"https:\/\/www.sugarfactory.hr\/wp-content\/uploads\/2024\/04\/fffbae28ea114406b92f16e712832605.webp","width":896,"height":1120},{"@type":"BreadcrumbList","@id":"https:\/\/www.sugarfactory.hr\/proizvod\/umjetnicki-program\/akril-terzia-500-ml\/#breadcrumb","itemListElement":[{"@type":"ListItem","position":1,"name":"Po\u010detna stranica","item":"https:\/\/www.sugarfactory.hr\/"},{"@type":"ListItem","position":2,"name":"Proizvodi","item":"https:\/\/www.sugarfactory.hr\/shop\/"},{"@type":"ListItem","position":3,"name":"Akril Terzia 500 ml"}]},{"@type":"WebSite","@id":"https:\/\/www.sugarfactory.hr\/#website","url":"https:\/\/www.sugarfactory.hr\/","name":"Sugar Factory","description":"Create your sweetest pieces!","potentialAction":[{"@type":"SearchAction","target":{"@type":"EntryPoint","urlTemplate":"https:\/\/www.sugarfactory.hr\/?s={search_term_string}"},"query-input":{"@type":"PropertyValueSpecification","valueRequired":true,"valueName":"search_term_string"}}],"inLanguage":"en-US"}]}},"_links":{"self":[{"href":"https:\/\/www.sugarfactory.hr\/en\/wp-json\/wp\/v2\/product\/7776","targetHints":{"allow":["GET"]}}],"collection":[{"href":"https:\/\/www.sugarfactory.hr\/en\/wp-json\/wp\/v2\/product"}],"about":[{"href":"https:\/\/www.sugarfactory.hr\/en\/wp-json\/wp\/v2\/types\/product"}],"wp:featuredmedia":[{"embeddable":true,"href":"https:\/\/www.sugarfactory.hr\/en\/wp-json\/wp\/v2\/media\/12674"}],"wp:attachment":[{"href":"https:\/\/www.sugarfactory.hr\/en\/wp-json\/wp\/v2\/media?parent=7776"}],"wp:term":[{"taxonomy":"product_brand","embeddable":true,"href":"https:\/\/www.sugarfactory.hr\/en\/wp-json\/wp\/v2\/product_brand?post=7776"},{"taxonomy":"product_cat","embeddable":true,"href":"https:\/\/www.sugarfactory.hr\/en\/wp-json\/wp\/v2\/product_cat?post=7776"},{"taxonomy":"product_tag","embeddable":true,"href":"https:\/\/www.sugarfactory.hr\/en\/wp-json\/wp\/v2\/product_tag?post=7776"}],"curies":[{"name":"wp","href":"https:\/\/api.w.org\/{rel}","templated":true}]}}