{"id":8129,"date":"2024-06-06T16:01:03","date_gmt":"2024-06-06T16:01:03","guid":{"rendered":"https:\/\/www.sugarfactory.hr\/?post_type=product&#038;p=8129"},"modified":"2026-03-30T06:25:16","modified_gmt":"2026-03-30T05:25:16","slug":"montana-warning-sticker-pack","status":"publish","type":"product","link":"https:\/\/www.sugarfactory.hr\/en\/product-2\/stickers\/montana-warning-sticker-pack\/","title":{"rendered":"Montana warning sticker pack"},"content":{"rendered":"<p data-start=\"0\" data-end=\"147\"><strong data-start=\"0\" data-end=\"32\">Montana Warning Sticker Pack<\/strong> contains <strong data-start=\"40\" data-end=\"68\">samoljepljive naljepnice<\/strong> dizajnirane za <strong data-start=\"84\" data-end=\"144\" data-is-only-node=\"\">nagla\u0161avanje, ozna\u010davanje i kreativno isticanje prostora<\/strong>.<\/p>\n<p data-start=\"149\" data-end=\"446\">Naljepnice su izra\u0111ene od <strong data-start=\"175\" data-end=\"212\">kvalitetnog samoljepljivog papira<\/strong>, otporne na habanje i pogodna za kori\u0161tenje s <strong data-start=\"259\" data-end=\"302\">markerima, sprejevima i drugim medijima<\/strong>.<br data-start=\"303\" data-end=\"306\" \/>Paket uklju\u010duje <strong data-start=\"322\" data-end=\"350\">razli\u010dite dizajne i boje<\/strong>, enabling <strong data-start=\"364\" data-end=\"388\">fleksibilnu primjenu<\/strong> and <strong data-start=\"391\" data-end=\"443\">izra\u017eajnost u projektima, muralima i street artu<\/strong>.<\/p>\n<p data-start=\"448\" data-end=\"594\" data-is-last-node=\"\" data-is-only-node=\"\"><strong data-start=\"448\" data-end=\"480\">Montana Warning Sticker Pack<\/strong> is ideal for <strong data-start=\"495\" data-end=\"519\">umjetnike i kreatore<\/strong> koji \u017eele dodati <strong data-start=\"537\" data-end=\"581\" data-is-only-node=\"\">vizualni naglasak i profesionalan izgled<\/strong> svakom radu.<\/p>","protected":false},"excerpt":{"rendered":"<p>Montana Warning Sticker Pack sadr\u017ei samoljepljive naljepnice dizajnirane za nagla\u0161avanje, ozna\u010davanje i kreativno isticanje prostora. Naljepnice su izra\u0111ene od kvalitetnog samoljepljivog papira, otporne na habanje i pogodna za kori\u0161tenje s markerima, sprejevima i drugim medijima.Paket uklju\u010duje razli\u010dite dizajne i boje, omogu\u0107uju\u0107i fleksibilnu primjenu i izra\u017eajnost u projektima, muralima i street artu. Montana Warning Sticker Pack [&hellip;]<\/p>","protected":false},"featured_media":12574,"template":"","meta":{"_acf_changed":false},"product_brand":[105],"product_cat":[31],"product_tag":[],"class_list":{"0":"post-8129","1":"product","2":"type-product","3":"status-publish","4":"has-post-thumbnail","6":"product_brand-montana","7":"product_cat-stickeri","9":"first","10":"instock","11":"shipping-taxable","12":"purchasable","13":"product-type-simple"},"acf":[],"yoast_head":"<!-- This site is optimized with the Yoast SEO plugin v26.3 - https:\/\/yoast.com\/wordpress\/plugins\/seo\/ -->\n<title>Montana warning sticker pack - Sugar Factory<\/title>\n<meta name=\"robots\" content=\"index, follow, max-snippet:-1, max-image-preview:large, max-video-preview:-1\" \/>\n<link rel=\"canonical\" href=\"https:\/\/www.sugarfactory.hr\/en\/product-2\/stickers\/montana-warning-sticker-pack\/\" \/>\n<meta property=\"og:locale\" content=\"en_US\" \/>\n<meta property=\"og:type\" content=\"article\" \/>\n<meta property=\"og:title\" content=\"Montana warning sticker pack - Sugar Factory\" \/>\n<meta property=\"og:description\" content=\"Montana Warning Sticker Pack sadr\u017ei samoljepljive naljepnice dizajnirane za nagla\u0161avanje, ozna\u010davanje i kreativno isticanje prostora. Naljepnice su izra\u0111ene od kvalitetnog samoljepljivog papira, otporne na habanje i pogodna za kori\u0161tenje s markerima, sprejevima i drugim medijima.Paket uklju\u010duje razli\u010dite dizajne i boje, omogu\u0107uju\u0107i fleksibilnu primjenu i izra\u017eajnost u projektima, muralima i street artu. Montana Warning Sticker Pack [&hellip;]\" \/>\n<meta property=\"og:url\" content=\"https:\/\/www.sugarfactory.hr\/en\/product-2\/stickers\/montana-warning-sticker-pack\/\" \/>\n<meta property=\"og:site_name\" content=\"Sugar Factory\" \/>\n<meta property=\"article:modified_time\" content=\"2026-03-30T05:25:16+00:00\" \/>\n<meta property=\"og:image\" content=\"https:\/\/www.sugarfactory.hr\/wp-content\/uploads\/2024\/06\/6de86b3a6539445fbc4233662e33fc23.webp\" \/>\n\t<meta property=\"og:image:width\" content=\"896\" \/>\n\t<meta property=\"og:image:height\" content=\"1120\" \/>\n\t<meta property=\"og:image:type\" content=\"image\/webp\" \/>\n<meta name=\"twitter:card\" content=\"summary_large_image\" \/>\n<script type=\"application\/ld+json\" class=\"yoast-schema-graph\">{\"@context\":\"https:\/\/schema.org\",\"@graph\":[{\"@type\":\"WebPage\",\"@id\":\"https:\/\/www.sugarfactory.hr\/proizvod\/stickeri\/montana-warning-sticker-pack\/\",\"url\":\"https:\/\/www.sugarfactory.hr\/proizvod\/stickeri\/montana-warning-sticker-pack\/\",\"name\":\"Montana warning sticker pack - Sugar Factory\",\"isPartOf\":{\"@id\":\"https:\/\/www.sugarfactory.hr\/#website\"},\"primaryImageOfPage\":{\"@id\":\"https:\/\/www.sugarfactory.hr\/proizvod\/stickeri\/montana-warning-sticker-pack\/#primaryimage\"},\"image\":{\"@id\":\"https:\/\/www.sugarfactory.hr\/proizvod\/stickeri\/montana-warning-sticker-pack\/#primaryimage\"},\"thumbnailUrl\":\"https:\/\/www.sugarfactory.hr\/wp-content\/uploads\/2024\/06\/6de86b3a6539445fbc4233662e33fc23.webp\",\"datePublished\":\"2024-06-06T16:01:03+00:00\",\"dateModified\":\"2026-03-30T05:25:16+00:00\",\"breadcrumb\":{\"@id\":\"https:\/\/www.sugarfactory.hr\/proizvod\/stickeri\/montana-warning-sticker-pack\/#breadcrumb\"},\"inLanguage\":\"en-US\",\"potentialAction\":[{\"@type\":\"ReadAction\",\"target\":[\"https:\/\/www.sugarfactory.hr\/proizvod\/stickeri\/montana-warning-sticker-pack\/\"]}]},{\"@type\":\"ImageObject\",\"inLanguage\":\"en-US\",\"@id\":\"https:\/\/www.sugarfactory.hr\/proizvod\/stickeri\/montana-warning-sticker-pack\/#primaryimage\",\"url\":\"https:\/\/www.sugarfactory.hr\/wp-content\/uploads\/2024\/06\/6de86b3a6539445fbc4233662e33fc23.webp\",\"contentUrl\":\"https:\/\/www.sugarfactory.hr\/wp-content\/uploads\/2024\/06\/6de86b3a6539445fbc4233662e33fc23.webp\",\"width\":896,\"height\":1120},{\"@type\":\"BreadcrumbList\",\"@id\":\"https:\/\/www.sugarfactory.hr\/proizvod\/stickeri\/montana-warning-sticker-pack\/#breadcrumb\",\"itemListElement\":[{\"@type\":\"ListItem\",\"position\":1,\"name\":\"Po\u010detna stranica\",\"item\":\"https:\/\/www.sugarfactory.hr\/\"},{\"@type\":\"ListItem\",\"position\":2,\"name\":\"Proizvodi\",\"item\":\"https:\/\/www.sugarfactory.hr\/shop\/\"},{\"@type\":\"ListItem\",\"position\":3,\"name\":\"Montana warning sticker pack\"}]},{\"@type\":\"WebSite\",\"@id\":\"https:\/\/www.sugarfactory.hr\/#website\",\"url\":\"https:\/\/www.sugarfactory.hr\/\",\"name\":\"Sugar Factory\",\"description\":\"Create your sweetest pieces!\",\"potentialAction\":[{\"@type\":\"SearchAction\",\"target\":{\"@type\":\"EntryPoint\",\"urlTemplate\":\"https:\/\/www.sugarfactory.hr\/?s={search_term_string}\"},\"query-input\":{\"@type\":\"PropertyValueSpecification\",\"valueRequired\":true,\"valueName\":\"search_term_string\"}}],\"inLanguage\":\"en-US\"}]}<\/script>\n<!-- \/ Yoast SEO plugin. -->","yoast_head_json":{"title":"Montana warning sticker pack - Sugar Factory","robots":{"index":"index","follow":"follow","max-snippet":"max-snippet:-1","max-image-preview":"max-image-preview:large","max-video-preview":"max-video-preview:-1"},"canonical":"https:\/\/www.sugarfactory.hr\/en\/product-2\/stickers\/montana-warning-sticker-pack\/","og_locale":"en_US","og_type":"article","og_title":"Montana warning sticker pack - Sugar Factory","og_description":"Montana Warning Sticker Pack sadr\u017ei samoljepljive naljepnice dizajnirane za nagla\u0161avanje, ozna\u010davanje i kreativno isticanje prostora. Naljepnice su izra\u0111ene od kvalitetnog samoljepljivog papira, otporne na habanje i pogodna za kori\u0161tenje s markerima, sprejevima i drugim medijima.Paket uklju\u010duje razli\u010dite dizajne i boje, omogu\u0107uju\u0107i fleksibilnu primjenu i izra\u017eajnost u projektima, muralima i street artu. Montana Warning Sticker Pack [&hellip;]","og_url":"https:\/\/www.sugarfactory.hr\/en\/product-2\/stickers\/montana-warning-sticker-pack\/","og_site_name":"Sugar Factory","article_modified_time":"2026-03-30T05:25:16+00:00","og_image":[{"width":896,"height":1120,"url":"https:\/\/www.sugarfactory.hr\/wp-content\/uploads\/2024\/06\/6de86b3a6539445fbc4233662e33fc23.webp","type":"image\/webp"}],"twitter_card":"summary_large_image","schema":{"@context":"https:\/\/schema.org","@graph":[{"@type":"WebPage","@id":"https:\/\/www.sugarfactory.hr\/proizvod\/stickeri\/montana-warning-sticker-pack\/","url":"https:\/\/www.sugarfactory.hr\/proizvod\/stickeri\/montana-warning-sticker-pack\/","name":"Montana warning sticker pack - Sugar Factory","isPartOf":{"@id":"https:\/\/www.sugarfactory.hr\/#website"},"primaryImageOfPage":{"@id":"https:\/\/www.sugarfactory.hr\/proizvod\/stickeri\/montana-warning-sticker-pack\/#primaryimage"},"image":{"@id":"https:\/\/www.sugarfactory.hr\/proizvod\/stickeri\/montana-warning-sticker-pack\/#primaryimage"},"thumbnailUrl":"https:\/\/www.sugarfactory.hr\/wp-content\/uploads\/2024\/06\/6de86b3a6539445fbc4233662e33fc23.webp","datePublished":"2024-06-06T16:01:03+00:00","dateModified":"2026-03-30T05:25:16+00:00","breadcrumb":{"@id":"https:\/\/www.sugarfactory.hr\/proizvod\/stickeri\/montana-warning-sticker-pack\/#breadcrumb"},"inLanguage":"en-US","potentialAction":[{"@type":"ReadAction","target":["https:\/\/www.sugarfactory.hr\/proizvod\/stickeri\/montana-warning-sticker-pack\/"]}]},{"@type":"ImageObject","inLanguage":"en-US","@id":"https:\/\/www.sugarfactory.hr\/proizvod\/stickeri\/montana-warning-sticker-pack\/#primaryimage","url":"https:\/\/www.sugarfactory.hr\/wp-content\/uploads\/2024\/06\/6de86b3a6539445fbc4233662e33fc23.webp","contentUrl":"https:\/\/www.sugarfactory.hr\/wp-content\/uploads\/2024\/06\/6de86b3a6539445fbc4233662e33fc23.webp","width":896,"height":1120},{"@type":"BreadcrumbList","@id":"https:\/\/www.sugarfactory.hr\/proizvod\/stickeri\/montana-warning-sticker-pack\/#breadcrumb","itemListElement":[{"@type":"ListItem","position":1,"name":"Po\u010detna stranica","item":"https:\/\/www.sugarfactory.hr\/"},{"@type":"ListItem","position":2,"name":"Proizvodi","item":"https:\/\/www.sugarfactory.hr\/shop\/"},{"@type":"ListItem","position":3,"name":"Montana warning sticker pack"}]},{"@type":"WebSite","@id":"https:\/\/www.sugarfactory.hr\/#website","url":"https:\/\/www.sugarfactory.hr\/","name":"Sugar Factory","description":"Create your sweetest pieces!","potentialAction":[{"@type":"SearchAction","target":{"@type":"EntryPoint","urlTemplate":"https:\/\/www.sugarfactory.hr\/?s={search_term_string}"},"query-input":{"@type":"PropertyValueSpecification","valueRequired":true,"valueName":"search_term_string"}}],"inLanguage":"en-US"}]}},"_links":{"self":[{"href":"https:\/\/www.sugarfactory.hr\/en\/wp-json\/wp\/v2\/product\/8129","targetHints":{"allow":["GET"]}}],"collection":[{"href":"https:\/\/www.sugarfactory.hr\/en\/wp-json\/wp\/v2\/product"}],"about":[{"href":"https:\/\/www.sugarfactory.hr\/en\/wp-json\/wp\/v2\/types\/product"}],"wp:featuredmedia":[{"embeddable":true,"href":"https:\/\/www.sugarfactory.hr\/en\/wp-json\/wp\/v2\/media\/12574"}],"wp:attachment":[{"href":"https:\/\/www.sugarfactory.hr\/en\/wp-json\/wp\/v2\/media?parent=8129"}],"wp:term":[{"taxonomy":"product_brand","embeddable":true,"href":"https:\/\/www.sugarfactory.hr\/en\/wp-json\/wp\/v2\/product_brand?post=8129"},{"taxonomy":"product_cat","embeddable":true,"href":"https:\/\/www.sugarfactory.hr\/en\/wp-json\/wp\/v2\/product_cat?post=8129"},{"taxonomy":"product_tag","embeddable":true,"href":"https:\/\/www.sugarfactory.hr\/en\/wp-json\/wp\/v2\/product_tag?post=8129"}],"curies":[{"name":"wp","href":"https:\/\/api.w.org\/{rel}","templated":true}]}}