{"id":8139,"date":"2024-06-06T16:14:48","date_gmt":"2024-06-06T16:14:48","guid":{"rendered":"https:\/\/www.sugarfactory.hr\/?post_type=product&#038;p=8139"},"modified":"2026-04-17T12:53:00","modified_gmt":"2026-04-17T11:53:00","slug":"mtn-blackbook-a5-landscape","status":"publish","type":"product","link":"https:\/\/www.sugarfactory.hr\/en\/product-2\/sketchbook\/mtn-blackbook-a5-landscape\/","title":{"rendered":"MTN Blackbook A5 Landscape"},"content":{"rendered":"<p data-start=\"80\" data-end=\"297\"><strong data-start=\"115\" data-end=\"145\">MTN Blackbook A5 Landscape<\/strong> je prijenosna bilje\u017enica namijenjena grafiterima, ilustratorima i umjetnicima koji \u017eele uvijek imati prostor za skiciranje i planiranje svojih ideja.<\/p>\n<p data-start=\"299\" data-end=\"514\">Contains <strong data-start=\"306\" data-end=\"339\">visokokvalitetan bijeli papir<\/strong> koji podnosi markere, olovke i tinte bez prodiranja na drugu stranicu. <strong data-start=\"411\" data-end=\"452\">Horizontalna (landscape) orijentacija<\/strong> pru\u017ea dovoljno prostora za panoramske crte\u017ee i kompozicije.<\/p>\n<ul data-start=\"516\" data-end=\"675\">\n<li data-start=\"516\" data-end=\"546\">\n<p data-start=\"518\" data-end=\"546\"><strong data-start=\"518\" data-end=\"529\">Format:<\/strong> A5 (landscape)<\/p>\n<\/li>\n<li data-start=\"547\" data-end=\"617\">\n<p data-start=\"549\" data-end=\"617\"><strong data-start=\"549\" data-end=\"559\">Paper:<\/strong> visokokvalitetni bijeli, prilago\u0111en markerima i tintama<\/p>\n<\/li>\n<li data-start=\"618\" data-end=\"675\">\n<p data-start=\"620\" data-end=\"675\"><strong data-start=\"620\" data-end=\"632\">Purpose:<\/strong> skiciranje, ilustracije, graffiti dizajn<\/p>\n<\/li>\n<\/ul>\n<p data-start=\"677\" data-end=\"803\"><strong data-start=\"677\" data-end=\"707\">MTN Blackbook A5 Landscape<\/strong> je prakti\u010dan alat za <strong data-start=\"729\" data-end=\"752\">umjetnike u pokretu<\/strong> i nezaobilazan dodatak svakoj kreativnoj opremi.<\/p>","protected":false},"excerpt":{"rendered":"<p>MTN Blackbook A5 Landscape je prijenosna bilje\u017enica namijenjena grafiterima, ilustratorima i umjetnicima koji \u017eele uvijek imati prostor za skiciranje i planiranje svojih ideja. Sadr\u017ei visokokvalitetan bijeli papir koji podnosi markere, olovke i tinte bez prodiranja na drugu stranicu. Horizontalna (landscape) orijentacija pru\u017ea dovoljno prostora za panoramske crte\u017ee i kompozicije. Format: A5 (landscape) Papir: visokokvalitetni bijeli, [&hellip;]<\/p>","protected":false},"featured_media":12516,"template":"","meta":{"_acf_changed":false},"product_brand":[104],"product_cat":[23],"product_tag":[],"class_list":{"0":"post-8139","1":"product","2":"type-product","3":"status-publish","4":"has-post-thumbnail","6":"product_brand-mtn","7":"product_cat-sketch-book","9":"first","10":"instock","11":"shipping-taxable","12":"purchasable","13":"product-type-simple"},"acf":[],"yoast_head":"<!-- This site is optimized with the Yoast SEO plugin v26.3 - https:\/\/yoast.com\/wordpress\/plugins\/seo\/ -->\n<title>MTN Blackbook A5 Landscape - Sugar Factory<\/title>\n<meta name=\"robots\" content=\"index, follow, max-snippet:-1, max-image-preview:large, max-video-preview:-1\" \/>\n<link rel=\"canonical\" href=\"https:\/\/www.sugarfactory.hr\/en\/product-2\/sketchbook\/mtn-blackbook-a5-landscape\/\" \/>\n<meta property=\"og:locale\" content=\"en_US\" \/>\n<meta property=\"og:type\" content=\"article\" \/>\n<meta property=\"og:title\" content=\"MTN Blackbook A5 Landscape - Sugar Factory\" \/>\n<meta property=\"og:description\" content=\"MTN Blackbook A5 Landscape je prijenosna bilje\u017enica namijenjena grafiterima, ilustratorima i umjetnicima koji \u017eele uvijek imati prostor za skiciranje i planiranje svojih ideja. Sadr\u017ei visokokvalitetan bijeli papir koji podnosi markere, olovke i tinte bez prodiranja na drugu stranicu. Horizontalna (landscape) orijentacija pru\u017ea dovoljno prostora za panoramske crte\u017ee i kompozicije. Format: A5 (landscape) Papir: visokokvalitetni bijeli, [&hellip;]\" \/>\n<meta property=\"og:url\" content=\"https:\/\/www.sugarfactory.hr\/en\/product-2\/sketchbook\/mtn-blackbook-a5-landscape\/\" \/>\n<meta property=\"og:site_name\" content=\"Sugar Factory\" \/>\n<meta property=\"article:modified_time\" content=\"2026-04-17T11:53:00+00:00\" \/>\n<meta property=\"og:image\" content=\"https:\/\/www.sugarfactory.hr\/wp-content\/uploads\/2024\/06\/mtn-bb-a5.webp\" \/>\n\t<meta property=\"og:image:width\" content=\"896\" \/>\n\t<meta property=\"og:image:height\" content=\"1120\" \/>\n\t<meta property=\"og:image:type\" content=\"image\/webp\" \/>\n<meta name=\"twitter:card\" content=\"summary_large_image\" \/>\n<script type=\"application\/ld+json\" class=\"yoast-schema-graph\">{\"@context\":\"https:\/\/schema.org\",\"@graph\":[{\"@type\":\"WebPage\",\"@id\":\"https:\/\/www.sugarfactory.hr\/proizvod\/sketch-book\/mtn-blackbook-a5-landscape\/\",\"url\":\"https:\/\/www.sugarfactory.hr\/proizvod\/sketch-book\/mtn-blackbook-a5-landscape\/\",\"name\":\"MTN Blackbook A5 Landscape - Sugar Factory\",\"isPartOf\":{\"@id\":\"https:\/\/www.sugarfactory.hr\/#website\"},\"primaryImageOfPage\":{\"@id\":\"https:\/\/www.sugarfactory.hr\/proizvod\/sketch-book\/mtn-blackbook-a5-landscape\/#primaryimage\"},\"image\":{\"@id\":\"https:\/\/www.sugarfactory.hr\/proizvod\/sketch-book\/mtn-blackbook-a5-landscape\/#primaryimage\"},\"thumbnailUrl\":\"https:\/\/www.sugarfactory.hr\/wp-content\/uploads\/2024\/06\/mtn-bb-a5.webp\",\"datePublished\":\"2024-06-06T16:14:48+00:00\",\"dateModified\":\"2026-04-17T11:53:00+00:00\",\"breadcrumb\":{\"@id\":\"https:\/\/www.sugarfactory.hr\/proizvod\/sketch-book\/mtn-blackbook-a5-landscape\/#breadcrumb\"},\"inLanguage\":\"en-US\",\"potentialAction\":[{\"@type\":\"ReadAction\",\"target\":[\"https:\/\/www.sugarfactory.hr\/proizvod\/sketch-book\/mtn-blackbook-a5-landscape\/\"]}]},{\"@type\":\"ImageObject\",\"inLanguage\":\"en-US\",\"@id\":\"https:\/\/www.sugarfactory.hr\/proizvod\/sketch-book\/mtn-blackbook-a5-landscape\/#primaryimage\",\"url\":\"https:\/\/www.sugarfactory.hr\/wp-content\/uploads\/2024\/06\/mtn-bb-a5.webp\",\"contentUrl\":\"https:\/\/www.sugarfactory.hr\/wp-content\/uploads\/2024\/06\/mtn-bb-a5.webp\",\"width\":896,\"height\":1120},{\"@type\":\"BreadcrumbList\",\"@id\":\"https:\/\/www.sugarfactory.hr\/proizvod\/sketch-book\/mtn-blackbook-a5-landscape\/#breadcrumb\",\"itemListElement\":[{\"@type\":\"ListItem\",\"position\":1,\"name\":\"Po\u010detna stranica\",\"item\":\"https:\/\/www.sugarfactory.hr\/\"},{\"@type\":\"ListItem\",\"position\":2,\"name\":\"Proizvodi\",\"item\":\"https:\/\/www.sugarfactory.hr\/shop\/\"},{\"@type\":\"ListItem\",\"position\":3,\"name\":\"MTN Blackbook A5 Landscape\"}]},{\"@type\":\"WebSite\",\"@id\":\"https:\/\/www.sugarfactory.hr\/#website\",\"url\":\"https:\/\/www.sugarfactory.hr\/\",\"name\":\"Sugar Factory\",\"description\":\"Create your sweetest pieces!\",\"potentialAction\":[{\"@type\":\"SearchAction\",\"target\":{\"@type\":\"EntryPoint\",\"urlTemplate\":\"https:\/\/www.sugarfactory.hr\/?s={search_term_string}\"},\"query-input\":{\"@type\":\"PropertyValueSpecification\",\"valueRequired\":true,\"valueName\":\"search_term_string\"}}],\"inLanguage\":\"en-US\"}]}<\/script>\n<!-- \/ Yoast SEO plugin. -->","yoast_head_json":{"title":"MTN Blackbook A5 Landscape - Sugar Factory","robots":{"index":"index","follow":"follow","max-snippet":"max-snippet:-1","max-image-preview":"max-image-preview:large","max-video-preview":"max-video-preview:-1"},"canonical":"https:\/\/www.sugarfactory.hr\/en\/product-2\/sketchbook\/mtn-blackbook-a5-landscape\/","og_locale":"en_US","og_type":"article","og_title":"MTN Blackbook A5 Landscape - Sugar Factory","og_description":"MTN Blackbook A5 Landscape je prijenosna bilje\u017enica namijenjena grafiterima, ilustratorima i umjetnicima koji \u017eele uvijek imati prostor za skiciranje i planiranje svojih ideja. Sadr\u017ei visokokvalitetan bijeli papir koji podnosi markere, olovke i tinte bez prodiranja na drugu stranicu. Horizontalna (landscape) orijentacija pru\u017ea dovoljno prostora za panoramske crte\u017ee i kompozicije. Format: A5 (landscape) Papir: visokokvalitetni bijeli, [&hellip;]","og_url":"https:\/\/www.sugarfactory.hr\/en\/product-2\/sketchbook\/mtn-blackbook-a5-landscape\/","og_site_name":"Sugar Factory","article_modified_time":"2026-04-17T11:53:00+00:00","og_image":[{"width":896,"height":1120,"url":"https:\/\/www.sugarfactory.hr\/wp-content\/uploads\/2024\/06\/mtn-bb-a5.webp","type":"image\/webp"}],"twitter_card":"summary_large_image","schema":{"@context":"https:\/\/schema.org","@graph":[{"@type":"WebPage","@id":"https:\/\/www.sugarfactory.hr\/proizvod\/sketch-book\/mtn-blackbook-a5-landscape\/","url":"https:\/\/www.sugarfactory.hr\/proizvod\/sketch-book\/mtn-blackbook-a5-landscape\/","name":"MTN Blackbook A5 Landscape - Sugar Factory","isPartOf":{"@id":"https:\/\/www.sugarfactory.hr\/#website"},"primaryImageOfPage":{"@id":"https:\/\/www.sugarfactory.hr\/proizvod\/sketch-book\/mtn-blackbook-a5-landscape\/#primaryimage"},"image":{"@id":"https:\/\/www.sugarfactory.hr\/proizvod\/sketch-book\/mtn-blackbook-a5-landscape\/#primaryimage"},"thumbnailUrl":"https:\/\/www.sugarfactory.hr\/wp-content\/uploads\/2024\/06\/mtn-bb-a5.webp","datePublished":"2024-06-06T16:14:48+00:00","dateModified":"2026-04-17T11:53:00+00:00","breadcrumb":{"@id":"https:\/\/www.sugarfactory.hr\/proizvod\/sketch-book\/mtn-blackbook-a5-landscape\/#breadcrumb"},"inLanguage":"en-US","potentialAction":[{"@type":"ReadAction","target":["https:\/\/www.sugarfactory.hr\/proizvod\/sketch-book\/mtn-blackbook-a5-landscape\/"]}]},{"@type":"ImageObject","inLanguage":"en-US","@id":"https:\/\/www.sugarfactory.hr\/proizvod\/sketch-book\/mtn-blackbook-a5-landscape\/#primaryimage","url":"https:\/\/www.sugarfactory.hr\/wp-content\/uploads\/2024\/06\/mtn-bb-a5.webp","contentUrl":"https:\/\/www.sugarfactory.hr\/wp-content\/uploads\/2024\/06\/mtn-bb-a5.webp","width":896,"height":1120},{"@type":"BreadcrumbList","@id":"https:\/\/www.sugarfactory.hr\/proizvod\/sketch-book\/mtn-blackbook-a5-landscape\/#breadcrumb","itemListElement":[{"@type":"ListItem","position":1,"name":"Po\u010detna stranica","item":"https:\/\/www.sugarfactory.hr\/"},{"@type":"ListItem","position":2,"name":"Proizvodi","item":"https:\/\/www.sugarfactory.hr\/shop\/"},{"@type":"ListItem","position":3,"name":"MTN Blackbook A5 Landscape"}]},{"@type":"WebSite","@id":"https:\/\/www.sugarfactory.hr\/#website","url":"https:\/\/www.sugarfactory.hr\/","name":"Sugar Factory","description":"Create your sweetest pieces!","potentialAction":[{"@type":"SearchAction","target":{"@type":"EntryPoint","urlTemplate":"https:\/\/www.sugarfactory.hr\/?s={search_term_string}"},"query-input":{"@type":"PropertyValueSpecification","valueRequired":true,"valueName":"search_term_string"}}],"inLanguage":"en-US"}]}},"_links":{"self":[{"href":"https:\/\/www.sugarfactory.hr\/en\/wp-json\/wp\/v2\/product\/8139","targetHints":{"allow":["GET"]}}],"collection":[{"href":"https:\/\/www.sugarfactory.hr\/en\/wp-json\/wp\/v2\/product"}],"about":[{"href":"https:\/\/www.sugarfactory.hr\/en\/wp-json\/wp\/v2\/types\/product"}],"wp:featuredmedia":[{"embeddable":true,"href":"https:\/\/www.sugarfactory.hr\/en\/wp-json\/wp\/v2\/media\/12516"}],"wp:attachment":[{"href":"https:\/\/www.sugarfactory.hr\/en\/wp-json\/wp\/v2\/media?parent=8139"}],"wp:term":[{"taxonomy":"product_brand","embeddable":true,"href":"https:\/\/www.sugarfactory.hr\/en\/wp-json\/wp\/v2\/product_brand?post=8139"},{"taxonomy":"product_cat","embeddable":true,"href":"https:\/\/www.sugarfactory.hr\/en\/wp-json\/wp\/v2\/product_cat?post=8139"},{"taxonomy":"product_tag","embeddable":true,"href":"https:\/\/www.sugarfactory.hr\/en\/wp-json\/wp\/v2\/product_tag?post=8139"}],"curies":[{"name":"wp","href":"https:\/\/api.w.org\/{rel}","templated":true}]}}