{"id":8146,"date":"2024-06-06T16:19:03","date_gmt":"2024-06-06T16:19:03","guid":{"rendered":"https:\/\/www.sugarfactory.hr\/?post_type=product&#038;p=8146"},"modified":"2026-03-26T10:43:15","modified_gmt":"2026-03-26T09:43:15","slug":"mtn-fixative","status":"publish","type":"product","link":"https:\/\/www.sugarfactory.hr\/en\/product-2\/art-program\/mtn-fixative\/","title":{"rendered":"MTN Fixative"},"content":{"rendered":"<p data-start=\"75\" data-end=\"362\"><strong data-start=\"146\" data-end=\"172\">MTN PRO Matte Fixative<\/strong> is <strong data-start=\"176\" data-end=\"196\">prozirni mat lak<\/strong> razvijen za <strong data-start=\"209\" data-end=\"262\">fiksiranje i za\u0161titu umjetni\u010dkih radova na papiru<\/strong>. \u0160titi povr\u0161inu od <strong data-start=\"282\" data-end=\"309\">pra\u0161ine, vlage i dodira<\/strong>, produ\u017euju\u0107i trajnost i o\u010duvanje originalnog rada.<\/p>\n<p data-start=\"364\" data-end=\"543\">Posebno je pogodan za radove nastale <strong data-start=\"401\" data-end=\"420\">suhim tehnikama<\/strong>, poput pastela, ugljena, olovke ili grafita. Nanosi se ravnomjerno i stvara za\u0161titni sloj bez promjene originalnih boja.<\/p>\n<p data-start=\"545\" data-end=\"665\">Formula ne \u017euti tijekom vremena te osigurava <strong data-start=\"590\" data-end=\"614\">trajnu mat zavr\u0161nicu<\/strong>, zadr\u017eavaju\u0107i prirodan izgled umjetni\u010dkog djela.<\/p>","protected":false},"excerpt":{"rendered":"<p>MTN PRO Matte Fixative je prozirni mat lak razvijen za fiksiranje i za\u0161titu umjetni\u010dkih radova na papiru. \u0160titi povr\u0161inu od pra\u0161ine, vlage i dodira, produ\u017euju\u0107i trajnost i o\u010duvanje originalnog rada. Posebno je pogodan za radove nastale suhim tehnikama, poput pastela, ugljena, olovke ili grafita. Nanosi se ravnomjerno i stvara za\u0161titni sloj bez promjene originalnih boja. [&hellip;]<\/p>","protected":false},"featured_media":12336,"template":"","meta":{"_acf_changed":false},"product_brand":[104],"product_cat":[45,78],"product_tag":[],"class_list":{"0":"post-8146","1":"product","2":"type-product","3":"status-publish","4":"has-post-thumbnail","6":"product_brand-mtn","7":"product_cat-umjetnicki-program","8":"product_cat-primeri-lakovi-i-tehnicki-sprejevi","10":"first","11":"instock","12":"shipping-taxable","13":"purchasable","14":"product-type-simple"},"acf":[],"yoast_head":"<!-- This site is optimized with the Yoast SEO plugin v26.3 - https:\/\/yoast.com\/wordpress\/plugins\/seo\/ -->\n<title>MTN Fixative - Sugar Factory<\/title>\n<meta name=\"robots\" content=\"index, follow, max-snippet:-1, max-image-preview:large, max-video-preview:-1\" \/>\n<link rel=\"canonical\" href=\"https:\/\/www.sugarfactory.hr\/en\/product-2\/art-program\/mtn-fixative\/\" \/>\n<meta property=\"og:locale\" content=\"en_US\" \/>\n<meta property=\"og:type\" content=\"article\" \/>\n<meta property=\"og:title\" content=\"MTN Fixative - Sugar Factory\" \/>\n<meta property=\"og:description\" content=\"MTN PRO Matte Fixative je prozirni mat lak razvijen za fiksiranje i za\u0161titu umjetni\u010dkih radova na papiru. \u0160titi povr\u0161inu od pra\u0161ine, vlage i dodira, produ\u017euju\u0107i trajnost i o\u010duvanje originalnog rada. Posebno je pogodan za radove nastale suhim tehnikama, poput pastela, ugljena, olovke ili grafita. Nanosi se ravnomjerno i stvara za\u0161titni sloj bez promjene originalnih boja. [&hellip;]\" \/>\n<meta property=\"og:url\" content=\"https:\/\/www.sugarfactory.hr\/en\/product-2\/art-program\/mtn-fixative\/\" \/>\n<meta property=\"og:site_name\" content=\"Sugar Factory\" \/>\n<meta property=\"article:modified_time\" content=\"2026-03-26T09:43:15+00:00\" \/>\n<meta property=\"og:image\" content=\"https:\/\/www.sugarfactory.hr\/wp-content\/uploads\/2024\/06\/mtn-fixytive.webp\" \/>\n\t<meta property=\"og:image:width\" content=\"896\" \/>\n\t<meta property=\"og:image:height\" content=\"1120\" \/>\n\t<meta property=\"og:image:type\" content=\"image\/webp\" \/>\n<meta name=\"twitter:card\" content=\"summary_large_image\" \/>\n<script type=\"application\/ld+json\" class=\"yoast-schema-graph\">{\"@context\":\"https:\/\/schema.org\",\"@graph\":[{\"@type\":\"WebPage\",\"@id\":\"https:\/\/www.sugarfactory.hr\/proizvod\/umjetnicki-program\/mtn-fixative\/\",\"url\":\"https:\/\/www.sugarfactory.hr\/proizvod\/umjetnicki-program\/mtn-fixative\/\",\"name\":\"MTN Fixative - Sugar Factory\",\"isPartOf\":{\"@id\":\"https:\/\/www.sugarfactory.hr\/#website\"},\"primaryImageOfPage\":{\"@id\":\"https:\/\/www.sugarfactory.hr\/proizvod\/umjetnicki-program\/mtn-fixative\/#primaryimage\"},\"image\":{\"@id\":\"https:\/\/www.sugarfactory.hr\/proizvod\/umjetnicki-program\/mtn-fixative\/#primaryimage\"},\"thumbnailUrl\":\"https:\/\/www.sugarfactory.hr\/wp-content\/uploads\/2024\/06\/mtn-fixytive.webp\",\"datePublished\":\"2024-06-06T16:19:03+00:00\",\"dateModified\":\"2026-03-26T09:43:15+00:00\",\"breadcrumb\":{\"@id\":\"https:\/\/www.sugarfactory.hr\/proizvod\/umjetnicki-program\/mtn-fixative\/#breadcrumb\"},\"inLanguage\":\"en-US\",\"potentialAction\":[{\"@type\":\"ReadAction\",\"target\":[\"https:\/\/www.sugarfactory.hr\/proizvod\/umjetnicki-program\/mtn-fixative\/\"]}]},{\"@type\":\"ImageObject\",\"inLanguage\":\"en-US\",\"@id\":\"https:\/\/www.sugarfactory.hr\/proizvod\/umjetnicki-program\/mtn-fixative\/#primaryimage\",\"url\":\"https:\/\/www.sugarfactory.hr\/wp-content\/uploads\/2024\/06\/mtn-fixytive.webp\",\"contentUrl\":\"https:\/\/www.sugarfactory.hr\/wp-content\/uploads\/2024\/06\/mtn-fixytive.webp\",\"width\":896,\"height\":1120},{\"@type\":\"BreadcrumbList\",\"@id\":\"https:\/\/www.sugarfactory.hr\/proizvod\/umjetnicki-program\/mtn-fixative\/#breadcrumb\",\"itemListElement\":[{\"@type\":\"ListItem\",\"position\":1,\"name\":\"Po\u010detna stranica\",\"item\":\"https:\/\/www.sugarfactory.hr\/\"},{\"@type\":\"ListItem\",\"position\":2,\"name\":\"Proizvodi\",\"item\":\"https:\/\/www.sugarfactory.hr\/shop\/\"},{\"@type\":\"ListItem\",\"position\":3,\"name\":\"MTN Fixative\"}]},{\"@type\":\"WebSite\",\"@id\":\"https:\/\/www.sugarfactory.hr\/#website\",\"url\":\"https:\/\/www.sugarfactory.hr\/\",\"name\":\"Sugar Factory\",\"description\":\"Create your sweetest pieces!\",\"potentialAction\":[{\"@type\":\"SearchAction\",\"target\":{\"@type\":\"EntryPoint\",\"urlTemplate\":\"https:\/\/www.sugarfactory.hr\/?s={search_term_string}\"},\"query-input\":{\"@type\":\"PropertyValueSpecification\",\"valueRequired\":true,\"valueName\":\"search_term_string\"}}],\"inLanguage\":\"en-US\"}]}<\/script>\n<!-- \/ Yoast SEO plugin. -->","yoast_head_json":{"title":"MTN Fixative - Sugar Factory","robots":{"index":"index","follow":"follow","max-snippet":"max-snippet:-1","max-image-preview":"max-image-preview:large","max-video-preview":"max-video-preview:-1"},"canonical":"https:\/\/www.sugarfactory.hr\/en\/product-2\/art-program\/mtn-fixative\/","og_locale":"en_US","og_type":"article","og_title":"MTN Fixative - Sugar Factory","og_description":"MTN PRO Matte Fixative je prozirni mat lak razvijen za fiksiranje i za\u0161titu umjetni\u010dkih radova na papiru. \u0160titi povr\u0161inu od pra\u0161ine, vlage i dodira, produ\u017euju\u0107i trajnost i o\u010duvanje originalnog rada. Posebno je pogodan za radove nastale suhim tehnikama, poput pastela, ugljena, olovke ili grafita. Nanosi se ravnomjerno i stvara za\u0161titni sloj bez promjene originalnih boja. [&hellip;]","og_url":"https:\/\/www.sugarfactory.hr\/en\/product-2\/art-program\/mtn-fixative\/","og_site_name":"Sugar Factory","article_modified_time":"2026-03-26T09:43:15+00:00","og_image":[{"width":896,"height":1120,"url":"https:\/\/www.sugarfactory.hr\/wp-content\/uploads\/2024\/06\/mtn-fixytive.webp","type":"image\/webp"}],"twitter_card":"summary_large_image","schema":{"@context":"https:\/\/schema.org","@graph":[{"@type":"WebPage","@id":"https:\/\/www.sugarfactory.hr\/proizvod\/umjetnicki-program\/mtn-fixative\/","url":"https:\/\/www.sugarfactory.hr\/proizvod\/umjetnicki-program\/mtn-fixative\/","name":"MTN Fixative - Sugar Factory","isPartOf":{"@id":"https:\/\/www.sugarfactory.hr\/#website"},"primaryImageOfPage":{"@id":"https:\/\/www.sugarfactory.hr\/proizvod\/umjetnicki-program\/mtn-fixative\/#primaryimage"},"image":{"@id":"https:\/\/www.sugarfactory.hr\/proizvod\/umjetnicki-program\/mtn-fixative\/#primaryimage"},"thumbnailUrl":"https:\/\/www.sugarfactory.hr\/wp-content\/uploads\/2024\/06\/mtn-fixytive.webp","datePublished":"2024-06-06T16:19:03+00:00","dateModified":"2026-03-26T09:43:15+00:00","breadcrumb":{"@id":"https:\/\/www.sugarfactory.hr\/proizvod\/umjetnicki-program\/mtn-fixative\/#breadcrumb"},"inLanguage":"en-US","potentialAction":[{"@type":"ReadAction","target":["https:\/\/www.sugarfactory.hr\/proizvod\/umjetnicki-program\/mtn-fixative\/"]}]},{"@type":"ImageObject","inLanguage":"en-US","@id":"https:\/\/www.sugarfactory.hr\/proizvod\/umjetnicki-program\/mtn-fixative\/#primaryimage","url":"https:\/\/www.sugarfactory.hr\/wp-content\/uploads\/2024\/06\/mtn-fixytive.webp","contentUrl":"https:\/\/www.sugarfactory.hr\/wp-content\/uploads\/2024\/06\/mtn-fixytive.webp","width":896,"height":1120},{"@type":"BreadcrumbList","@id":"https:\/\/www.sugarfactory.hr\/proizvod\/umjetnicki-program\/mtn-fixative\/#breadcrumb","itemListElement":[{"@type":"ListItem","position":1,"name":"Po\u010detna stranica","item":"https:\/\/www.sugarfactory.hr\/"},{"@type":"ListItem","position":2,"name":"Proizvodi","item":"https:\/\/www.sugarfactory.hr\/shop\/"},{"@type":"ListItem","position":3,"name":"MTN Fixative"}]},{"@type":"WebSite","@id":"https:\/\/www.sugarfactory.hr\/#website","url":"https:\/\/www.sugarfactory.hr\/","name":"Sugar Factory","description":"Create your sweetest pieces!","potentialAction":[{"@type":"SearchAction","target":{"@type":"EntryPoint","urlTemplate":"https:\/\/www.sugarfactory.hr\/?s={search_term_string}"},"query-input":{"@type":"PropertyValueSpecification","valueRequired":true,"valueName":"search_term_string"}}],"inLanguage":"en-US"}]}},"_links":{"self":[{"href":"https:\/\/www.sugarfactory.hr\/en\/wp-json\/wp\/v2\/product\/8146","targetHints":{"allow":["GET"]}}],"collection":[{"href":"https:\/\/www.sugarfactory.hr\/en\/wp-json\/wp\/v2\/product"}],"about":[{"href":"https:\/\/www.sugarfactory.hr\/en\/wp-json\/wp\/v2\/types\/product"}],"wp:featuredmedia":[{"embeddable":true,"href":"https:\/\/www.sugarfactory.hr\/en\/wp-json\/wp\/v2\/media\/12336"}],"wp:attachment":[{"href":"https:\/\/www.sugarfactory.hr\/en\/wp-json\/wp\/v2\/media?parent=8146"}],"wp:term":[{"taxonomy":"product_brand","embeddable":true,"href":"https:\/\/www.sugarfactory.hr\/en\/wp-json\/wp\/v2\/product_brand?post=8146"},{"taxonomy":"product_cat","embeddable":true,"href":"https:\/\/www.sugarfactory.hr\/en\/wp-json\/wp\/v2\/product_cat?post=8146"},{"taxonomy":"product_tag","embeddable":true,"href":"https:\/\/www.sugarfactory.hr\/en\/wp-json\/wp\/v2\/product_tag?post=8146"}],"curies":[{"name":"wp","href":"https:\/\/api.w.org\/{rel}","templated":true}]}}