{"id":8162,"date":"2024-06-07T10:45:59","date_gmt":"2024-06-07T10:45:59","guid":{"rendered":"https:\/\/www.sugarfactory.hr\/?post_type=product&#038;p=8162"},"modified":"2026-03-12T08:26:09","modified_gmt":"2026-03-12T07:26:09","slug":"mtn-94-graphic-set-basic-colors","status":"publish","type":"product","link":"https:\/\/www.sugarfactory.hr\/en\/product-2\/markers\/mtn-94-graphic-set-basic-colors\/","title":{"rendered":"MTN 94 graphic set basic colors"},"content":{"rendered":"<p data-start=\"86\" data-end=\"274\"><strong data-start=\"126\" data-end=\"152\">MTN 94 Graphic markeri<\/strong> are <strong data-start=\"156\" data-end=\"177\">alkoholni markeri<\/strong> razvijeni za crtanje i ilustraciju na papiru. Svaki marker ima <strong data-start=\"241\" data-end=\"271\">dva prakti\u010dna filcana vrha<\/strong>:<\/p>\n<ul data-start=\"275\" data-end=\"402\">\n<li data-start=\"275\" data-end=\"329\">\n<p data-start=\"277\" data-end=\"329\"><strong data-start=\"277\" data-end=\"298\">fini, okrugli vrh<\/strong> za precizne linije i detalje<\/p>\n<\/li>\n<li data-start=\"330\" data-end=\"402\">\n<p data-start=\"332\" data-end=\"402\"><strong data-start=\"332\" data-end=\"352\">\u0161iroki, kosi vrh<\/strong> za popunjavanje povr\u0161ina ili kaligrafske poteze<\/p>\n<\/li>\n<\/ul>\n<p data-start=\"404\" data-end=\"578\">Set <strong data-start=\"408\" data-end=\"424\">Basic Colors<\/strong> brings <strong data-start=\"432\" data-end=\"472\">osnovne i naj\u010de\u0161\u0107e kori\u0161tene nijanse<\/strong>, idealne za po\u010detnike i profesionalce koji \u017eele univerzalnu paletu za svakodnevno crtanje i skiciranje.<\/p>","protected":false},"excerpt":{"rendered":"<p>MTN 94 Graphic markeri su alkoholni markeri razvijeni za crtanje i ilustraciju na papiru. Svaki marker ima dva prakti\u010dna filcana vrha: fini, okrugli vrh za precizne linije i detalje \u0161iroki, kosi vrh za popunjavanje povr\u0161ina ili kaligrafske poteze Set Basic Colors donosi osnovne i naj\u010de\u0161\u0107e kori\u0161tene nijanse, idealne za po\u010detnike i profesionalce koji \u017eele univerzalnu [&hellip;]<\/p>","protected":false},"featured_media":12453,"template":"","meta":{"_acf_changed":false},"product_brand":[104],"product_cat":[22,82],"product_tag":[],"class_list":{"0":"post-8162","1":"product","2":"type-product","3":"status-publish","4":"has-post-thumbnail","6":"product_brand-mtn","7":"product_cat-markeri","8":"product_cat-markeri-markeri","10":"first","11":"outofstock","12":"shipping-taxable","13":"purchasable","14":"product-type-simple"},"acf":[],"yoast_head":"<!-- This site is optimized with the Yoast SEO plugin v26.3 - https:\/\/yoast.com\/wordpress\/plugins\/seo\/ -->\n<title>MTN 94 graphic set basic colors - Sugar Factory<\/title>\n<meta name=\"robots\" content=\"index, follow, max-snippet:-1, max-image-preview:large, max-video-preview:-1\" \/>\n<link rel=\"canonical\" href=\"https:\/\/www.sugarfactory.hr\/en\/product-2\/markers\/mtn-94-graphic-set-basic-colors\/\" \/>\n<meta property=\"og:locale\" content=\"en_US\" \/>\n<meta property=\"og:type\" content=\"article\" \/>\n<meta property=\"og:title\" content=\"MTN 94 graphic set basic colors - Sugar Factory\" \/>\n<meta property=\"og:description\" content=\"MTN 94 Graphic markeri su alkoholni markeri razvijeni za crtanje i ilustraciju na papiru. Svaki marker ima dva prakti\u010dna filcana vrha: fini, okrugli vrh za precizne linije i detalje \u0161iroki, kosi vrh za popunjavanje povr\u0161ina ili kaligrafske poteze Set Basic Colors donosi osnovne i naj\u010de\u0161\u0107e kori\u0161tene nijanse, idealne za po\u010detnike i profesionalce koji \u017eele univerzalnu [&hellip;]\" \/>\n<meta property=\"og:url\" content=\"https:\/\/www.sugarfactory.hr\/en\/product-2\/markers\/mtn-94-graphic-set-basic-colors\/\" \/>\n<meta property=\"og:site_name\" content=\"Sugar Factory\" \/>\n<meta property=\"article:modified_time\" content=\"2026-03-12T07:26:09+00:00\" \/>\n<meta property=\"og:image\" content=\"https:\/\/www.sugarfactory.hr\/wp-content\/uploads\/2024\/06\/mtn-94-basic.webp\" \/>\n\t<meta property=\"og:image:width\" content=\"896\" \/>\n\t<meta property=\"og:image:height\" content=\"1120\" \/>\n\t<meta property=\"og:image:type\" content=\"image\/webp\" \/>\n<meta name=\"twitter:card\" content=\"summary_large_image\" \/>\n<script type=\"application\/ld+json\" class=\"yoast-schema-graph\">{\"@context\":\"https:\/\/schema.org\",\"@graph\":[{\"@type\":\"WebPage\",\"@id\":\"https:\/\/www.sugarfactory.hr\/proizvod\/markeri\/mtn-94-graphic-set-basic-colors\/\",\"url\":\"https:\/\/www.sugarfactory.hr\/proizvod\/markeri\/mtn-94-graphic-set-basic-colors\/\",\"name\":\"MTN 94 graphic set basic colors - Sugar Factory\",\"isPartOf\":{\"@id\":\"https:\/\/www.sugarfactory.hr\/#website\"},\"primaryImageOfPage\":{\"@id\":\"https:\/\/www.sugarfactory.hr\/proizvod\/markeri\/mtn-94-graphic-set-basic-colors\/#primaryimage\"},\"image\":{\"@id\":\"https:\/\/www.sugarfactory.hr\/proizvod\/markeri\/mtn-94-graphic-set-basic-colors\/#primaryimage\"},\"thumbnailUrl\":\"https:\/\/www.sugarfactory.hr\/wp-content\/uploads\/2024\/06\/mtn-94-basic.webp\",\"datePublished\":\"2024-06-07T10:45:59+00:00\",\"dateModified\":\"2026-03-12T07:26:09+00:00\",\"breadcrumb\":{\"@id\":\"https:\/\/www.sugarfactory.hr\/proizvod\/markeri\/mtn-94-graphic-set-basic-colors\/#breadcrumb\"},\"inLanguage\":\"en-US\",\"potentialAction\":[{\"@type\":\"ReadAction\",\"target\":[\"https:\/\/www.sugarfactory.hr\/proizvod\/markeri\/mtn-94-graphic-set-basic-colors\/\"]}]},{\"@type\":\"ImageObject\",\"inLanguage\":\"en-US\",\"@id\":\"https:\/\/www.sugarfactory.hr\/proizvod\/markeri\/mtn-94-graphic-set-basic-colors\/#primaryimage\",\"url\":\"https:\/\/www.sugarfactory.hr\/wp-content\/uploads\/2024\/06\/mtn-94-basic.webp\",\"contentUrl\":\"https:\/\/www.sugarfactory.hr\/wp-content\/uploads\/2024\/06\/mtn-94-basic.webp\",\"width\":896,\"height\":1120},{\"@type\":\"BreadcrumbList\",\"@id\":\"https:\/\/www.sugarfactory.hr\/proizvod\/markeri\/mtn-94-graphic-set-basic-colors\/#breadcrumb\",\"itemListElement\":[{\"@type\":\"ListItem\",\"position\":1,\"name\":\"Po\u010detna stranica\",\"item\":\"https:\/\/www.sugarfactory.hr\/\"},{\"@type\":\"ListItem\",\"position\":2,\"name\":\"Proizvodi\",\"item\":\"https:\/\/www.sugarfactory.hr\/shop\/\"},{\"@type\":\"ListItem\",\"position\":3,\"name\":\"MTN 94 graphic set basic colors\"}]},{\"@type\":\"WebSite\",\"@id\":\"https:\/\/www.sugarfactory.hr\/#website\",\"url\":\"https:\/\/www.sugarfactory.hr\/\",\"name\":\"Sugar Factory\",\"description\":\"Create your sweetest pieces!\",\"potentialAction\":[{\"@type\":\"SearchAction\",\"target\":{\"@type\":\"EntryPoint\",\"urlTemplate\":\"https:\/\/www.sugarfactory.hr\/?s={search_term_string}\"},\"query-input\":{\"@type\":\"PropertyValueSpecification\",\"valueRequired\":true,\"valueName\":\"search_term_string\"}}],\"inLanguage\":\"en-US\"}]}<\/script>\n<!-- \/ Yoast SEO plugin. -->","yoast_head_json":{"title":"MTN 94 graphic set basic colors - Sugar Factory","robots":{"index":"index","follow":"follow","max-snippet":"max-snippet:-1","max-image-preview":"max-image-preview:large","max-video-preview":"max-video-preview:-1"},"canonical":"https:\/\/www.sugarfactory.hr\/en\/product-2\/markers\/mtn-94-graphic-set-basic-colors\/","og_locale":"en_US","og_type":"article","og_title":"MTN 94 graphic set basic colors - Sugar Factory","og_description":"MTN 94 Graphic markeri su alkoholni markeri razvijeni za crtanje i ilustraciju na papiru. Svaki marker ima dva prakti\u010dna filcana vrha: fini, okrugli vrh za precizne linije i detalje \u0161iroki, kosi vrh za popunjavanje povr\u0161ina ili kaligrafske poteze Set Basic Colors donosi osnovne i naj\u010de\u0161\u0107e kori\u0161tene nijanse, idealne za po\u010detnike i profesionalce koji \u017eele univerzalnu [&hellip;]","og_url":"https:\/\/www.sugarfactory.hr\/en\/product-2\/markers\/mtn-94-graphic-set-basic-colors\/","og_site_name":"Sugar Factory","article_modified_time":"2026-03-12T07:26:09+00:00","og_image":[{"width":896,"height":1120,"url":"https:\/\/www.sugarfactory.hr\/wp-content\/uploads\/2024\/06\/mtn-94-basic.webp","type":"image\/webp"}],"twitter_card":"summary_large_image","schema":{"@context":"https:\/\/schema.org","@graph":[{"@type":"WebPage","@id":"https:\/\/www.sugarfactory.hr\/proizvod\/markeri\/mtn-94-graphic-set-basic-colors\/","url":"https:\/\/www.sugarfactory.hr\/proizvod\/markeri\/mtn-94-graphic-set-basic-colors\/","name":"MTN 94 graphic set basic colors - Sugar Factory","isPartOf":{"@id":"https:\/\/www.sugarfactory.hr\/#website"},"primaryImageOfPage":{"@id":"https:\/\/www.sugarfactory.hr\/proizvod\/markeri\/mtn-94-graphic-set-basic-colors\/#primaryimage"},"image":{"@id":"https:\/\/www.sugarfactory.hr\/proizvod\/markeri\/mtn-94-graphic-set-basic-colors\/#primaryimage"},"thumbnailUrl":"https:\/\/www.sugarfactory.hr\/wp-content\/uploads\/2024\/06\/mtn-94-basic.webp","datePublished":"2024-06-07T10:45:59+00:00","dateModified":"2026-03-12T07:26:09+00:00","breadcrumb":{"@id":"https:\/\/www.sugarfactory.hr\/proizvod\/markeri\/mtn-94-graphic-set-basic-colors\/#breadcrumb"},"inLanguage":"en-US","potentialAction":[{"@type":"ReadAction","target":["https:\/\/www.sugarfactory.hr\/proizvod\/markeri\/mtn-94-graphic-set-basic-colors\/"]}]},{"@type":"ImageObject","inLanguage":"en-US","@id":"https:\/\/www.sugarfactory.hr\/proizvod\/markeri\/mtn-94-graphic-set-basic-colors\/#primaryimage","url":"https:\/\/www.sugarfactory.hr\/wp-content\/uploads\/2024\/06\/mtn-94-basic.webp","contentUrl":"https:\/\/www.sugarfactory.hr\/wp-content\/uploads\/2024\/06\/mtn-94-basic.webp","width":896,"height":1120},{"@type":"BreadcrumbList","@id":"https:\/\/www.sugarfactory.hr\/proizvod\/markeri\/mtn-94-graphic-set-basic-colors\/#breadcrumb","itemListElement":[{"@type":"ListItem","position":1,"name":"Po\u010detna stranica","item":"https:\/\/www.sugarfactory.hr\/"},{"@type":"ListItem","position":2,"name":"Proizvodi","item":"https:\/\/www.sugarfactory.hr\/shop\/"},{"@type":"ListItem","position":3,"name":"MTN 94 graphic set basic colors"}]},{"@type":"WebSite","@id":"https:\/\/www.sugarfactory.hr\/#website","url":"https:\/\/www.sugarfactory.hr\/","name":"Sugar Factory","description":"Create your sweetest pieces!","potentialAction":[{"@type":"SearchAction","target":{"@type":"EntryPoint","urlTemplate":"https:\/\/www.sugarfactory.hr\/?s={search_term_string}"},"query-input":{"@type":"PropertyValueSpecification","valueRequired":true,"valueName":"search_term_string"}}],"inLanguage":"en-US"}]}},"_links":{"self":[{"href":"https:\/\/www.sugarfactory.hr\/en\/wp-json\/wp\/v2\/product\/8162","targetHints":{"allow":["GET"]}}],"collection":[{"href":"https:\/\/www.sugarfactory.hr\/en\/wp-json\/wp\/v2\/product"}],"about":[{"href":"https:\/\/www.sugarfactory.hr\/en\/wp-json\/wp\/v2\/types\/product"}],"wp:featuredmedia":[{"embeddable":true,"href":"https:\/\/www.sugarfactory.hr\/en\/wp-json\/wp\/v2\/media\/12453"}],"wp:attachment":[{"href":"https:\/\/www.sugarfactory.hr\/en\/wp-json\/wp\/v2\/media?parent=8162"}],"wp:term":[{"taxonomy":"product_brand","embeddable":true,"href":"https:\/\/www.sugarfactory.hr\/en\/wp-json\/wp\/v2\/product_brand?post=8162"},{"taxonomy":"product_cat","embeddable":true,"href":"https:\/\/www.sugarfactory.hr\/en\/wp-json\/wp\/v2\/product_cat?post=8162"},{"taxonomy":"product_tag","embeddable":true,"href":"https:\/\/www.sugarfactory.hr\/en\/wp-json\/wp\/v2\/product_tag?post=8162"}],"curies":[{"name":"wp","href":"https:\/\/api.w.org\/{rel}","templated":true}]}}