{"id":8176,"date":"2024-06-07T10:55:39","date_gmt":"2024-06-07T10:55:39","guid":{"rendered":"https:\/\/www.sugarfactory.hr\/?post_type=product&#038;p=8176"},"modified":"2026-04-08T09:24:59","modified_gmt":"2026-04-08T08:24:59","slug":"mtn-94-graphic-set-pastel-colors","status":"publish","type":"product","link":"https:\/\/www.sugarfactory.hr\/en\/product-2\/markers\/mtn-94-graphic-set-pastel-colors\/","title":{"rendered":"MTN 94 graphic set pastel colors"},"content":{"rendered":"<p data-start=\"87\" data-end=\"291\"><strong data-start=\"128\" data-end=\"154\">MTN 94 Graphic markeri<\/strong> are <strong data-start=\"158\" data-end=\"179\">alkoholni markeri<\/strong> namijenjeni prvenstveno za crtanje i ilustracije na papiru. Svaki marker opremljen je s <strong data-start=\"268\" data-end=\"288\">dva filcana vrha<\/strong>:<\/p>\n<ul data-start=\"292\" data-end=\"400\">\n<li data-start=\"292\" data-end=\"338\">\n<p data-start=\"294\" data-end=\"338\"><strong data-start=\"294\" data-end=\"315\">fini, okrugli vrh<\/strong> za detalje i konture<\/p>\n<\/li>\n<li data-start=\"339\" data-end=\"400\">\n<p data-start=\"341\" data-end=\"400\"><strong data-start=\"341\" data-end=\"361\">\u0161iroki, kosi vrh<\/strong> za popunjavanje i kaligrafske poteze<\/p>\n<\/li>\n<\/ul>\n<p data-start=\"402\" data-end=\"547\">Set <strong data-start=\"406\" data-end=\"423\">Pastel Colors<\/strong> sadr\u017ei odabrane <strong data-start=\"440\" data-end=\"469\">nje\u017ene i svijetle nijanse<\/strong>, savr\u0161ene za ilustracije, sjen\u010danje i dodavanje mekih prijelaza u crte\u017eima.<\/p>","protected":false},"excerpt":{"rendered":"<p>MTN 94 Graphic markeri su alkoholni markeri namijenjeni prvenstveno za crtanje i ilustracije na papiru. Svaki marker opremljen je s dva filcana vrha: fini, okrugli vrh za detalje i konture \u0161iroki, kosi vrh za popunjavanje i kaligrafske poteze Set Pastel Colors sadr\u017ei odabrane nje\u017ene i svijetle nijanse, savr\u0161ene za ilustracije, sjen\u010danje i dodavanje mekih prijelaza [&hellip;]<\/p>","protected":false},"featured_media":12452,"template":"","meta":{"_acf_changed":false},"product_brand":[104],"product_cat":[22,82],"product_tag":[],"class_list":{"0":"post-8176","1":"product","2":"type-product","3":"status-publish","4":"has-post-thumbnail","6":"product_brand-mtn","7":"product_cat-markeri","8":"product_cat-markeri-markeri","10":"first","11":"instock","12":"shipping-taxable","13":"purchasable","14":"product-type-simple"},"acf":[],"yoast_head":"<!-- This site is optimized with the Yoast SEO plugin v26.3 - https:\/\/yoast.com\/wordpress\/plugins\/seo\/ -->\n<title>MTN 94 graphic set pastel colors - Sugar Factory<\/title>\n<meta name=\"robots\" content=\"index, follow, max-snippet:-1, max-image-preview:large, max-video-preview:-1\" \/>\n<link rel=\"canonical\" href=\"https:\/\/www.sugarfactory.hr\/en\/product-2\/markers\/mtn-94-graphic-set-pastel-colors\/\" \/>\n<meta property=\"og:locale\" content=\"en_US\" \/>\n<meta property=\"og:type\" content=\"article\" \/>\n<meta property=\"og:title\" content=\"MTN 94 graphic set pastel colors - Sugar Factory\" \/>\n<meta property=\"og:description\" content=\"MTN 94 Graphic markeri su alkoholni markeri namijenjeni prvenstveno za crtanje i ilustracije na papiru. Svaki marker opremljen je s dva filcana vrha: fini, okrugli vrh za detalje i konture \u0161iroki, kosi vrh za popunjavanje i kaligrafske poteze Set Pastel Colors sadr\u017ei odabrane nje\u017ene i svijetle nijanse, savr\u0161ene za ilustracije, sjen\u010danje i dodavanje mekih prijelaza [&hellip;]\" \/>\n<meta property=\"og:url\" content=\"https:\/\/www.sugarfactory.hr\/en\/product-2\/markers\/mtn-94-graphic-set-pastel-colors\/\" \/>\n<meta property=\"og:site_name\" content=\"Sugar Factory\" \/>\n<meta property=\"article:modified_time\" content=\"2026-04-08T08:24:59+00:00\" \/>\n<meta property=\"og:image\" content=\"https:\/\/www.sugarfactory.hr\/wp-content\/uploads\/2024\/06\/mtn-94-pastel.webp\" \/>\n\t<meta property=\"og:image:width\" content=\"896\" \/>\n\t<meta property=\"og:image:height\" content=\"1120\" \/>\n\t<meta property=\"og:image:type\" content=\"image\/webp\" \/>\n<meta name=\"twitter:card\" content=\"summary_large_image\" \/>\n<script type=\"application\/ld+json\" class=\"yoast-schema-graph\">{\"@context\":\"https:\/\/schema.org\",\"@graph\":[{\"@type\":\"WebPage\",\"@id\":\"https:\/\/www.sugarfactory.hr\/proizvod\/markeri\/mtn-94-graphic-set-pastel-colors\/\",\"url\":\"https:\/\/www.sugarfactory.hr\/proizvod\/markeri\/mtn-94-graphic-set-pastel-colors\/\",\"name\":\"MTN 94 graphic set pastel colors - Sugar Factory\",\"isPartOf\":{\"@id\":\"https:\/\/www.sugarfactory.hr\/#website\"},\"primaryImageOfPage\":{\"@id\":\"https:\/\/www.sugarfactory.hr\/proizvod\/markeri\/mtn-94-graphic-set-pastel-colors\/#primaryimage\"},\"image\":{\"@id\":\"https:\/\/www.sugarfactory.hr\/proizvod\/markeri\/mtn-94-graphic-set-pastel-colors\/#primaryimage\"},\"thumbnailUrl\":\"https:\/\/www.sugarfactory.hr\/wp-content\/uploads\/2024\/06\/mtn-94-pastel.webp\",\"datePublished\":\"2024-06-07T10:55:39+00:00\",\"dateModified\":\"2026-04-08T08:24:59+00:00\",\"breadcrumb\":{\"@id\":\"https:\/\/www.sugarfactory.hr\/proizvod\/markeri\/mtn-94-graphic-set-pastel-colors\/#breadcrumb\"},\"inLanguage\":\"en-US\",\"potentialAction\":[{\"@type\":\"ReadAction\",\"target\":[\"https:\/\/www.sugarfactory.hr\/proizvod\/markeri\/mtn-94-graphic-set-pastel-colors\/\"]}]},{\"@type\":\"ImageObject\",\"inLanguage\":\"en-US\",\"@id\":\"https:\/\/www.sugarfactory.hr\/proizvod\/markeri\/mtn-94-graphic-set-pastel-colors\/#primaryimage\",\"url\":\"https:\/\/www.sugarfactory.hr\/wp-content\/uploads\/2024\/06\/mtn-94-pastel.webp\",\"contentUrl\":\"https:\/\/www.sugarfactory.hr\/wp-content\/uploads\/2024\/06\/mtn-94-pastel.webp\",\"width\":896,\"height\":1120},{\"@type\":\"BreadcrumbList\",\"@id\":\"https:\/\/www.sugarfactory.hr\/proizvod\/markeri\/mtn-94-graphic-set-pastel-colors\/#breadcrumb\",\"itemListElement\":[{\"@type\":\"ListItem\",\"position\":1,\"name\":\"Po\u010detna stranica\",\"item\":\"https:\/\/www.sugarfactory.hr\/\"},{\"@type\":\"ListItem\",\"position\":2,\"name\":\"Proizvodi\",\"item\":\"https:\/\/www.sugarfactory.hr\/shop\/\"},{\"@type\":\"ListItem\",\"position\":3,\"name\":\"MTN 94 graphic set pastel colors\"}]},{\"@type\":\"WebSite\",\"@id\":\"https:\/\/www.sugarfactory.hr\/#website\",\"url\":\"https:\/\/www.sugarfactory.hr\/\",\"name\":\"Sugar Factory\",\"description\":\"Create your sweetest pieces!\",\"potentialAction\":[{\"@type\":\"SearchAction\",\"target\":{\"@type\":\"EntryPoint\",\"urlTemplate\":\"https:\/\/www.sugarfactory.hr\/?s={search_term_string}\"},\"query-input\":{\"@type\":\"PropertyValueSpecification\",\"valueRequired\":true,\"valueName\":\"search_term_string\"}}],\"inLanguage\":\"en-US\"}]}<\/script>\n<!-- \/ Yoast SEO plugin. -->","yoast_head_json":{"title":"MTN 94 graphic set pastel colors - Sugar Factory","robots":{"index":"index","follow":"follow","max-snippet":"max-snippet:-1","max-image-preview":"max-image-preview:large","max-video-preview":"max-video-preview:-1"},"canonical":"https:\/\/www.sugarfactory.hr\/en\/product-2\/markers\/mtn-94-graphic-set-pastel-colors\/","og_locale":"en_US","og_type":"article","og_title":"MTN 94 graphic set pastel colors - Sugar Factory","og_description":"MTN 94 Graphic markeri su alkoholni markeri namijenjeni prvenstveno za crtanje i ilustracije na papiru. Svaki marker opremljen je s dva filcana vrha: fini, okrugli vrh za detalje i konture \u0161iroki, kosi vrh za popunjavanje i kaligrafske poteze Set Pastel Colors sadr\u017ei odabrane nje\u017ene i svijetle nijanse, savr\u0161ene za ilustracije, sjen\u010danje i dodavanje mekih prijelaza [&hellip;]","og_url":"https:\/\/www.sugarfactory.hr\/en\/product-2\/markers\/mtn-94-graphic-set-pastel-colors\/","og_site_name":"Sugar Factory","article_modified_time":"2026-04-08T08:24:59+00:00","og_image":[{"width":896,"height":1120,"url":"https:\/\/www.sugarfactory.hr\/wp-content\/uploads\/2024\/06\/mtn-94-pastel.webp","type":"image\/webp"}],"twitter_card":"summary_large_image","schema":{"@context":"https:\/\/schema.org","@graph":[{"@type":"WebPage","@id":"https:\/\/www.sugarfactory.hr\/proizvod\/markeri\/mtn-94-graphic-set-pastel-colors\/","url":"https:\/\/www.sugarfactory.hr\/proizvod\/markeri\/mtn-94-graphic-set-pastel-colors\/","name":"MTN 94 graphic set pastel colors - Sugar Factory","isPartOf":{"@id":"https:\/\/www.sugarfactory.hr\/#website"},"primaryImageOfPage":{"@id":"https:\/\/www.sugarfactory.hr\/proizvod\/markeri\/mtn-94-graphic-set-pastel-colors\/#primaryimage"},"image":{"@id":"https:\/\/www.sugarfactory.hr\/proizvod\/markeri\/mtn-94-graphic-set-pastel-colors\/#primaryimage"},"thumbnailUrl":"https:\/\/www.sugarfactory.hr\/wp-content\/uploads\/2024\/06\/mtn-94-pastel.webp","datePublished":"2024-06-07T10:55:39+00:00","dateModified":"2026-04-08T08:24:59+00:00","breadcrumb":{"@id":"https:\/\/www.sugarfactory.hr\/proizvod\/markeri\/mtn-94-graphic-set-pastel-colors\/#breadcrumb"},"inLanguage":"en-US","potentialAction":[{"@type":"ReadAction","target":["https:\/\/www.sugarfactory.hr\/proizvod\/markeri\/mtn-94-graphic-set-pastel-colors\/"]}]},{"@type":"ImageObject","inLanguage":"en-US","@id":"https:\/\/www.sugarfactory.hr\/proizvod\/markeri\/mtn-94-graphic-set-pastel-colors\/#primaryimage","url":"https:\/\/www.sugarfactory.hr\/wp-content\/uploads\/2024\/06\/mtn-94-pastel.webp","contentUrl":"https:\/\/www.sugarfactory.hr\/wp-content\/uploads\/2024\/06\/mtn-94-pastel.webp","width":896,"height":1120},{"@type":"BreadcrumbList","@id":"https:\/\/www.sugarfactory.hr\/proizvod\/markeri\/mtn-94-graphic-set-pastel-colors\/#breadcrumb","itemListElement":[{"@type":"ListItem","position":1,"name":"Po\u010detna stranica","item":"https:\/\/www.sugarfactory.hr\/"},{"@type":"ListItem","position":2,"name":"Proizvodi","item":"https:\/\/www.sugarfactory.hr\/shop\/"},{"@type":"ListItem","position":3,"name":"MTN 94 graphic set pastel colors"}]},{"@type":"WebSite","@id":"https:\/\/www.sugarfactory.hr\/#website","url":"https:\/\/www.sugarfactory.hr\/","name":"Sugar Factory","description":"Create your sweetest pieces!","potentialAction":[{"@type":"SearchAction","target":{"@type":"EntryPoint","urlTemplate":"https:\/\/www.sugarfactory.hr\/?s={search_term_string}"},"query-input":{"@type":"PropertyValueSpecification","valueRequired":true,"valueName":"search_term_string"}}],"inLanguage":"en-US"}]}},"_links":{"self":[{"href":"https:\/\/www.sugarfactory.hr\/en\/wp-json\/wp\/v2\/product\/8176","targetHints":{"allow":["GET"]}}],"collection":[{"href":"https:\/\/www.sugarfactory.hr\/en\/wp-json\/wp\/v2\/product"}],"about":[{"href":"https:\/\/www.sugarfactory.hr\/en\/wp-json\/wp\/v2\/types\/product"}],"wp:featuredmedia":[{"embeddable":true,"href":"https:\/\/www.sugarfactory.hr\/en\/wp-json\/wp\/v2\/media\/12452"}],"wp:attachment":[{"href":"https:\/\/www.sugarfactory.hr\/en\/wp-json\/wp\/v2\/media?parent=8176"}],"wp:term":[{"taxonomy":"product_brand","embeddable":true,"href":"https:\/\/www.sugarfactory.hr\/en\/wp-json\/wp\/v2\/product_brand?post=8176"},{"taxonomy":"product_cat","embeddable":true,"href":"https:\/\/www.sugarfactory.hr\/en\/wp-json\/wp\/v2\/product_cat?post=8176"},{"taxonomy":"product_tag","embeddable":true,"href":"https:\/\/www.sugarfactory.hr\/en\/wp-json\/wp\/v2\/product_tag?post=8176"}],"curies":[{"name":"wp","href":"https:\/\/api.w.org\/{rel}","templated":true}]}}