{"id":8259,"date":"2024-06-15T15:14:18","date_gmt":"2024-06-15T15:14:18","guid":{"rendered":"https:\/\/www.sugarfactory.hr\/?post_type=product&#038;p=8259"},"modified":"2025-10-21T12:55:31","modified_gmt":"2025-10-21T11:55:31","slug":"backtofront-tshirt-pack-by-azram","status":"publish","type":"product","link":"https:\/\/www.sugarfactory.hr\/en\/product-2\/accessories\/backtofront-tshirt-pack-by-azram\/","title":{"rendered":"BackToFront TShirt pack by Azram"},"content":{"rendered":"<p>Ovo je prednarud\u017eba. Bit \u0107e otvorena samo ograni\u010deno vrijeme, nakon \u010dega majica vi\u0161e ne\u0107e biti dostupna za kupnju, a bit \u0107e otisnut vrlo ograni\u010den broj.<\/p>\n<p>Dvostrani grafi\u010dki dizajn koji ide od sprijeda prema straga i od straga prema naprijed!! EcoCotton visokokvalitetni print. Dostupno samo ograni\u010deno vrijeme!<br \/>\nUz majicu dolazi paket naljepnica i skica zahvale!<\/p>","protected":false},"excerpt":{"rendered":"<p>Ovo je prednarud\u017eba. Bit \u0107e otvorena samo ograni\u010deno vrijeme, nakon \u010dega majica vi\u0161e ne\u0107e biti dostupna za kupnju, a bit \u0107e otisnut vrlo ograni\u010den broj. Dvostrani grafi\u010dki dizajn koji ide od sprijeda prema straga i od straga prema naprijed!! EcoCotton visokokvalitetni print. Dostupno samo ograni\u010deno vrijeme! Uz majicu dolazi paket naljepnica i skica zahvale!<\/p>","protected":false},"featured_media":8344,"template":"","meta":{"_acf_changed":false},"product_brand":[127],"product_cat":[21,93,88],"product_tag":[],"class_list":{"0":"post-8259","1":"product","2":"type-product","3":"status-publish","4":"has-post-thumbnail","6":"product_brand-azram","7":"product_cat-accessories","8":"product_cat-majice","9":"product_cat-odjeca","11":"first","12":"outofstock","13":"shipping-taxable","14":"purchasable","15":"product-type-variable"},"acf":[],"yoast_head":"<!-- This site is optimized with the Yoast SEO plugin v26.3 - https:\/\/yoast.com\/wordpress\/plugins\/seo\/ -->\n<title>BackToFront TShirt pack by Azram - Sugar Factory<\/title>\n<meta name=\"robots\" content=\"index, follow, max-snippet:-1, max-image-preview:large, max-video-preview:-1\" \/>\n<link rel=\"canonical\" href=\"https:\/\/www.sugarfactory.hr\/en\/product-2\/accessories\/backtofront-tshirt-pack-by-azram\/\" \/>\n<meta property=\"og:locale\" content=\"en_US\" \/>\n<meta property=\"og:type\" content=\"article\" \/>\n<meta property=\"og:title\" content=\"BackToFront TShirt pack by Azram - Sugar Factory\" \/>\n<meta property=\"og:description\" content=\"Ovo je prednarud\u017eba. Bit \u0107e otvorena samo ograni\u010deno vrijeme, nakon \u010dega majica vi\u0161e ne\u0107e biti dostupna za kupnju, a bit \u0107e otisnut vrlo ograni\u010den broj. Dvostrani grafi\u010dki dizajn koji ide od sprijeda prema straga i od straga prema naprijed!! EcoCotton visokokvalitetni print. Dostupno samo ograni\u010deno vrijeme! Uz majicu dolazi paket naljepnica i skica zahvale!\" \/>\n<meta property=\"og:url\" content=\"https:\/\/www.sugarfactory.hr\/en\/product-2\/accessories\/backtofront-tshirt-pack-by-azram\/\" \/>\n<meta property=\"og:site_name\" content=\"Sugar Factory\" \/>\n<meta property=\"article:modified_time\" content=\"2025-10-21T11:55:31+00:00\" \/>\n<meta property=\"og:image\" content=\"https:\/\/www.sugarfactory.hr\/wp-content\/uploads\/2024\/06\/Face_Front-1.jpg\" \/>\n\t<meta property=\"og:image:width\" content=\"1000\" \/>\n\t<meta property=\"og:image:height\" content=\"1250\" \/>\n\t<meta property=\"og:image:type\" content=\"image\/jpeg\" \/>\n<meta name=\"twitter:card\" content=\"summary_large_image\" \/>\n<script type=\"application\/ld+json\" class=\"yoast-schema-graph\">{\"@context\":\"https:\/\/schema.org\",\"@graph\":[{\"@type\":\"WebPage\",\"@id\":\"https:\/\/www.sugarfactory.hr\/proizvod\/accessories\/backtofront-tshirt-pack-by-azram\/\",\"url\":\"https:\/\/www.sugarfactory.hr\/proizvod\/accessories\/backtofront-tshirt-pack-by-azram\/\",\"name\":\"BackToFront TShirt pack by Azram - Sugar Factory\",\"isPartOf\":{\"@id\":\"https:\/\/www.sugarfactory.hr\/#website\"},\"primaryImageOfPage\":{\"@id\":\"https:\/\/www.sugarfactory.hr\/proizvod\/accessories\/backtofront-tshirt-pack-by-azram\/#primaryimage\"},\"image\":{\"@id\":\"https:\/\/www.sugarfactory.hr\/proizvod\/accessories\/backtofront-tshirt-pack-by-azram\/#primaryimage\"},\"thumbnailUrl\":\"https:\/\/www.sugarfactory.hr\/wp-content\/uploads\/2024\/06\/Face_Front-1.jpg\",\"datePublished\":\"2024-06-15T15:14:18+00:00\",\"dateModified\":\"2025-10-21T11:55:31+00:00\",\"breadcrumb\":{\"@id\":\"https:\/\/www.sugarfactory.hr\/proizvod\/accessories\/backtofront-tshirt-pack-by-azram\/#breadcrumb\"},\"inLanguage\":\"en-US\",\"potentialAction\":[{\"@type\":\"ReadAction\",\"target\":[\"https:\/\/www.sugarfactory.hr\/proizvod\/accessories\/backtofront-tshirt-pack-by-azram\/\"]}]},{\"@type\":\"ImageObject\",\"inLanguage\":\"en-US\",\"@id\":\"https:\/\/www.sugarfactory.hr\/proizvod\/accessories\/backtofront-tshirt-pack-by-azram\/#primaryimage\",\"url\":\"https:\/\/www.sugarfactory.hr\/wp-content\/uploads\/2024\/06\/Face_Front-1.jpg\",\"contentUrl\":\"https:\/\/www.sugarfactory.hr\/wp-content\/uploads\/2024\/06\/Face_Front-1.jpg\",\"width\":1000,\"height\":1250},{\"@type\":\"BreadcrumbList\",\"@id\":\"https:\/\/www.sugarfactory.hr\/proizvod\/accessories\/backtofront-tshirt-pack-by-azram\/#breadcrumb\",\"itemListElement\":[{\"@type\":\"ListItem\",\"position\":1,\"name\":\"Po\u010detna stranica\",\"item\":\"https:\/\/www.sugarfactory.hr\/\"},{\"@type\":\"ListItem\",\"position\":2,\"name\":\"Proizvodi\",\"item\":\"https:\/\/www.sugarfactory.hr\/shop\/\"},{\"@type\":\"ListItem\",\"position\":3,\"name\":\"BackToFront TShirt pack by Azram\"}]},{\"@type\":\"WebSite\",\"@id\":\"https:\/\/www.sugarfactory.hr\/#website\",\"url\":\"https:\/\/www.sugarfactory.hr\/\",\"name\":\"Sugar Factory\",\"description\":\"Create your sweetest pieces!\",\"potentialAction\":[{\"@type\":\"SearchAction\",\"target\":{\"@type\":\"EntryPoint\",\"urlTemplate\":\"https:\/\/www.sugarfactory.hr\/?s={search_term_string}\"},\"query-input\":{\"@type\":\"PropertyValueSpecification\",\"valueRequired\":true,\"valueName\":\"search_term_string\"}}],\"inLanguage\":\"en-US\"}]}<\/script>\n<!-- \/ Yoast SEO plugin. -->","yoast_head_json":{"title":"BackToFront TShirt pack by Azram - Sugar Factory","robots":{"index":"index","follow":"follow","max-snippet":"max-snippet:-1","max-image-preview":"max-image-preview:large","max-video-preview":"max-video-preview:-1"},"canonical":"https:\/\/www.sugarfactory.hr\/en\/product-2\/accessories\/backtofront-tshirt-pack-by-azram\/","og_locale":"en_US","og_type":"article","og_title":"BackToFront TShirt pack by Azram - Sugar Factory","og_description":"Ovo je prednarud\u017eba. Bit \u0107e otvorena samo ograni\u010deno vrijeme, nakon \u010dega majica vi\u0161e ne\u0107e biti dostupna za kupnju, a bit \u0107e otisnut vrlo ograni\u010den broj. Dvostrani grafi\u010dki dizajn koji ide od sprijeda prema straga i od straga prema naprijed!! EcoCotton visokokvalitetni print. Dostupno samo ograni\u010deno vrijeme! Uz majicu dolazi paket naljepnica i skica zahvale!","og_url":"https:\/\/www.sugarfactory.hr\/en\/product-2\/accessories\/backtofront-tshirt-pack-by-azram\/","og_site_name":"Sugar Factory","article_modified_time":"2025-10-21T11:55:31+00:00","og_image":[{"width":1000,"height":1250,"url":"https:\/\/www.sugarfactory.hr\/wp-content\/uploads\/2024\/06\/Face_Front-1.jpg","type":"image\/jpeg"}],"twitter_card":"summary_large_image","schema":{"@context":"https:\/\/schema.org","@graph":[{"@type":"WebPage","@id":"https:\/\/www.sugarfactory.hr\/proizvod\/accessories\/backtofront-tshirt-pack-by-azram\/","url":"https:\/\/www.sugarfactory.hr\/proizvod\/accessories\/backtofront-tshirt-pack-by-azram\/","name":"BackToFront TShirt pack by Azram - Sugar Factory","isPartOf":{"@id":"https:\/\/www.sugarfactory.hr\/#website"},"primaryImageOfPage":{"@id":"https:\/\/www.sugarfactory.hr\/proizvod\/accessories\/backtofront-tshirt-pack-by-azram\/#primaryimage"},"image":{"@id":"https:\/\/www.sugarfactory.hr\/proizvod\/accessories\/backtofront-tshirt-pack-by-azram\/#primaryimage"},"thumbnailUrl":"https:\/\/www.sugarfactory.hr\/wp-content\/uploads\/2024\/06\/Face_Front-1.jpg","datePublished":"2024-06-15T15:14:18+00:00","dateModified":"2025-10-21T11:55:31+00:00","breadcrumb":{"@id":"https:\/\/www.sugarfactory.hr\/proizvod\/accessories\/backtofront-tshirt-pack-by-azram\/#breadcrumb"},"inLanguage":"en-US","potentialAction":[{"@type":"ReadAction","target":["https:\/\/www.sugarfactory.hr\/proizvod\/accessories\/backtofront-tshirt-pack-by-azram\/"]}]},{"@type":"ImageObject","inLanguage":"en-US","@id":"https:\/\/www.sugarfactory.hr\/proizvod\/accessories\/backtofront-tshirt-pack-by-azram\/#primaryimage","url":"https:\/\/www.sugarfactory.hr\/wp-content\/uploads\/2024\/06\/Face_Front-1.jpg","contentUrl":"https:\/\/www.sugarfactory.hr\/wp-content\/uploads\/2024\/06\/Face_Front-1.jpg","width":1000,"height":1250},{"@type":"BreadcrumbList","@id":"https:\/\/www.sugarfactory.hr\/proizvod\/accessories\/backtofront-tshirt-pack-by-azram\/#breadcrumb","itemListElement":[{"@type":"ListItem","position":1,"name":"Po\u010detna stranica","item":"https:\/\/www.sugarfactory.hr\/"},{"@type":"ListItem","position":2,"name":"Proizvodi","item":"https:\/\/www.sugarfactory.hr\/shop\/"},{"@type":"ListItem","position":3,"name":"BackToFront TShirt pack by Azram"}]},{"@type":"WebSite","@id":"https:\/\/www.sugarfactory.hr\/#website","url":"https:\/\/www.sugarfactory.hr\/","name":"Sugar Factory","description":"Create your sweetest pieces!","potentialAction":[{"@type":"SearchAction","target":{"@type":"EntryPoint","urlTemplate":"https:\/\/www.sugarfactory.hr\/?s={search_term_string}"},"query-input":{"@type":"PropertyValueSpecification","valueRequired":true,"valueName":"search_term_string"}}],"inLanguage":"en-US"}]}},"_links":{"self":[{"href":"https:\/\/www.sugarfactory.hr\/en\/wp-json\/wp\/v2\/product\/8259","targetHints":{"allow":["GET"]}}],"collection":[{"href":"https:\/\/www.sugarfactory.hr\/en\/wp-json\/wp\/v2\/product"}],"about":[{"href":"https:\/\/www.sugarfactory.hr\/en\/wp-json\/wp\/v2\/types\/product"}],"wp:featuredmedia":[{"embeddable":true,"href":"https:\/\/www.sugarfactory.hr\/en\/wp-json\/wp\/v2\/media\/8344"}],"wp:attachment":[{"href":"https:\/\/www.sugarfactory.hr\/en\/wp-json\/wp\/v2\/media?parent=8259"}],"wp:term":[{"taxonomy":"product_brand","embeddable":true,"href":"https:\/\/www.sugarfactory.hr\/en\/wp-json\/wp\/v2\/product_brand?post=8259"},{"taxonomy":"product_cat","embeddable":true,"href":"https:\/\/www.sugarfactory.hr\/en\/wp-json\/wp\/v2\/product_cat?post=8259"},{"taxonomy":"product_tag","embeddable":true,"href":"https:\/\/www.sugarfactory.hr\/en\/wp-json\/wp\/v2\/product_tag?post=8259"}],"curies":[{"name":"wp","href":"https:\/\/api.w.org\/{rel}","templated":true}]}}