{"id":9191,"date":"2025-01-29T18:36:01","date_gmt":"2025-01-29T17:36:01","guid":{"rendered":"https:\/\/www.sugarfactory.hr\/?post_type=product&#038;p=9191"},"modified":"2026-04-17T12:53:11","modified_gmt":"2026-04-17T11:53:11","slug":"zastitna-polumaska-3m-6000","status":"publish","type":"product","link":"https:\/\/www.sugarfactory.hr\/en\/product-2\/accessories\/zastitna-polumaska-3m-6000\/","title":{"rendered":"Za\u0161titna polumaska 3M 6000"},"content":{"rendered":"<p data-start=\"0\" data-end=\"166\"><strong data-start=\"0\" data-end=\"30\">Za\u0161titna polumaska 3M 6000<\/strong> nudi <strong data-start=\"36\" data-end=\"95\">ekonomi\u010dnost, jednostavno odr\u017eavanje i iznimnu udobnost<\/strong> tijekom uporabe, idealnu za <strong data-start=\"124\" data-end=\"163\" data-is-only-node=\"\">umjetnike, majstore i profesionalce<\/strong>.<\/p>\n<p data-start=\"168\" data-end=\"554\">It is available in <strong data-start=\"182\" data-end=\"198\">tri veli\u010dine<\/strong>, a svaka maska ima <strong data-start=\"218\" data-end=\"257\">3M\u2122 bajunetni sustav pri\u010dvr\u0161\u0107ivanja<\/strong>, omogu\u0107uju\u0107i kori\u0161tenje \u0161irokog asortimana <strong data-start=\"301\" data-end=\"350\">filtara za za\u0161titu od plinova, para i \u010destica<\/strong>, prilago\u0111enih specifi\u010dnim potrebama.<\/p>\n<p data-start=\"168\" data-end=\"554\">Polumaska iz <strong data-start=\"403\" data-end=\"418\">6000 serije<\/strong> kompatibilna je i s <strong data-start=\"439\" data-end=\"474\">3M sustavima s napajanjem zraka<\/strong>, providing <strong data-start=\"486\" data-end=\"525\">dodatnu fleksibilnost i prakti\u010dnost<\/strong> u profesionalnim uvjetima.<\/p>\n<p data-start=\"556\" data-end=\"681\" data-is-last-node=\"\" data-is-only-node=\"\"><strong data-start=\"556\" data-end=\"567\">3M 6000<\/strong> is <strong data-start=\"571\" data-end=\"606\">pouzdan i svestran alat za\u0161tite<\/strong> za sve koji \u017eele <strong data-start=\"624\" data-end=\"680\" data-is-only-node=\"\">sigurno i u\u010dinkovito raditi u zahtjevnim okru\u017eenjima<\/strong>.<\/p>","protected":false},"excerpt":{"rendered":"<p>Za\u0161titna polumaska 3M 6000 nudi ekonomi\u010dnost, jednostavno odr\u017eavanje i iznimnu udobnost tijekom uporabe, idealnu za umjetnike, majstore i profesionalce. Dostupna je u tri veli\u010dine, a svaka maska ima 3M\u2122 bajunetni sustav pri\u010dvr\u0161\u0107ivanja, omogu\u0107uju\u0107i kori\u0161tenje \u0161irokog asortimana filtara za za\u0161titu od plinova, para i \u010destica, prilago\u0111enih specifi\u010dnim potrebama. Polumaska iz 6000 serije kompatibilna je i s [&hellip;]<\/p>","protected":false},"featured_media":12586,"template":"","meta":{"_acf_changed":false},"product_brand":[126],"product_cat":[21,88,94],"product_tag":[],"class_list":{"0":"post-9191","1":"product","2":"type-product","3":"status-publish","4":"has-post-thumbnail","6":"product_brand-3m","7":"product_cat-accessories","8":"product_cat-odjeca","9":"product_cat-zastitna-oprema","11":"first","12":"instock","13":"shipping-taxable","14":"purchasable","15":"product-type-variable"},"acf":[],"yoast_head":"<!-- This site is optimized with the Yoast SEO plugin v26.3 - https:\/\/yoast.com\/wordpress\/plugins\/seo\/ -->\n<title>Za\u0161titna polumaska 3M 6000 - Sugar Factory<\/title>\n<meta name=\"robots\" content=\"index, follow, max-snippet:-1, max-image-preview:large, max-video-preview:-1\" \/>\n<link rel=\"canonical\" href=\"https:\/\/www.sugarfactory.hr\/en\/product-2\/accessories\/zastitna-polumaska-3m-6000\/\" \/>\n<meta property=\"og:locale\" content=\"en_US\" \/>\n<meta property=\"og:type\" content=\"article\" \/>\n<meta property=\"og:title\" content=\"Za\u0161titna polumaska 3M 6000 - Sugar Factory\" \/>\n<meta property=\"og:description\" content=\"Za\u0161titna polumaska 3M 6000 nudi ekonomi\u010dnost, jednostavno odr\u017eavanje i iznimnu udobnost tijekom uporabe, idealnu za umjetnike, majstore i profesionalce. Dostupna je u tri veli\u010dine, a svaka maska ima 3M\u2122 bajunetni sustav pri\u010dvr\u0161\u0107ivanja, omogu\u0107uju\u0107i kori\u0161tenje \u0161irokog asortimana filtara za za\u0161titu od plinova, para i \u010destica, prilago\u0111enih specifi\u010dnim potrebama. Polumaska iz 6000 serije kompatibilna je i s [&hellip;]\" \/>\n<meta property=\"og:url\" content=\"https:\/\/www.sugarfactory.hr\/en\/product-2\/accessories\/zastitna-polumaska-3m-6000\/\" \/>\n<meta property=\"og:site_name\" content=\"Sugar Factory\" \/>\n<meta property=\"article:modified_time\" content=\"2026-04-17T11:53:11+00:00\" \/>\n<meta property=\"og:image\" content=\"https:\/\/www.sugarfactory.hr\/wp-content\/uploads\/2025\/01\/84a19d55b7a54b79bdaea0788140c3b3.png\" \/>\n\t<meta property=\"og:image:width\" content=\"896\" \/>\n\t<meta property=\"og:image:height\" content=\"1120\" \/>\n\t<meta property=\"og:image:type\" content=\"image\/png\" \/>\n<meta name=\"twitter:card\" content=\"summary_large_image\" \/>\n<meta name=\"twitter:label1\" content=\"Est. reading time\" \/>\n\t<meta name=\"twitter:data1\" content=\"1 minute\" \/>\n<script type=\"application\/ld+json\" class=\"yoast-schema-graph\">{\"@context\":\"https:\/\/schema.org\",\"@graph\":[{\"@type\":\"WebPage\",\"@id\":\"https:\/\/www.sugarfactory.hr\/proizvod\/accessories\/zastitna-polumaska-3m-6000\/\",\"url\":\"https:\/\/www.sugarfactory.hr\/proizvod\/accessories\/zastitna-polumaska-3m-6000\/\",\"name\":\"Za\u0161titna polumaska 3M 6000 - Sugar Factory\",\"isPartOf\":{\"@id\":\"https:\/\/www.sugarfactory.hr\/#website\"},\"primaryImageOfPage\":{\"@id\":\"https:\/\/www.sugarfactory.hr\/proizvod\/accessories\/zastitna-polumaska-3m-6000\/#primaryimage\"},\"image\":{\"@id\":\"https:\/\/www.sugarfactory.hr\/proizvod\/accessories\/zastitna-polumaska-3m-6000\/#primaryimage\"},\"thumbnailUrl\":\"https:\/\/www.sugarfactory.hr\/wp-content\/uploads\/2025\/01\/84a19d55b7a54b79bdaea0788140c3b3.png\",\"datePublished\":\"2025-01-29T17:36:01+00:00\",\"dateModified\":\"2026-04-17T11:53:11+00:00\",\"breadcrumb\":{\"@id\":\"https:\/\/www.sugarfactory.hr\/proizvod\/accessories\/zastitna-polumaska-3m-6000\/#breadcrumb\"},\"inLanguage\":\"en-US\",\"potentialAction\":[{\"@type\":\"ReadAction\",\"target\":[\"https:\/\/www.sugarfactory.hr\/proizvod\/accessories\/zastitna-polumaska-3m-6000\/\"]}]},{\"@type\":\"ImageObject\",\"inLanguage\":\"en-US\",\"@id\":\"https:\/\/www.sugarfactory.hr\/proizvod\/accessories\/zastitna-polumaska-3m-6000\/#primaryimage\",\"url\":\"https:\/\/www.sugarfactory.hr\/wp-content\/uploads\/2025\/01\/84a19d55b7a54b79bdaea0788140c3b3.png\",\"contentUrl\":\"https:\/\/www.sugarfactory.hr\/wp-content\/uploads\/2025\/01\/84a19d55b7a54b79bdaea0788140c3b3.png\",\"width\":896,\"height\":1120},{\"@type\":\"BreadcrumbList\",\"@id\":\"https:\/\/www.sugarfactory.hr\/proizvod\/accessories\/zastitna-polumaska-3m-6000\/#breadcrumb\",\"itemListElement\":[{\"@type\":\"ListItem\",\"position\":1,\"name\":\"Po\u010detna stranica\",\"item\":\"https:\/\/www.sugarfactory.hr\/\"},{\"@type\":\"ListItem\",\"position\":2,\"name\":\"Proizvodi\",\"item\":\"https:\/\/www.sugarfactory.hr\/shop\/\"},{\"@type\":\"ListItem\",\"position\":3,\"name\":\"Za\u0161titna polumaska 3M 6000\"}]},{\"@type\":\"WebSite\",\"@id\":\"https:\/\/www.sugarfactory.hr\/#website\",\"url\":\"https:\/\/www.sugarfactory.hr\/\",\"name\":\"Sugar Factory\",\"description\":\"Create your sweetest pieces!\",\"potentialAction\":[{\"@type\":\"SearchAction\",\"target\":{\"@type\":\"EntryPoint\",\"urlTemplate\":\"https:\/\/www.sugarfactory.hr\/?s={search_term_string}\"},\"query-input\":{\"@type\":\"PropertyValueSpecification\",\"valueRequired\":true,\"valueName\":\"search_term_string\"}}],\"inLanguage\":\"en-US\"}]}<\/script>\n<!-- \/ Yoast SEO plugin. -->","yoast_head_json":{"title":"Za\u0161titna polumaska 3M 6000 - Sugar Factory","robots":{"index":"index","follow":"follow","max-snippet":"max-snippet:-1","max-image-preview":"max-image-preview:large","max-video-preview":"max-video-preview:-1"},"canonical":"https:\/\/www.sugarfactory.hr\/en\/product-2\/accessories\/zastitna-polumaska-3m-6000\/","og_locale":"en_US","og_type":"article","og_title":"Za\u0161titna polumaska 3M 6000 - Sugar Factory","og_description":"Za\u0161titna polumaska 3M 6000 nudi ekonomi\u010dnost, jednostavno odr\u017eavanje i iznimnu udobnost tijekom uporabe, idealnu za umjetnike, majstore i profesionalce. Dostupna je u tri veli\u010dine, a svaka maska ima 3M\u2122 bajunetni sustav pri\u010dvr\u0161\u0107ivanja, omogu\u0107uju\u0107i kori\u0161tenje \u0161irokog asortimana filtara za za\u0161titu od plinova, para i \u010destica, prilago\u0111enih specifi\u010dnim potrebama. Polumaska iz 6000 serije kompatibilna je i s [&hellip;]","og_url":"https:\/\/www.sugarfactory.hr\/en\/product-2\/accessories\/zastitna-polumaska-3m-6000\/","og_site_name":"Sugar Factory","article_modified_time":"2026-04-17T11:53:11+00:00","og_image":[{"width":896,"height":1120,"url":"https:\/\/www.sugarfactory.hr\/wp-content\/uploads\/2025\/01\/84a19d55b7a54b79bdaea0788140c3b3.png","type":"image\/png"}],"twitter_card":"summary_large_image","twitter_misc":{"Est. reading time":"1 minute"},"schema":{"@context":"https:\/\/schema.org","@graph":[{"@type":"WebPage","@id":"https:\/\/www.sugarfactory.hr\/proizvod\/accessories\/zastitna-polumaska-3m-6000\/","url":"https:\/\/www.sugarfactory.hr\/proizvod\/accessories\/zastitna-polumaska-3m-6000\/","name":"Za\u0161titna polumaska 3M 6000 - Sugar Factory","isPartOf":{"@id":"https:\/\/www.sugarfactory.hr\/#website"},"primaryImageOfPage":{"@id":"https:\/\/www.sugarfactory.hr\/proizvod\/accessories\/zastitna-polumaska-3m-6000\/#primaryimage"},"image":{"@id":"https:\/\/www.sugarfactory.hr\/proizvod\/accessories\/zastitna-polumaska-3m-6000\/#primaryimage"},"thumbnailUrl":"https:\/\/www.sugarfactory.hr\/wp-content\/uploads\/2025\/01\/84a19d55b7a54b79bdaea0788140c3b3.png","datePublished":"2025-01-29T17:36:01+00:00","dateModified":"2026-04-17T11:53:11+00:00","breadcrumb":{"@id":"https:\/\/www.sugarfactory.hr\/proizvod\/accessories\/zastitna-polumaska-3m-6000\/#breadcrumb"},"inLanguage":"en-US","potentialAction":[{"@type":"ReadAction","target":["https:\/\/www.sugarfactory.hr\/proizvod\/accessories\/zastitna-polumaska-3m-6000\/"]}]},{"@type":"ImageObject","inLanguage":"en-US","@id":"https:\/\/www.sugarfactory.hr\/proizvod\/accessories\/zastitna-polumaska-3m-6000\/#primaryimage","url":"https:\/\/www.sugarfactory.hr\/wp-content\/uploads\/2025\/01\/84a19d55b7a54b79bdaea0788140c3b3.png","contentUrl":"https:\/\/www.sugarfactory.hr\/wp-content\/uploads\/2025\/01\/84a19d55b7a54b79bdaea0788140c3b3.png","width":896,"height":1120},{"@type":"BreadcrumbList","@id":"https:\/\/www.sugarfactory.hr\/proizvod\/accessories\/zastitna-polumaska-3m-6000\/#breadcrumb","itemListElement":[{"@type":"ListItem","position":1,"name":"Po\u010detna stranica","item":"https:\/\/www.sugarfactory.hr\/"},{"@type":"ListItem","position":2,"name":"Proizvodi","item":"https:\/\/www.sugarfactory.hr\/shop\/"},{"@type":"ListItem","position":3,"name":"Za\u0161titna polumaska 3M 6000"}]},{"@type":"WebSite","@id":"https:\/\/www.sugarfactory.hr\/#website","url":"https:\/\/www.sugarfactory.hr\/","name":"Sugar Factory","description":"Create your sweetest pieces!","potentialAction":[{"@type":"SearchAction","target":{"@type":"EntryPoint","urlTemplate":"https:\/\/www.sugarfactory.hr\/?s={search_term_string}"},"query-input":{"@type":"PropertyValueSpecification","valueRequired":true,"valueName":"search_term_string"}}],"inLanguage":"en-US"}]}},"_links":{"self":[{"href":"https:\/\/www.sugarfactory.hr\/en\/wp-json\/wp\/v2\/product\/9191","targetHints":{"allow":["GET"]}}],"collection":[{"href":"https:\/\/www.sugarfactory.hr\/en\/wp-json\/wp\/v2\/product"}],"about":[{"href":"https:\/\/www.sugarfactory.hr\/en\/wp-json\/wp\/v2\/types\/product"}],"wp:featuredmedia":[{"embeddable":true,"href":"https:\/\/www.sugarfactory.hr\/en\/wp-json\/wp\/v2\/media\/12586"}],"wp:attachment":[{"href":"https:\/\/www.sugarfactory.hr\/en\/wp-json\/wp\/v2\/media?parent=9191"}],"wp:term":[{"taxonomy":"product_brand","embeddable":true,"href":"https:\/\/www.sugarfactory.hr\/en\/wp-json\/wp\/v2\/product_brand?post=9191"},{"taxonomy":"product_cat","embeddable":true,"href":"https:\/\/www.sugarfactory.hr\/en\/wp-json\/wp\/v2\/product_cat?post=9191"},{"taxonomy":"product_tag","embeddable":true,"href":"https:\/\/www.sugarfactory.hr\/en\/wp-json\/wp\/v2\/product_tag?post=9191"}],"curies":[{"name":"wp","href":"https:\/\/api.w.org\/{rel}","templated":true}]}}