{"id":9317,"date":"2025-02-19T15:14:57","date_gmt":"2025-02-19T14:14:57","guid":{"rendered":"https:\/\/www.sugarfactory.hr\/?post_type=product&#038;p=9317"},"modified":"2026-03-31T12:23:32","modified_gmt":"2026-03-31T11:23:32","slug":"marker-uni-pin-set-tube-gift-set-9-pcs-black","status":"publish","type":"product","link":"https:\/\/www.sugarfactory.hr\/en\/product-2\/markers\/rapidographs\/marker-uni-pin-set-tube-gift-set-9-pcs-black\/","title":{"rendered":"Marker Uni pin set (tube gift set 9 pcs) black"},"content":{"rendered":"<p data-start=\"100\" data-end=\"302\">Elegant set <strong data-start=\"169\" data-end=\"191\">Uni Pin fineliner<\/strong> comes to <strong data-start=\"201\" data-end=\"249\">matte black cardboard tube packaging<\/strong>, ideal as a gift or for professional use.<\/p>\n<p data-start=\"304\" data-end=\"463\">All markers use <strong data-start=\"324\" data-end=\"364\">permanent ink with strong black pigment<\/strong>, resistant to fading and smudging, making them perfect for drawing, illustrating and writing.<\/p>\n<p data-start=\"465\" data-end=\"478\">The set contains:<\/p>\n<ul data-start=\"479\" data-end=\"611\">\n<li data-start=\"479\" data-end=\"575\">\n<p data-start=\"481\" data-end=\"575\">8 black Uni Pin markers in sizes: <strong data-start=\"519\" data-end=\"573\">0.03 \/ 0.05 \/ 0.1 \/ 0.2 \/ 0.4 \/ 0.6 \/ 0.8 \/ 1.2 mm<\/strong><\/p>\n<\/li>\n<li data-start=\"576\" data-end=\"611\">\n<p data-start=\"578\" data-end=\"611\">1 black <strong data-start=\"585\" data-end=\"602\">Uni Pin Brush<\/strong> marker<\/p>\n<\/li>\n<\/ul>\n<p data-start=\"613\" data-end=\"659\"><strong data-start=\"613\" data-end=\"637\">Packaging dimensions:<\/strong> 4.5 \u00d7 4.5 \u00d7 15.4 cm<\/p>\n<p data-start=\"661\" data-end=\"767\">A compact, practical and professional solution for everyone who appreciates the precision and quality of Uni Pin markers.<\/p>","protected":false},"excerpt":{"rendered":"<p>Elegantan set Uni Pin finelinera dolazi u mat crnom kartonskom pakiranju u obliku tube, idealan kao poklon ili za profesionalnu upotrebu. Svi markeri koriste trajnu tintu s jakim crnim pigmentom, otpornu na blije\u0111enje i razmazivanje, \u0161to ih \u010dini savr\u0161enima za crtanje, ilustraciju i pisanje. Set sadr\u017ei: 8 crnih Uni Pin markera u veli\u010dinama: 0.03 \/ [&hellip;]<\/p>","protected":false},"featured_media":12410,"template":"","meta":{"_acf_changed":false},"product_brand":[110],"product_cat":[22,79],"product_tag":[],"class_list":{"0":"post-9317","1":"product","2":"type-product","3":"status-publish","4":"has-post-thumbnail","6":"product_brand-uni","7":"product_cat-markeri","8":"product_cat-rapidografi","10":"first","11":"instock","12":"shipping-taxable","13":"purchasable","14":"product-type-simple"},"acf":[],"yoast_head":"<!-- This site is optimized with the Yoast SEO plugin v26.3 - https:\/\/yoast.com\/wordpress\/plugins\/seo\/ -->\n<title>Marker Uni pin set (tube gift set 9 kom) crni - Sugar Factory<\/title>\n<meta name=\"robots\" content=\"index, follow, max-snippet:-1, max-image-preview:large, max-video-preview:-1\" \/>\n<link rel=\"canonical\" href=\"https:\/\/www.sugarfactory.hr\/en\/product-2\/markers\/rapidographs\/marker-uni-pin-set-tube-gift-set-9-pcs-black\/\" \/>\n<meta property=\"og:locale\" content=\"en_US\" \/>\n<meta property=\"og:type\" content=\"article\" \/>\n<meta property=\"og:title\" content=\"Marker Uni pin set (tube gift set 9 kom) crni - Sugar Factory\" \/>\n<meta property=\"og:description\" content=\"Elegantan set Uni Pin finelinera dolazi u mat crnom kartonskom pakiranju u obliku tube, idealan kao poklon ili za profesionalnu upotrebu. Svi markeri koriste trajnu tintu s jakim crnim pigmentom, otpornu na blije\u0111enje i razmazivanje, \u0161to ih \u010dini savr\u0161enima za crtanje, ilustraciju i pisanje. Set sadr\u017ei: 8 crnih Uni Pin markera u veli\u010dinama: 0.03 \/ [&hellip;]\" \/>\n<meta property=\"og:url\" content=\"https:\/\/www.sugarfactory.hr\/en\/product-2\/markers\/rapidographs\/marker-uni-pin-set-tube-gift-set-9-pcs-black\/\" \/>\n<meta property=\"og:site_name\" content=\"Sugar Factory\" \/>\n<meta property=\"article:modified_time\" content=\"2026-03-31T11:23:32+00:00\" \/>\n<meta property=\"og:image\" content=\"https:\/\/www.sugarfactory.hr\/wp-content\/uploads\/2025\/02\/uni-pin-set.webp\" \/>\n\t<meta property=\"og:image:width\" content=\"896\" \/>\n\t<meta property=\"og:image:height\" content=\"1120\" \/>\n\t<meta property=\"og:image:type\" content=\"image\/webp\" \/>\n<meta name=\"twitter:card\" content=\"summary_large_image\" \/>\n<script type=\"application\/ld+json\" class=\"yoast-schema-graph\">{\"@context\":\"https:\/\/schema.org\",\"@graph\":[{\"@type\":\"WebPage\",\"@id\":\"https:\/\/www.sugarfactory.hr\/proizvod\/markeri\/rapidografi\/marker-uni-pin-set-tube-gift-set-9-kom-crni\/\",\"url\":\"https:\/\/www.sugarfactory.hr\/proizvod\/markeri\/rapidografi\/marker-uni-pin-set-tube-gift-set-9-kom-crni\/\",\"name\":\"Marker Uni pin set (tube gift set 9 kom) crni - Sugar Factory\",\"isPartOf\":{\"@id\":\"https:\/\/www.sugarfactory.hr\/#website\"},\"primaryImageOfPage\":{\"@id\":\"https:\/\/www.sugarfactory.hr\/proizvod\/markeri\/rapidografi\/marker-uni-pin-set-tube-gift-set-9-kom-crni\/#primaryimage\"},\"image\":{\"@id\":\"https:\/\/www.sugarfactory.hr\/proizvod\/markeri\/rapidografi\/marker-uni-pin-set-tube-gift-set-9-kom-crni\/#primaryimage\"},\"thumbnailUrl\":\"https:\/\/www.sugarfactory.hr\/wp-content\/uploads\/2025\/02\/uni-pin-set.webp\",\"datePublished\":\"2025-02-19T14:14:57+00:00\",\"dateModified\":\"2026-03-31T11:23:32+00:00\",\"breadcrumb\":{\"@id\":\"https:\/\/www.sugarfactory.hr\/proizvod\/markeri\/rapidografi\/marker-uni-pin-set-tube-gift-set-9-kom-crni\/#breadcrumb\"},\"inLanguage\":\"en-US\",\"potentialAction\":[{\"@type\":\"ReadAction\",\"target\":[\"https:\/\/www.sugarfactory.hr\/proizvod\/markeri\/rapidografi\/marker-uni-pin-set-tube-gift-set-9-kom-crni\/\"]}]},{\"@type\":\"ImageObject\",\"inLanguage\":\"en-US\",\"@id\":\"https:\/\/www.sugarfactory.hr\/proizvod\/markeri\/rapidografi\/marker-uni-pin-set-tube-gift-set-9-kom-crni\/#primaryimage\",\"url\":\"https:\/\/www.sugarfactory.hr\/wp-content\/uploads\/2025\/02\/uni-pin-set.webp\",\"contentUrl\":\"https:\/\/www.sugarfactory.hr\/wp-content\/uploads\/2025\/02\/uni-pin-set.webp\",\"width\":896,\"height\":1120},{\"@type\":\"BreadcrumbList\",\"@id\":\"https:\/\/www.sugarfactory.hr\/proizvod\/markeri\/rapidografi\/marker-uni-pin-set-tube-gift-set-9-kom-crni\/#breadcrumb\",\"itemListElement\":[{\"@type\":\"ListItem\",\"position\":1,\"name\":\"Po\u010detna stranica\",\"item\":\"https:\/\/www.sugarfactory.hr\/\"},{\"@type\":\"ListItem\",\"position\":2,\"name\":\"Proizvodi\",\"item\":\"https:\/\/www.sugarfactory.hr\/shop\/\"},{\"@type\":\"ListItem\",\"position\":3,\"name\":\"Marker Uni pin set (tube gift set 9 kom) crni\"}]},{\"@type\":\"WebSite\",\"@id\":\"https:\/\/www.sugarfactory.hr\/#website\",\"url\":\"https:\/\/www.sugarfactory.hr\/\",\"name\":\"Sugar Factory\",\"description\":\"Create your sweetest pieces!\",\"potentialAction\":[{\"@type\":\"SearchAction\",\"target\":{\"@type\":\"EntryPoint\",\"urlTemplate\":\"https:\/\/www.sugarfactory.hr\/?s={search_term_string}\"},\"query-input\":{\"@type\":\"PropertyValueSpecification\",\"valueRequired\":true,\"valueName\":\"search_term_string\"}}],\"inLanguage\":\"en-US\"}]}<\/script>\n<!-- \/ Yoast SEO plugin. -->","yoast_head_json":{"title":"Marker Uni pin set (tube gift set 9 pcs) black - Sugar Factory","robots":{"index":"index","follow":"follow","max-snippet":"max-snippet:-1","max-image-preview":"max-image-preview:large","max-video-preview":"max-video-preview:-1"},"canonical":"https:\/\/www.sugarfactory.hr\/en\/product-2\/markers\/rapidographs\/marker-uni-pin-set-tube-gift-set-9-pcs-black\/","og_locale":"en_US","og_type":"article","og_title":"Marker Uni pin set (tube gift set 9 kom) crni - Sugar Factory","og_description":"Elegantan set Uni Pin finelinera dolazi u mat crnom kartonskom pakiranju u obliku tube, idealan kao poklon ili za profesionalnu upotrebu. Svi markeri koriste trajnu tintu s jakim crnim pigmentom, otpornu na blije\u0111enje i razmazivanje, \u0161to ih \u010dini savr\u0161enima za crtanje, ilustraciju i pisanje. Set sadr\u017ei: 8 crnih Uni Pin markera u veli\u010dinama: 0.03 \/ [&hellip;]","og_url":"https:\/\/www.sugarfactory.hr\/en\/product-2\/markers\/rapidographs\/marker-uni-pin-set-tube-gift-set-9-pcs-black\/","og_site_name":"Sugar Factory","article_modified_time":"2026-03-31T11:23:32+00:00","og_image":[{"width":896,"height":1120,"url":"https:\/\/www.sugarfactory.hr\/wp-content\/uploads\/2025\/02\/uni-pin-set.webp","type":"image\/webp"}],"twitter_card":"summary_large_image","schema":{"@context":"https:\/\/schema.org","@graph":[{"@type":"WebPage","@id":"https:\/\/www.sugarfactory.hr\/proizvod\/markeri\/rapidografi\/marker-uni-pin-set-tube-gift-set-9-kom-crni\/","url":"https:\/\/www.sugarfactory.hr\/proizvod\/markeri\/rapidografi\/marker-uni-pin-set-tube-gift-set-9-kom-crni\/","name":"Marker Uni pin set (tube gift set 9 pcs) black - Sugar Factory","isPartOf":{"@id":"https:\/\/www.sugarfactory.hr\/#website"},"primaryImageOfPage":{"@id":"https:\/\/www.sugarfactory.hr\/proizvod\/markeri\/rapidografi\/marker-uni-pin-set-tube-gift-set-9-kom-crni\/#primaryimage"},"image":{"@id":"https:\/\/www.sugarfactory.hr\/proizvod\/markeri\/rapidografi\/marker-uni-pin-set-tube-gift-set-9-kom-crni\/#primaryimage"},"thumbnailUrl":"https:\/\/www.sugarfactory.hr\/wp-content\/uploads\/2025\/02\/uni-pin-set.webp","datePublished":"2025-02-19T14:14:57+00:00","dateModified":"2026-03-31T11:23:32+00:00","breadcrumb":{"@id":"https:\/\/www.sugarfactory.hr\/proizvod\/markeri\/rapidografi\/marker-uni-pin-set-tube-gift-set-9-kom-crni\/#breadcrumb"},"inLanguage":"en-US","potentialAction":[{"@type":"ReadAction","target":["https:\/\/www.sugarfactory.hr\/proizvod\/markeri\/rapidografi\/marker-uni-pin-set-tube-gift-set-9-kom-crni\/"]}]},{"@type":"ImageObject","inLanguage":"en-US","@id":"https:\/\/www.sugarfactory.hr\/proizvod\/markeri\/rapidografi\/marker-uni-pin-set-tube-gift-set-9-kom-crni\/#primaryimage","url":"https:\/\/www.sugarfactory.hr\/wp-content\/uploads\/2025\/02\/uni-pin-set.webp","contentUrl":"https:\/\/www.sugarfactory.hr\/wp-content\/uploads\/2025\/02\/uni-pin-set.webp","width":896,"height":1120},{"@type":"BreadcrumbList","@id":"https:\/\/www.sugarfactory.hr\/proizvod\/markeri\/rapidografi\/marker-uni-pin-set-tube-gift-set-9-kom-crni\/#breadcrumb","itemListElement":[{"@type":"ListItem","position":1,"name":"Po\u010detna stranica","item":"https:\/\/www.sugarfactory.hr\/"},{"@type":"ListItem","position":2,"name":"Proizvodi","item":"https:\/\/www.sugarfactory.hr\/shop\/"},{"@type":"ListItem","position":3,"name":"Marker Uni pin set (tube gift set 9 kom) crni"}]},{"@type":"WebSite","@id":"https:\/\/www.sugarfactory.hr\/#website","url":"https:\/\/www.sugarfactory.hr\/","name":"Sugar Factory","description":"Create your sweetest pieces!","potentialAction":[{"@type":"SearchAction","target":{"@type":"EntryPoint","urlTemplate":"https:\/\/www.sugarfactory.hr\/?s={search_term_string}"},"query-input":{"@type":"PropertyValueSpecification","valueRequired":true,"valueName":"search_term_string"}}],"inLanguage":"en-US"}]}},"_links":{"self":[{"href":"https:\/\/www.sugarfactory.hr\/en\/wp-json\/wp\/v2\/product\/9317","targetHints":{"allow":["GET"]}}],"collection":[{"href":"https:\/\/www.sugarfactory.hr\/en\/wp-json\/wp\/v2\/product"}],"about":[{"href":"https:\/\/www.sugarfactory.hr\/en\/wp-json\/wp\/v2\/types\/product"}],"wp:featuredmedia":[{"embeddable":true,"href":"https:\/\/www.sugarfactory.hr\/en\/wp-json\/wp\/v2\/media\/12410"}],"wp:attachment":[{"href":"https:\/\/www.sugarfactory.hr\/en\/wp-json\/wp\/v2\/media?parent=9317"}],"wp:term":[{"taxonomy":"product_brand","embeddable":true,"href":"https:\/\/www.sugarfactory.hr\/en\/wp-json\/wp\/v2\/product_brand?post=9317"},{"taxonomy":"product_cat","embeddable":true,"href":"https:\/\/www.sugarfactory.hr\/en\/wp-json\/wp\/v2\/product_cat?post=9317"},{"taxonomy":"product_tag","embeddable":true,"href":"https:\/\/www.sugarfactory.hr\/en\/wp-json\/wp\/v2\/product_tag?post=9317"}],"curies":[{"name":"wp","href":"https:\/\/api.w.org\/{rel}","templated":true}]}}