{"id":9422,"date":"2025-03-08T10:17:55","date_gmt":"2025-03-08T09:17:55","guid":{"rendered":"https:\/\/www.sugarfactory.hr\/?post_type=product&#038;p=9422"},"modified":"2026-03-30T10:19:19","modified_gmt":"2026-03-30T09:19:19","slug":"floetrol-1-l","status":"publish","type":"product","link":"https:\/\/www.sugarfactory.hr\/en\/product-2\/art-program\/floetrol-1-l\/","title":{"rendered":"Floetrol 1 L"},"content":{"rendered":"<div class=\"relative\">\n<div class=\"prose text-pretty dark:prose-invert inline leading-normal break-words min-w-0 [word-break:break-word]\">\n<p data-start=\"85\" data-end=\"291\"><strong data-start=\"85\" data-end=\"114\">FLOETROL\u00ae \/ EASY FLOW 1 L<\/strong> is <strong data-start=\"118\" data-end=\"134\">voden aditiv<\/strong> koji pobolj\u0161ava <strong data-start=\"151\" data-end=\"208\">proto\u010dnost i izravnavanje akrilnih i emulzijskih boja<\/strong>, \u010dak i u <strong data-start=\"218\" data-end=\"253\">nepovoljnim vremenskim uvjetima<\/strong> poput visokih temperatura i propuh.<\/p>\n<p data-start=\"293\" data-end=\"526\">Olak\u0161ava <strong data-start=\"302\" data-end=\"325\">nano\u0161enje prskanjem<\/strong> i smanjuje <strong data-start=\"337\" data-end=\"365\">tro\u0161enje dijelova opreme<\/strong> poput mlaznica. Sprje\u010dava <strong data-start=\"392\" data-end=\"411\">tragove su\u0161enja<\/strong> u suhim, vru\u0107im ili vjetrovitim uvjetima, \u0161to ga \u010dini idealnim za <strong data-start=\"478\" data-end=\"523\">renovacije i pripreme prostora za prodaju<\/strong>.<\/p>\n<\/div>\n<\/div>","protected":false},"excerpt":{"rendered":"<p>FLOETROL\u00ae \/ EASY FLOW 1 L je voden aditiv koji pobolj\u0161ava proto\u010dnost i izravnavanje akrilnih i emulzijskih boja, \u010dak i u nepovoljnim vremenskim uvjetima poput visokih temperatura i propuh. Olak\u0161ava nano\u0161enje prskanjem i smanjuje tro\u0161enje dijelova opreme poput mlaznica. Sprje\u010dava tragove su\u0161enja u suhim, vru\u0107im ili vjetrovitim uvjetima, \u0161to ga \u010dini idealnim za renovacije i [&hellip;]<\/p>","protected":false},"featured_media":12869,"template":"","meta":{"_acf_changed":false},"product_brand":[130],"product_cat":[45],"product_tag":[],"class_list":{"0":"post-9422","1":"product","2":"type-product","3":"status-publish","4":"has-post-thumbnail","6":"product_brand-owatrol","7":"product_cat-umjetnicki-program","9":"first","10":"instock","11":"shipping-taxable","12":"purchasable","13":"product-type-simple"},"acf":[],"yoast_head":"<!-- This site is optimized with the Yoast SEO plugin v26.3 - https:\/\/yoast.com\/wordpress\/plugins\/seo\/ -->\n<title>Floetrol 1 L - Sugar Factory<\/title>\n<meta name=\"robots\" content=\"index, follow, max-snippet:-1, max-image-preview:large, max-video-preview:-1\" \/>\n<link rel=\"canonical\" href=\"https:\/\/www.sugarfactory.hr\/en\/product-2\/art-program\/floetrol-1-l\/\" \/>\n<meta property=\"og:locale\" content=\"en_US\" \/>\n<meta property=\"og:type\" content=\"article\" \/>\n<meta property=\"og:title\" content=\"Floetrol 1 L - Sugar Factory\" \/>\n<meta property=\"og:description\" content=\"FLOETROL\u00ae \/ EASY FLOW 1 L je voden aditiv koji pobolj\u0161ava proto\u010dnost i izravnavanje akrilnih i emulzijskih boja, \u010dak i u nepovoljnim vremenskim uvjetima poput visokih temperatura i propuh. Olak\u0161ava nano\u0161enje prskanjem i smanjuje tro\u0161enje dijelova opreme poput mlaznica. Sprje\u010dava tragove su\u0161enja u suhim, vru\u0107im ili vjetrovitim uvjetima, \u0161to ga \u010dini idealnim za renovacije i [&hellip;]\" \/>\n<meta property=\"og:url\" content=\"https:\/\/www.sugarfactory.hr\/en\/product-2\/art-program\/floetrol-1-l\/\" \/>\n<meta property=\"og:site_name\" content=\"Sugar Factory\" \/>\n<meta property=\"article:modified_time\" content=\"2026-03-30T09:19:19+00:00\" \/>\n<meta property=\"og:image\" content=\"https:\/\/www.sugarfactory.hr\/wp-content\/uploads\/2025\/03\/bda13852af5e4c59a58a03704d824b9e.webp\" \/>\n\t<meta property=\"og:image:width\" content=\"896\" \/>\n\t<meta property=\"og:image:height\" content=\"1120\" \/>\n\t<meta property=\"og:image:type\" content=\"image\/webp\" \/>\n<meta name=\"twitter:card\" content=\"summary_large_image\" \/>\n<script type=\"application\/ld+json\" class=\"yoast-schema-graph\">{\"@context\":\"https:\/\/schema.org\",\"@graph\":[{\"@type\":\"WebPage\",\"@id\":\"https:\/\/www.sugarfactory.hr\/proizvod\/umjetnicki-program\/floetrol-1-l\/\",\"url\":\"https:\/\/www.sugarfactory.hr\/proizvod\/umjetnicki-program\/floetrol-1-l\/\",\"name\":\"Floetrol 1 L - Sugar Factory\",\"isPartOf\":{\"@id\":\"https:\/\/www.sugarfactory.hr\/#website\"},\"primaryImageOfPage\":{\"@id\":\"https:\/\/www.sugarfactory.hr\/proizvod\/umjetnicki-program\/floetrol-1-l\/#primaryimage\"},\"image\":{\"@id\":\"https:\/\/www.sugarfactory.hr\/proizvod\/umjetnicki-program\/floetrol-1-l\/#primaryimage\"},\"thumbnailUrl\":\"https:\/\/www.sugarfactory.hr\/wp-content\/uploads\/2025\/03\/bda13852af5e4c59a58a03704d824b9e.webp\",\"datePublished\":\"2025-03-08T09:17:55+00:00\",\"dateModified\":\"2026-03-30T09:19:19+00:00\",\"breadcrumb\":{\"@id\":\"https:\/\/www.sugarfactory.hr\/proizvod\/umjetnicki-program\/floetrol-1-l\/#breadcrumb\"},\"inLanguage\":\"en-US\",\"potentialAction\":[{\"@type\":\"ReadAction\",\"target\":[\"https:\/\/www.sugarfactory.hr\/proizvod\/umjetnicki-program\/floetrol-1-l\/\"]}]},{\"@type\":\"ImageObject\",\"inLanguage\":\"en-US\",\"@id\":\"https:\/\/www.sugarfactory.hr\/proizvod\/umjetnicki-program\/floetrol-1-l\/#primaryimage\",\"url\":\"https:\/\/www.sugarfactory.hr\/wp-content\/uploads\/2025\/03\/bda13852af5e4c59a58a03704d824b9e.webp\",\"contentUrl\":\"https:\/\/www.sugarfactory.hr\/wp-content\/uploads\/2025\/03\/bda13852af5e4c59a58a03704d824b9e.webp\",\"width\":896,\"height\":1120},{\"@type\":\"BreadcrumbList\",\"@id\":\"https:\/\/www.sugarfactory.hr\/proizvod\/umjetnicki-program\/floetrol-1-l\/#breadcrumb\",\"itemListElement\":[{\"@type\":\"ListItem\",\"position\":1,\"name\":\"Po\u010detna stranica\",\"item\":\"https:\/\/www.sugarfactory.hr\/\"},{\"@type\":\"ListItem\",\"position\":2,\"name\":\"Proizvodi\",\"item\":\"https:\/\/www.sugarfactory.hr\/shop\/\"},{\"@type\":\"ListItem\",\"position\":3,\"name\":\"Floetrol 1 L\"}]},{\"@type\":\"WebSite\",\"@id\":\"https:\/\/www.sugarfactory.hr\/#website\",\"url\":\"https:\/\/www.sugarfactory.hr\/\",\"name\":\"Sugar Factory\",\"description\":\"Create your sweetest pieces!\",\"potentialAction\":[{\"@type\":\"SearchAction\",\"target\":{\"@type\":\"EntryPoint\",\"urlTemplate\":\"https:\/\/www.sugarfactory.hr\/?s={search_term_string}\"},\"query-input\":{\"@type\":\"PropertyValueSpecification\",\"valueRequired\":true,\"valueName\":\"search_term_string\"}}],\"inLanguage\":\"en-US\"}]}<\/script>\n<!-- \/ Yoast SEO plugin. -->","yoast_head_json":{"title":"Floetrol 1 L - Sugar Factory","robots":{"index":"index","follow":"follow","max-snippet":"max-snippet:-1","max-image-preview":"max-image-preview:large","max-video-preview":"max-video-preview:-1"},"canonical":"https:\/\/www.sugarfactory.hr\/en\/product-2\/art-program\/floetrol-1-l\/","og_locale":"en_US","og_type":"article","og_title":"Floetrol 1 L - Sugar Factory","og_description":"FLOETROL\u00ae \/ EASY FLOW 1 L je voden aditiv koji pobolj\u0161ava proto\u010dnost i izravnavanje akrilnih i emulzijskih boja, \u010dak i u nepovoljnim vremenskim uvjetima poput visokih temperatura i propuh. Olak\u0161ava nano\u0161enje prskanjem i smanjuje tro\u0161enje dijelova opreme poput mlaznica. Sprje\u010dava tragove su\u0161enja u suhim, vru\u0107im ili vjetrovitim uvjetima, \u0161to ga \u010dini idealnim za renovacije i [&hellip;]","og_url":"https:\/\/www.sugarfactory.hr\/en\/product-2\/art-program\/floetrol-1-l\/","og_site_name":"Sugar Factory","article_modified_time":"2026-03-30T09:19:19+00:00","og_image":[{"width":896,"height":1120,"url":"https:\/\/www.sugarfactory.hr\/wp-content\/uploads\/2025\/03\/bda13852af5e4c59a58a03704d824b9e.webp","type":"image\/webp"}],"twitter_card":"summary_large_image","schema":{"@context":"https:\/\/schema.org","@graph":[{"@type":"WebPage","@id":"https:\/\/www.sugarfactory.hr\/proizvod\/umjetnicki-program\/floetrol-1-l\/","url":"https:\/\/www.sugarfactory.hr\/proizvod\/umjetnicki-program\/floetrol-1-l\/","name":"Floetrol 1 L - Sugar Factory","isPartOf":{"@id":"https:\/\/www.sugarfactory.hr\/#website"},"primaryImageOfPage":{"@id":"https:\/\/www.sugarfactory.hr\/proizvod\/umjetnicki-program\/floetrol-1-l\/#primaryimage"},"image":{"@id":"https:\/\/www.sugarfactory.hr\/proizvod\/umjetnicki-program\/floetrol-1-l\/#primaryimage"},"thumbnailUrl":"https:\/\/www.sugarfactory.hr\/wp-content\/uploads\/2025\/03\/bda13852af5e4c59a58a03704d824b9e.webp","datePublished":"2025-03-08T09:17:55+00:00","dateModified":"2026-03-30T09:19:19+00:00","breadcrumb":{"@id":"https:\/\/www.sugarfactory.hr\/proizvod\/umjetnicki-program\/floetrol-1-l\/#breadcrumb"},"inLanguage":"en-US","potentialAction":[{"@type":"ReadAction","target":["https:\/\/www.sugarfactory.hr\/proizvod\/umjetnicki-program\/floetrol-1-l\/"]}]},{"@type":"ImageObject","inLanguage":"en-US","@id":"https:\/\/www.sugarfactory.hr\/proizvod\/umjetnicki-program\/floetrol-1-l\/#primaryimage","url":"https:\/\/www.sugarfactory.hr\/wp-content\/uploads\/2025\/03\/bda13852af5e4c59a58a03704d824b9e.webp","contentUrl":"https:\/\/www.sugarfactory.hr\/wp-content\/uploads\/2025\/03\/bda13852af5e4c59a58a03704d824b9e.webp","width":896,"height":1120},{"@type":"BreadcrumbList","@id":"https:\/\/www.sugarfactory.hr\/proizvod\/umjetnicki-program\/floetrol-1-l\/#breadcrumb","itemListElement":[{"@type":"ListItem","position":1,"name":"Po\u010detna stranica","item":"https:\/\/www.sugarfactory.hr\/"},{"@type":"ListItem","position":2,"name":"Proizvodi","item":"https:\/\/www.sugarfactory.hr\/shop\/"},{"@type":"ListItem","position":3,"name":"Floetrol 1 L"}]},{"@type":"WebSite","@id":"https:\/\/www.sugarfactory.hr\/#website","url":"https:\/\/www.sugarfactory.hr\/","name":"Sugar Factory","description":"Create your sweetest pieces!","potentialAction":[{"@type":"SearchAction","target":{"@type":"EntryPoint","urlTemplate":"https:\/\/www.sugarfactory.hr\/?s={search_term_string}"},"query-input":{"@type":"PropertyValueSpecification","valueRequired":true,"valueName":"search_term_string"}}],"inLanguage":"en-US"}]}},"_links":{"self":[{"href":"https:\/\/www.sugarfactory.hr\/en\/wp-json\/wp\/v2\/product\/9422","targetHints":{"allow":["GET"]}}],"collection":[{"href":"https:\/\/www.sugarfactory.hr\/en\/wp-json\/wp\/v2\/product"}],"about":[{"href":"https:\/\/www.sugarfactory.hr\/en\/wp-json\/wp\/v2\/types\/product"}],"wp:featuredmedia":[{"embeddable":true,"href":"https:\/\/www.sugarfactory.hr\/en\/wp-json\/wp\/v2\/media\/12869"}],"wp:attachment":[{"href":"https:\/\/www.sugarfactory.hr\/en\/wp-json\/wp\/v2\/media?parent=9422"}],"wp:term":[{"taxonomy":"product_brand","embeddable":true,"href":"https:\/\/www.sugarfactory.hr\/en\/wp-json\/wp\/v2\/product_brand?post=9422"},{"taxonomy":"product_cat","embeddable":true,"href":"https:\/\/www.sugarfactory.hr\/en\/wp-json\/wp\/v2\/product_cat?post=9422"},{"taxonomy":"product_tag","embeddable":true,"href":"https:\/\/www.sugarfactory.hr\/en\/wp-json\/wp\/v2\/product_tag?post=9422"}],"curies":[{"name":"wp","href":"https:\/\/api.w.org\/{rel}","templated":true}]}}