{"id":986,"date":"2021-05-10T15:23:44","date_gmt":"2021-05-10T15:23:44","guid":{"rendered":"https:\/\/www.sugarfactory.hr\/?post_type=product&#038;p=986"},"modified":"2026-04-14T07:07:22","modified_gmt":"2026-04-14T06:07:22","slug":"cap-for-spray-pink-fat","status":"publish","type":"product","link":"https:\/\/www.sugarfactory.hr\/en\/product-2\/caps\/fat-caps\/cap-for-spray-pink-fat\/","title":{"rendered":"Pink Fat Cap"},"content":{"rendered":"<p data-start=\"65\" data-end=\"244\"><strong data-start=\"116\" data-end=\"132\">Pink Fat Cap<\/strong> posebno je razvijen za izradu <strong data-start=\"163\" data-end=\"193\">debelih i preciznih linija<\/strong>, uz ravnomjeran protok boje i stabilan pritisak.<\/p>\n<p data-start=\"246\" data-end=\"378\">\u0160irina linije varira od <strong data-start=\"270\" data-end=\"287\">8 cm do 14 cm<\/strong>, ovisno o kori\u0161tenoj boji, \u0161to ga \u010dini idealnim za <strong data-start=\"339\" data-end=\"375\">brzo prekrivanje i sna\u017ene poteze<\/strong>.<\/p>\n<p data-start=\"380\" data-end=\"487\">Kao <strong data-start=\"384\" data-end=\"421\">najpopularniji FAT cap na tr\u017ei\u0161tu<\/strong>, Pink Fat Cap nezaobilazan je alat u arsenalu svakog umjetnika.<\/p>","protected":false},"excerpt":{"rendered":"<p>Pink Fat Cap posebno je razvijen za izradu debelih i preciznih linija, uz ravnomjeran protok boje i stabilan pritisak. \u0160irina linije varira od 8 cm do 14 cm, ovisno o kori\u0161tenoj boji, \u0161to ga \u010dini idealnim za brzo prekrivanje i sna\u017ene poteze. Kao najpopularniji FAT cap na tr\u017ei\u0161tu, Pink Fat Cap nezaobilazan je alat u [&hellip;]<\/p>","protected":false},"featured_media":12400,"template":"","meta":{"_acf_changed":false},"product_brand":[],"product_cat":[96,19],"product_tag":[],"class_list":{"0":"post-986","1":"product","2":"type-product","3":"status-publish","4":"has-post-thumbnail","6":"product_cat-fat-caps","7":"product_cat-kapice","9":"first","10":"instock","11":"shipping-taxable","12":"purchasable","13":"product-type-simple"},"acf":[],"yoast_head":"<!-- This site is optimized with the Yoast SEO plugin v26.3 - https:\/\/yoast.com\/wordpress\/plugins\/seo\/ -->\n<title>Pink Fat Cap - Sugar Factory<\/title>\n<meta name=\"robots\" content=\"index, follow, max-snippet:-1, max-image-preview:large, max-video-preview:-1\" \/>\n<link rel=\"canonical\" href=\"https:\/\/www.sugarfactory.hr\/en\/product-2\/caps\/fat-caps\/cap-for-spray-pink-fat\/\" \/>\n<meta property=\"og:locale\" content=\"en_US\" \/>\n<meta property=\"og:type\" content=\"article\" \/>\n<meta property=\"og:title\" content=\"Pink Fat Cap - Sugar Factory\" \/>\n<meta property=\"og:description\" content=\"Pink Fat Cap posebno je razvijen za izradu debelih i preciznih linija, uz ravnomjeran protok boje i stabilan pritisak. \u0160irina linije varira od 8 cm do 14 cm, ovisno o kori\u0161tenoj boji, \u0161to ga \u010dini idealnim za brzo prekrivanje i sna\u017ene poteze. Kao najpopularniji FAT cap na tr\u017ei\u0161tu, Pink Fat Cap nezaobilazan je alat u [&hellip;]\" \/>\n<meta property=\"og:url\" content=\"https:\/\/www.sugarfactory.hr\/en\/product-2\/caps\/fat-caps\/cap-for-spray-pink-fat\/\" \/>\n<meta property=\"og:site_name\" content=\"Sugar Factory\" \/>\n<meta property=\"article:modified_time\" content=\"2026-04-14T06:07:22+00:00\" \/>\n<meta property=\"og:image\" content=\"https:\/\/www.sugarfactory.hr\/wp-content\/uploads\/2021\/05\/pink-fat-cap.webp\" \/>\n\t<meta property=\"og:image:width\" content=\"896\" \/>\n\t<meta property=\"og:image:height\" content=\"1120\" \/>\n\t<meta property=\"og:image:type\" content=\"image\/webp\" \/>\n<meta name=\"twitter:card\" content=\"summary_large_image\" \/>\n<script type=\"application\/ld+json\" class=\"yoast-schema-graph\">{\"@context\":\"https:\/\/schema.org\",\"@graph\":[{\"@type\":\"WebPage\",\"@id\":\"https:\/\/www.sugarfactory.hr\/proizvod\/kapice\/fat-caps\/kapica-za-sprej-pink-fat\/\",\"url\":\"https:\/\/www.sugarfactory.hr\/proizvod\/kapice\/fat-caps\/kapica-za-sprej-pink-fat\/\",\"name\":\"Pink Fat Cap - Sugar Factory\",\"isPartOf\":{\"@id\":\"https:\/\/www.sugarfactory.hr\/#website\"},\"primaryImageOfPage\":{\"@id\":\"https:\/\/www.sugarfactory.hr\/proizvod\/kapice\/fat-caps\/kapica-za-sprej-pink-fat\/#primaryimage\"},\"image\":{\"@id\":\"https:\/\/www.sugarfactory.hr\/proizvod\/kapice\/fat-caps\/kapica-za-sprej-pink-fat\/#primaryimage\"},\"thumbnailUrl\":\"https:\/\/www.sugarfactory.hr\/wp-content\/uploads\/2021\/05\/pink-fat-cap.webp\",\"datePublished\":\"2021-05-10T15:23:44+00:00\",\"dateModified\":\"2026-04-14T06:07:22+00:00\",\"breadcrumb\":{\"@id\":\"https:\/\/www.sugarfactory.hr\/proizvod\/kapice\/fat-caps\/kapica-za-sprej-pink-fat\/#breadcrumb\"},\"inLanguage\":\"en-US\",\"potentialAction\":[{\"@type\":\"ReadAction\",\"target\":[\"https:\/\/www.sugarfactory.hr\/proizvod\/kapice\/fat-caps\/kapica-za-sprej-pink-fat\/\"]}]},{\"@type\":\"ImageObject\",\"inLanguage\":\"en-US\",\"@id\":\"https:\/\/www.sugarfactory.hr\/proizvod\/kapice\/fat-caps\/kapica-za-sprej-pink-fat\/#primaryimage\",\"url\":\"https:\/\/www.sugarfactory.hr\/wp-content\/uploads\/2021\/05\/pink-fat-cap.webp\",\"contentUrl\":\"https:\/\/www.sugarfactory.hr\/wp-content\/uploads\/2021\/05\/pink-fat-cap.webp\",\"width\":896,\"height\":1120},{\"@type\":\"BreadcrumbList\",\"@id\":\"https:\/\/www.sugarfactory.hr\/proizvod\/kapice\/fat-caps\/kapica-za-sprej-pink-fat\/#breadcrumb\",\"itemListElement\":[{\"@type\":\"ListItem\",\"position\":1,\"name\":\"Po\u010detna stranica\",\"item\":\"https:\/\/www.sugarfactory.hr\/\"},{\"@type\":\"ListItem\",\"position\":2,\"name\":\"Proizvodi\",\"item\":\"https:\/\/www.sugarfactory.hr\/shop\/\"},{\"@type\":\"ListItem\",\"position\":3,\"name\":\"Pink Fat Cap\"}]},{\"@type\":\"WebSite\",\"@id\":\"https:\/\/www.sugarfactory.hr\/#website\",\"url\":\"https:\/\/www.sugarfactory.hr\/\",\"name\":\"Sugar Factory\",\"description\":\"Create your sweetest pieces!\",\"potentialAction\":[{\"@type\":\"SearchAction\",\"target\":{\"@type\":\"EntryPoint\",\"urlTemplate\":\"https:\/\/www.sugarfactory.hr\/?s={search_term_string}\"},\"query-input\":{\"@type\":\"PropertyValueSpecification\",\"valueRequired\":true,\"valueName\":\"search_term_string\"}}],\"inLanguage\":\"en-US\"}]}<\/script>\n<!-- \/ Yoast SEO plugin. -->","yoast_head_json":{"title":"Pink Fat Cap - Sugar Factory","robots":{"index":"index","follow":"follow","max-snippet":"max-snippet:-1","max-image-preview":"max-image-preview:large","max-video-preview":"max-video-preview:-1"},"canonical":"https:\/\/www.sugarfactory.hr\/en\/product-2\/caps\/fat-caps\/cap-for-spray-pink-fat\/","og_locale":"en_US","og_type":"article","og_title":"Pink Fat Cap - Sugar Factory","og_description":"Pink Fat Cap posebno je razvijen za izradu debelih i preciznih linija, uz ravnomjeran protok boje i stabilan pritisak. \u0160irina linije varira od 8 cm do 14 cm, ovisno o kori\u0161tenoj boji, \u0161to ga \u010dini idealnim za brzo prekrivanje i sna\u017ene poteze. Kao najpopularniji FAT cap na tr\u017ei\u0161tu, Pink Fat Cap nezaobilazan je alat u [&hellip;]","og_url":"https:\/\/www.sugarfactory.hr\/en\/product-2\/caps\/fat-caps\/cap-for-spray-pink-fat\/","og_site_name":"Sugar Factory","article_modified_time":"2026-04-14T06:07:22+00:00","og_image":[{"width":896,"height":1120,"url":"https:\/\/www.sugarfactory.hr\/wp-content\/uploads\/2021\/05\/pink-fat-cap.webp","type":"image\/webp"}],"twitter_card":"summary_large_image","schema":{"@context":"https:\/\/schema.org","@graph":[{"@type":"WebPage","@id":"https:\/\/www.sugarfactory.hr\/proizvod\/kapice\/fat-caps\/kapica-za-sprej-pink-fat\/","url":"https:\/\/www.sugarfactory.hr\/proizvod\/kapice\/fat-caps\/kapica-za-sprej-pink-fat\/","name":"Pink Fat Cap - Sugar Factory","isPartOf":{"@id":"https:\/\/www.sugarfactory.hr\/#website"},"primaryImageOfPage":{"@id":"https:\/\/www.sugarfactory.hr\/proizvod\/kapice\/fat-caps\/kapica-za-sprej-pink-fat\/#primaryimage"},"image":{"@id":"https:\/\/www.sugarfactory.hr\/proizvod\/kapice\/fat-caps\/kapica-za-sprej-pink-fat\/#primaryimage"},"thumbnailUrl":"https:\/\/www.sugarfactory.hr\/wp-content\/uploads\/2021\/05\/pink-fat-cap.webp","datePublished":"2021-05-10T15:23:44+00:00","dateModified":"2026-04-14T06:07:22+00:00","breadcrumb":{"@id":"https:\/\/www.sugarfactory.hr\/proizvod\/kapice\/fat-caps\/kapica-za-sprej-pink-fat\/#breadcrumb"},"inLanguage":"en-US","potentialAction":[{"@type":"ReadAction","target":["https:\/\/www.sugarfactory.hr\/proizvod\/kapice\/fat-caps\/kapica-za-sprej-pink-fat\/"]}]},{"@type":"ImageObject","inLanguage":"en-US","@id":"https:\/\/www.sugarfactory.hr\/proizvod\/kapice\/fat-caps\/kapica-za-sprej-pink-fat\/#primaryimage","url":"https:\/\/www.sugarfactory.hr\/wp-content\/uploads\/2021\/05\/pink-fat-cap.webp","contentUrl":"https:\/\/www.sugarfactory.hr\/wp-content\/uploads\/2021\/05\/pink-fat-cap.webp","width":896,"height":1120},{"@type":"BreadcrumbList","@id":"https:\/\/www.sugarfactory.hr\/proizvod\/kapice\/fat-caps\/kapica-za-sprej-pink-fat\/#breadcrumb","itemListElement":[{"@type":"ListItem","position":1,"name":"Po\u010detna stranica","item":"https:\/\/www.sugarfactory.hr\/"},{"@type":"ListItem","position":2,"name":"Proizvodi","item":"https:\/\/www.sugarfactory.hr\/shop\/"},{"@type":"ListItem","position":3,"name":"Pink Fat Cap"}]},{"@type":"WebSite","@id":"https:\/\/www.sugarfactory.hr\/#website","url":"https:\/\/www.sugarfactory.hr\/","name":"Sugar Factory","description":"Create your sweetest pieces!","potentialAction":[{"@type":"SearchAction","target":{"@type":"EntryPoint","urlTemplate":"https:\/\/www.sugarfactory.hr\/?s={search_term_string}"},"query-input":{"@type":"PropertyValueSpecification","valueRequired":true,"valueName":"search_term_string"}}],"inLanguage":"en-US"}]}},"_links":{"self":[{"href":"https:\/\/www.sugarfactory.hr\/en\/wp-json\/wp\/v2\/product\/986","targetHints":{"allow":["GET"]}}],"collection":[{"href":"https:\/\/www.sugarfactory.hr\/en\/wp-json\/wp\/v2\/product"}],"about":[{"href":"https:\/\/www.sugarfactory.hr\/en\/wp-json\/wp\/v2\/types\/product"}],"wp:featuredmedia":[{"embeddable":true,"href":"https:\/\/www.sugarfactory.hr\/en\/wp-json\/wp\/v2\/media\/12400"}],"wp:attachment":[{"href":"https:\/\/www.sugarfactory.hr\/en\/wp-json\/wp\/v2\/media?parent=986"}],"wp:term":[{"taxonomy":"product_brand","embeddable":true,"href":"https:\/\/www.sugarfactory.hr\/en\/wp-json\/wp\/v2\/product_brand?post=986"},{"taxonomy":"product_cat","embeddable":true,"href":"https:\/\/www.sugarfactory.hr\/en\/wp-json\/wp\/v2\/product_cat?post=986"},{"taxonomy":"product_tag","embeddable":true,"href":"https:\/\/www.sugarfactory.hr\/en\/wp-json\/wp\/v2\/product_tag?post=986"}],"curies":[{"name":"wp","href":"https:\/\/api.w.org\/{rel}","templated":true}]}}